{"id":195965,"date":"2025-09-15T09:56:48","date_gmt":"2025-09-15T13:56:48","guid":{"rendered":"https:\/\/unstamps.org\/?post_type=product&#038;p=195965"},"modified":"2026-01-09T11:53:16","modified_gmt":"2026-01-09T16:53:16","slug":"vereint-fur-den-frieden-us-6","status":"publish","type":"product","link":"https:\/\/unstamps.org\/de\/produkt\/vereint-fur-den-frieden-us-6\/","title":{"rendered":"Vereint F\u00fcr Den Frieden &#8211; US$ 6"},"content":{"rendered":"<p><strong>Ausgabedatum:<\/strong> 19 September 2025<br \/>\n<strong>Kreativdirektion:<\/strong>\u00a0Iris H\u00e4mmerle<br \/>\n<strong>Gr\u00f6\u00dfe der Briefmarken:<\/strong> 55 mm x 42 mm<br \/>\n<strong>Druck:<\/strong> H\u00e4mmerle &#038; Vogel<br \/>\n<strong>Druckverfahren:<\/strong> Gestickte Sondermarke in Textiltechnik<br \/>\n<strong>Druckauflagen:<\/strong>10.800<\/p>\n","protected":false},"excerpt":{"rendered":"<p>Ausgabedatum: 19 September 2025 Kreativdirektion:\u00a0Iris H\u00e4mmerle Gr\u00f6\u00dfe der Briefmarken: 55 mm x 42 mm Druck: H\u00e4mmerle &#038; Vogel Druckverfahren: Gestickte Sondermarke in Textiltechnik Druckauflagen:10.800<\/p>\n","protected":false},"featured_media":196072,"comment_status":"closed","ping_status":"closed","template":"","meta":{"ngg_post_thumbnail":0},"product_brand":[],"product_cat":[2954,211,114],"product_tag":[],"class_list":{"0":"post-195965","1":"product","2":"type-product","3":"status-publish","4":"has-post-thumbnail","6":"product_cat-2025-de","7":"product_cat-einzeln","8":"product_cat-new-york-issuing-office-de","9":"pa_condition-cancelled","10":"pa_condition-mint-de","12":"first","13":"instock","14":"shipping-taxable","15":"purchasable","16":"product-type-variable"},"yoast_head":"<!-- This site is optimized with the Yoast SEO plugin v27.3 - https:\/\/yoast.com\/product\/yoast-seo-wordpress\/ -->\n<title>Vereint F\u00fcr Den Frieden - US$ 6 - UN Briefmarken<\/title>\n<meta name=\"robots\" content=\"index, follow, max-snippet:-1, max-image-preview:large, max-video-preview:-1\" \/>\n<link rel=\"canonical\" href=\"https:\/\/unstamps.org\/de\/produkt\/vereint-fur-den-frieden-us-6\/\" \/>\n<meta property=\"og:locale\" content=\"de_DE\" \/>\n<meta property=\"og:type\" content=\"article\" \/>\n<meta property=\"og:title\" content=\"Vereint F\u00fcr Den Frieden - US$ 6 - UN Briefmarken\" \/>\n<meta property=\"og:description\" content=\"Ausgabedatum: 19 September 2025 Kreativdirektion:\u00a0Iris H\u00e4mmerle Gr\u00f6\u00dfe der Briefmarken: 55 mm x 42 mm Druck: H\u00e4mmerle &#038; Vogel Druckverfahren: Gestickte Sondermarke in Textiltechnik Druckauflagen:10.800\" \/>\n<meta property=\"og:url\" content=\"https:\/\/unstamps.org\/de\/produkt\/vereint-fur-den-frieden-us-6\/\" \/>\n<meta property=\"og:site_name\" content=\"UN Briefmarken\" \/>\n<meta property=\"article:modified_time\" content=\"2026-01-09T16:53:16+00:00\" \/>\n<meta property=\"og:image\" content=\"https:\/\/unstamps.org\/wp-content\/uploads\/2025\/09\/2025-Dove-NY-Single.jpg\" \/>\n\t<meta property=\"og:image:width\" content=\"1024\" \/>\n\t<meta property=\"og:image:height\" content=\"1024\" \/>\n\t<meta property=\"og:image:type\" content=\"image\/jpeg\" \/>\n<meta name=\"twitter:card\" content=\"summary_large_image\" \/>\n<script type=\"application\/ld+json\" class=\"yoast-schema-graph\">{\"@context\":\"https:\\\/\\\/schema.org\",\"@graph\":[{\"@type\":\"WebPage\",\"@id\":\"https:\\\/\\\/unstamps.org\\\/de\\\/produkt\\\/vereint-fur-den-frieden-us-6\\\/\",\"url\":\"https:\\\/\\\/unstamps.org\\\/de\\\/produkt\\\/vereint-fur-den-frieden-us-6\\\/\",\"name\":\"Vereint F\u00fcr Den Frieden - US$ 6 - UN Briefmarken\",\"isPartOf\":{\"@id\":\"https:\\\/\\\/unstamps.org\\\/de\\\/#website\"},\"primaryImageOfPage\":{\"@id\":\"https:\\\/\\\/unstamps.org\\\/de\\\/produkt\\\/vereint-fur-den-frieden-us-6\\\/#primaryimage\"},\"image\":{\"@id\":\"https:\\\/\\\/unstamps.org\\\/de\\\/produkt\\\/vereint-fur-den-frieden-us-6\\\/#primaryimage\"},\"thumbnailUrl\":\"https:\\\/\\\/unstamps.org\\\/wp-content\\\/uploads\\\/2025\\\/09\\\/2025-Dove-NY-Single.jpg\",\"datePublished\":\"2025-09-15T13:56:48+00:00\",\"dateModified\":\"2026-01-09T16:53:16+00:00\",\"breadcrumb\":{\"@id\":\"https:\\\/\\\/unstamps.org\\\/de\\\/produkt\\\/vereint-fur-den-frieden-us-6\\\/#breadcrumb\"},\"inLanguage\":\"de-DE\",\"potentialAction\":[{\"@type\":\"ReadAction\",\"target\":[\"https:\\\/\\\/unstamps.org\\\/de\\\/produkt\\\/vereint-fur-den-frieden-us-6\\\/\"]}]},{\"@type\":\"ImageObject\",\"inLanguage\":\"de-DE\",\"@id\":\"https:\\\/\\\/unstamps.org\\\/de\\\/produkt\\\/vereint-fur-den-frieden-us-6\\\/#primaryimage\",\"url\":\"https:\\\/\\\/unstamps.org\\\/wp-content\\\/uploads\\\/2025\\\/09\\\/2025-Dove-NY-Single.jpg\",\"contentUrl\":\"https:\\\/\\\/unstamps.org\\\/wp-content\\\/uploads\\\/2025\\\/09\\\/2025-Dove-NY-Single.jpg\",\"width\":1024,\"height\":1024},{\"@type\":\"BreadcrumbList\",\"@id\":\"https:\\\/\\\/unstamps.org\\\/de\\\/produkt\\\/vereint-fur-den-frieden-us-6\\\/#breadcrumb\",\"itemListElement\":[{\"@type\":\"ListItem\",\"position\":1,\"name\":\"Home\",\"item\":\"https:\\\/\\\/unstamps.org\\\/de\\\/\"},{\"@type\":\"ListItem\",\"position\":2,\"name\":\"Produkte\",\"item\":\"https:\\\/\\\/unstamps.org\\\/de\\\/produkte\\\/\"},{\"@type\":\"ListItem\",\"position\":3,\"name\":\"Vereint F\u00fcr Den Frieden &#8211; US$ 6\"}]},{\"@type\":\"WebSite\",\"@id\":\"https:\\\/\\\/unstamps.org\\\/de\\\/#website\",\"url\":\"https:\\\/\\\/unstamps.org\\\/de\\\/\",\"name\":\"UN Stamps\",\"description\":\"United Nations Stamps\",\"publisher\":{\"@id\":\"https:\\\/\\\/unstamps.org\\\/de\\\/#organization\"},\"potentialAction\":[{\"@type\":\"SearchAction\",\"target\":{\"@type\":\"EntryPoint\",\"urlTemplate\":\"https:\\\/\\\/unstamps.org\\\/de\\\/?s={search_term_string}\"},\"query-input\":{\"@type\":\"PropertyValueSpecification\",\"valueRequired\":true,\"valueName\":\"search_term_string\"}}],\"inLanguage\":\"de-DE\"},{\"@type\":\"Organization\",\"@id\":\"https:\\\/\\\/unstamps.org\\\/de\\\/#organization\",\"name\":\"UN Stamps\",\"url\":\"https:\\\/\\\/unstamps.org\\\/de\\\/\",\"logo\":{\"@type\":\"ImageObject\",\"inLanguage\":\"de-DE\",\"@id\":\"https:\\\/\\\/unstamps.org\\\/de\\\/#\\\/schema\\\/logo\\\/image\\\/\",\"url\":\"https:\\\/\\\/unstamps.org\\\/wp-content\\\/uploads\\\/2014\\\/01\\\/logo4web.jpg\",\"contentUrl\":\"https:\\\/\\\/unstamps.org\\\/wp-content\\\/uploads\\\/2014\\\/01\\\/logo4web.jpg\",\"width\":2500,\"height\":250,\"caption\":\"UN Stamps\"},\"image\":{\"@id\":\"https:\\\/\\\/unstamps.org\\\/de\\\/#\\\/schema\\\/logo\\\/image\\\/\"}}]}<\/script>\n<!-- \/ Yoast SEO plugin. -->","yoast_head_json":{"title":"Vereint F\u00fcr Den Frieden - US$ 6 - UN Briefmarken","robots":{"index":"index","follow":"follow","max-snippet":"max-snippet:-1","max-image-preview":"max-image-preview:large","max-video-preview":"max-video-preview:-1"},"canonical":"https:\/\/unstamps.org\/de\/produkt\/vereint-fur-den-frieden-us-6\/","og_locale":"de_DE","og_type":"article","og_title":"Vereint F\u00fcr Den Frieden - US$ 6 - UN Briefmarken","og_description":"Ausgabedatum: 19 September 2025 Kreativdirektion:\u00a0Iris H\u00e4mmerle Gr\u00f6\u00dfe der Briefmarken: 55 mm x 42 mm Druck: H\u00e4mmerle &#038; Vogel Druckverfahren: Gestickte Sondermarke in Textiltechnik Druckauflagen:10.800","og_url":"https:\/\/unstamps.org\/de\/produkt\/vereint-fur-den-frieden-us-6\/","og_site_name":"UN Briefmarken","article_modified_time":"2026-01-09T16:53:16+00:00","og_image":[{"width":1024,"height":1024,"url":"https:\/\/unstamps.org\/wp-content\/uploads\/2025\/09\/2025-Dove-NY-Single.jpg","type":"image\/jpeg"}],"twitter_card":"summary_large_image","schema":{"@context":"https:\/\/schema.org","@graph":[{"@type":"WebPage","@id":"https:\/\/unstamps.org\/de\/produkt\/vereint-fur-den-frieden-us-6\/","url":"https:\/\/unstamps.org\/de\/produkt\/vereint-fur-den-frieden-us-6\/","name":"Vereint F\u00fcr Den Frieden - US$ 6 - UN Briefmarken","isPartOf":{"@id":"https:\/\/unstamps.org\/de\/#website"},"primaryImageOfPage":{"@id":"https:\/\/unstamps.org\/de\/produkt\/vereint-fur-den-frieden-us-6\/#primaryimage"},"image":{"@id":"https:\/\/unstamps.org\/de\/produkt\/vereint-fur-den-frieden-us-6\/#primaryimage"},"thumbnailUrl":"https:\/\/unstamps.org\/wp-content\/uploads\/2025\/09\/2025-Dove-NY-Single.jpg","datePublished":"2025-09-15T13:56:48+00:00","dateModified":"2026-01-09T16:53:16+00:00","breadcrumb":{"@id":"https:\/\/unstamps.org\/de\/produkt\/vereint-fur-den-frieden-us-6\/#breadcrumb"},"inLanguage":"de-DE","potentialAction":[{"@type":"ReadAction","target":["https:\/\/unstamps.org\/de\/produkt\/vereint-fur-den-frieden-us-6\/"]}]},{"@type":"ImageObject","inLanguage":"de-DE","@id":"https:\/\/unstamps.org\/de\/produkt\/vereint-fur-den-frieden-us-6\/#primaryimage","url":"https:\/\/unstamps.org\/wp-content\/uploads\/2025\/09\/2025-Dove-NY-Single.jpg","contentUrl":"https:\/\/unstamps.org\/wp-content\/uploads\/2025\/09\/2025-Dove-NY-Single.jpg","width":1024,"height":1024},{"@type":"BreadcrumbList","@id":"https:\/\/unstamps.org\/de\/produkt\/vereint-fur-den-frieden-us-6\/#breadcrumb","itemListElement":[{"@type":"ListItem","position":1,"name":"Home","item":"https:\/\/unstamps.org\/de\/"},{"@type":"ListItem","position":2,"name":"Produkte","item":"https:\/\/unstamps.org\/de\/produkte\/"},{"@type":"ListItem","position":3,"name":"Vereint F\u00fcr Den Frieden &#8211; US$ 6"}]},{"@type":"WebSite","@id":"https:\/\/unstamps.org\/de\/#website","url":"https:\/\/unstamps.org\/de\/","name":"UN Stamps","description":"United Nations Stamps","publisher":{"@id":"https:\/\/unstamps.org\/de\/#organization"},"potentialAction":[{"@type":"SearchAction","target":{"@type":"EntryPoint","urlTemplate":"https:\/\/unstamps.org\/de\/?s={search_term_string}"},"query-input":{"@type":"PropertyValueSpecification","valueRequired":true,"valueName":"search_term_string"}}],"inLanguage":"de-DE"},{"@type":"Organization","@id":"https:\/\/unstamps.org\/de\/#organization","name":"UN Stamps","url":"https:\/\/unstamps.org\/de\/","logo":{"@type":"ImageObject","inLanguage":"de-DE","@id":"https:\/\/unstamps.org\/de\/#\/schema\/logo\/image\/","url":"https:\/\/unstamps.org\/wp-content\/uploads\/2014\/01\/logo4web.jpg","contentUrl":"https:\/\/unstamps.org\/wp-content\/uploads\/2014\/01\/logo4web.jpg","width":2500,"height":250,"caption":"UN Stamps"},"image":{"@id":"https:\/\/unstamps.org\/de\/#\/schema\/logo\/image\/"}}]}},"jetpack_sharing_enabled":true,"publishpress_future_action":{"enabled":false,"date":"2026-04-12 15:54:21","action":"change-status","newStatus":"private","terms":[],"taxonomy":"product_cat","extraData":[]},"publishpress_future_workflow_manual_trigger":{"enabledWorkflows":[]},"_links":{"self":[{"href":"https:\/\/unstamps.org\/de\/wp-json\/wp\/v2\/product\/195965","targetHints":{"allow":["GET"]}}],"collection":[{"href":"https:\/\/unstamps.org\/de\/wp-json\/wp\/v2\/product"}],"about":[{"href":"https:\/\/unstamps.org\/de\/wp-json\/wp\/v2\/types\/product"}],"replies":[{"embeddable":true,"href":"https:\/\/unstamps.org\/de\/wp-json\/wp\/v2\/comments?post=195965"}],"wp:featuredmedia":[{"embeddable":true,"href":"https:\/\/unstamps.org\/de\/wp-json\/wp\/v2\/media\/196072"}],"wp:attachment":[{"href":"https:\/\/unstamps.org\/de\/wp-json\/wp\/v2\/media?parent=195965"}],"wp:term":[{"taxonomy":"product_brand","embeddable":true,"href":"https:\/\/unstamps.org\/de\/wp-json\/wp\/v2\/product_brand?post=195965"},{"taxonomy":"product_cat","embeddable":true,"href":"https:\/\/unstamps.org\/de\/wp-json\/wp\/v2\/product_cat?post=195965"},{"taxonomy":"product_tag","embeddable":true,"href":"https:\/\/unstamps.org\/de\/wp-json\/wp\/v2\/product_tag?post=195965"}],"curies":[{"name":"wp","href":"https:\/\/api.w.org\/{rel}","templated":true}]}}