{"id":195947,"date":"2025-09-15T10:10:42","date_gmt":"2025-09-15T14:10:42","guid":{"rendered":"https:\/\/unstamps.org\/?post_type=product&#038;p=195947"},"modified":"2026-01-09T11:52:36","modified_gmt":"2026-01-09T16:52:36","slug":"vereint-fur-den-frieden","status":"publish","type":"product","link":"https:\/\/unstamps.org\/de\/produkt\/vereint-fur-den-frieden\/","title":{"rendered":"Vereint F\u00fcr Den Frieden"},"content":{"rendered":"<p>Im September 2025 geben die Postverwaltung der Vereinten Nationen (UNPA), der Weltpostverein (UPU) sowie zehn weitere Postorganisationen gemeinsam die gestickte Sondermarke \u201eDove of Peace \/ Friedens-Taube\u201c heraus. Die Ausgabe erfolgt anl\u00e4sslich des Internationalen Tages des Friedens und soll weltweit das Bewusstsein f\u00fcr die Bedeutung des Friedens f\u00f6rdern.<\/p>\n<p>Es ist ein au\u00dfergew\u00f6hnliches Ereignis, dass der Weltpostverein und elf Postverwaltungen gemeinsam eine Briefmarke zur F\u00f6rderung des Friedens herausgeben. Neben der UNPA beteiligen sich folgende Postorganisationen: <a href=\"https:\/\/alandstamps.com\/en\/products\/fredsduvan-ostamplat?variant=55551650660727\" target=\"_blank\" rel=\"noopener\">\u00c5land (Finnland)<\/a>, <a href=\"https:\/\/www.stamps.am\/shop\/dove-of-peace\" target=\"_blank\" rel=\"noopener\">Armenien<\/a>, <a href=\"https:\/\/onlineshop.post.at\/de-AT\/produkt\/bl-friedenstaube-465-0225330\" target=\"_blank\" rel=\"noopener\">\u00d6sterreich<\/a>, Barbados, <a href=\"https:\/\/www.cypruspost.post\/en\/e-shop-categories\" target=\"_blank\" rel=\"noopener\">Zypern<\/a>, <a href=\"https:\/\/en.stamps.fo\/ShopItem\/_STAMPS\/0\/PPA001044\/STK\" target=\"_blank\" rel=\"noopener\">F\u00e4r\u00f6er-Inseln (D\u00e4nemark)<\/a>, <a href=\"https:\/\/www.stamps.gl\/en\/dove-of-peace-mint\" target=\"_blank\" rel=\"noopener\">Gr\u00f6nland (D\u00e4nemark)<\/a>, <a href=\"https:\/\/www.philatelie.li\/ki\/Sammeln\/Ausgaben-Angebote\/Ausgabe-3-2025\/Dove-Of-Peace.html\" target=\"_blank\" rel=\"noopener\">Liechtenstein<\/a>, <a href=\"https:\/\/www.postphilately.lu\/fr-FR\/products\/collectionneurs\/timbres-de-collection\/dove-of-peace-r\" target=\"_blank\" rel=\"noopener\">Luxemburg<\/a> und <a href=\"https:\/\/shop.post.ch\/de\/briefmarken-philatelie\/briefmarken\/briefmarke-chf-5-80-friedenstaube-sonderblock\/p\/552850\" target=\"_blank\" rel=\"noopener\">die Schweiz<\/a>.<\/p>\n<p>Die \u201eDove of Peace\u201c Sondermarke zeigt eine gestickte wei\u00dfe Taube mit einem Olivenzweig, gestaltet in blauer Kontur \u2013 ein Symbol f\u00fcr das gemeinsame Engagement zur F\u00f6rderung des Friedens. Mit ausgebreiteten Fl\u00fcgeln gleitet die Taube voran und spricht eine Sprache, die keine Grenzen, keine Religionen und keine Ideologien kennt Wie echte Tauben \u00fcberschreitet die Friedens-Taube Grenzen und wirkt als unverwechselbare Botschafterin der Philatelie, die Menschen weltweit verbindet und eine globale Friedensbotschaft tr\u00e4gt.<\/p>\n<p>Die limitierte Sondermarke wurde aus Textilien gefertigt und von der \u00f6sterreichischen Firma H\u00e4mmerle &amp; Vogel kunstvoll gestickt. Hinter der scheinbaren Schlichtheit verbirgt sich meisterhafte Handwerkskunst. Die Marke vereint Funktionalit\u00e4t und \u00c4sthetik \u2013 ein gelungenes Design mit einer tiefgehenden Botschaft.<\/p>\n<p>Die \u201eDove of Peace\u201c ist weit mehr als ein philatelistisches Produkt. Sie ist ein gemeinsamer Appell f\u00fcr Hoffnung und Zusammenhalt \u2013 ein Symbol des Friedens \u00fcber Kontinente hinweg, das Postverwaltungen und Menschen weltweit miteinander verbindet. Jeder von uns kann pers\u00f6nlich dazu beitragen, indem wir dar\u00fcber reflektieren, was Frieden f\u00fcr uns bedeutet und wie wir Teil dieser globalen Friedensbewegung sein k\u00f6nnen.<\/p>\n<p>Der Weltpostverein und die Postverwaltung der Vereinten Nationen laden Sie ein, sich dieser Bewegung anzuschlie\u00dfen \u2013 und mit dieser Briefmarke ein universelles Zeichen f\u00fcr Frieden und Einheit zu setzen, Stich f\u00fcr Stich.<\/p>\n<p>Nachfolgend finden Sie ein Video, das das Projekt \u201eUnited for Peace\u201d (Liechtenstein Post) n\u00e4her erl\u00e4utert:<\/p>\n<div style=\"width: 1170px;\" class=\"wp-video\"><video class=\"wp-video-shortcode\" id=\"video-195947-1\" width=\"1170\" height=\"658\" poster=\"https:\/\/unstamps.org\/wp-content\/uploads\/2025\/09\/2025-Dove-FDC-Triple.jpg\" preload=\"metadata\" controls=\"controls\"><source type=\"video\/mp4\" src=\"https:\/\/unstamps.org\/wp-content\/uploads\/2025\/09\/Dove_of_Peace_video.mp4?_=1\" \/><a href=\"https:\/\/unstamps.org\/wp-content\/uploads\/2025\/09\/Dove_of_Peace_video.mp4\">https:\/\/unstamps.org\/wp-content\/uploads\/2025\/09\/Dove_of_Peace_video.mp4<\/a><\/video><\/div>\n<p><strong>Ausgabedatum:<\/strong> 19 September 2025<br \/>\n<strong>Kreativdirektion:<\/strong>\u00a0Iris H\u00e4mmerle<br \/>\n<strong>Gr\u00f6\u00dfe der Briefmarken:<\/strong> 55 mm x 42 mm<br \/>\n<strong>Druck:<\/strong> H\u00e4mmerle &amp; Vogel<br \/>\n<strong>Druckverfahren:<\/strong> Gestickte Sondermarke in Textiltechnik<br \/>\n<strong>Druckauflagen:<\/strong><br \/>\nUS$6 10.800<br \/>\nCHF6 12.300<br \/>\n\u20ac5 13.900<\/p>\n","protected":false},"excerpt":{"rendered":"<p>Im September 2025 geben die Postverwaltung der Vereinten Nationen (UNPA), der Weltpostverein (UPU) sowie zehn weitere Postorganisationen gemeinsam die gestickte Sondermarke \u201eDove of Peace \/ Friedens-Taube\u201c heraus. Die Ausgabe erfolgt anl\u00e4sslich des Internationalen Tages des Friedens und soll weltweit das Bewusstsein f\u00fcr die Bedeutung des Friedens f\u00f6rdern. Es ist ein au\u00dfergew\u00f6hnliches Ereignis, dass der Weltpostverein [&hellip;]<\/p>\n","protected":false},"featured_media":196048,"comment_status":"closed","ping_status":"closed","template":"","meta":{"ngg_post_thumbnail":0},"product_brand":[],"product_cat":[2954,150],"product_tag":[],"class_list":{"0":"post-195947","1":"product","2":"type-product","3":"status-publish","4":"has-post-thumbnail","6":"product_cat-2025-de","7":"product_cat-gedenkbriefmarken","9":"first","10":"instock","11":"shipping-taxable","12":"product-type-grouped"},"yoast_head":"<!-- This site is optimized with the Yoast SEO plugin v27.5 - https:\/\/yoast.com\/product\/yoast-seo-wordpress\/ -->\n<title>Vereint F\u00fcr Den Frieden - UN Briefmarken<\/title>\n<meta name=\"robots\" content=\"index, follow, max-snippet:-1, max-image-preview:large, max-video-preview:-1\" \/>\n<link rel=\"canonical\" href=\"https:\/\/unstamps.org\/de\/produkt\/vereint-fur-den-frieden\/\" \/>\n<meta property=\"og:locale\" content=\"de_DE\" \/>\n<meta property=\"og:type\" content=\"article\" \/>\n<meta property=\"og:title\" content=\"Vereint F\u00fcr Den Frieden - UN Briefmarken\" \/>\n<meta property=\"og:description\" content=\"Im September 2025 geben die Postverwaltung der Vereinten Nationen (UNPA), der Weltpostverein (UPU) sowie zehn weitere Postorganisationen gemeinsam die gestickte Sondermarke \u201eDove of Peace \/ Friedens-Taube\u201c heraus. Die Ausgabe erfolgt anl\u00e4sslich des Internationalen Tages des Friedens und soll weltweit das Bewusstsein f\u00fcr die Bedeutung des Friedens f\u00f6rdern. Es ist ein au\u00dfergew\u00f6hnliches Ereignis, dass der Weltpostverein [&hellip;]\" \/>\n<meta property=\"og:url\" content=\"https:\/\/unstamps.org\/de\/produkt\/vereint-fur-den-frieden\/\" \/>\n<meta property=\"og:site_name\" content=\"UN Briefmarken\" \/>\n<meta property=\"article:modified_time\" content=\"2026-01-09T16:52:36+00:00\" \/>\n<meta property=\"og:image\" content=\"https:\/\/unstamps.org\/wp-content\/uploads\/2025\/09\/2025-Dove-Single-Stamp-GROUP.jpg\" \/>\n\t<meta property=\"og:image:width\" content=\"1024\" \/>\n\t<meta property=\"og:image:height\" content=\"1024\" \/>\n\t<meta property=\"og:image:type\" content=\"image\/jpeg\" \/>\n<meta name=\"twitter:card\" content=\"summary_large_image\" \/>\n<meta name=\"twitter:label1\" content=\"Gesch\u00e4tzte Lesezeit\" \/>\n\t<meta name=\"twitter:data1\" content=\"2 minutes\" \/>\n<script type=\"application\/ld+json\" class=\"yoast-schema-graph\">{\"@context\":\"https:\\\/\\\/schema.org\",\"@graph\":[{\"@type\":\"WebPage\",\"@id\":\"https:\\\/\\\/unstamps.org\\\/de\\\/produkt\\\/vereint-fur-den-frieden\\\/\",\"url\":\"https:\\\/\\\/unstamps.org\\\/de\\\/produkt\\\/vereint-fur-den-frieden\\\/\",\"name\":\"Vereint F\u00fcr Den Frieden - UN Briefmarken\",\"isPartOf\":{\"@id\":\"https:\\\/\\\/unstamps.org\\\/de\\\/#website\"},\"primaryImageOfPage\":{\"@id\":\"https:\\\/\\\/unstamps.org\\\/de\\\/produkt\\\/vereint-fur-den-frieden\\\/#primaryimage\"},\"image\":{\"@id\":\"https:\\\/\\\/unstamps.org\\\/de\\\/produkt\\\/vereint-fur-den-frieden\\\/#primaryimage\"},\"thumbnailUrl\":\"https:\\\/\\\/unstamps.org\\\/wp-content\\\/uploads\\\/2025\\\/09\\\/2025-Dove-Single-Stamp-GROUP.jpg\",\"datePublished\":\"2025-09-15T14:10:42+00:00\",\"dateModified\":\"2026-01-09T16:52:36+00:00\",\"breadcrumb\":{\"@id\":\"https:\\\/\\\/unstamps.org\\\/de\\\/produkt\\\/vereint-fur-den-frieden\\\/#breadcrumb\"},\"inLanguage\":\"de-DE\",\"potentialAction\":[{\"@type\":\"ReadAction\",\"target\":[\"https:\\\/\\\/unstamps.org\\\/de\\\/produkt\\\/vereint-fur-den-frieden\\\/\"]}]},{\"@type\":\"ImageObject\",\"inLanguage\":\"de-DE\",\"@id\":\"https:\\\/\\\/unstamps.org\\\/de\\\/produkt\\\/vereint-fur-den-frieden\\\/#primaryimage\",\"url\":\"https:\\\/\\\/unstamps.org\\\/wp-content\\\/uploads\\\/2025\\\/09\\\/2025-Dove-Single-Stamp-GROUP.jpg\",\"contentUrl\":\"https:\\\/\\\/unstamps.org\\\/wp-content\\\/uploads\\\/2025\\\/09\\\/2025-Dove-Single-Stamp-GROUP.jpg\",\"width\":1024,\"height\":1024},{\"@type\":\"BreadcrumbList\",\"@id\":\"https:\\\/\\\/unstamps.org\\\/de\\\/produkt\\\/vereint-fur-den-frieden\\\/#breadcrumb\",\"itemListElement\":[{\"@type\":\"ListItem\",\"position\":1,\"name\":\"Home\",\"item\":\"https:\\\/\\\/unstamps.org\\\/de\\\/\"},{\"@type\":\"ListItem\",\"position\":2,\"name\":\"Produkte\",\"item\":\"https:\\\/\\\/unstamps.org\\\/de\\\/produkte\\\/\"},{\"@type\":\"ListItem\",\"position\":3,\"name\":\"Vereint F\u00fcr Den Frieden\"}]},{\"@type\":\"WebSite\",\"@id\":\"https:\\\/\\\/unstamps.org\\\/de\\\/#website\",\"url\":\"https:\\\/\\\/unstamps.org\\\/de\\\/\",\"name\":\"UN Stamps\",\"description\":\"United Nations Stamps\",\"publisher\":{\"@id\":\"https:\\\/\\\/unstamps.org\\\/de\\\/#organization\"},\"potentialAction\":[{\"@type\":\"SearchAction\",\"target\":{\"@type\":\"EntryPoint\",\"urlTemplate\":\"https:\\\/\\\/unstamps.org\\\/de\\\/?s={search_term_string}\"},\"query-input\":{\"@type\":\"PropertyValueSpecification\",\"valueRequired\":true,\"valueName\":\"search_term_string\"}}],\"inLanguage\":\"de-DE\"},{\"@type\":\"Organization\",\"@id\":\"https:\\\/\\\/unstamps.org\\\/de\\\/#organization\",\"name\":\"UN Stamps\",\"url\":\"https:\\\/\\\/unstamps.org\\\/de\\\/\",\"logo\":{\"@type\":\"ImageObject\",\"inLanguage\":\"de-DE\",\"@id\":\"https:\\\/\\\/unstamps.org\\\/de\\\/#\\\/schema\\\/logo\\\/image\\\/\",\"url\":\"https:\\\/\\\/unstamps.org\\\/wp-content\\\/uploads\\\/2014\\\/01\\\/logo4web.jpg\",\"contentUrl\":\"https:\\\/\\\/unstamps.org\\\/wp-content\\\/uploads\\\/2014\\\/01\\\/logo4web.jpg\",\"width\":2500,\"height\":250,\"caption\":\"UN Stamps\"},\"image\":{\"@id\":\"https:\\\/\\\/unstamps.org\\\/de\\\/#\\\/schema\\\/logo\\\/image\\\/\"}}]}<\/script>\n<!-- \/ Yoast SEO plugin. -->","yoast_head_json":{"title":"Vereint F\u00fcr Den Frieden - UN Briefmarken","robots":{"index":"index","follow":"follow","max-snippet":"max-snippet:-1","max-image-preview":"max-image-preview:large","max-video-preview":"max-video-preview:-1"},"canonical":"https:\/\/unstamps.org\/de\/produkt\/vereint-fur-den-frieden\/","og_locale":"de_DE","og_type":"article","og_title":"Vereint F\u00fcr Den Frieden - UN Briefmarken","og_description":"Im September 2025 geben die Postverwaltung der Vereinten Nationen (UNPA), der Weltpostverein (UPU) sowie zehn weitere Postorganisationen gemeinsam die gestickte Sondermarke \u201eDove of Peace \/ Friedens-Taube\u201c heraus. Die Ausgabe erfolgt anl\u00e4sslich des Internationalen Tages des Friedens und soll weltweit das Bewusstsein f\u00fcr die Bedeutung des Friedens f\u00f6rdern. Es ist ein au\u00dfergew\u00f6hnliches Ereignis, dass der Weltpostverein [&hellip;]","og_url":"https:\/\/unstamps.org\/de\/produkt\/vereint-fur-den-frieden\/","og_site_name":"UN Briefmarken","article_modified_time":"2026-01-09T16:52:36+00:00","og_image":[{"width":1024,"height":1024,"url":"https:\/\/unstamps.org\/wp-content\/uploads\/2025\/09\/2025-Dove-Single-Stamp-GROUP.jpg","type":"image\/jpeg"}],"twitter_card":"summary_large_image","twitter_misc":{"Gesch\u00e4tzte Lesezeit":"2 minutes"},"schema":{"@context":"https:\/\/schema.org","@graph":[{"@type":"WebPage","@id":"https:\/\/unstamps.org\/de\/produkt\/vereint-fur-den-frieden\/","url":"https:\/\/unstamps.org\/de\/produkt\/vereint-fur-den-frieden\/","name":"Vereint F\u00fcr Den Frieden - UN Briefmarken","isPartOf":{"@id":"https:\/\/unstamps.org\/de\/#website"},"primaryImageOfPage":{"@id":"https:\/\/unstamps.org\/de\/produkt\/vereint-fur-den-frieden\/#primaryimage"},"image":{"@id":"https:\/\/unstamps.org\/de\/produkt\/vereint-fur-den-frieden\/#primaryimage"},"thumbnailUrl":"https:\/\/unstamps.org\/wp-content\/uploads\/2025\/09\/2025-Dove-Single-Stamp-GROUP.jpg","datePublished":"2025-09-15T14:10:42+00:00","dateModified":"2026-01-09T16:52:36+00:00","breadcrumb":{"@id":"https:\/\/unstamps.org\/de\/produkt\/vereint-fur-den-frieden\/#breadcrumb"},"inLanguage":"de-DE","potentialAction":[{"@type":"ReadAction","target":["https:\/\/unstamps.org\/de\/produkt\/vereint-fur-den-frieden\/"]}]},{"@type":"ImageObject","inLanguage":"de-DE","@id":"https:\/\/unstamps.org\/de\/produkt\/vereint-fur-den-frieden\/#primaryimage","url":"https:\/\/unstamps.org\/wp-content\/uploads\/2025\/09\/2025-Dove-Single-Stamp-GROUP.jpg","contentUrl":"https:\/\/unstamps.org\/wp-content\/uploads\/2025\/09\/2025-Dove-Single-Stamp-GROUP.jpg","width":1024,"height":1024},{"@type":"BreadcrumbList","@id":"https:\/\/unstamps.org\/de\/produkt\/vereint-fur-den-frieden\/#breadcrumb","itemListElement":[{"@type":"ListItem","position":1,"name":"Home","item":"https:\/\/unstamps.org\/de\/"},{"@type":"ListItem","position":2,"name":"Produkte","item":"https:\/\/unstamps.org\/de\/produkte\/"},{"@type":"ListItem","position":3,"name":"Vereint F\u00fcr Den Frieden"}]},{"@type":"WebSite","@id":"https:\/\/unstamps.org\/de\/#website","url":"https:\/\/unstamps.org\/de\/","name":"UN Stamps","description":"United Nations Stamps","publisher":{"@id":"https:\/\/unstamps.org\/de\/#organization"},"potentialAction":[{"@type":"SearchAction","target":{"@type":"EntryPoint","urlTemplate":"https:\/\/unstamps.org\/de\/?s={search_term_string}"},"query-input":{"@type":"PropertyValueSpecification","valueRequired":true,"valueName":"search_term_string"}}],"inLanguage":"de-DE"},{"@type":"Organization","@id":"https:\/\/unstamps.org\/de\/#organization","name":"UN Stamps","url":"https:\/\/unstamps.org\/de\/","logo":{"@type":"ImageObject","inLanguage":"de-DE","@id":"https:\/\/unstamps.org\/de\/#\/schema\/logo\/image\/","url":"https:\/\/unstamps.org\/wp-content\/uploads\/2014\/01\/logo4web.jpg","contentUrl":"https:\/\/unstamps.org\/wp-content\/uploads\/2014\/01\/logo4web.jpg","width":2500,"height":250,"caption":"UN Stamps"},"image":{"@id":"https:\/\/unstamps.org\/de\/#\/schema\/logo\/image\/"}}]}},"jetpack_sharing_enabled":true,"publishpress_future_action":{"enabled":false,"date":"2026-05-19 10:06:49","action":"change-status","newStatus":"private","terms":[],"taxonomy":"product_cat","extraData":[]},"publishpress_future_workflow_manual_trigger":{"enabledWorkflows":[]},"_links":{"self":[{"href":"https:\/\/unstamps.org\/de\/wp-json\/wp\/v2\/product\/195947","targetHints":{"allow":["GET"]}}],"collection":[{"href":"https:\/\/unstamps.org\/de\/wp-json\/wp\/v2\/product"}],"about":[{"href":"https:\/\/unstamps.org\/de\/wp-json\/wp\/v2\/types\/product"}],"replies":[{"embeddable":true,"href":"https:\/\/unstamps.org\/de\/wp-json\/wp\/v2\/comments?post=195947"}],"wp:featuredmedia":[{"embeddable":true,"href":"https:\/\/unstamps.org\/de\/wp-json\/wp\/v2\/media\/196048"}],"wp:attachment":[{"href":"https:\/\/unstamps.org\/de\/wp-json\/wp\/v2\/media?parent=195947"}],"wp:term":[{"taxonomy":"product_brand","embeddable":true,"href":"https:\/\/unstamps.org\/de\/wp-json\/wp\/v2\/product_brand?post=195947"},{"taxonomy":"product_cat","embeddable":true,"href":"https:\/\/unstamps.org\/de\/wp-json\/wp\/v2\/product_cat?post=195947"},{"taxonomy":"product_tag","embeddable":true,"href":"https:\/\/unstamps.org\/de\/wp-json\/wp\/v2\/product_tag?post=195947"}],"curies":[{"name":"wp","href":"https:\/\/api.w.org\/{rel}","templated":true}]}}