{"id":195532,"date":"2025-08-08T11:15:24","date_gmt":"2025-08-08T15:15:24","guid":{"rendered":"https:\/\/unstamps.org\/?post_type=product&#038;p=195532"},"modified":"2026-01-09T11:53:15","modified_gmt":"2026-01-09T16:53:15","slug":"keine-atomwaffen-set-mit-einzelmarken","status":"publish","type":"product","link":"https:\/\/unstamps.org\/de\/produkt\/keine-atomwaffen-set-mit-einzelmarken\/","title":{"rendered":"Keine Atomwaffen  &#8211; Set mit Einzelmarken"},"content":{"rendered":"<p><strong>Ausgabedatum:<\/strong> 14. August 2025<br \/>\n<strong>Illustrator und Designer:<\/strong>\u00a0Sergio Baradat (Vereinigte Staaten)<br \/>\n<strong>Gr\u00f6\u00dfe der Briefmarken:<\/strong> 37 mm x 44,26 mm<br \/>\n<strong>Gr\u00f6\u00dfe der Bogens:<\/strong> 205 mm x 108,53 mm<br \/>\n<strong>Marken pro Bogen:<\/strong> 10<br \/>\n<strong>Druck:<\/strong> Joh. Ensched\u00e9 Stamps Security Printers B.V. (Niederlande)<br \/>\n<strong>Druckverfahren:<\/strong> Hexachrome<br \/>\n<strong>Druckauflagen:<\/strong>US$1,70 7.000 Bogen<br \/>\nCHF1,90 7.000 Bogen<br \/>\nEUR1,40 7.000 Bogen<\/p>\n","protected":false},"excerpt":{"rendered":"<p>Ausgabedatum: 14. August 2025 Illustrator und Designer:\u00a0Sergio Baradat (Vereinigte Staaten) Gr\u00f6\u00dfe der Briefmarken: 37 mm x 44,26 mm Gr\u00f6\u00dfe der Bogens: 205 mm x 108,53 mm Marken pro Bogen: 10 Druck: Joh. Ensched\u00e9 Stamps Security Printers B.V. (Niederlande) Druckverfahren: Hexachrome Druckauflagen:US$1,70 7.000 Bogen CHF1,90 7.000 Bogen EUR1,40 7.000 Bogen<\/p>\n","protected":false},"featured_media":195615,"comment_status":"closed","ping_status":"closed","template":"","meta":{"ngg_post_thumbnail":0},"product_brand":[],"product_cat":[2954,115,114,489,116],"product_tag":[],"class_list":{"0":"post-195532","1":"product","2":"type-product","3":"status-publish","4":"has-post-thumbnail","6":"product_cat-2025-de","7":"product_cat-genf","8":"product_cat-new-york-issuing-office-de","9":"product_cat-single-set-de","10":"product_cat-wien","11":"pa_condition-cancelled","12":"pa_condition-mint-de","14":"first","15":"instock","16":"shipping-taxable","17":"purchasable","18":"product-type-variable"},"yoast_head":"<!-- This site is optimized with the Yoast SEO plugin v27.4 - https:\/\/yoast.com\/product\/yoast-seo-wordpress\/ -->\n<title>Keine Atomwaffen - Set mit Einzelmarken - UN Briefmarken<\/title>\n<meta name=\"robots\" content=\"index, follow, max-snippet:-1, max-image-preview:large, max-video-preview:-1\" \/>\n<link rel=\"canonical\" href=\"https:\/\/unstamps.org\/de\/produkt\/keine-atomwaffen-set-mit-einzelmarken\/\" \/>\n<meta property=\"og:locale\" content=\"de_DE\" \/>\n<meta property=\"og:type\" content=\"article\" \/>\n<meta property=\"og:title\" content=\"Keine Atomwaffen - Set mit Einzelmarken - UN Briefmarken\" \/>\n<meta property=\"og:description\" content=\"Ausgabedatum: 14. August 2025 Illustrator und Designer:\u00a0Sergio Baradat (Vereinigte Staaten) Gr\u00f6\u00dfe der Briefmarken: 37 mm x 44,26 mm Gr\u00f6\u00dfe der Bogens: 205 mm x 108,53 mm Marken pro Bogen: 10 Druck: Joh. Ensched\u00e9 Stamps Security Printers B.V. (Niederlande) Druckverfahren: Hexachrome Druckauflagen:US$1,70 7.000 Bogen CHF1,90 7.000 Bogen EUR1,40 7.000 Bogen\" \/>\n<meta property=\"og:url\" content=\"https:\/\/unstamps.org\/de\/produkt\/keine-atomwaffen-set-mit-einzelmarken\/\" \/>\n<meta property=\"og:site_name\" content=\"UN Briefmarken\" \/>\n<meta property=\"article:modified_time\" content=\"2026-01-09T16:53:15+00:00\" \/>\n<meta property=\"og:image\" content=\"https:\/\/unstamps.org\/wp-content\/uploads\/2025\/08\/2025-No-Nukes-Singles-GROUP.jpg\" \/>\n\t<meta property=\"og:image:width\" content=\"1024\" \/>\n\t<meta property=\"og:image:height\" content=\"1024\" \/>\n\t<meta property=\"og:image:type\" content=\"image\/jpeg\" \/>\n<meta name=\"twitter:card\" content=\"summary_large_image\" \/>\n<script type=\"application\/ld+json\" class=\"yoast-schema-graph\">{\"@context\":\"https:\\\/\\\/schema.org\",\"@graph\":[{\"@type\":\"WebPage\",\"@id\":\"https:\\\/\\\/unstamps.org\\\/de\\\/produkt\\\/keine-atomwaffen-set-mit-einzelmarken\\\/\",\"url\":\"https:\\\/\\\/unstamps.org\\\/de\\\/produkt\\\/keine-atomwaffen-set-mit-einzelmarken\\\/\",\"name\":\"Keine Atomwaffen - Set mit Einzelmarken - UN Briefmarken\",\"isPartOf\":{\"@id\":\"https:\\\/\\\/unstamps.org\\\/de\\\/#website\"},\"primaryImageOfPage\":{\"@id\":\"https:\\\/\\\/unstamps.org\\\/de\\\/produkt\\\/keine-atomwaffen-set-mit-einzelmarken\\\/#primaryimage\"},\"image\":{\"@id\":\"https:\\\/\\\/unstamps.org\\\/de\\\/produkt\\\/keine-atomwaffen-set-mit-einzelmarken\\\/#primaryimage\"},\"thumbnailUrl\":\"https:\\\/\\\/unstamps.org\\\/wp-content\\\/uploads\\\/2025\\\/08\\\/2025-No-Nukes-Singles-GROUP.jpg\",\"datePublished\":\"2025-08-08T15:15:24+00:00\",\"dateModified\":\"2026-01-09T16:53:15+00:00\",\"breadcrumb\":{\"@id\":\"https:\\\/\\\/unstamps.org\\\/de\\\/produkt\\\/keine-atomwaffen-set-mit-einzelmarken\\\/#breadcrumb\"},\"inLanguage\":\"de-DE\",\"potentialAction\":[{\"@type\":\"ReadAction\",\"target\":[\"https:\\\/\\\/unstamps.org\\\/de\\\/produkt\\\/keine-atomwaffen-set-mit-einzelmarken\\\/\"]}]},{\"@type\":\"ImageObject\",\"inLanguage\":\"de-DE\",\"@id\":\"https:\\\/\\\/unstamps.org\\\/de\\\/produkt\\\/keine-atomwaffen-set-mit-einzelmarken\\\/#primaryimage\",\"url\":\"https:\\\/\\\/unstamps.org\\\/wp-content\\\/uploads\\\/2025\\\/08\\\/2025-No-Nukes-Singles-GROUP.jpg\",\"contentUrl\":\"https:\\\/\\\/unstamps.org\\\/wp-content\\\/uploads\\\/2025\\\/08\\\/2025-No-Nukes-Singles-GROUP.jpg\",\"width\":1024,\"height\":1024},{\"@type\":\"BreadcrumbList\",\"@id\":\"https:\\\/\\\/unstamps.org\\\/de\\\/produkt\\\/keine-atomwaffen-set-mit-einzelmarken\\\/#breadcrumb\",\"itemListElement\":[{\"@type\":\"ListItem\",\"position\":1,\"name\":\"Home\",\"item\":\"https:\\\/\\\/unstamps.org\\\/de\\\/\"},{\"@type\":\"ListItem\",\"position\":2,\"name\":\"Produkte\",\"item\":\"https:\\\/\\\/unstamps.org\\\/de\\\/produkte\\\/\"},{\"@type\":\"ListItem\",\"position\":3,\"name\":\"Keine Atomwaffen &#8211; Set mit Einzelmarken\"}]},{\"@type\":\"WebSite\",\"@id\":\"https:\\\/\\\/unstamps.org\\\/de\\\/#website\",\"url\":\"https:\\\/\\\/unstamps.org\\\/de\\\/\",\"name\":\"UN Stamps\",\"description\":\"United Nations Stamps\",\"publisher\":{\"@id\":\"https:\\\/\\\/unstamps.org\\\/de\\\/#organization\"},\"potentialAction\":[{\"@type\":\"SearchAction\",\"target\":{\"@type\":\"EntryPoint\",\"urlTemplate\":\"https:\\\/\\\/unstamps.org\\\/de\\\/?s={search_term_string}\"},\"query-input\":{\"@type\":\"PropertyValueSpecification\",\"valueRequired\":true,\"valueName\":\"search_term_string\"}}],\"inLanguage\":\"de-DE\"},{\"@type\":\"Organization\",\"@id\":\"https:\\\/\\\/unstamps.org\\\/de\\\/#organization\",\"name\":\"UN Stamps\",\"url\":\"https:\\\/\\\/unstamps.org\\\/de\\\/\",\"logo\":{\"@type\":\"ImageObject\",\"inLanguage\":\"de-DE\",\"@id\":\"https:\\\/\\\/unstamps.org\\\/de\\\/#\\\/schema\\\/logo\\\/image\\\/\",\"url\":\"https:\\\/\\\/unstamps.org\\\/wp-content\\\/uploads\\\/2014\\\/01\\\/logo4web.jpg\",\"contentUrl\":\"https:\\\/\\\/unstamps.org\\\/wp-content\\\/uploads\\\/2014\\\/01\\\/logo4web.jpg\",\"width\":2500,\"height\":250,\"caption\":\"UN Stamps\"},\"image\":{\"@id\":\"https:\\\/\\\/unstamps.org\\\/de\\\/#\\\/schema\\\/logo\\\/image\\\/\"}}]}<\/script>\n<!-- \/ Yoast SEO plugin. -->","yoast_head_json":{"title":"Keine Atomwaffen - Set mit Einzelmarken - UN Briefmarken","robots":{"index":"index","follow":"follow","max-snippet":"max-snippet:-1","max-image-preview":"max-image-preview:large","max-video-preview":"max-video-preview:-1"},"canonical":"https:\/\/unstamps.org\/de\/produkt\/keine-atomwaffen-set-mit-einzelmarken\/","og_locale":"de_DE","og_type":"article","og_title":"Keine Atomwaffen - Set mit Einzelmarken - UN Briefmarken","og_description":"Ausgabedatum: 14. August 2025 Illustrator und Designer:\u00a0Sergio Baradat (Vereinigte Staaten) Gr\u00f6\u00dfe der Briefmarken: 37 mm x 44,26 mm Gr\u00f6\u00dfe der Bogens: 205 mm x 108,53 mm Marken pro Bogen: 10 Druck: Joh. Ensched\u00e9 Stamps Security Printers B.V. (Niederlande) Druckverfahren: Hexachrome Druckauflagen:US$1,70 7.000 Bogen CHF1,90 7.000 Bogen EUR1,40 7.000 Bogen","og_url":"https:\/\/unstamps.org\/de\/produkt\/keine-atomwaffen-set-mit-einzelmarken\/","og_site_name":"UN Briefmarken","article_modified_time":"2026-01-09T16:53:15+00:00","og_image":[{"width":1024,"height":1024,"url":"https:\/\/unstamps.org\/wp-content\/uploads\/2025\/08\/2025-No-Nukes-Singles-GROUP.jpg","type":"image\/jpeg"}],"twitter_card":"summary_large_image","schema":{"@context":"https:\/\/schema.org","@graph":[{"@type":"WebPage","@id":"https:\/\/unstamps.org\/de\/produkt\/keine-atomwaffen-set-mit-einzelmarken\/","url":"https:\/\/unstamps.org\/de\/produkt\/keine-atomwaffen-set-mit-einzelmarken\/","name":"Keine Atomwaffen - Set mit Einzelmarken - UN Briefmarken","isPartOf":{"@id":"https:\/\/unstamps.org\/de\/#website"},"primaryImageOfPage":{"@id":"https:\/\/unstamps.org\/de\/produkt\/keine-atomwaffen-set-mit-einzelmarken\/#primaryimage"},"image":{"@id":"https:\/\/unstamps.org\/de\/produkt\/keine-atomwaffen-set-mit-einzelmarken\/#primaryimage"},"thumbnailUrl":"https:\/\/unstamps.org\/wp-content\/uploads\/2025\/08\/2025-No-Nukes-Singles-GROUP.jpg","datePublished":"2025-08-08T15:15:24+00:00","dateModified":"2026-01-09T16:53:15+00:00","breadcrumb":{"@id":"https:\/\/unstamps.org\/de\/produkt\/keine-atomwaffen-set-mit-einzelmarken\/#breadcrumb"},"inLanguage":"de-DE","potentialAction":[{"@type":"ReadAction","target":["https:\/\/unstamps.org\/de\/produkt\/keine-atomwaffen-set-mit-einzelmarken\/"]}]},{"@type":"ImageObject","inLanguage":"de-DE","@id":"https:\/\/unstamps.org\/de\/produkt\/keine-atomwaffen-set-mit-einzelmarken\/#primaryimage","url":"https:\/\/unstamps.org\/wp-content\/uploads\/2025\/08\/2025-No-Nukes-Singles-GROUP.jpg","contentUrl":"https:\/\/unstamps.org\/wp-content\/uploads\/2025\/08\/2025-No-Nukes-Singles-GROUP.jpg","width":1024,"height":1024},{"@type":"BreadcrumbList","@id":"https:\/\/unstamps.org\/de\/produkt\/keine-atomwaffen-set-mit-einzelmarken\/#breadcrumb","itemListElement":[{"@type":"ListItem","position":1,"name":"Home","item":"https:\/\/unstamps.org\/de\/"},{"@type":"ListItem","position":2,"name":"Produkte","item":"https:\/\/unstamps.org\/de\/produkte\/"},{"@type":"ListItem","position":3,"name":"Keine Atomwaffen &#8211; Set mit Einzelmarken"}]},{"@type":"WebSite","@id":"https:\/\/unstamps.org\/de\/#website","url":"https:\/\/unstamps.org\/de\/","name":"UN Stamps","description":"United Nations Stamps","publisher":{"@id":"https:\/\/unstamps.org\/de\/#organization"},"potentialAction":[{"@type":"SearchAction","target":{"@type":"EntryPoint","urlTemplate":"https:\/\/unstamps.org\/de\/?s={search_term_string}"},"query-input":{"@type":"PropertyValueSpecification","valueRequired":true,"valueName":"search_term_string"}}],"inLanguage":"de-DE"},{"@type":"Organization","@id":"https:\/\/unstamps.org\/de\/#organization","name":"UN Stamps","url":"https:\/\/unstamps.org\/de\/","logo":{"@type":"ImageObject","inLanguage":"de-DE","@id":"https:\/\/unstamps.org\/de\/#\/schema\/logo\/image\/","url":"https:\/\/unstamps.org\/wp-content\/uploads\/2014\/01\/logo4web.jpg","contentUrl":"https:\/\/unstamps.org\/wp-content\/uploads\/2014\/01\/logo4web.jpg","width":2500,"height":250,"caption":"UN Stamps"},"image":{"@id":"https:\/\/unstamps.org\/de\/#\/schema\/logo\/image\/"}}]}},"jetpack_sharing_enabled":true,"publishpress_future_action":{"enabled":false,"date":"2026-04-28 17:52:22","action":"change-status","newStatus":"private","terms":[],"taxonomy":"product_cat","extraData":[]},"publishpress_future_workflow_manual_trigger":{"enabledWorkflows":[]},"_links":{"self":[{"href":"https:\/\/unstamps.org\/de\/wp-json\/wp\/v2\/product\/195532","targetHints":{"allow":["GET"]}}],"collection":[{"href":"https:\/\/unstamps.org\/de\/wp-json\/wp\/v2\/product"}],"about":[{"href":"https:\/\/unstamps.org\/de\/wp-json\/wp\/v2\/types\/product"}],"replies":[{"embeddable":true,"href":"https:\/\/unstamps.org\/de\/wp-json\/wp\/v2\/comments?post=195532"}],"wp:featuredmedia":[{"embeddable":true,"href":"https:\/\/unstamps.org\/de\/wp-json\/wp\/v2\/media\/195615"}],"wp:attachment":[{"href":"https:\/\/unstamps.org\/de\/wp-json\/wp\/v2\/media?parent=195532"}],"wp:term":[{"taxonomy":"product_brand","embeddable":true,"href":"https:\/\/unstamps.org\/de\/wp-json\/wp\/v2\/product_brand?post=195532"},{"taxonomy":"product_cat","embeddable":true,"href":"https:\/\/unstamps.org\/de\/wp-json\/wp\/v2\/product_cat?post=195532"},{"taxonomy":"product_tag","embeddable":true,"href":"https:\/\/unstamps.org\/de\/wp-json\/wp\/v2\/product_tag?post=195532"}],"curies":[{"name":"wp","href":"https:\/\/api.w.org\/{rel}","templated":true}]}}