{"id":195376,"date":"2025-08-08T11:17:52","date_gmt":"2025-08-08T15:17:52","guid":{"rendered":"https:\/\/unstamps.org\/?post_type=product&#038;p=195376"},"modified":"2026-01-09T11:52:29","modified_gmt":"2026-01-09T16:52:29","slug":"keine-atomwaffen","status":"publish","type":"product","link":"https:\/\/unstamps.org\/de\/produkt\/keine-atomwaffen\/","title":{"rendered":"Keine Atomwaffen"},"content":{"rendered":"<p>Die Vereinten Nationen gedenken des achtzigsten Jahrestages der Atombombenabw\u00fcrfe auf Hiroshima und Nagasaki, Japan, die am 6. bzw. 9. August 1945 stattgefunden haben. Dieser Jahrestag, der uns \u00fcber die Verw\u00fcstung durch Atomwaffen nachdenken l\u00e4sst, erinnert uns an die dringende Notwendigkeit einer globalen Abr\u00fcstung und der Verhinderung zuk\u00fcnftiger Atomkonflikte.<\/p>\n<p>Die Vereinten Nationen unterst\u00fctzen seit langem die Bem\u00fchungen zur Abschaffung von Kernwaffen durch verschiedene Vertr\u00e4ge, Resolutionen und internationale Zusammenarbeit. Zu ihren wichtigsten Initiativen geh\u00f6ren der Vertrag \u00fcber die Nichtverbreitung von Kernwaffen und der Vertrag \u00fcber das Verbot von Kernwaffen.<\/p>\n<p><strong>Vertrag \u00fcber die Nichtverbreitung von Kernwaffen<\/strong><\/p>\n<p>Dieser 1970 in Kraft getretene Vertrag zielt darauf ab, die Verbreitung von Kernwaffen und Kerntechnologie zu verhindern und die Zusammenarbeit bei der friedlichen Nutzung der Kernenergie zu f\u00f6rdern. Au\u00dferdem soll er das Ziel der nuklearen Abr\u00fcstung <strong>voranbringen. <\/strong><\/p>\n<p><strong>Vertrag \u00fcber das Verbot von Kernwaffen<\/strong><\/p>\n<p>Dieser Vertrag, der 2021 in Kraft trat, schafft den ersten rechtlichen Rahmen, der speziell auf die Abschaffung von Kernwaffen abzielt. Er verbietet die Entwicklung, Erprobung, Herstellung, den Erwerb und den Einsatz von Kernwaffen.<\/p>\n<p>Die Vereinten Nationen f\u00f6rdern auch die Abr\u00fcstung durch andere Initiativen, darunter den Umfassende Atomteststopp-Vertrag und den <em>Partieller Teststopp-Vertrag<\/em>. Diese Vertr\u00e4ge tragen weiter zu den allgemeinen Zielen der Vereinten Nationen bei, die Verbreitung von Kernwaffen zu verhindern und die nukleare Abr\u00fcstung zu f\u00f6rdern.<\/p>\n<p>An diesem Jahrestag lautet die Botschaft der Vereinten Nationen an die Welt, sich an die Lehren aus diesen tragischen Ereignissen zu erinnern und sich erneut f\u00fcr eine atomwaffenfreie Welt einzusetzen, wobei die Bedeutung von Multilateralismus, nachhaltiger Entwicklung und Frieden betont wird.<\/p>\n<p>Zur Unterst\u00fctzung der Bem\u00fchungen der Vereinten Nationen zur F\u00f6rderung von No Nukes gibt die UNPA drei Briefmarken im Wert von 1,70 $, 1,90 CHF und 1,40 \u20ac heraus.<\/p>\n<p><strong>Ausgabedatum:<\/strong> 14. August 2025<br \/>\n<strong>Illustrator und Designer:<\/strong>\u00a0Sergio Baradat (Vereinigte Staaten)<br \/>\n<strong>Gr\u00f6\u00dfe der Briefmarken:<\/strong> 37 mm x 44,26 mm<br \/>\n<strong>Gr\u00f6\u00dfe der Bogens:<\/strong> 205 mm x 108,53 mm<br \/>\n<strong>Marken pro Bogen:<\/strong> 10<br \/>\n<strong>Druck:<\/strong> Joh. Ensched\u00e9 Stamps Security Printers B.V. (Niederlande)<br \/>\n<strong>Druckverfahren:<\/strong> Hexachrome<br \/>\n<strong>Druckauflagen:<\/strong>US$1,70 7.000 Bogen<br \/>\nCHF1,90 7.000 Bogen<br \/>\nEUR1,40 7.000 Bogen<\/p>\n","protected":false},"excerpt":{"rendered":"<p>Die Vereinten Nationen gedenken des achtzigsten Jahrestages der Atombombenabw\u00fcrfe auf Hiroshima und Nagasaki, Japan, die am 6. bzw. 9. August 1945 stattgefunden haben. Dieser Jahrestag, der uns \u00fcber die Verw\u00fcstung durch Atomwaffen nachdenken l\u00e4sst, erinnert uns an die dringende Notwendigkeit einer globalen Abr\u00fcstung und der Verhinderung zuk\u00fcnftiger Atomkonflikte. Die Vereinten Nationen unterst\u00fctzen seit langem die [&hellip;]<\/p>\n","protected":false},"featured_media":195609,"comment_status":"closed","ping_status":"closed","template":"","meta":{"ngg_post_thumbnail":0},"product_brand":[],"product_cat":[2954,150],"product_tag":[],"class_list":{"0":"post-195376","1":"product","2":"type-product","3":"status-publish","4":"has-post-thumbnail","6":"product_cat-2025-de","7":"product_cat-gedenkbriefmarken","9":"first","10":"instock","11":"shipping-taxable","12":"product-type-grouped"},"yoast_head":"<!-- This site is optimized with the Yoast SEO plugin v27.4 - https:\/\/yoast.com\/product\/yoast-seo-wordpress\/ -->\n<title>Keine Atomwaffen - UN Briefmarken<\/title>\n<meta name=\"robots\" content=\"index, follow, max-snippet:-1, max-image-preview:large, max-video-preview:-1\" \/>\n<link rel=\"canonical\" href=\"https:\/\/unstamps.org\/de\/produkt\/keine-atomwaffen\/\" \/>\n<meta property=\"og:locale\" content=\"de_DE\" \/>\n<meta property=\"og:type\" content=\"article\" \/>\n<meta property=\"og:title\" content=\"Keine Atomwaffen - UN Briefmarken\" \/>\n<meta property=\"og:description\" content=\"Die Vereinten Nationen gedenken des achtzigsten Jahrestages der Atombombenabw\u00fcrfe auf Hiroshima und Nagasaki, Japan, die am 6. bzw. 9. August 1945 stattgefunden haben. Dieser Jahrestag, der uns \u00fcber die Verw\u00fcstung durch Atomwaffen nachdenken l\u00e4sst, erinnert uns an die dringende Notwendigkeit einer globalen Abr\u00fcstung und der Verhinderung zuk\u00fcnftiger Atomkonflikte. Die Vereinten Nationen unterst\u00fctzen seit langem die [&hellip;]\" \/>\n<meta property=\"og:url\" content=\"https:\/\/unstamps.org\/de\/produkt\/keine-atomwaffen\/\" \/>\n<meta property=\"og:site_name\" content=\"UN Briefmarken\" \/>\n<meta property=\"article:modified_time\" content=\"2026-01-09T16:52:29+00:00\" \/>\n<meta property=\"og:image\" content=\"https:\/\/unstamps.org\/wp-content\/uploads\/2025\/08\/2025-No-Nukes-FS-GROUP.jpg\" \/>\n\t<meta property=\"og:image:width\" content=\"1024\" \/>\n\t<meta property=\"og:image:height\" content=\"1024\" \/>\n\t<meta property=\"og:image:type\" content=\"image\/jpeg\" \/>\n<meta name=\"twitter:card\" content=\"summary_large_image\" \/>\n<meta name=\"twitter:label1\" content=\"Gesch\u00e4tzte Lesezeit\" \/>\n\t<meta name=\"twitter:data1\" content=\"2 minutes\" \/>\n<script type=\"application\/ld+json\" class=\"yoast-schema-graph\">{\"@context\":\"https:\\\/\\\/schema.org\",\"@graph\":[{\"@type\":\"WebPage\",\"@id\":\"https:\\\/\\\/unstamps.org\\\/de\\\/produkt\\\/keine-atomwaffen\\\/\",\"url\":\"https:\\\/\\\/unstamps.org\\\/de\\\/produkt\\\/keine-atomwaffen\\\/\",\"name\":\"Keine Atomwaffen - UN Briefmarken\",\"isPartOf\":{\"@id\":\"https:\\\/\\\/unstamps.org\\\/de\\\/#website\"},\"primaryImageOfPage\":{\"@id\":\"https:\\\/\\\/unstamps.org\\\/de\\\/produkt\\\/keine-atomwaffen\\\/#primaryimage\"},\"image\":{\"@id\":\"https:\\\/\\\/unstamps.org\\\/de\\\/produkt\\\/keine-atomwaffen\\\/#primaryimage\"},\"thumbnailUrl\":\"https:\\\/\\\/unstamps.org\\\/wp-content\\\/uploads\\\/2025\\\/08\\\/2025-No-Nukes-FS-GROUP.jpg\",\"datePublished\":\"2025-08-08T15:17:52+00:00\",\"dateModified\":\"2026-01-09T16:52:29+00:00\",\"breadcrumb\":{\"@id\":\"https:\\\/\\\/unstamps.org\\\/de\\\/produkt\\\/keine-atomwaffen\\\/#breadcrumb\"},\"inLanguage\":\"de-DE\",\"potentialAction\":[{\"@type\":\"ReadAction\",\"target\":[\"https:\\\/\\\/unstamps.org\\\/de\\\/produkt\\\/keine-atomwaffen\\\/\"]}]},{\"@type\":\"ImageObject\",\"inLanguage\":\"de-DE\",\"@id\":\"https:\\\/\\\/unstamps.org\\\/de\\\/produkt\\\/keine-atomwaffen\\\/#primaryimage\",\"url\":\"https:\\\/\\\/unstamps.org\\\/wp-content\\\/uploads\\\/2025\\\/08\\\/2025-No-Nukes-FS-GROUP.jpg\",\"contentUrl\":\"https:\\\/\\\/unstamps.org\\\/wp-content\\\/uploads\\\/2025\\\/08\\\/2025-No-Nukes-FS-GROUP.jpg\",\"width\":1024,\"height\":1024},{\"@type\":\"BreadcrumbList\",\"@id\":\"https:\\\/\\\/unstamps.org\\\/de\\\/produkt\\\/keine-atomwaffen\\\/#breadcrumb\",\"itemListElement\":[{\"@type\":\"ListItem\",\"position\":1,\"name\":\"Home\",\"item\":\"https:\\\/\\\/unstamps.org\\\/de\\\/\"},{\"@type\":\"ListItem\",\"position\":2,\"name\":\"Produkte\",\"item\":\"https:\\\/\\\/unstamps.org\\\/de\\\/produkte\\\/\"},{\"@type\":\"ListItem\",\"position\":3,\"name\":\"Keine Atomwaffen\"}]},{\"@type\":\"WebSite\",\"@id\":\"https:\\\/\\\/unstamps.org\\\/de\\\/#website\",\"url\":\"https:\\\/\\\/unstamps.org\\\/de\\\/\",\"name\":\"UN Stamps\",\"description\":\"United Nations Stamps\",\"publisher\":{\"@id\":\"https:\\\/\\\/unstamps.org\\\/de\\\/#organization\"},\"potentialAction\":[{\"@type\":\"SearchAction\",\"target\":{\"@type\":\"EntryPoint\",\"urlTemplate\":\"https:\\\/\\\/unstamps.org\\\/de\\\/?s={search_term_string}\"},\"query-input\":{\"@type\":\"PropertyValueSpecification\",\"valueRequired\":true,\"valueName\":\"search_term_string\"}}],\"inLanguage\":\"de-DE\"},{\"@type\":\"Organization\",\"@id\":\"https:\\\/\\\/unstamps.org\\\/de\\\/#organization\",\"name\":\"UN Stamps\",\"url\":\"https:\\\/\\\/unstamps.org\\\/de\\\/\",\"logo\":{\"@type\":\"ImageObject\",\"inLanguage\":\"de-DE\",\"@id\":\"https:\\\/\\\/unstamps.org\\\/de\\\/#\\\/schema\\\/logo\\\/image\\\/\",\"url\":\"https:\\\/\\\/unstamps.org\\\/wp-content\\\/uploads\\\/2014\\\/01\\\/logo4web.jpg\",\"contentUrl\":\"https:\\\/\\\/unstamps.org\\\/wp-content\\\/uploads\\\/2014\\\/01\\\/logo4web.jpg\",\"width\":2500,\"height\":250,\"caption\":\"UN Stamps\"},\"image\":{\"@id\":\"https:\\\/\\\/unstamps.org\\\/de\\\/#\\\/schema\\\/logo\\\/image\\\/\"}}]}<\/script>\n<!-- \/ Yoast SEO plugin. -->","yoast_head_json":{"title":"Keine Atomwaffen - UN Briefmarken","robots":{"index":"index","follow":"follow","max-snippet":"max-snippet:-1","max-image-preview":"max-image-preview:large","max-video-preview":"max-video-preview:-1"},"canonical":"https:\/\/unstamps.org\/de\/produkt\/keine-atomwaffen\/","og_locale":"de_DE","og_type":"article","og_title":"Keine Atomwaffen - UN Briefmarken","og_description":"Die Vereinten Nationen gedenken des achtzigsten Jahrestages der Atombombenabw\u00fcrfe auf Hiroshima und Nagasaki, Japan, die am 6. bzw. 9. August 1945 stattgefunden haben. Dieser Jahrestag, der uns \u00fcber die Verw\u00fcstung durch Atomwaffen nachdenken l\u00e4sst, erinnert uns an die dringende Notwendigkeit einer globalen Abr\u00fcstung und der Verhinderung zuk\u00fcnftiger Atomkonflikte. Die Vereinten Nationen unterst\u00fctzen seit langem die [&hellip;]","og_url":"https:\/\/unstamps.org\/de\/produkt\/keine-atomwaffen\/","og_site_name":"UN Briefmarken","article_modified_time":"2026-01-09T16:52:29+00:00","og_image":[{"width":1024,"height":1024,"url":"https:\/\/unstamps.org\/wp-content\/uploads\/2025\/08\/2025-No-Nukes-FS-GROUP.jpg","type":"image\/jpeg"}],"twitter_card":"summary_large_image","twitter_misc":{"Gesch\u00e4tzte Lesezeit":"2 minutes"},"schema":{"@context":"https:\/\/schema.org","@graph":[{"@type":"WebPage","@id":"https:\/\/unstamps.org\/de\/produkt\/keine-atomwaffen\/","url":"https:\/\/unstamps.org\/de\/produkt\/keine-atomwaffen\/","name":"Keine Atomwaffen - UN Briefmarken","isPartOf":{"@id":"https:\/\/unstamps.org\/de\/#website"},"primaryImageOfPage":{"@id":"https:\/\/unstamps.org\/de\/produkt\/keine-atomwaffen\/#primaryimage"},"image":{"@id":"https:\/\/unstamps.org\/de\/produkt\/keine-atomwaffen\/#primaryimage"},"thumbnailUrl":"https:\/\/unstamps.org\/wp-content\/uploads\/2025\/08\/2025-No-Nukes-FS-GROUP.jpg","datePublished":"2025-08-08T15:17:52+00:00","dateModified":"2026-01-09T16:52:29+00:00","breadcrumb":{"@id":"https:\/\/unstamps.org\/de\/produkt\/keine-atomwaffen\/#breadcrumb"},"inLanguage":"de-DE","potentialAction":[{"@type":"ReadAction","target":["https:\/\/unstamps.org\/de\/produkt\/keine-atomwaffen\/"]}]},{"@type":"ImageObject","inLanguage":"de-DE","@id":"https:\/\/unstamps.org\/de\/produkt\/keine-atomwaffen\/#primaryimage","url":"https:\/\/unstamps.org\/wp-content\/uploads\/2025\/08\/2025-No-Nukes-FS-GROUP.jpg","contentUrl":"https:\/\/unstamps.org\/wp-content\/uploads\/2025\/08\/2025-No-Nukes-FS-GROUP.jpg","width":1024,"height":1024},{"@type":"BreadcrumbList","@id":"https:\/\/unstamps.org\/de\/produkt\/keine-atomwaffen\/#breadcrumb","itemListElement":[{"@type":"ListItem","position":1,"name":"Home","item":"https:\/\/unstamps.org\/de\/"},{"@type":"ListItem","position":2,"name":"Produkte","item":"https:\/\/unstamps.org\/de\/produkte\/"},{"@type":"ListItem","position":3,"name":"Keine Atomwaffen"}]},{"@type":"WebSite","@id":"https:\/\/unstamps.org\/de\/#website","url":"https:\/\/unstamps.org\/de\/","name":"UN Stamps","description":"United Nations Stamps","publisher":{"@id":"https:\/\/unstamps.org\/de\/#organization"},"potentialAction":[{"@type":"SearchAction","target":{"@type":"EntryPoint","urlTemplate":"https:\/\/unstamps.org\/de\/?s={search_term_string}"},"query-input":{"@type":"PropertyValueSpecification","valueRequired":true,"valueName":"search_term_string"}}],"inLanguage":"de-DE"},{"@type":"Organization","@id":"https:\/\/unstamps.org\/de\/#organization","name":"UN Stamps","url":"https:\/\/unstamps.org\/de\/","logo":{"@type":"ImageObject","inLanguage":"de-DE","@id":"https:\/\/unstamps.org\/de\/#\/schema\/logo\/image\/","url":"https:\/\/unstamps.org\/wp-content\/uploads\/2014\/01\/logo4web.jpg","contentUrl":"https:\/\/unstamps.org\/wp-content\/uploads\/2014\/01\/logo4web.jpg","width":2500,"height":250,"caption":"UN Stamps"},"image":{"@id":"https:\/\/unstamps.org\/de\/#\/schema\/logo\/image\/"}}]}},"jetpack_sharing_enabled":true,"publishpress_future_action":{"enabled":false,"date":"2026-04-29 16:16:22","action":"change-status","newStatus":"private","terms":[],"taxonomy":"product_cat","extraData":[]},"publishpress_future_workflow_manual_trigger":{"enabledWorkflows":[]},"_links":{"self":[{"href":"https:\/\/unstamps.org\/de\/wp-json\/wp\/v2\/product\/195376","targetHints":{"allow":["GET"]}}],"collection":[{"href":"https:\/\/unstamps.org\/de\/wp-json\/wp\/v2\/product"}],"about":[{"href":"https:\/\/unstamps.org\/de\/wp-json\/wp\/v2\/types\/product"}],"replies":[{"embeddable":true,"href":"https:\/\/unstamps.org\/de\/wp-json\/wp\/v2\/comments?post=195376"}],"wp:featuredmedia":[{"embeddable":true,"href":"https:\/\/unstamps.org\/de\/wp-json\/wp\/v2\/media\/195609"}],"wp:attachment":[{"href":"https:\/\/unstamps.org\/de\/wp-json\/wp\/v2\/media?parent=195376"}],"wp:term":[{"taxonomy":"product_brand","embeddable":true,"href":"https:\/\/unstamps.org\/de\/wp-json\/wp\/v2\/product_brand?post=195376"},{"taxonomy":"product_cat","embeddable":true,"href":"https:\/\/unstamps.org\/de\/wp-json\/wp\/v2\/product_cat?post=195376"},{"taxonomy":"product_tag","embeddable":true,"href":"https:\/\/unstamps.org\/de\/wp-json\/wp\/v2\/product_tag?post=195376"}],"curies":[{"name":"wp","href":"https:\/\/api.w.org\/{rel}","templated":true}]}}