{"id":194676,"date":"2025-05-30T12:03:12","date_gmt":"2025-05-30T16:07:17","guid":{"rendered":"https:\/\/unstamps.org\/?post_type=product&#038;p=194676"},"modified":"2026-01-09T11:53:13","modified_gmt":"2026-01-09T16:53:13","slug":"internationales-jahr-des-gletscherschutzes","status":"publish","type":"product","link":"https:\/\/unstamps.org\/de\/produkt\/internationales-jahr-des-gletscherschutzes\/","title":{"rendered":"Internationales Jahr Des Gletscherschutzes"},"content":{"rendered":"<p>Um die Bedeutung des Gletscherschutzes hervorzuheben, wird die UNPA am 6. Juni 2025 einen speziellen Bogen mit 10 Briefmarken im Wert von \u20ac 1,20 herausgeben. Die Generalversammlung hat das Jahr 2025 zum Internationalen Jahr des Gletscherschutzes ausgerufen, um das Bewusstsein f\u00fcr die lebenswichtige Rolle der Gletscher, des Schnees und des Eises im Klimasystem und Wasserkreislauf sowie f\u00fcr die weitreichenden Auswirkungen einer raschen Gletscherschmelze zu st\u00e4rken.<\/p>\n<p>Gletscher sind entscheidend f\u00fcr die Regulierung des globalen Klimas und die Versorgung von Milliarden Menschen mit S\u00fc\u00dfwasser. Aufgrund des Klimawandels, der haupts\u00e4chlich durch menschliche Aktivit\u00e4ten verursacht wird, schmelzen diese lebenswichtigen Ressourcen jedoch rasch. Die Erhaltung der Gletscher ist eine der dringendsten Herausforderungen f\u00fcr die Menschheit. Diese uralten Eisformationen sind nicht nur gefrorenes Wasser \u2013 sie sind die H\u00fcter der Klimageschichte unseres Planeten, die Lebensquelle f\u00fcr Milliarden Menschen und heilige Orte f\u00fcr viele Kulturen. Ihr rasches Verschwinden mahnt uns, jetzt zu handeln.<\/p>\n<p>Die Motive auf dem Bogen zeigen Folgendes:<\/p>\n<p><strong>Linke Spalte von oben nach unten:<\/strong><br \/>\n1. Der Perito-Moreno-Gletscher, Argentinien<br \/>\n2. Der Mount Gongga und der Gletscher im Hailuogou-Gletscherwaldpark, China<br \/>\n3. Gletscherlandschaft in Alaska, Blick von der Prince William Sound Bucht, Vereinigte Staaten von Amerika<br \/>\n4. Der Gletscher Pasterze, \u00d6sterreich<br \/>\n5. Der Franz-Josef-Gletscher, Neuseeland<\/p>\n<p><strong>Rechte Spalte von oben nach unten: <\/strong><br \/>\n6. Die J\u00f6kuls\u00e1rl\u00f3n-Gletscherlagune mit Gletschern und Bergen des Vatnaj\u00f6kull, Island<br \/>\n7. Eisige Gew\u00e4sser und der Lambert-Gletscher, Antarktis<br \/>\n8. Der Aletschgletscher, Schweiz<br \/>\n9. Der Jostedalsbreen-Nationalpark, Norwegen<br \/>\n10. Riesige Eisberge im Ilulissat-Eisfjord, Gr\u00f6nland<\/p>\n<p>Der Hintergrund des Bogens zeigt die Ilulissat-Gletscher in der Diskobucht, Gr\u00f6nland.<br \/>\nDer Bogen wurde von Rorie Katz (Vereinten Nationen) entworfen.<br \/>\nDieser spezielle Briefmarkenbogen kann mit einem Foto anstelle des UN-Logos personalisiert werden. Kunden k\u00f6nnen die Briefmarkengesch\u00e4fte der UNPA in New York<\/p>\n<p><strong>Technische Details:<\/strong><br \/>\n<strong>Gr\u00f6\u00dfe der Briefmarken:<\/strong> 40,6 mm x 29,8 mm<br \/>\n<strong>Gr\u00f6\u00dfe der Vignetten:<\/strong> 26,6 mm x 29,8 mm<br \/>\n<strong>Gr\u00f6\u00dfe des Bogens:<\/strong> 279,4 mm x 215,9 mm<br \/>\n<strong>Druck:<\/strong> In-house<\/p>\n","protected":false},"excerpt":{"rendered":"<p>Um die Bedeutung des Gletscherschutzes hervorzuheben, wird die UNPA am 6. Juni 2025 einen speziellen Bogen mit 10 Briefmarken im Wert von \u20ac 1,20 herausgeben. Die Generalversammlung hat das Jahr 2025 zum Internationalen Jahr des Gletscherschutzes ausgerufen, um das Bewusstsein f\u00fcr die lebenswichtige Rolle der Gletscher, des Schnees und des Eises im Klimasystem und Wasserkreislauf [&hellip;]<\/p>\n","protected":false},"featured_media":194705,"comment_status":"closed","ping_status":"closed","template":"","meta":{"ngg_post_thumbnail":0},"product_brand":[],"product_cat":[2954,163],"product_tag":[],"class_list":{"0":"post-194676","1":"product","2":"type-product","3":"status-publish","4":"has-post-thumbnail","6":"product_cat-2025-de","7":"product_cat-personalisierte-bogen","8":"pa_condition-cancelled","9":"pa_condition-mint-de","11":"first","12":"instock","13":"shipping-taxable","14":"purchasable","15":"product-type-variable"},"yoast_head":"<!-- This site is optimized with the Yoast SEO plugin v27.4 - https:\/\/yoast.com\/product\/yoast-seo-wordpress\/ -->\n<title>Internationales Jahr Des Gletscherschutzes - UN Briefmarken<\/title>\n<meta name=\"robots\" content=\"index, follow, max-snippet:-1, max-image-preview:large, max-video-preview:-1\" \/>\n<link rel=\"canonical\" href=\"https:\/\/unstamps.org\/de\/produkt\/internationales-jahr-des-gletscherschutzes\/\" \/>\n<meta property=\"og:locale\" content=\"de_DE\" \/>\n<meta property=\"og:type\" content=\"article\" \/>\n<meta property=\"og:title\" content=\"Internationales Jahr Des Gletscherschutzes - UN Briefmarken\" \/>\n<meta property=\"og:description\" content=\"Um die Bedeutung des Gletscherschutzes hervorzuheben, wird die UNPA am 6. Juni 2025 einen speziellen Bogen mit 10 Briefmarken im Wert von \u20ac 1,20 herausgeben. Die Generalversammlung hat das Jahr 2025 zum Internationalen Jahr des Gletscherschutzes ausgerufen, um das Bewusstsein f\u00fcr die lebenswichtige Rolle der Gletscher, des Schnees und des Eises im Klimasystem und Wasserkreislauf [&hellip;]\" \/>\n<meta property=\"og:url\" content=\"https:\/\/unstamps.org\/de\/produkt\/internationales-jahr-des-gletscherschutzes\/\" \/>\n<meta property=\"og:site_name\" content=\"UN Briefmarken\" \/>\n<meta property=\"article:modified_time\" content=\"2026-01-09T16:53:13+00:00\" \/>\n<meta property=\"og:image\" content=\"https:\/\/unstamps.org\/wp-content\/uploads\/2025\/05\/2025-Glacier-PSS-Mint-Web.jpg\" \/>\n\t<meta property=\"og:image:width\" content=\"1024\" \/>\n\t<meta property=\"og:image:height\" content=\"1024\" \/>\n\t<meta property=\"og:image:type\" content=\"image\/jpeg\" \/>\n<meta name=\"twitter:card\" content=\"summary_large_image\" \/>\n<meta name=\"twitter:label1\" content=\"Gesch\u00e4tzte Lesezeit\" \/>\n\t<meta name=\"twitter:data1\" content=\"2 minutes\" \/>\n<script type=\"application\/ld+json\" class=\"yoast-schema-graph\">{\"@context\":\"https:\\\/\\\/schema.org\",\"@graph\":[{\"@type\":\"WebPage\",\"@id\":\"https:\\\/\\\/unstamps.org\\\/de\\\/produkt\\\/internationales-jahr-des-gletscherschutzes\\\/\",\"url\":\"https:\\\/\\\/unstamps.org\\\/de\\\/produkt\\\/internationales-jahr-des-gletscherschutzes\\\/\",\"name\":\"Internationales Jahr Des Gletscherschutzes - UN Briefmarken\",\"isPartOf\":{\"@id\":\"https:\\\/\\\/unstamps.org\\\/de\\\/#website\"},\"primaryImageOfPage\":{\"@id\":\"https:\\\/\\\/unstamps.org\\\/de\\\/produkt\\\/internationales-jahr-des-gletscherschutzes\\\/#primaryimage\"},\"image\":{\"@id\":\"https:\\\/\\\/unstamps.org\\\/de\\\/produkt\\\/internationales-jahr-des-gletscherschutzes\\\/#primaryimage\"},\"thumbnailUrl\":\"https:\\\/\\\/unstamps.org\\\/wp-content\\\/uploads\\\/2025\\\/05\\\/2025-Glacier-PSS-Mint-Web.jpg\",\"datePublished\":\"2025-05-30T16:07:17+00:00\",\"dateModified\":\"2026-01-09T16:53:13+00:00\",\"breadcrumb\":{\"@id\":\"https:\\\/\\\/unstamps.org\\\/de\\\/produkt\\\/internationales-jahr-des-gletscherschutzes\\\/#breadcrumb\"},\"inLanguage\":\"de-DE\",\"potentialAction\":[{\"@type\":\"ReadAction\",\"target\":[\"https:\\\/\\\/unstamps.org\\\/de\\\/produkt\\\/internationales-jahr-des-gletscherschutzes\\\/\"]}]},{\"@type\":\"ImageObject\",\"inLanguage\":\"de-DE\",\"@id\":\"https:\\\/\\\/unstamps.org\\\/de\\\/produkt\\\/internationales-jahr-des-gletscherschutzes\\\/#primaryimage\",\"url\":\"https:\\\/\\\/unstamps.org\\\/wp-content\\\/uploads\\\/2025\\\/05\\\/2025-Glacier-PSS-Mint-Web.jpg\",\"contentUrl\":\"https:\\\/\\\/unstamps.org\\\/wp-content\\\/uploads\\\/2025\\\/05\\\/2025-Glacier-PSS-Mint-Web.jpg\",\"width\":1024,\"height\":1024},{\"@type\":\"BreadcrumbList\",\"@id\":\"https:\\\/\\\/unstamps.org\\\/de\\\/produkt\\\/internationales-jahr-des-gletscherschutzes\\\/#breadcrumb\",\"itemListElement\":[{\"@type\":\"ListItem\",\"position\":1,\"name\":\"Home\",\"item\":\"https:\\\/\\\/unstamps.org\\\/de\\\/\"},{\"@type\":\"ListItem\",\"position\":2,\"name\":\"Produkte\",\"item\":\"https:\\\/\\\/unstamps.org\\\/de\\\/produkte\\\/\"},{\"@type\":\"ListItem\",\"position\":3,\"name\":\"Internationales Jahr Des Gletscherschutzes\"}]},{\"@type\":\"WebSite\",\"@id\":\"https:\\\/\\\/unstamps.org\\\/de\\\/#website\",\"url\":\"https:\\\/\\\/unstamps.org\\\/de\\\/\",\"name\":\"UN Stamps\",\"description\":\"United Nations Stamps\",\"publisher\":{\"@id\":\"https:\\\/\\\/unstamps.org\\\/de\\\/#organization\"},\"potentialAction\":[{\"@type\":\"SearchAction\",\"target\":{\"@type\":\"EntryPoint\",\"urlTemplate\":\"https:\\\/\\\/unstamps.org\\\/de\\\/?s={search_term_string}\"},\"query-input\":{\"@type\":\"PropertyValueSpecification\",\"valueRequired\":true,\"valueName\":\"search_term_string\"}}],\"inLanguage\":\"de-DE\"},{\"@type\":\"Organization\",\"@id\":\"https:\\\/\\\/unstamps.org\\\/de\\\/#organization\",\"name\":\"UN Stamps\",\"url\":\"https:\\\/\\\/unstamps.org\\\/de\\\/\",\"logo\":{\"@type\":\"ImageObject\",\"inLanguage\":\"de-DE\",\"@id\":\"https:\\\/\\\/unstamps.org\\\/de\\\/#\\\/schema\\\/logo\\\/image\\\/\",\"url\":\"https:\\\/\\\/unstamps.org\\\/wp-content\\\/uploads\\\/2014\\\/01\\\/logo4web.jpg\",\"contentUrl\":\"https:\\\/\\\/unstamps.org\\\/wp-content\\\/uploads\\\/2014\\\/01\\\/logo4web.jpg\",\"width\":2500,\"height\":250,\"caption\":\"UN Stamps\"},\"image\":{\"@id\":\"https:\\\/\\\/unstamps.org\\\/de\\\/#\\\/schema\\\/logo\\\/image\\\/\"}}]}<\/script>\n<!-- \/ Yoast SEO plugin. -->","yoast_head_json":{"title":"Internationales Jahr Des Gletscherschutzes - UN Briefmarken","robots":{"index":"index","follow":"follow","max-snippet":"max-snippet:-1","max-image-preview":"max-image-preview:large","max-video-preview":"max-video-preview:-1"},"canonical":"https:\/\/unstamps.org\/de\/produkt\/internationales-jahr-des-gletscherschutzes\/","og_locale":"de_DE","og_type":"article","og_title":"Internationales Jahr Des Gletscherschutzes - UN Briefmarken","og_description":"Um die Bedeutung des Gletscherschutzes hervorzuheben, wird die UNPA am 6. Juni 2025 einen speziellen Bogen mit 10 Briefmarken im Wert von \u20ac 1,20 herausgeben. Die Generalversammlung hat das Jahr 2025 zum Internationalen Jahr des Gletscherschutzes ausgerufen, um das Bewusstsein f\u00fcr die lebenswichtige Rolle der Gletscher, des Schnees und des Eises im Klimasystem und Wasserkreislauf [&hellip;]","og_url":"https:\/\/unstamps.org\/de\/produkt\/internationales-jahr-des-gletscherschutzes\/","og_site_name":"UN Briefmarken","article_modified_time":"2026-01-09T16:53:13+00:00","og_image":[{"width":1024,"height":1024,"url":"https:\/\/unstamps.org\/wp-content\/uploads\/2025\/05\/2025-Glacier-PSS-Mint-Web.jpg","type":"image\/jpeg"}],"twitter_card":"summary_large_image","twitter_misc":{"Gesch\u00e4tzte Lesezeit":"2 minutes"},"schema":{"@context":"https:\/\/schema.org","@graph":[{"@type":"WebPage","@id":"https:\/\/unstamps.org\/de\/produkt\/internationales-jahr-des-gletscherschutzes\/","url":"https:\/\/unstamps.org\/de\/produkt\/internationales-jahr-des-gletscherschutzes\/","name":"Internationales Jahr Des Gletscherschutzes - UN Briefmarken","isPartOf":{"@id":"https:\/\/unstamps.org\/de\/#website"},"primaryImageOfPage":{"@id":"https:\/\/unstamps.org\/de\/produkt\/internationales-jahr-des-gletscherschutzes\/#primaryimage"},"image":{"@id":"https:\/\/unstamps.org\/de\/produkt\/internationales-jahr-des-gletscherschutzes\/#primaryimage"},"thumbnailUrl":"https:\/\/unstamps.org\/wp-content\/uploads\/2025\/05\/2025-Glacier-PSS-Mint-Web.jpg","datePublished":"2025-05-30T16:07:17+00:00","dateModified":"2026-01-09T16:53:13+00:00","breadcrumb":{"@id":"https:\/\/unstamps.org\/de\/produkt\/internationales-jahr-des-gletscherschutzes\/#breadcrumb"},"inLanguage":"de-DE","potentialAction":[{"@type":"ReadAction","target":["https:\/\/unstamps.org\/de\/produkt\/internationales-jahr-des-gletscherschutzes\/"]}]},{"@type":"ImageObject","inLanguage":"de-DE","@id":"https:\/\/unstamps.org\/de\/produkt\/internationales-jahr-des-gletscherschutzes\/#primaryimage","url":"https:\/\/unstamps.org\/wp-content\/uploads\/2025\/05\/2025-Glacier-PSS-Mint-Web.jpg","contentUrl":"https:\/\/unstamps.org\/wp-content\/uploads\/2025\/05\/2025-Glacier-PSS-Mint-Web.jpg","width":1024,"height":1024},{"@type":"BreadcrumbList","@id":"https:\/\/unstamps.org\/de\/produkt\/internationales-jahr-des-gletscherschutzes\/#breadcrumb","itemListElement":[{"@type":"ListItem","position":1,"name":"Home","item":"https:\/\/unstamps.org\/de\/"},{"@type":"ListItem","position":2,"name":"Produkte","item":"https:\/\/unstamps.org\/de\/produkte\/"},{"@type":"ListItem","position":3,"name":"Internationales Jahr Des Gletscherschutzes"}]},{"@type":"WebSite","@id":"https:\/\/unstamps.org\/de\/#website","url":"https:\/\/unstamps.org\/de\/","name":"UN Stamps","description":"United Nations Stamps","publisher":{"@id":"https:\/\/unstamps.org\/de\/#organization"},"potentialAction":[{"@type":"SearchAction","target":{"@type":"EntryPoint","urlTemplate":"https:\/\/unstamps.org\/de\/?s={search_term_string}"},"query-input":{"@type":"PropertyValueSpecification","valueRequired":true,"valueName":"search_term_string"}}],"inLanguage":"de-DE"},{"@type":"Organization","@id":"https:\/\/unstamps.org\/de\/#organization","name":"UN Stamps","url":"https:\/\/unstamps.org\/de\/","logo":{"@type":"ImageObject","inLanguage":"de-DE","@id":"https:\/\/unstamps.org\/de\/#\/schema\/logo\/image\/","url":"https:\/\/unstamps.org\/wp-content\/uploads\/2014\/01\/logo4web.jpg","contentUrl":"https:\/\/unstamps.org\/wp-content\/uploads\/2014\/01\/logo4web.jpg","width":2500,"height":250,"caption":"UN Stamps"},"image":{"@id":"https:\/\/unstamps.org\/de\/#\/schema\/logo\/image\/"}}]}},"jetpack_sharing_enabled":true,"publishpress_future_action":{"enabled":false,"date":"2026-04-28 14:17:20","action":"change-status","newStatus":"private","terms":[],"taxonomy":"product_cat","extraData":[]},"publishpress_future_workflow_manual_trigger":{"enabledWorkflows":[]},"_links":{"self":[{"href":"https:\/\/unstamps.org\/de\/wp-json\/wp\/v2\/product\/194676","targetHints":{"allow":["GET"]}}],"collection":[{"href":"https:\/\/unstamps.org\/de\/wp-json\/wp\/v2\/product"}],"about":[{"href":"https:\/\/unstamps.org\/de\/wp-json\/wp\/v2\/types\/product"}],"replies":[{"embeddable":true,"href":"https:\/\/unstamps.org\/de\/wp-json\/wp\/v2\/comments?post=194676"}],"wp:featuredmedia":[{"embeddable":true,"href":"https:\/\/unstamps.org\/de\/wp-json\/wp\/v2\/media\/194705"}],"wp:attachment":[{"href":"https:\/\/unstamps.org\/de\/wp-json\/wp\/v2\/media?parent=194676"}],"wp:term":[{"taxonomy":"product_brand","embeddable":true,"href":"https:\/\/unstamps.org\/de\/wp-json\/wp\/v2\/product_brand?post=194676"},{"taxonomy":"product_cat","embeddable":true,"href":"https:\/\/unstamps.org\/de\/wp-json\/wp\/v2\/product_cat?post=194676"},{"taxonomy":"product_tag","embeddable":true,"href":"https:\/\/unstamps.org\/de\/wp-json\/wp\/v2\/product_tag?post=194676"}],"curies":[{"name":"wp","href":"https:\/\/api.w.org\/{rel}","templated":true}]}}