{"id":194236,"date":"2025-05-16T09:30:12","date_gmt":"2025-05-16T13:30:56","guid":{"rendered":"https:\/\/unstamps.org\/?post_type=product&#038;p=194236"},"modified":"2026-01-09T11:53:13","modified_gmt":"2026-01-09T16:53:13","slug":"100-jahrestag-des-pekinger-kaiserpalastmuseums","status":"publish","type":"product","link":"https:\/\/unstamps.org\/de\/produkt\/100-jahrestag-des-pekinger-kaiserpalastmuseums\/","title":{"rendered":"100. Jahrestag Des Pekinger Kaiserpalastmuseums"},"content":{"rendered":"<p>Am 18. Mai 2025, dem Internationalen Museumstag, wird die Postverwaltung der Vereinten Nationen in New York einen speziellen Briefmarkenbogen zum 100-j\u00e4hrigen Jubil\u00e4um des Kaiserpalastmuseums in Peking herausgeben.<\/p>\n<p>Die Briefmarken im Wert von je 1,65 $ w\u00fcrdigen die kulturelle und historische Bedeutung des Museums, das als Weltkulturerbe anerkannt ist, und heben gleichzeitig den Charme und die Einzigartigkeit der traditionellen chinesischen Kultur hervor.<\/p>\n<p>Das Palastmuseum, das sich in der Verbotenen Stadt im Herzen Pekings befindet, wurde am 10. Oktober 1925 gegr\u00fcndet. Es steht auf dem Gel\u00e4nde der ehemaligen kaiserlichen Pal\u00e4ste der Ming- und Qing-Dynastie. Im Jahr 1987 wurde die Verbotene Stadt in die Liste des UNESCO-Weltkulturerbes aufgenommen.<\/p>\n<p>Der Briefmarkenbogen zeigt florale Motive, die aus zehn kulturellen Artefakten der Museumssammlung ausgew\u00e4hlt wurden. Jede Blume, wie die Magnolie, die Pfingstrose, die Pflaumenbl\u00fcte und der Lotus &#8211; besitzt eine tiefe kulturelle Bedeutung und zefeiert die Sch\u00f6nheit der Vielfalt und die ewige Vitalit\u00e4t.<\/p>\n<p>Designs auf der linken Seite, von oben nach unten:<br \/>\n1. Blumen- und Vogelalbum: Crabapple Blossom von Yu Zhi, Qing-Dynastie (1644\u20131911)<br \/>\n2. Schwarzes Lackbett mit Perlmuttintarsien, verziert mit Blumen- und Vogelmotiven, Ming-Dynastie (1368\u20131644)<br \/>\n3. Goldpokal mit Juweleneinlagen und der Inschrift \u201eEwiges Territorium\u201c, Qianlong-Regierung, Qing-Dynastie (1644\u20131911)<br \/>\n4. Schatz-Bonsai in einem Goldtopf, Qing-Dynastie (1644\u20131911)<br \/>\n5. Bemalter Emaille-Stammteller mit Blumen-, Frucht- und Rebenmotiven, Qing-Dynastie (1644\u20131911)<br \/>\nDesigns auf der rechten Seite, von oben nach unten:<br \/>\n6. Gr\u00fcnes Satin-Kost\u00fcm der Blumeng\u00f6ttin, bestickt mit Osmanthus-, Hasen- und runden Blumenmotiven, Qing-Dynastie (1644\u20131911)<br \/>\n7. Gelb glasierte Schale mit Emaillemalerei und Orchideen- sowie Felsenmotiven, Yongzheng-Regierung, Qing-Dynastie (1644\u20131911)<br \/>\n8. Geschnitzte Schale aus rotem Lack mit Narzissenmotiven, Yuan-Dynastie (1279\u20131368)<br \/>\n9. Dose aus Birkenholz mit Edelsteinintarsien, die \u201eReichtum und Adel in der Jadehalle\u201c symbolisieren, Ming-Dynastie (1368\u20131644)<br \/>\n10. Glasierte Kacheln von der Wand innerhalb des Tores der Rechtschaffenheit, Halle der geistigen Kultivierung<\/p>\n<p><strong>Technische Details:<\/strong><br \/>\n<strong>Gr\u00f6\u00dfe der Briefmarken:<\/strong> 40,6 mm x 29,8 mm<br \/>\n<strong>Gr\u00f6\u00dfe der Vignetten:<\/strong> 26,6 mm x 29,8 mm<br \/>\n<strong>Gr\u00f6\u00dfe des Bogens:<\/strong> 279,4 mm x 215,9 mm<br \/>\n<strong>Druckauflage:<\/strong> 16,800<br \/>\n<strong>Druck:<\/strong> Cartor Sicherheitsdruck (Frankreich)<br \/>\n<strong>Projekt:<\/strong> Wu Di, Zhang Lei<br \/>\n<strong>Design:<\/strong> Zhang Panjian, Zhang Qingfeng<\/p>\n<p>Kunden mit Dauerauftrag f\u00fcr spezielle Briefmarkenbogen (394), erhalten diesen Artikel automatisch.<\/p>\n","protected":false},"excerpt":{"rendered":"<p>Am 18. Mai 2025, dem Internationalen Museumstag, wird die Postverwaltung der Vereinten Nationen in New York einen speziellen Briefmarkenbogen zum 100-j\u00e4hrigen Jubil\u00e4um des Kaiserpalastmuseums in Peking herausgeben. Die Briefmarken im Wert von je 1,65 $ w\u00fcrdigen die kulturelle und historische Bedeutung des Museums, das als Weltkulturerbe anerkannt ist, und heben gleichzeitig den Charme und die [&hellip;]<\/p>\n","protected":false},"featured_media":194224,"comment_status":"closed","ping_status":"closed","template":"","meta":{"ngg_post_thumbnail":0},"product_brand":[],"product_cat":[2954,114,163],"product_tag":[],"class_list":{"0":"post-194236","1":"product","2":"type-product","3":"status-publish","4":"has-post-thumbnail","6":"product_cat-2025-de","7":"product_cat-new-york-issuing-office-de","8":"product_cat-personalisierte-bogen","9":"pa_condition-cancelled","10":"pa_condition-mint-de","12":"first","13":"outofstock","14":"shipping-taxable","15":"purchasable","16":"product-type-variable"},"yoast_head":"<!-- This site is optimized with the Yoast SEO plugin v27.3 - https:\/\/yoast.com\/product\/yoast-seo-wordpress\/ -->\n<title>100. Jahrestag Des Pekinger Kaiserpalastmuseums - UN Briefmarken<\/title>\n<meta name=\"robots\" content=\"index, follow, max-snippet:-1, max-image-preview:large, max-video-preview:-1\" \/>\n<link rel=\"canonical\" href=\"https:\/\/unstamps.org\/de\/produkt\/100-jahrestag-des-pekinger-kaiserpalastmuseums\/\" \/>\n<meta property=\"og:locale\" content=\"de_DE\" \/>\n<meta property=\"og:type\" content=\"article\" \/>\n<meta property=\"og:title\" content=\"100. Jahrestag Des Pekinger Kaiserpalastmuseums - UN Briefmarken\" \/>\n<meta property=\"og:description\" content=\"Am 18. Mai 2025, dem Internationalen Museumstag, wird die Postverwaltung der Vereinten Nationen in New York einen speziellen Briefmarkenbogen zum 100-j\u00e4hrigen Jubil\u00e4um des Kaiserpalastmuseums in Peking herausgeben. Die Briefmarken im Wert von je 1,65 $ w\u00fcrdigen die kulturelle und historische Bedeutung des Museums, das als Weltkulturerbe anerkannt ist, und heben gleichzeitig den Charme und die [&hellip;]\" \/>\n<meta property=\"og:url\" content=\"https:\/\/unstamps.org\/de\/produkt\/100-jahrestag-des-pekinger-kaiserpalastmuseums\/\" \/>\n<meta property=\"og:site_name\" content=\"UN Briefmarken\" \/>\n<meta property=\"article:modified_time\" content=\"2026-01-09T16:53:13+00:00\" \/>\n<meta property=\"og:image\" content=\"https:\/\/unstamps.org\/wp-content\/uploads\/2025\/05\/2025-Palace-Museum-PSS-Sheet-Mint.jpg\" \/>\n\t<meta property=\"og:image:width\" content=\"1024\" \/>\n\t<meta property=\"og:image:height\" content=\"1024\" \/>\n\t<meta property=\"og:image:type\" content=\"image\/jpeg\" \/>\n<meta name=\"twitter:card\" content=\"summary_large_image\" \/>\n<meta name=\"twitter:label1\" content=\"Gesch\u00e4tzte Lesezeit\" \/>\n\t<meta name=\"twitter:data1\" content=\"2 minutes\" \/>\n<script type=\"application\/ld+json\" class=\"yoast-schema-graph\">{\"@context\":\"https:\\\/\\\/schema.org\",\"@graph\":[{\"@type\":\"WebPage\",\"@id\":\"https:\\\/\\\/unstamps.org\\\/de\\\/produkt\\\/100-jahrestag-des-pekinger-kaiserpalastmuseums\\\/\",\"url\":\"https:\\\/\\\/unstamps.org\\\/de\\\/produkt\\\/100-jahrestag-des-pekinger-kaiserpalastmuseums\\\/\",\"name\":\"100. Jahrestag Des Pekinger Kaiserpalastmuseums - UN Briefmarken\",\"isPartOf\":{\"@id\":\"https:\\\/\\\/unstamps.org\\\/de\\\/#website\"},\"primaryImageOfPage\":{\"@id\":\"https:\\\/\\\/unstamps.org\\\/de\\\/produkt\\\/100-jahrestag-des-pekinger-kaiserpalastmuseums\\\/#primaryimage\"},\"image\":{\"@id\":\"https:\\\/\\\/unstamps.org\\\/de\\\/produkt\\\/100-jahrestag-des-pekinger-kaiserpalastmuseums\\\/#primaryimage\"},\"thumbnailUrl\":\"https:\\\/\\\/unstamps.org\\\/wp-content\\\/uploads\\\/2025\\\/05\\\/2025-Palace-Museum-PSS-Sheet-Mint.jpg\",\"datePublished\":\"2025-05-16T13:30:56+00:00\",\"dateModified\":\"2026-01-09T16:53:13+00:00\",\"breadcrumb\":{\"@id\":\"https:\\\/\\\/unstamps.org\\\/de\\\/produkt\\\/100-jahrestag-des-pekinger-kaiserpalastmuseums\\\/#breadcrumb\"},\"inLanguage\":\"de-DE\",\"potentialAction\":[{\"@type\":\"ReadAction\",\"target\":[\"https:\\\/\\\/unstamps.org\\\/de\\\/produkt\\\/100-jahrestag-des-pekinger-kaiserpalastmuseums\\\/\"]}]},{\"@type\":\"ImageObject\",\"inLanguage\":\"de-DE\",\"@id\":\"https:\\\/\\\/unstamps.org\\\/de\\\/produkt\\\/100-jahrestag-des-pekinger-kaiserpalastmuseums\\\/#primaryimage\",\"url\":\"https:\\\/\\\/unstamps.org\\\/wp-content\\\/uploads\\\/2025\\\/05\\\/2025-Palace-Museum-PSS-Sheet-Mint.jpg\",\"contentUrl\":\"https:\\\/\\\/unstamps.org\\\/wp-content\\\/uploads\\\/2025\\\/05\\\/2025-Palace-Museum-PSS-Sheet-Mint.jpg\",\"width\":1024,\"height\":1024},{\"@type\":\"BreadcrumbList\",\"@id\":\"https:\\\/\\\/unstamps.org\\\/de\\\/produkt\\\/100-jahrestag-des-pekinger-kaiserpalastmuseums\\\/#breadcrumb\",\"itemListElement\":[{\"@type\":\"ListItem\",\"position\":1,\"name\":\"Home\",\"item\":\"https:\\\/\\\/unstamps.org\\\/de\\\/\"},{\"@type\":\"ListItem\",\"position\":2,\"name\":\"Produkte\",\"item\":\"https:\\\/\\\/unstamps.org\\\/de\\\/produkte\\\/\"},{\"@type\":\"ListItem\",\"position\":3,\"name\":\"100. Jahrestag Des Pekinger Kaiserpalastmuseums\"}]},{\"@type\":\"WebSite\",\"@id\":\"https:\\\/\\\/unstamps.org\\\/de\\\/#website\",\"url\":\"https:\\\/\\\/unstamps.org\\\/de\\\/\",\"name\":\"UN Stamps\",\"description\":\"United Nations Stamps\",\"publisher\":{\"@id\":\"https:\\\/\\\/unstamps.org\\\/de\\\/#organization\"},\"potentialAction\":[{\"@type\":\"SearchAction\",\"target\":{\"@type\":\"EntryPoint\",\"urlTemplate\":\"https:\\\/\\\/unstamps.org\\\/de\\\/?s={search_term_string}\"},\"query-input\":{\"@type\":\"PropertyValueSpecification\",\"valueRequired\":true,\"valueName\":\"search_term_string\"}}],\"inLanguage\":\"de-DE\"},{\"@type\":\"Organization\",\"@id\":\"https:\\\/\\\/unstamps.org\\\/de\\\/#organization\",\"name\":\"UN Stamps\",\"url\":\"https:\\\/\\\/unstamps.org\\\/de\\\/\",\"logo\":{\"@type\":\"ImageObject\",\"inLanguage\":\"de-DE\",\"@id\":\"https:\\\/\\\/unstamps.org\\\/de\\\/#\\\/schema\\\/logo\\\/image\\\/\",\"url\":\"https:\\\/\\\/unstamps.org\\\/wp-content\\\/uploads\\\/2014\\\/01\\\/logo4web.jpg\",\"contentUrl\":\"https:\\\/\\\/unstamps.org\\\/wp-content\\\/uploads\\\/2014\\\/01\\\/logo4web.jpg\",\"width\":2500,\"height\":250,\"caption\":\"UN Stamps\"},\"image\":{\"@id\":\"https:\\\/\\\/unstamps.org\\\/de\\\/#\\\/schema\\\/logo\\\/image\\\/\"}}]}<\/script>\n<!-- \/ Yoast SEO plugin. -->","yoast_head_json":{"title":"100. Jahrestag Des Pekinger Kaiserpalastmuseums - UN Briefmarken","robots":{"index":"index","follow":"follow","max-snippet":"max-snippet:-1","max-image-preview":"max-image-preview:large","max-video-preview":"max-video-preview:-1"},"canonical":"https:\/\/unstamps.org\/de\/produkt\/100-jahrestag-des-pekinger-kaiserpalastmuseums\/","og_locale":"de_DE","og_type":"article","og_title":"100. Jahrestag Des Pekinger Kaiserpalastmuseums - UN Briefmarken","og_description":"Am 18. Mai 2025, dem Internationalen Museumstag, wird die Postverwaltung der Vereinten Nationen in New York einen speziellen Briefmarkenbogen zum 100-j\u00e4hrigen Jubil\u00e4um des Kaiserpalastmuseums in Peking herausgeben. Die Briefmarken im Wert von je 1,65 $ w\u00fcrdigen die kulturelle und historische Bedeutung des Museums, das als Weltkulturerbe anerkannt ist, und heben gleichzeitig den Charme und die [&hellip;]","og_url":"https:\/\/unstamps.org\/de\/produkt\/100-jahrestag-des-pekinger-kaiserpalastmuseums\/","og_site_name":"UN Briefmarken","article_modified_time":"2026-01-09T16:53:13+00:00","og_image":[{"width":1024,"height":1024,"url":"https:\/\/unstamps.org\/wp-content\/uploads\/2025\/05\/2025-Palace-Museum-PSS-Sheet-Mint.jpg","type":"image\/jpeg"}],"twitter_card":"summary_large_image","twitter_misc":{"Gesch\u00e4tzte Lesezeit":"2 minutes"},"schema":{"@context":"https:\/\/schema.org","@graph":[{"@type":"WebPage","@id":"https:\/\/unstamps.org\/de\/produkt\/100-jahrestag-des-pekinger-kaiserpalastmuseums\/","url":"https:\/\/unstamps.org\/de\/produkt\/100-jahrestag-des-pekinger-kaiserpalastmuseums\/","name":"100. Jahrestag Des Pekinger Kaiserpalastmuseums - UN Briefmarken","isPartOf":{"@id":"https:\/\/unstamps.org\/de\/#website"},"primaryImageOfPage":{"@id":"https:\/\/unstamps.org\/de\/produkt\/100-jahrestag-des-pekinger-kaiserpalastmuseums\/#primaryimage"},"image":{"@id":"https:\/\/unstamps.org\/de\/produkt\/100-jahrestag-des-pekinger-kaiserpalastmuseums\/#primaryimage"},"thumbnailUrl":"https:\/\/unstamps.org\/wp-content\/uploads\/2025\/05\/2025-Palace-Museum-PSS-Sheet-Mint.jpg","datePublished":"2025-05-16T13:30:56+00:00","dateModified":"2026-01-09T16:53:13+00:00","breadcrumb":{"@id":"https:\/\/unstamps.org\/de\/produkt\/100-jahrestag-des-pekinger-kaiserpalastmuseums\/#breadcrumb"},"inLanguage":"de-DE","potentialAction":[{"@type":"ReadAction","target":["https:\/\/unstamps.org\/de\/produkt\/100-jahrestag-des-pekinger-kaiserpalastmuseums\/"]}]},{"@type":"ImageObject","inLanguage":"de-DE","@id":"https:\/\/unstamps.org\/de\/produkt\/100-jahrestag-des-pekinger-kaiserpalastmuseums\/#primaryimage","url":"https:\/\/unstamps.org\/wp-content\/uploads\/2025\/05\/2025-Palace-Museum-PSS-Sheet-Mint.jpg","contentUrl":"https:\/\/unstamps.org\/wp-content\/uploads\/2025\/05\/2025-Palace-Museum-PSS-Sheet-Mint.jpg","width":1024,"height":1024},{"@type":"BreadcrumbList","@id":"https:\/\/unstamps.org\/de\/produkt\/100-jahrestag-des-pekinger-kaiserpalastmuseums\/#breadcrumb","itemListElement":[{"@type":"ListItem","position":1,"name":"Home","item":"https:\/\/unstamps.org\/de\/"},{"@type":"ListItem","position":2,"name":"Produkte","item":"https:\/\/unstamps.org\/de\/produkte\/"},{"@type":"ListItem","position":3,"name":"100. Jahrestag Des Pekinger Kaiserpalastmuseums"}]},{"@type":"WebSite","@id":"https:\/\/unstamps.org\/de\/#website","url":"https:\/\/unstamps.org\/de\/","name":"UN Stamps","description":"United Nations Stamps","publisher":{"@id":"https:\/\/unstamps.org\/de\/#organization"},"potentialAction":[{"@type":"SearchAction","target":{"@type":"EntryPoint","urlTemplate":"https:\/\/unstamps.org\/de\/?s={search_term_string}"},"query-input":{"@type":"PropertyValueSpecification","valueRequired":true,"valueName":"search_term_string"}}],"inLanguage":"de-DE"},{"@type":"Organization","@id":"https:\/\/unstamps.org\/de\/#organization","name":"UN Stamps","url":"https:\/\/unstamps.org\/de\/","logo":{"@type":"ImageObject","inLanguage":"de-DE","@id":"https:\/\/unstamps.org\/de\/#\/schema\/logo\/image\/","url":"https:\/\/unstamps.org\/wp-content\/uploads\/2014\/01\/logo4web.jpg","contentUrl":"https:\/\/unstamps.org\/wp-content\/uploads\/2014\/01\/logo4web.jpg","width":2500,"height":250,"caption":"UN Stamps"},"image":{"@id":"https:\/\/unstamps.org\/de\/#\/schema\/logo\/image\/"}}]}},"jetpack_sharing_enabled":true,"publishpress_future_action":{"enabled":false,"date":"2026-04-14 06:22:00","action":"change-status","newStatus":"private","terms":[],"taxonomy":"product_cat","extraData":[]},"publishpress_future_workflow_manual_trigger":{"enabledWorkflows":[]},"_links":{"self":[{"href":"https:\/\/unstamps.org\/de\/wp-json\/wp\/v2\/product\/194236","targetHints":{"allow":["GET"]}}],"collection":[{"href":"https:\/\/unstamps.org\/de\/wp-json\/wp\/v2\/product"}],"about":[{"href":"https:\/\/unstamps.org\/de\/wp-json\/wp\/v2\/types\/product"}],"replies":[{"embeddable":true,"href":"https:\/\/unstamps.org\/de\/wp-json\/wp\/v2\/comments?post=194236"}],"wp:featuredmedia":[{"embeddable":true,"href":"https:\/\/unstamps.org\/de\/wp-json\/wp\/v2\/media\/194224"}],"wp:attachment":[{"href":"https:\/\/unstamps.org\/de\/wp-json\/wp\/v2\/media?parent=194236"}],"wp:term":[{"taxonomy":"product_brand","embeddable":true,"href":"https:\/\/unstamps.org\/de\/wp-json\/wp\/v2\/product_brand?post=194236"},{"taxonomy":"product_cat","embeddable":true,"href":"https:\/\/unstamps.org\/de\/wp-json\/wp\/v2\/product_cat?post=194236"},{"taxonomy":"product_tag","embeddable":true,"href":"https:\/\/unstamps.org\/de\/wp-json\/wp\/v2\/product_tag?post=194236"}],"curies":[{"name":"wp","href":"https:\/\/api.w.org\/{rel}","templated":true}]}}