{"id":193547,"date":"2025-04-21T14:16:20","date_gmt":"2025-04-21T18:17:32","guid":{"rendered":"https:\/\/unstamps.org\/?post_type=product&#038;p=193547"},"modified":"2026-01-09T11:53:12","modified_gmt":"2026-01-09T16:53:12","slug":"gefahrdete-arten-2025-mappe","status":"publish","type":"product","link":"https:\/\/unstamps.org\/de\/produkt\/gefahrdete-arten-2025-mappe\/","title":{"rendered":"Gef\u00e4hrdete Arten 2025 \u2013 Mappe"},"content":{"rendered":"<p>Die Briefmarkenausgabe \u201eGef\u00e4hrdete Arten 2025\u201c befindet sich in einem speziell daf\u00fcr entworfenen Album. Jeder der zw\u00f6lf vom Aussterben bedrohten Arten sind darin eigene Bl\u00e4tter gewidmet. Die Mappe enth\u00e4lt dar\u00fcber hinaus Informationen in Englisch, Franz\u00f6sisch und Deutsch, und jede Briefmarke ist von farbenpr\u00e4chtigen Fotos der jeweiligen Tierart umrahmt. Die Mappe ist postfrisch und gestempelt erh\u00e4ltlich<\/p>\n","protected":false},"excerpt":{"rendered":"<p>Die Briefmarkenausgabe \u201eGef\u00e4hrdete Arten 2025\u201c befindet sich in einem speziell daf\u00fcr entworfenen Album. Jeder der zw\u00f6lf vom Aussterben bedrohten Arten sind darin eigene Bl\u00e4tter gewidmet. Die Mappe enth\u00e4lt dar\u00fcber hinaus Informationen in Englisch, Franz\u00f6sisch und Deutsch, und jede Briefmarke ist von farbenpr\u00e4chtigen Fotos der jeweiligen Tierart umrahmt. Die Mappe ist postfrisch und gestempelt erh\u00e4ltlich<\/p>\n","protected":false},"featured_media":193861,"comment_status":"closed","ping_status":"closed","template":"","meta":{"ngg_post_thumbnail":0},"product_brand":[],"product_cat":[2954,203,115,180,114,116],"product_tag":[],"class_list":{"0":"post-193547","1":"product","2":"type-product","3":"status-publish","4":"has-post-thumbnail","6":"product_cat-2025-de","7":"product_cat-gefahrdete-arten","8":"product_cat-genf","9":"product_cat-jahressammelmappen","10":"product_cat-new-york-issuing-office-de","11":"product_cat-wien","12":"pa_condition-cancelled","13":"pa_condition-mint-de","15":"first","16":"instock","17":"shipping-taxable","18":"purchasable","19":"product-type-variable"},"yoast_head":"<!-- This site is optimized with the Yoast SEO plugin v27.3 - https:\/\/yoast.com\/product\/yoast-seo-wordpress\/ -->\n<title>Gef\u00e4hrdete Arten 2025 \u2013 Mappe - UN Briefmarken<\/title>\n<meta name=\"robots\" content=\"index, follow, max-snippet:-1, max-image-preview:large, max-video-preview:-1\" \/>\n<link rel=\"canonical\" href=\"https:\/\/unstamps.org\/de\/produkt\/gefahrdete-arten-2025-mappe\/\" \/>\n<meta property=\"og:locale\" content=\"de_DE\" \/>\n<meta property=\"og:type\" content=\"article\" \/>\n<meta property=\"og:title\" content=\"Gef\u00e4hrdete Arten 2025 \u2013 Mappe - UN Briefmarken\" \/>\n<meta property=\"og:description\" content=\"Die Briefmarkenausgabe \u201eGef\u00e4hrdete Arten 2025\u201c befindet sich in einem speziell daf\u00fcr entworfenen Album. Jeder der zw\u00f6lf vom Aussterben bedrohten Arten sind darin eigene Bl\u00e4tter gewidmet. Die Mappe enth\u00e4lt dar\u00fcber hinaus Informationen in Englisch, Franz\u00f6sisch und Deutsch, und jede Briefmarke ist von farbenpr\u00e4chtigen Fotos der jeweiligen Tierart umrahmt. Die Mappe ist postfrisch und gestempelt erh\u00e4ltlich\" \/>\n<meta property=\"og:url\" content=\"https:\/\/unstamps.org\/de\/produkt\/gefahrdete-arten-2025-mappe\/\" \/>\n<meta property=\"og:site_name\" content=\"UN Briefmarken\" \/>\n<meta property=\"article:modified_time\" content=\"2026-01-09T16:53:12+00:00\" \/>\n<meta property=\"og:image\" content=\"https:\/\/unstamps.org\/wp-content\/uploads\/2025\/04\/ES24-Annual-Collection.jpg\" \/>\n\t<meta property=\"og:image:width\" content=\"1024\" \/>\n\t<meta property=\"og:image:height\" content=\"1024\" \/>\n\t<meta property=\"og:image:type\" content=\"image\/jpeg\" \/>\n<meta name=\"twitter:card\" content=\"summary_large_image\" \/>\n<script type=\"application\/ld+json\" class=\"yoast-schema-graph\">{\"@context\":\"https:\\\/\\\/schema.org\",\"@graph\":[{\"@type\":\"WebPage\",\"@id\":\"https:\\\/\\\/unstamps.org\\\/de\\\/produkt\\\/gefahrdete-arten-2025-mappe\\\/\",\"url\":\"https:\\\/\\\/unstamps.org\\\/de\\\/produkt\\\/gefahrdete-arten-2025-mappe\\\/\",\"name\":\"Gef\u00e4hrdete Arten 2025 \u2013 Mappe - UN Briefmarken\",\"isPartOf\":{\"@id\":\"https:\\\/\\\/unstamps.org\\\/de\\\/#website\"},\"primaryImageOfPage\":{\"@id\":\"https:\\\/\\\/unstamps.org\\\/de\\\/produkt\\\/gefahrdete-arten-2025-mappe\\\/#primaryimage\"},\"image\":{\"@id\":\"https:\\\/\\\/unstamps.org\\\/de\\\/produkt\\\/gefahrdete-arten-2025-mappe\\\/#primaryimage\"},\"thumbnailUrl\":\"https:\\\/\\\/unstamps.org\\\/wp-content\\\/uploads\\\/2025\\\/04\\\/2025-Species-Annual-Cover.jpg\",\"datePublished\":\"2025-04-21T18:17:32+00:00\",\"dateModified\":\"2026-01-09T16:53:12+00:00\",\"breadcrumb\":{\"@id\":\"https:\\\/\\\/unstamps.org\\\/de\\\/produkt\\\/gefahrdete-arten-2025-mappe\\\/#breadcrumb\"},\"inLanguage\":\"de-DE\",\"potentialAction\":[{\"@type\":\"ReadAction\",\"target\":[\"https:\\\/\\\/unstamps.org\\\/de\\\/produkt\\\/gefahrdete-arten-2025-mappe\\\/\"]}]},{\"@type\":\"ImageObject\",\"inLanguage\":\"de-DE\",\"@id\":\"https:\\\/\\\/unstamps.org\\\/de\\\/produkt\\\/gefahrdete-arten-2025-mappe\\\/#primaryimage\",\"url\":\"https:\\\/\\\/unstamps.org\\\/wp-content\\\/uploads\\\/2025\\\/04\\\/2025-Species-Annual-Cover.jpg\",\"contentUrl\":\"https:\\\/\\\/unstamps.org\\\/wp-content\\\/uploads\\\/2025\\\/04\\\/2025-Species-Annual-Cover.jpg\",\"width\":1024,\"height\":1024},{\"@type\":\"BreadcrumbList\",\"@id\":\"https:\\\/\\\/unstamps.org\\\/de\\\/produkt\\\/gefahrdete-arten-2025-mappe\\\/#breadcrumb\",\"itemListElement\":[{\"@type\":\"ListItem\",\"position\":1,\"name\":\"Home\",\"item\":\"https:\\\/\\\/unstamps.org\\\/de\\\/\"},{\"@type\":\"ListItem\",\"position\":2,\"name\":\"Produkte\",\"item\":\"https:\\\/\\\/unstamps.org\\\/de\\\/produkte\\\/\"},{\"@type\":\"ListItem\",\"position\":3,\"name\":\"Gef\u00e4hrdete Arten 2025 \u2013 Mappe\"}]},{\"@type\":\"WebSite\",\"@id\":\"https:\\\/\\\/unstamps.org\\\/de\\\/#website\",\"url\":\"https:\\\/\\\/unstamps.org\\\/de\\\/\",\"name\":\"UN Stamps\",\"description\":\"United Nations Stamps\",\"publisher\":{\"@id\":\"https:\\\/\\\/unstamps.org\\\/de\\\/#organization\"},\"potentialAction\":[{\"@type\":\"SearchAction\",\"target\":{\"@type\":\"EntryPoint\",\"urlTemplate\":\"https:\\\/\\\/unstamps.org\\\/de\\\/?s={search_term_string}\"},\"query-input\":{\"@type\":\"PropertyValueSpecification\",\"valueRequired\":true,\"valueName\":\"search_term_string\"}}],\"inLanguage\":\"de-DE\"},{\"@type\":\"Organization\",\"@id\":\"https:\\\/\\\/unstamps.org\\\/de\\\/#organization\",\"name\":\"UN Stamps\",\"url\":\"https:\\\/\\\/unstamps.org\\\/de\\\/\",\"logo\":{\"@type\":\"ImageObject\",\"inLanguage\":\"de-DE\",\"@id\":\"https:\\\/\\\/unstamps.org\\\/de\\\/#\\\/schema\\\/logo\\\/image\\\/\",\"url\":\"https:\\\/\\\/unstamps.org\\\/wp-content\\\/uploads\\\/2014\\\/01\\\/logo4web.jpg\",\"contentUrl\":\"https:\\\/\\\/unstamps.org\\\/wp-content\\\/uploads\\\/2014\\\/01\\\/logo4web.jpg\",\"width\":2500,\"height\":250,\"caption\":\"UN Stamps\"},\"image\":{\"@id\":\"https:\\\/\\\/unstamps.org\\\/de\\\/#\\\/schema\\\/logo\\\/image\\\/\"}}]}<\/script>\n<!-- \/ Yoast SEO plugin. -->","yoast_head_json":{"title":"Gef\u00e4hrdete Arten 2025 \u2013 Mappe - UN Briefmarken","robots":{"index":"index","follow":"follow","max-snippet":"max-snippet:-1","max-image-preview":"max-image-preview:large","max-video-preview":"max-video-preview:-1"},"canonical":"https:\/\/unstamps.org\/de\/produkt\/gefahrdete-arten-2025-mappe\/","og_locale":"de_DE","og_type":"article","og_title":"Gef\u00e4hrdete Arten 2025 \u2013 Mappe - UN Briefmarken","og_description":"Die Briefmarkenausgabe \u201eGef\u00e4hrdete Arten 2025\u201c befindet sich in einem speziell daf\u00fcr entworfenen Album. Jeder der zw\u00f6lf vom Aussterben bedrohten Arten sind darin eigene Bl\u00e4tter gewidmet. Die Mappe enth\u00e4lt dar\u00fcber hinaus Informationen in Englisch, Franz\u00f6sisch und Deutsch, und jede Briefmarke ist von farbenpr\u00e4chtigen Fotos der jeweiligen Tierart umrahmt. Die Mappe ist postfrisch und gestempelt erh\u00e4ltlich","og_url":"https:\/\/unstamps.org\/de\/produkt\/gefahrdete-arten-2025-mappe\/","og_site_name":"UN Briefmarken","article_modified_time":"2026-01-09T16:53:12+00:00","og_image":[{"width":1024,"height":1024,"url":"https:\/\/unstamps.org\/wp-content\/uploads\/2025\/04\/ES24-Annual-Collection.jpg","type":"image\/jpeg"}],"twitter_card":"summary_large_image","schema":{"@context":"https:\/\/schema.org","@graph":[{"@type":"WebPage","@id":"https:\/\/unstamps.org\/de\/produkt\/gefahrdete-arten-2025-mappe\/","url":"https:\/\/unstamps.org\/de\/produkt\/gefahrdete-arten-2025-mappe\/","name":"Gef\u00e4hrdete Arten 2025 \u2013 Mappe - UN Briefmarken","isPartOf":{"@id":"https:\/\/unstamps.org\/de\/#website"},"primaryImageOfPage":{"@id":"https:\/\/unstamps.org\/de\/produkt\/gefahrdete-arten-2025-mappe\/#primaryimage"},"image":{"@id":"https:\/\/unstamps.org\/de\/produkt\/gefahrdete-arten-2025-mappe\/#primaryimage"},"thumbnailUrl":"https:\/\/unstamps.org\/wp-content\/uploads\/2025\/04\/2025-Species-Annual-Cover.jpg","datePublished":"2025-04-21T18:17:32+00:00","dateModified":"2026-01-09T16:53:12+00:00","breadcrumb":{"@id":"https:\/\/unstamps.org\/de\/produkt\/gefahrdete-arten-2025-mappe\/#breadcrumb"},"inLanguage":"de-DE","potentialAction":[{"@type":"ReadAction","target":["https:\/\/unstamps.org\/de\/produkt\/gefahrdete-arten-2025-mappe\/"]}]},{"@type":"ImageObject","inLanguage":"de-DE","@id":"https:\/\/unstamps.org\/de\/produkt\/gefahrdete-arten-2025-mappe\/#primaryimage","url":"https:\/\/unstamps.org\/wp-content\/uploads\/2025\/04\/2025-Species-Annual-Cover.jpg","contentUrl":"https:\/\/unstamps.org\/wp-content\/uploads\/2025\/04\/2025-Species-Annual-Cover.jpg","width":1024,"height":1024},{"@type":"BreadcrumbList","@id":"https:\/\/unstamps.org\/de\/produkt\/gefahrdete-arten-2025-mappe\/#breadcrumb","itemListElement":[{"@type":"ListItem","position":1,"name":"Home","item":"https:\/\/unstamps.org\/de\/"},{"@type":"ListItem","position":2,"name":"Produkte","item":"https:\/\/unstamps.org\/de\/produkte\/"},{"@type":"ListItem","position":3,"name":"Gef\u00e4hrdete Arten 2025 \u2013 Mappe"}]},{"@type":"WebSite","@id":"https:\/\/unstamps.org\/de\/#website","url":"https:\/\/unstamps.org\/de\/","name":"UN Stamps","description":"United Nations Stamps","publisher":{"@id":"https:\/\/unstamps.org\/de\/#organization"},"potentialAction":[{"@type":"SearchAction","target":{"@type":"EntryPoint","urlTemplate":"https:\/\/unstamps.org\/de\/?s={search_term_string}"},"query-input":{"@type":"PropertyValueSpecification","valueRequired":true,"valueName":"search_term_string"}}],"inLanguage":"de-DE"},{"@type":"Organization","@id":"https:\/\/unstamps.org\/de\/#organization","name":"UN Stamps","url":"https:\/\/unstamps.org\/de\/","logo":{"@type":"ImageObject","inLanguage":"de-DE","@id":"https:\/\/unstamps.org\/de\/#\/schema\/logo\/image\/","url":"https:\/\/unstamps.org\/wp-content\/uploads\/2014\/01\/logo4web.jpg","contentUrl":"https:\/\/unstamps.org\/wp-content\/uploads\/2014\/01\/logo4web.jpg","width":2500,"height":250,"caption":"UN Stamps"},"image":{"@id":"https:\/\/unstamps.org\/de\/#\/schema\/logo\/image\/"}}]}},"jetpack_sharing_enabled":true,"publishpress_future_action":{"enabled":false,"date":"2026-04-14 15:07:36","action":"change-status","newStatus":"private","terms":[],"taxonomy":"product_cat","extraData":[]},"publishpress_future_workflow_manual_trigger":{"enabledWorkflows":[]},"_links":{"self":[{"href":"https:\/\/unstamps.org\/de\/wp-json\/wp\/v2\/product\/193547","targetHints":{"allow":["GET"]}}],"collection":[{"href":"https:\/\/unstamps.org\/de\/wp-json\/wp\/v2\/product"}],"about":[{"href":"https:\/\/unstamps.org\/de\/wp-json\/wp\/v2\/types\/product"}],"replies":[{"embeddable":true,"href":"https:\/\/unstamps.org\/de\/wp-json\/wp\/v2\/comments?post=193547"}],"wp:featuredmedia":[{"embeddable":true,"href":"https:\/\/unstamps.org\/de\/wp-json\/wp\/v2\/media\/193861"}],"wp:attachment":[{"href":"https:\/\/unstamps.org\/de\/wp-json\/wp\/v2\/media?parent=193547"}],"wp:term":[{"taxonomy":"product_brand","embeddable":true,"href":"https:\/\/unstamps.org\/de\/wp-json\/wp\/v2\/product_brand?post=193547"},{"taxonomy":"product_cat","embeddable":true,"href":"https:\/\/unstamps.org\/de\/wp-json\/wp\/v2\/product_cat?post=193547"},{"taxonomy":"product_tag","embeddable":true,"href":"https:\/\/unstamps.org\/de\/wp-json\/wp\/v2\/product_tag?post=193547"}],"curies":[{"name":"wp","href":"https:\/\/api.w.org\/{rel}","templated":true}]}}