{"id":193155,"date":"2025-04-10T09:50:27","date_gmt":"2025-04-10T13:52:27","guid":{"rendered":"https:\/\/unstamps.org\/?post_type=product&#038;p=193155"},"modified":"2026-01-09T11:53:10","modified_gmt":"2026-01-09T16:53:10","slug":"expo-2025-osaka-japan_de","status":"publish","type":"product","link":"https:\/\/unstamps.org\/de\/produkt\/expo-2025-osaka-japan_de\/","title":{"rendered":"EXPO 2025 \u2013 Osaka, Japan"},"content":{"rendered":"<p>Die Vereinten Nationen nehmen vom 13. April bis 13. Oktober 2025 an der Weltausstellung 2025 (Expo 2025) in Osaka, Kansai, Japan, teil. Unter dem Motto \u201eUnited for a Better Future&#8221; (Vereint f\u00fcr eine bessere Zukunft) wird der UN-Pavillon die 80-j\u00e4hrigen Bem\u00fchungen der Organisation bei der Bew\u00e4ltigung globaler Herausforderungen und Krisen hervorheben und gleichzeitig zu kollektiven Ma\u00dfnahmen aufrufen, um die Ziele f\u00fcr nachhaltige Entwicklung (SDGs) durch multilaterale Zusammenarbeit zu erreichen. Der Pavillon wird Ausstellungen und Programme von 35 UN-Einrichtungen und 15 Abteilungen und B\u00fcros des UN-Sekretariats beherbergen.<\/p>\n<p>Das Logo des UN-Pavillons zeigt eine wei\u00dfe Taube, die einen Olivenzweig mit Bl\u00e4ttern tr\u00e4gt, die die Farben der SDGs widerspiegeln. Das Logo verk\u00f6rpert das Engagement der Vereinten Nationen f\u00fcr Frieden und Sicherheit als wesentliche Elemente bei der Verwirklichung der SDGs und einer Welt, in der alle Menschen in Frieden, Gleichheit und W\u00fcrde auf einem gesunden Planeten leben k\u00f6nnen.<\/p>\n<p>Das \u00fcbergeordnete Thema der Expo 2025 Osaka Kansai lautet \u201eDesigning Future Society for Our Lives\u201c (Gestaltung der zuk\u00fcnftigen Gesellschaft f\u00fcr unser Leben), mit den Unterthemen \u201eSaving Lives\u201c (Leben retten), \u201eEmpowering Lives\u201c (Leben st\u00e4rken) und \u201eConnecting Lives\u201c (Leben verbinden). Es werden ca. 28 Millionen Besucher erwartet.<\/p>\n<p>Zur Erinnerung an die Teilnahme der Vereinten Nationen an der Expo 2025 gibt die Postverwaltung der Vereinten Nationen einen Eventbogen mit drei Briefmarken im Wert von US$ 1.65, CHF 2,50 und \u20ac 1,90 heraus, die Bilder des UN-Pavillons auf der Expo 2025 Osaka Kansai zeigen.<\/p>\n<p><strong>Markenformat:<\/strong> 30 mm x 40 mm<br \/>\n<strong>Bogenformat:<\/strong> 105 mm x 150 mm<br \/>\n<strong>Druck:<\/strong> Joh Ensched\u00e9 Stamps Security Printers B.V (Kingdom of the Netherlands)<\/p>\n","protected":false},"excerpt":{"rendered":"<p>Die Vereinten Nationen nehmen vom 13. April bis 13. Oktober 2025 an der Weltausstellung 2025 (Expo 2025) in Osaka, Kansai, Japan, teil. Unter dem Motto \u201eUnited for a Better Future&#8221; (Vereint f\u00fcr eine bessere Zukunft) wird der UN-Pavillon die 80-j\u00e4hrigen Bem\u00fchungen der Organisation bei der Bew\u00e4ltigung globaler Herausforderungen und Krisen hervorheben und gleichzeitig zu kollektiven [&hellip;]<\/p>\n","protected":false},"featured_media":193137,"comment_status":"closed","ping_status":"closed","template":"","meta":{"ngg_post_thumbnail":0},"product_brand":[],"product_cat":[2954,885,115,114,116],"product_tag":[],"class_list":{"0":"post-193155","1":"product","2":"type-product","3":"status-publish","4":"has-post-thumbnail","6":"product_cat-2025-de","7":"product_cat-event-sheet-de","8":"product_cat-genf","9":"product_cat-new-york-issuing-office-de","10":"product_cat-wien","11":"pa_condition-cancelled","12":"pa_condition-mint-de","14":"first","15":"instock","16":"shipping-taxable","17":"purchasable","18":"product-type-variable"},"yoast_head":"<!-- This site is optimized with the Yoast SEO plugin v27.3 - https:\/\/yoast.com\/product\/yoast-seo-wordpress\/ -->\n<title>EXPO 2025 \u2013 Osaka, Japan - UN Briefmarken<\/title>\n<meta name=\"robots\" content=\"index, follow, max-snippet:-1, max-image-preview:large, max-video-preview:-1\" \/>\n<link rel=\"canonical\" href=\"https:\/\/unstamps.org\/de\/produkt\/expo-2025-osaka-japan_de\/\" \/>\n<meta property=\"og:locale\" content=\"de_DE\" \/>\n<meta property=\"og:type\" content=\"article\" \/>\n<meta property=\"og:title\" content=\"EXPO 2025 \u2013 Osaka, Japan - UN Briefmarken\" \/>\n<meta property=\"og:description\" content=\"Die Vereinten Nationen nehmen vom 13. April bis 13. Oktober 2025 an der Weltausstellung 2025 (Expo 2025) in Osaka, Kansai, Japan, teil. Unter dem Motto \u201eUnited for a Better Future&#8221; (Vereint f\u00fcr eine bessere Zukunft) wird der UN-Pavillon die 80-j\u00e4hrigen Bem\u00fchungen der Organisation bei der Bew\u00e4ltigung globaler Herausforderungen und Krisen hervorheben und gleichzeitig zu kollektiven [&hellip;]\" \/>\n<meta property=\"og:url\" content=\"https:\/\/unstamps.org\/de\/produkt\/expo-2025-osaka-japan_de\/\" \/>\n<meta property=\"og:site_name\" content=\"UN Briefmarken\" \/>\n<meta property=\"article:modified_time\" content=\"2026-01-09T16:53:10+00:00\" \/>\n<meta property=\"og:image\" content=\"https:\/\/unstamps.org\/wp-content\/uploads\/2025\/04\/2025-Osaka-Minisheet-Mint.jpg\" \/>\n\t<meta property=\"og:image:width\" content=\"1024\" \/>\n\t<meta property=\"og:image:height\" content=\"1024\" \/>\n\t<meta property=\"og:image:type\" content=\"image\/jpeg\" \/>\n<meta name=\"twitter:card\" content=\"summary_large_image\" \/>\n<meta name=\"twitter:label1\" content=\"Gesch\u00e4tzte Lesezeit\" \/>\n\t<meta name=\"twitter:data1\" content=\"1 minute\" \/>\n<script type=\"application\/ld+json\" class=\"yoast-schema-graph\">{\"@context\":\"https:\\\/\\\/schema.org\",\"@graph\":[{\"@type\":\"WebPage\",\"@id\":\"https:\\\/\\\/unstamps.org\\\/de\\\/produkt\\\/expo-2025-osaka-japan_de\\\/\",\"url\":\"https:\\\/\\\/unstamps.org\\\/de\\\/produkt\\\/expo-2025-osaka-japan_de\\\/\",\"name\":\"EXPO 2025 \u2013 Osaka, Japan - UN Briefmarken\",\"isPartOf\":{\"@id\":\"https:\\\/\\\/unstamps.org\\\/de\\\/#website\"},\"primaryImageOfPage\":{\"@id\":\"https:\\\/\\\/unstamps.org\\\/de\\\/produkt\\\/expo-2025-osaka-japan_de\\\/#primaryimage\"},\"image\":{\"@id\":\"https:\\\/\\\/unstamps.org\\\/de\\\/produkt\\\/expo-2025-osaka-japan_de\\\/#primaryimage\"},\"thumbnailUrl\":\"https:\\\/\\\/unstamps.org\\\/wp-content\\\/uploads\\\/2025\\\/04\\\/2025-Osaka-Minisheet-Mint.jpg\",\"datePublished\":\"2025-04-10T13:52:27+00:00\",\"dateModified\":\"2026-01-09T16:53:10+00:00\",\"breadcrumb\":{\"@id\":\"https:\\\/\\\/unstamps.org\\\/de\\\/produkt\\\/expo-2025-osaka-japan_de\\\/#breadcrumb\"},\"inLanguage\":\"de-DE\",\"potentialAction\":[{\"@type\":\"ReadAction\",\"target\":[\"https:\\\/\\\/unstamps.org\\\/de\\\/produkt\\\/expo-2025-osaka-japan_de\\\/\"]}]},{\"@type\":\"ImageObject\",\"inLanguage\":\"de-DE\",\"@id\":\"https:\\\/\\\/unstamps.org\\\/de\\\/produkt\\\/expo-2025-osaka-japan_de\\\/#primaryimage\",\"url\":\"https:\\\/\\\/unstamps.org\\\/wp-content\\\/uploads\\\/2025\\\/04\\\/2025-Osaka-Minisheet-Mint.jpg\",\"contentUrl\":\"https:\\\/\\\/unstamps.org\\\/wp-content\\\/uploads\\\/2025\\\/04\\\/2025-Osaka-Minisheet-Mint.jpg\",\"width\":1024,\"height\":1024},{\"@type\":\"BreadcrumbList\",\"@id\":\"https:\\\/\\\/unstamps.org\\\/de\\\/produkt\\\/expo-2025-osaka-japan_de\\\/#breadcrumb\",\"itemListElement\":[{\"@type\":\"ListItem\",\"position\":1,\"name\":\"Home\",\"item\":\"https:\\\/\\\/unstamps.org\\\/de\\\/\"},{\"@type\":\"ListItem\",\"position\":2,\"name\":\"Produkte\",\"item\":\"https:\\\/\\\/unstamps.org\\\/de\\\/produkte\\\/\"},{\"@type\":\"ListItem\",\"position\":3,\"name\":\"EXPO 2025 \u2013 Osaka, Japan\"}]},{\"@type\":\"WebSite\",\"@id\":\"https:\\\/\\\/unstamps.org\\\/de\\\/#website\",\"url\":\"https:\\\/\\\/unstamps.org\\\/de\\\/\",\"name\":\"UN Stamps\",\"description\":\"United Nations Stamps\",\"publisher\":{\"@id\":\"https:\\\/\\\/unstamps.org\\\/de\\\/#organization\"},\"potentialAction\":[{\"@type\":\"SearchAction\",\"target\":{\"@type\":\"EntryPoint\",\"urlTemplate\":\"https:\\\/\\\/unstamps.org\\\/de\\\/?s={search_term_string}\"},\"query-input\":{\"@type\":\"PropertyValueSpecification\",\"valueRequired\":true,\"valueName\":\"search_term_string\"}}],\"inLanguage\":\"de-DE\"},{\"@type\":\"Organization\",\"@id\":\"https:\\\/\\\/unstamps.org\\\/de\\\/#organization\",\"name\":\"UN Stamps\",\"url\":\"https:\\\/\\\/unstamps.org\\\/de\\\/\",\"logo\":{\"@type\":\"ImageObject\",\"inLanguage\":\"de-DE\",\"@id\":\"https:\\\/\\\/unstamps.org\\\/de\\\/#\\\/schema\\\/logo\\\/image\\\/\",\"url\":\"https:\\\/\\\/unstamps.org\\\/wp-content\\\/uploads\\\/2014\\\/01\\\/logo4web.jpg\",\"contentUrl\":\"https:\\\/\\\/unstamps.org\\\/wp-content\\\/uploads\\\/2014\\\/01\\\/logo4web.jpg\",\"width\":2500,\"height\":250,\"caption\":\"UN Stamps\"},\"image\":{\"@id\":\"https:\\\/\\\/unstamps.org\\\/de\\\/#\\\/schema\\\/logo\\\/image\\\/\"}}]}<\/script>\n<!-- \/ Yoast SEO plugin. -->","yoast_head_json":{"title":"EXPO 2025 \u2013 Osaka, Japan - UN Briefmarken","robots":{"index":"index","follow":"follow","max-snippet":"max-snippet:-1","max-image-preview":"max-image-preview:large","max-video-preview":"max-video-preview:-1"},"canonical":"https:\/\/unstamps.org\/de\/produkt\/expo-2025-osaka-japan_de\/","og_locale":"de_DE","og_type":"article","og_title":"EXPO 2025 \u2013 Osaka, Japan - UN Briefmarken","og_description":"Die Vereinten Nationen nehmen vom 13. April bis 13. Oktober 2025 an der Weltausstellung 2025 (Expo 2025) in Osaka, Kansai, Japan, teil. Unter dem Motto \u201eUnited for a Better Future&#8221; (Vereint f\u00fcr eine bessere Zukunft) wird der UN-Pavillon die 80-j\u00e4hrigen Bem\u00fchungen der Organisation bei der Bew\u00e4ltigung globaler Herausforderungen und Krisen hervorheben und gleichzeitig zu kollektiven [&hellip;]","og_url":"https:\/\/unstamps.org\/de\/produkt\/expo-2025-osaka-japan_de\/","og_site_name":"UN Briefmarken","article_modified_time":"2026-01-09T16:53:10+00:00","og_image":[{"width":1024,"height":1024,"url":"https:\/\/unstamps.org\/wp-content\/uploads\/2025\/04\/2025-Osaka-Minisheet-Mint.jpg","type":"image\/jpeg"}],"twitter_card":"summary_large_image","twitter_misc":{"Gesch\u00e4tzte Lesezeit":"1 minute"},"schema":{"@context":"https:\/\/schema.org","@graph":[{"@type":"WebPage","@id":"https:\/\/unstamps.org\/de\/produkt\/expo-2025-osaka-japan_de\/","url":"https:\/\/unstamps.org\/de\/produkt\/expo-2025-osaka-japan_de\/","name":"EXPO 2025 \u2013 Osaka, Japan - UN Briefmarken","isPartOf":{"@id":"https:\/\/unstamps.org\/de\/#website"},"primaryImageOfPage":{"@id":"https:\/\/unstamps.org\/de\/produkt\/expo-2025-osaka-japan_de\/#primaryimage"},"image":{"@id":"https:\/\/unstamps.org\/de\/produkt\/expo-2025-osaka-japan_de\/#primaryimage"},"thumbnailUrl":"https:\/\/unstamps.org\/wp-content\/uploads\/2025\/04\/2025-Osaka-Minisheet-Mint.jpg","datePublished":"2025-04-10T13:52:27+00:00","dateModified":"2026-01-09T16:53:10+00:00","breadcrumb":{"@id":"https:\/\/unstamps.org\/de\/produkt\/expo-2025-osaka-japan_de\/#breadcrumb"},"inLanguage":"de-DE","potentialAction":[{"@type":"ReadAction","target":["https:\/\/unstamps.org\/de\/produkt\/expo-2025-osaka-japan_de\/"]}]},{"@type":"ImageObject","inLanguage":"de-DE","@id":"https:\/\/unstamps.org\/de\/produkt\/expo-2025-osaka-japan_de\/#primaryimage","url":"https:\/\/unstamps.org\/wp-content\/uploads\/2025\/04\/2025-Osaka-Minisheet-Mint.jpg","contentUrl":"https:\/\/unstamps.org\/wp-content\/uploads\/2025\/04\/2025-Osaka-Minisheet-Mint.jpg","width":1024,"height":1024},{"@type":"BreadcrumbList","@id":"https:\/\/unstamps.org\/de\/produkt\/expo-2025-osaka-japan_de\/#breadcrumb","itemListElement":[{"@type":"ListItem","position":1,"name":"Home","item":"https:\/\/unstamps.org\/de\/"},{"@type":"ListItem","position":2,"name":"Produkte","item":"https:\/\/unstamps.org\/de\/produkte\/"},{"@type":"ListItem","position":3,"name":"EXPO 2025 \u2013 Osaka, Japan"}]},{"@type":"WebSite","@id":"https:\/\/unstamps.org\/de\/#website","url":"https:\/\/unstamps.org\/de\/","name":"UN Stamps","description":"United Nations Stamps","publisher":{"@id":"https:\/\/unstamps.org\/de\/#organization"},"potentialAction":[{"@type":"SearchAction","target":{"@type":"EntryPoint","urlTemplate":"https:\/\/unstamps.org\/de\/?s={search_term_string}"},"query-input":{"@type":"PropertyValueSpecification","valueRequired":true,"valueName":"search_term_string"}}],"inLanguage":"de-DE"},{"@type":"Organization","@id":"https:\/\/unstamps.org\/de\/#organization","name":"UN Stamps","url":"https:\/\/unstamps.org\/de\/","logo":{"@type":"ImageObject","inLanguage":"de-DE","@id":"https:\/\/unstamps.org\/de\/#\/schema\/logo\/image\/","url":"https:\/\/unstamps.org\/wp-content\/uploads\/2014\/01\/logo4web.jpg","contentUrl":"https:\/\/unstamps.org\/wp-content\/uploads\/2014\/01\/logo4web.jpg","width":2500,"height":250,"caption":"UN Stamps"},"image":{"@id":"https:\/\/unstamps.org\/de\/#\/schema\/logo\/image\/"}}]}},"jetpack_sharing_enabled":true,"publishpress_future_action":{"enabled":false,"date":"2026-04-21 09:00:08","action":"change-status","newStatus":"private","terms":[],"taxonomy":"product_cat","extraData":[]},"publishpress_future_workflow_manual_trigger":{"enabledWorkflows":[]},"_links":{"self":[{"href":"https:\/\/unstamps.org\/de\/wp-json\/wp\/v2\/product\/193155","targetHints":{"allow":["GET"]}}],"collection":[{"href":"https:\/\/unstamps.org\/de\/wp-json\/wp\/v2\/product"}],"about":[{"href":"https:\/\/unstamps.org\/de\/wp-json\/wp\/v2\/types\/product"}],"replies":[{"embeddable":true,"href":"https:\/\/unstamps.org\/de\/wp-json\/wp\/v2\/comments?post=193155"}],"wp:featuredmedia":[{"embeddable":true,"href":"https:\/\/unstamps.org\/de\/wp-json\/wp\/v2\/media\/193137"}],"wp:attachment":[{"href":"https:\/\/unstamps.org\/de\/wp-json\/wp\/v2\/media?parent=193155"}],"wp:term":[{"taxonomy":"product_brand","embeddable":true,"href":"https:\/\/unstamps.org\/de\/wp-json\/wp\/v2\/product_brand?post=193155"},{"taxonomy":"product_cat","embeddable":true,"href":"https:\/\/unstamps.org\/de\/wp-json\/wp\/v2\/product_cat?post=193155"},{"taxonomy":"product_tag","embeddable":true,"href":"https:\/\/unstamps.org\/de\/wp-json\/wp\/v2\/product_tag?post=193155"}],"curies":[{"name":"wp","href":"https:\/\/api.w.org\/{rel}","templated":true}]}}