{"id":190961,"date":"2025-01-15T13:12:36","date_gmt":"2025-01-15T18:14:23","guid":{"rendered":"https:\/\/unstamps.org\/?post_type=product&#038;p=190961"},"modified":"2026-01-09T11:59:01","modified_gmt":"2026-01-09T16:59:01","slug":"chinesischer-mondkalender-2025-jahr-der-schlange","status":"publish","type":"product","link":"https:\/\/unstamps.org\/de\/produkt\/chinesischer-mondkalender-2025-jahr-der-schlange\/","title":{"rendered":"Chinesischer Mondkalender 2025 \u2013 \u201eJahr der Schlange\u201c"},"content":{"rendered":"<p>Am 17. Januar 2025 feiert die UNPA den chinesischen Mondkalender \u2013 Jahr der Schlange \u2013 mit der Herausgabe eines personalisierten Bogens mit 10 Briefmarken. Das chinesische Neujahrsfest beginnt offiziell am 29. Januar 2025 und dauert bis zum 16. Februar 2026.<\/p>\n<p>Die zehn Briefmarken im Wert von US$ 1,65 und das Hintergrunddesign zeigen vier Schlangen, die sich innig umarmen und sich umeinander winden. In der chinesischen Kultur steht die kreisf\u00f6rmige Verbindung von Kopf und Schwanz f\u00fcr unendliche Kontinuit\u00e4t. Die leuchtend rote Farbe steht f\u00fcr den \u00dcberschwang und die Energie des Lebens, das sich st\u00e4ndig erneuert. Die vereinte Umarmung der Schlangen, die an einen chinesischen Knoten und das Volksspiel \u201eSpringen in die vier Himmelsrichtungen&#8221; erinnert, erzeugt eine verspielte Note und bleibt dabei der Zeit treu. Jede Schlange mit ihrem einzigartigen Muster ist ineinander verschlungen und repr\u00e4sentiert die lebendige Vielfalt der Nationen der Welt, die in Harmonie vereint sind. Mit minimalistischen Linien sind Friedenslilien sanft skizziert und unterstreichen die Botschaft von Einheit, Freundschaft und friedlichem Zusammenleben.<\/p>\n<p>Die Tabs links neben den Briefmarken zeigen das Logo der Vereinten Nationen auf goldenem Hintergrund.<\/p>\n<p>Die Briefmarken und das Hintergrunddesign wurden vom chinesischen K\u00fcnstler Tiger Pan illustriert, der auch die Mondkalender-Serien der Vereinten Nationen f\u00fcr das Jahr des Hundes 2018, das Jahr des Tigers 2022, das Jahr des Hasen 2023 und das Jahr des Drachen 2024 illustriert hat.<\/p>\n<p>Die UNPA wird auch eine Postkarte und einen Ersttagsumschlag zum Jahr der Schlange mit dem gleichen Design wie die Briefmarken anbieten.<\/p>\n<p><strong>Technische Details:<\/strong><br \/>\n<strong>Gr\u00f6\u00dfe der Briefmarken:<\/strong>40,6<br \/>\n<strong>Gr\u00f6\u00dfe der Vignetten:<\/strong>26,6 mm x 29,8 mm<br \/>\n<strong>Druck:<\/strong> Cartor Security Printing (Frankreich)<\/p>\n","protected":false},"excerpt":{"rendered":"<p>Am 17. Januar 2025 feiert die UNPA den chinesischen Mondkalender \u2013 Jahr der Schlange \u2013 mit der Herausgabe eines personalisierten Bogens mit 10 Briefmarken. Das chinesische Neujahrsfest beginnt offiziell am 29. Januar 2025 und dauert bis zum 16. Februar 2026. Die zehn Briefmarken im Wert von US$ 1,65 und das Hintergrunddesign zeigen vier Schlangen, die [&hellip;]<\/p>\n","protected":false},"featured_media":191008,"comment_status":"closed","ping_status":"closed","template":"","meta":{"ngg_post_thumbnail":0},"product_brand":[],"product_cat":[2954,114,163],"product_tag":[],"class_list":{"0":"post-190961","1":"product","2":"type-product","3":"status-publish","4":"has-post-thumbnail","6":"product_cat-2025-de","7":"product_cat-new-york-issuing-office-de","8":"product_cat-personalisierte-bogen","9":"pa_condition-cancelled","10":"pa_condition-mint-de","12":"first","13":"instock","14":"shipping-taxable","15":"purchasable","16":"product-type-variable"},"yoast_head":"<!-- This site is optimized with the Yoast SEO plugin v27.3 - https:\/\/yoast.com\/product\/yoast-seo-wordpress\/ -->\n<title>Chinesischer Mondkalender 2025 \u2013 \u201eJahr der Schlange\u201c - UN Briefmarken<\/title>\n<meta name=\"robots\" content=\"index, follow, max-snippet:-1, max-image-preview:large, max-video-preview:-1\" \/>\n<link rel=\"canonical\" href=\"https:\/\/unstamps.org\/de\/produkt\/chinesischer-mondkalender-2025-jahr-der-schlange\/\" \/>\n<meta property=\"og:locale\" content=\"de_DE\" \/>\n<meta property=\"og:type\" content=\"article\" \/>\n<meta property=\"og:title\" content=\"Chinesischer Mondkalender 2025 \u2013 \u201eJahr der Schlange\u201c - UN Briefmarken\" \/>\n<meta property=\"og:description\" content=\"Am 17. Januar 2025 feiert die UNPA den chinesischen Mondkalender \u2013 Jahr der Schlange \u2013 mit der Herausgabe eines personalisierten Bogens mit 10 Briefmarken. Das chinesische Neujahrsfest beginnt offiziell am 29. Januar 2025 und dauert bis zum 16. Februar 2026. Die zehn Briefmarken im Wert von US$ 1,65 und das Hintergrunddesign zeigen vier Schlangen, die [&hellip;]\" \/>\n<meta property=\"og:url\" content=\"https:\/\/unstamps.org\/de\/produkt\/chinesischer-mondkalender-2025-jahr-der-schlange\/\" \/>\n<meta property=\"og:site_name\" content=\"UN Briefmarken\" \/>\n<meta property=\"article:modified_time\" content=\"2026-01-09T16:59:01+00:00\" \/>\n<meta property=\"og:image\" content=\"https:\/\/unstamps.org\/wp-content\/uploads\/2025\/01\/2025-Lunar-Snake-PSS-Mint-Web.jpg\" \/>\n\t<meta property=\"og:image:width\" content=\"1024\" \/>\n\t<meta property=\"og:image:height\" content=\"1024\" \/>\n\t<meta property=\"og:image:type\" content=\"image\/jpeg\" \/>\n<meta name=\"twitter:card\" content=\"summary_large_image\" \/>\n<meta name=\"twitter:label1\" content=\"Gesch\u00e4tzte Lesezeit\" \/>\n\t<meta name=\"twitter:data1\" content=\"1 minute\" \/>\n<script type=\"application\/ld+json\" class=\"yoast-schema-graph\">{\"@context\":\"https:\\\/\\\/schema.org\",\"@graph\":[{\"@type\":\"WebPage\",\"@id\":\"https:\\\/\\\/unstamps.org\\\/de\\\/produkt\\\/chinesischer-mondkalender-2025-jahr-der-schlange\\\/\",\"url\":\"https:\\\/\\\/unstamps.org\\\/de\\\/produkt\\\/chinesischer-mondkalender-2025-jahr-der-schlange\\\/\",\"name\":\"Chinesischer Mondkalender 2025 \u2013 \u201eJahr der Schlange\u201c - UN Briefmarken\",\"isPartOf\":{\"@id\":\"https:\\\/\\\/unstamps.org\\\/de\\\/#website\"},\"primaryImageOfPage\":{\"@id\":\"https:\\\/\\\/unstamps.org\\\/de\\\/produkt\\\/chinesischer-mondkalender-2025-jahr-der-schlange\\\/#primaryimage\"},\"image\":{\"@id\":\"https:\\\/\\\/unstamps.org\\\/de\\\/produkt\\\/chinesischer-mondkalender-2025-jahr-der-schlange\\\/#primaryimage\"},\"thumbnailUrl\":\"https:\\\/\\\/unstamps.org\\\/wp-content\\\/uploads\\\/2025\\\/01\\\/2025-Lunar-Snake-PSS-Mint-Web.jpg\",\"datePublished\":\"2025-01-15T18:14:23+00:00\",\"dateModified\":\"2026-01-09T16:59:01+00:00\",\"breadcrumb\":{\"@id\":\"https:\\\/\\\/unstamps.org\\\/de\\\/produkt\\\/chinesischer-mondkalender-2025-jahr-der-schlange\\\/#breadcrumb\"},\"inLanguage\":\"de-DE\",\"potentialAction\":[{\"@type\":\"ReadAction\",\"target\":[\"https:\\\/\\\/unstamps.org\\\/de\\\/produkt\\\/chinesischer-mondkalender-2025-jahr-der-schlange\\\/\"]}]},{\"@type\":\"ImageObject\",\"inLanguage\":\"de-DE\",\"@id\":\"https:\\\/\\\/unstamps.org\\\/de\\\/produkt\\\/chinesischer-mondkalender-2025-jahr-der-schlange\\\/#primaryimage\",\"url\":\"https:\\\/\\\/unstamps.org\\\/wp-content\\\/uploads\\\/2025\\\/01\\\/2025-Lunar-Snake-PSS-Mint-Web.jpg\",\"contentUrl\":\"https:\\\/\\\/unstamps.org\\\/wp-content\\\/uploads\\\/2025\\\/01\\\/2025-Lunar-Snake-PSS-Mint-Web.jpg\",\"width\":1024,\"height\":1024},{\"@type\":\"BreadcrumbList\",\"@id\":\"https:\\\/\\\/unstamps.org\\\/de\\\/produkt\\\/chinesischer-mondkalender-2025-jahr-der-schlange\\\/#breadcrumb\",\"itemListElement\":[{\"@type\":\"ListItem\",\"position\":1,\"name\":\"Home\",\"item\":\"https:\\\/\\\/unstamps.org\\\/de\\\/\"},{\"@type\":\"ListItem\",\"position\":2,\"name\":\"Produkte\",\"item\":\"https:\\\/\\\/unstamps.org\\\/de\\\/produkte\\\/\"},{\"@type\":\"ListItem\",\"position\":3,\"name\":\"Chinesischer Mondkalender 2025 \u2013 \u201eJahr der Schlange\u201c\"}]},{\"@type\":\"WebSite\",\"@id\":\"https:\\\/\\\/unstamps.org\\\/de\\\/#website\",\"url\":\"https:\\\/\\\/unstamps.org\\\/de\\\/\",\"name\":\"UN Stamps\",\"description\":\"United Nations Stamps\",\"publisher\":{\"@id\":\"https:\\\/\\\/unstamps.org\\\/de\\\/#organization\"},\"potentialAction\":[{\"@type\":\"SearchAction\",\"target\":{\"@type\":\"EntryPoint\",\"urlTemplate\":\"https:\\\/\\\/unstamps.org\\\/de\\\/?s={search_term_string}\"},\"query-input\":{\"@type\":\"PropertyValueSpecification\",\"valueRequired\":true,\"valueName\":\"search_term_string\"}}],\"inLanguage\":\"de-DE\"},{\"@type\":\"Organization\",\"@id\":\"https:\\\/\\\/unstamps.org\\\/de\\\/#organization\",\"name\":\"UN Stamps\",\"url\":\"https:\\\/\\\/unstamps.org\\\/de\\\/\",\"logo\":{\"@type\":\"ImageObject\",\"inLanguage\":\"de-DE\",\"@id\":\"https:\\\/\\\/unstamps.org\\\/de\\\/#\\\/schema\\\/logo\\\/image\\\/\",\"url\":\"https:\\\/\\\/unstamps.org\\\/wp-content\\\/uploads\\\/2014\\\/01\\\/logo4web.jpg\",\"contentUrl\":\"https:\\\/\\\/unstamps.org\\\/wp-content\\\/uploads\\\/2014\\\/01\\\/logo4web.jpg\",\"width\":2500,\"height\":250,\"caption\":\"UN Stamps\"},\"image\":{\"@id\":\"https:\\\/\\\/unstamps.org\\\/de\\\/#\\\/schema\\\/logo\\\/image\\\/\"}}]}<\/script>\n<!-- \/ Yoast SEO plugin. -->","yoast_head_json":{"title":"Chinesischer Mondkalender 2025 \u2013 \u201eJahr der Schlange\u201c - UN Briefmarken","robots":{"index":"index","follow":"follow","max-snippet":"max-snippet:-1","max-image-preview":"max-image-preview:large","max-video-preview":"max-video-preview:-1"},"canonical":"https:\/\/unstamps.org\/de\/produkt\/chinesischer-mondkalender-2025-jahr-der-schlange\/","og_locale":"de_DE","og_type":"article","og_title":"Chinesischer Mondkalender 2025 \u2013 \u201eJahr der Schlange\u201c - UN Briefmarken","og_description":"Am 17. Januar 2025 feiert die UNPA den chinesischen Mondkalender \u2013 Jahr der Schlange \u2013 mit der Herausgabe eines personalisierten Bogens mit 10 Briefmarken. Das chinesische Neujahrsfest beginnt offiziell am 29. Januar 2025 und dauert bis zum 16. Februar 2026. Die zehn Briefmarken im Wert von US$ 1,65 und das Hintergrunddesign zeigen vier Schlangen, die [&hellip;]","og_url":"https:\/\/unstamps.org\/de\/produkt\/chinesischer-mondkalender-2025-jahr-der-schlange\/","og_site_name":"UN Briefmarken","article_modified_time":"2026-01-09T16:59:01+00:00","og_image":[{"width":1024,"height":1024,"url":"https:\/\/unstamps.org\/wp-content\/uploads\/2025\/01\/2025-Lunar-Snake-PSS-Mint-Web.jpg","type":"image\/jpeg"}],"twitter_card":"summary_large_image","twitter_misc":{"Gesch\u00e4tzte Lesezeit":"1 minute"},"schema":{"@context":"https:\/\/schema.org","@graph":[{"@type":"WebPage","@id":"https:\/\/unstamps.org\/de\/produkt\/chinesischer-mondkalender-2025-jahr-der-schlange\/","url":"https:\/\/unstamps.org\/de\/produkt\/chinesischer-mondkalender-2025-jahr-der-schlange\/","name":"Chinesischer Mondkalender 2025 \u2013 \u201eJahr der Schlange\u201c - UN Briefmarken","isPartOf":{"@id":"https:\/\/unstamps.org\/de\/#website"},"primaryImageOfPage":{"@id":"https:\/\/unstamps.org\/de\/produkt\/chinesischer-mondkalender-2025-jahr-der-schlange\/#primaryimage"},"image":{"@id":"https:\/\/unstamps.org\/de\/produkt\/chinesischer-mondkalender-2025-jahr-der-schlange\/#primaryimage"},"thumbnailUrl":"https:\/\/unstamps.org\/wp-content\/uploads\/2025\/01\/2025-Lunar-Snake-PSS-Mint-Web.jpg","datePublished":"2025-01-15T18:14:23+00:00","dateModified":"2026-01-09T16:59:01+00:00","breadcrumb":{"@id":"https:\/\/unstamps.org\/de\/produkt\/chinesischer-mondkalender-2025-jahr-der-schlange\/#breadcrumb"},"inLanguage":"de-DE","potentialAction":[{"@type":"ReadAction","target":["https:\/\/unstamps.org\/de\/produkt\/chinesischer-mondkalender-2025-jahr-der-schlange\/"]}]},{"@type":"ImageObject","inLanguage":"de-DE","@id":"https:\/\/unstamps.org\/de\/produkt\/chinesischer-mondkalender-2025-jahr-der-schlange\/#primaryimage","url":"https:\/\/unstamps.org\/wp-content\/uploads\/2025\/01\/2025-Lunar-Snake-PSS-Mint-Web.jpg","contentUrl":"https:\/\/unstamps.org\/wp-content\/uploads\/2025\/01\/2025-Lunar-Snake-PSS-Mint-Web.jpg","width":1024,"height":1024},{"@type":"BreadcrumbList","@id":"https:\/\/unstamps.org\/de\/produkt\/chinesischer-mondkalender-2025-jahr-der-schlange\/#breadcrumb","itemListElement":[{"@type":"ListItem","position":1,"name":"Home","item":"https:\/\/unstamps.org\/de\/"},{"@type":"ListItem","position":2,"name":"Produkte","item":"https:\/\/unstamps.org\/de\/produkte\/"},{"@type":"ListItem","position":3,"name":"Chinesischer Mondkalender 2025 \u2013 \u201eJahr der Schlange\u201c"}]},{"@type":"WebSite","@id":"https:\/\/unstamps.org\/de\/#website","url":"https:\/\/unstamps.org\/de\/","name":"UN Stamps","description":"United Nations Stamps","publisher":{"@id":"https:\/\/unstamps.org\/de\/#organization"},"potentialAction":[{"@type":"SearchAction","target":{"@type":"EntryPoint","urlTemplate":"https:\/\/unstamps.org\/de\/?s={search_term_string}"},"query-input":{"@type":"PropertyValueSpecification","valueRequired":true,"valueName":"search_term_string"}}],"inLanguage":"de-DE"},{"@type":"Organization","@id":"https:\/\/unstamps.org\/de\/#organization","name":"UN Stamps","url":"https:\/\/unstamps.org\/de\/","logo":{"@type":"ImageObject","inLanguage":"de-DE","@id":"https:\/\/unstamps.org\/de\/#\/schema\/logo\/image\/","url":"https:\/\/unstamps.org\/wp-content\/uploads\/2014\/01\/logo4web.jpg","contentUrl":"https:\/\/unstamps.org\/wp-content\/uploads\/2014\/01\/logo4web.jpg","width":2500,"height":250,"caption":"UN Stamps"},"image":{"@id":"https:\/\/unstamps.org\/de\/#\/schema\/logo\/image\/"}}]}},"jetpack_sharing_enabled":true,"publishpress_future_action":{"enabled":false,"date":"2026-04-14 16:50:47","action":"change-status","newStatus":"private","terms":[],"taxonomy":"product_cat","extraData":[]},"publishpress_future_workflow_manual_trigger":{"enabledWorkflows":[]},"_links":{"self":[{"href":"https:\/\/unstamps.org\/de\/wp-json\/wp\/v2\/product\/190961","targetHints":{"allow":["GET"]}}],"collection":[{"href":"https:\/\/unstamps.org\/de\/wp-json\/wp\/v2\/product"}],"about":[{"href":"https:\/\/unstamps.org\/de\/wp-json\/wp\/v2\/types\/product"}],"replies":[{"embeddable":true,"href":"https:\/\/unstamps.org\/de\/wp-json\/wp\/v2\/comments?post=190961"}],"wp:featuredmedia":[{"embeddable":true,"href":"https:\/\/unstamps.org\/de\/wp-json\/wp\/v2\/media\/191008"}],"wp:attachment":[{"href":"https:\/\/unstamps.org\/de\/wp-json\/wp\/v2\/media?parent=190961"}],"wp:term":[{"taxonomy":"product_brand","embeddable":true,"href":"https:\/\/unstamps.org\/de\/wp-json\/wp\/v2\/product_brand?post=190961"},{"taxonomy":"product_cat","embeddable":true,"href":"https:\/\/unstamps.org\/de\/wp-json\/wp\/v2\/product_cat?post=190961"},{"taxonomy":"product_tag","embeddable":true,"href":"https:\/\/unstamps.org\/de\/wp-json\/wp\/v2\/product_tag?post=190961"}],"curies":[{"name":"wp","href":"https:\/\/api.w.org\/{rel}","templated":true}]}}