{"id":184771,"date":"2024-04-23T10:29:04","date_gmt":"2024-04-23T14:32:19","guid":{"rendered":"https:\/\/unstamps.org\/?post_type=product&#038;p=184771"},"modified":"2026-01-09T11:56:25","modified_gmt":"2026-01-09T16:56:25","slug":"gefahrdete-arten-ersttagsumschlage-in-seide-2024","status":"publish","type":"product","link":"https:\/\/unstamps.org\/de\/produkt\/gefahrdete-arten-ersttagsumschlage-in-seide-2024\/","title":{"rendered":"Gef\u00e4hrdete Arten \u2013 Ersttagsumschl\u00e4ge in Seide 2024"},"content":{"rendered":"<p><em>(Die Originale k\u00f6nnen geringf\u00fcgig von den Abbildungen abweichen).<\/em><\/p>\n<p><strong>Ersttagsumschl\u00e4ge in Seide &#8211; Limitierte Auflage<\/strong><br \/>\nAnl\u00e4sslich der Ausgabe der Briefmarken &#8220;Gef\u00e4hrdete Arten 2024&#8221; hat die UNPA <strong>Ersttagsumschl\u00e4ge in Seide in limitierter Auflage<\/strong> produziert. Auf den Umschl\u00e4gen befindet sich jeweils eine Einzelbriefmarke der drei B\u00fcros mit dem dazugeh\u00f6rigen Stempel von New York, Genf bzw. Wien. Die Umschl\u00e4ge sind durchlaufend nummeriert.<\/p>\n<p><strong>UNPA-Abonnenten f\u00fcr &#8220;Sonstige Produkte New York&#8221; erhalten die Umschl\u00e4ge automatisch (Art. 424).<\/strong><\/p>\n","protected":false},"excerpt":{"rendered":"<p>(Die Originale k\u00f6nnen geringf\u00fcgig von den Abbildungen abweichen). Ersttagsumschl\u00e4ge in Seide &#8211; Limitierte Auflage Anl\u00e4sslich der Ausgabe der Briefmarken &#8220;Gef\u00e4hrdete Arten 2024&#8221; hat die UNPA Ersttagsumschl\u00e4ge in Seide in limitierter Auflage produziert. Auf den Umschl\u00e4gen befindet sich jeweils eine Einzelbriefmarke der drei B\u00fcros mit dem dazugeh\u00f6rigen Stempel von New York, Genf bzw. Wien. Die Umschl\u00e4ge [&hellip;]<\/p>\n","protected":false},"featured_media":184981,"comment_status":"closed","ping_status":"closed","template":"","meta":{"ngg_post_thumbnail":0},"product_brand":[],"product_cat":[2946,203],"product_tag":[],"class_list":{"0":"post-184771","1":"product","2":"type-product","3":"status-publish","4":"has-post-thumbnail","6":"product_cat-2024-de","7":"product_cat-gefahrdete-arten","9":"first","10":"instock","11":"shipping-taxable","12":"purchasable","13":"product-type-simple"},"yoast_head":"<!-- This site is optimized with the Yoast SEO plugin v27.4 - https:\/\/yoast.com\/product\/yoast-seo-wordpress\/ -->\n<title>Gef\u00e4hrdete Arten \u2013 Ersttagsumschl\u00e4ge in Seide 2024 - UN Briefmarken<\/title>\n<meta name=\"robots\" content=\"index, follow, max-snippet:-1, max-image-preview:large, max-video-preview:-1\" \/>\n<link rel=\"canonical\" href=\"https:\/\/unstamps.org\/de\/produkt\/gefahrdete-arten-ersttagsumschlage-in-seide-2024\/\" \/>\n<meta property=\"og:locale\" content=\"de_DE\" \/>\n<meta property=\"og:type\" content=\"article\" \/>\n<meta property=\"og:title\" content=\"Gef\u00e4hrdete Arten \u2013 Ersttagsumschl\u00e4ge in Seide 2024 - UN Briefmarken\" \/>\n<meta property=\"og:description\" content=\"(Die Originale k\u00f6nnen geringf\u00fcgig von den Abbildungen abweichen). Ersttagsumschl\u00e4ge in Seide &#8211; Limitierte Auflage Anl\u00e4sslich der Ausgabe der Briefmarken &#8220;Gef\u00e4hrdete Arten 2024&#8221; hat die UNPA Ersttagsumschl\u00e4ge in Seide in limitierter Auflage produziert. Auf den Umschl\u00e4gen befindet sich jeweils eine Einzelbriefmarke der drei B\u00fcros mit dem dazugeh\u00f6rigen Stempel von New York, Genf bzw. Wien. Die Umschl\u00e4ge [&hellip;]\" \/>\n<meta property=\"og:url\" content=\"https:\/\/unstamps.org\/de\/produkt\/gefahrdete-arten-ersttagsumschlage-in-seide-2024\/\" \/>\n<meta property=\"og:site_name\" content=\"UN Briefmarken\" \/>\n<meta property=\"article:modified_time\" content=\"2026-01-09T16:56:25+00:00\" \/>\n<meta property=\"og:image\" content=\"https:\/\/unstamps.org\/wp-content\/uploads\/2024\/04\/ES24-Silk.jpg\" \/>\n\t<meta property=\"og:image:width\" content=\"1024\" \/>\n\t<meta property=\"og:image:height\" content=\"1024\" \/>\n\t<meta property=\"og:image:type\" content=\"image\/jpeg\" \/>\n<meta name=\"twitter:card\" content=\"summary_large_image\" \/>\n<script type=\"application\/ld+json\" class=\"yoast-schema-graph\">{\"@context\":\"https:\\\/\\\/schema.org\",\"@graph\":[{\"@type\":\"WebPage\",\"@id\":\"https:\\\/\\\/unstamps.org\\\/de\\\/produkt\\\/gefahrdete-arten-ersttagsumschlage-in-seide-2024\\\/\",\"url\":\"https:\\\/\\\/unstamps.org\\\/de\\\/produkt\\\/gefahrdete-arten-ersttagsumschlage-in-seide-2024\\\/\",\"name\":\"Gef\u00e4hrdete Arten \u2013 Ersttagsumschl\u00e4ge in Seide 2024 - UN Briefmarken\",\"isPartOf\":{\"@id\":\"https:\\\/\\\/unstamps.org\\\/de\\\/#website\"},\"primaryImageOfPage\":{\"@id\":\"https:\\\/\\\/unstamps.org\\\/de\\\/produkt\\\/gefahrdete-arten-ersttagsumschlage-in-seide-2024\\\/#primaryimage\"},\"image\":{\"@id\":\"https:\\\/\\\/unstamps.org\\\/de\\\/produkt\\\/gefahrdete-arten-ersttagsumschlage-in-seide-2024\\\/#primaryimage\"},\"thumbnailUrl\":\"https:\\\/\\\/unstamps.org\\\/wp-content\\\/uploads\\\/2024\\\/04\\\/ES24-Silk.jpg\",\"datePublished\":\"2024-04-23T14:32:19+00:00\",\"dateModified\":\"2026-01-09T16:56:25+00:00\",\"breadcrumb\":{\"@id\":\"https:\\\/\\\/unstamps.org\\\/de\\\/produkt\\\/gefahrdete-arten-ersttagsumschlage-in-seide-2024\\\/#breadcrumb\"},\"inLanguage\":\"de-DE\",\"potentialAction\":[{\"@type\":\"ReadAction\",\"target\":[\"https:\\\/\\\/unstamps.org\\\/de\\\/produkt\\\/gefahrdete-arten-ersttagsumschlage-in-seide-2024\\\/\"]}]},{\"@type\":\"ImageObject\",\"inLanguage\":\"de-DE\",\"@id\":\"https:\\\/\\\/unstamps.org\\\/de\\\/produkt\\\/gefahrdete-arten-ersttagsumschlage-in-seide-2024\\\/#primaryimage\",\"url\":\"https:\\\/\\\/unstamps.org\\\/wp-content\\\/uploads\\\/2024\\\/04\\\/ES24-Silk.jpg\",\"contentUrl\":\"https:\\\/\\\/unstamps.org\\\/wp-content\\\/uploads\\\/2024\\\/04\\\/ES24-Silk.jpg\",\"width\":1024,\"height\":1024},{\"@type\":\"BreadcrumbList\",\"@id\":\"https:\\\/\\\/unstamps.org\\\/de\\\/produkt\\\/gefahrdete-arten-ersttagsumschlage-in-seide-2024\\\/#breadcrumb\",\"itemListElement\":[{\"@type\":\"ListItem\",\"position\":1,\"name\":\"Home\",\"item\":\"https:\\\/\\\/unstamps.org\\\/de\\\/\"},{\"@type\":\"ListItem\",\"position\":2,\"name\":\"Produkte\",\"item\":\"https:\\\/\\\/unstamps.org\\\/de\\\/produkte\\\/\"},{\"@type\":\"ListItem\",\"position\":3,\"name\":\"Gef\u00e4hrdete Arten \u2013 Ersttagsumschl\u00e4ge in Seide 2024\"}]},{\"@type\":\"WebSite\",\"@id\":\"https:\\\/\\\/unstamps.org\\\/de\\\/#website\",\"url\":\"https:\\\/\\\/unstamps.org\\\/de\\\/\",\"name\":\"UN Stamps\",\"description\":\"United Nations Stamps\",\"publisher\":{\"@id\":\"https:\\\/\\\/unstamps.org\\\/de\\\/#organization\"},\"potentialAction\":[{\"@type\":\"SearchAction\",\"target\":{\"@type\":\"EntryPoint\",\"urlTemplate\":\"https:\\\/\\\/unstamps.org\\\/de\\\/?s={search_term_string}\"},\"query-input\":{\"@type\":\"PropertyValueSpecification\",\"valueRequired\":true,\"valueName\":\"search_term_string\"}}],\"inLanguage\":\"de-DE\"},{\"@type\":\"Organization\",\"@id\":\"https:\\\/\\\/unstamps.org\\\/de\\\/#organization\",\"name\":\"UN Stamps\",\"url\":\"https:\\\/\\\/unstamps.org\\\/de\\\/\",\"logo\":{\"@type\":\"ImageObject\",\"inLanguage\":\"de-DE\",\"@id\":\"https:\\\/\\\/unstamps.org\\\/de\\\/#\\\/schema\\\/logo\\\/image\\\/\",\"url\":\"https:\\\/\\\/unstamps.org\\\/wp-content\\\/uploads\\\/2014\\\/01\\\/logo4web.jpg\",\"contentUrl\":\"https:\\\/\\\/unstamps.org\\\/wp-content\\\/uploads\\\/2014\\\/01\\\/logo4web.jpg\",\"width\":2500,\"height\":250,\"caption\":\"UN Stamps\"},\"image\":{\"@id\":\"https:\\\/\\\/unstamps.org\\\/de\\\/#\\\/schema\\\/logo\\\/image\\\/\"}}]}<\/script>\n<!-- \/ Yoast SEO plugin. -->","yoast_head_json":{"title":"Gef\u00e4hrdete Arten \u2013 Ersttagsumschl\u00e4ge in Seide 2024 - UN Briefmarken","robots":{"index":"index","follow":"follow","max-snippet":"max-snippet:-1","max-image-preview":"max-image-preview:large","max-video-preview":"max-video-preview:-1"},"canonical":"https:\/\/unstamps.org\/de\/produkt\/gefahrdete-arten-ersttagsumschlage-in-seide-2024\/","og_locale":"de_DE","og_type":"article","og_title":"Gef\u00e4hrdete Arten \u2013 Ersttagsumschl\u00e4ge in Seide 2024 - UN Briefmarken","og_description":"(Die Originale k\u00f6nnen geringf\u00fcgig von den Abbildungen abweichen). Ersttagsumschl\u00e4ge in Seide &#8211; Limitierte Auflage Anl\u00e4sslich der Ausgabe der Briefmarken &#8220;Gef\u00e4hrdete Arten 2024&#8221; hat die UNPA Ersttagsumschl\u00e4ge in Seide in limitierter Auflage produziert. Auf den Umschl\u00e4gen befindet sich jeweils eine Einzelbriefmarke der drei B\u00fcros mit dem dazugeh\u00f6rigen Stempel von New York, Genf bzw. Wien. Die Umschl\u00e4ge [&hellip;]","og_url":"https:\/\/unstamps.org\/de\/produkt\/gefahrdete-arten-ersttagsumschlage-in-seide-2024\/","og_site_name":"UN Briefmarken","article_modified_time":"2026-01-09T16:56:25+00:00","og_image":[{"width":1024,"height":1024,"url":"https:\/\/unstamps.org\/wp-content\/uploads\/2024\/04\/ES24-Silk.jpg","type":"image\/jpeg"}],"twitter_card":"summary_large_image","schema":{"@context":"https:\/\/schema.org","@graph":[{"@type":"WebPage","@id":"https:\/\/unstamps.org\/de\/produkt\/gefahrdete-arten-ersttagsumschlage-in-seide-2024\/","url":"https:\/\/unstamps.org\/de\/produkt\/gefahrdete-arten-ersttagsumschlage-in-seide-2024\/","name":"Gef\u00e4hrdete Arten \u2013 Ersttagsumschl\u00e4ge in Seide 2024 - UN Briefmarken","isPartOf":{"@id":"https:\/\/unstamps.org\/de\/#website"},"primaryImageOfPage":{"@id":"https:\/\/unstamps.org\/de\/produkt\/gefahrdete-arten-ersttagsumschlage-in-seide-2024\/#primaryimage"},"image":{"@id":"https:\/\/unstamps.org\/de\/produkt\/gefahrdete-arten-ersttagsumschlage-in-seide-2024\/#primaryimage"},"thumbnailUrl":"https:\/\/unstamps.org\/wp-content\/uploads\/2024\/04\/ES24-Silk.jpg","datePublished":"2024-04-23T14:32:19+00:00","dateModified":"2026-01-09T16:56:25+00:00","breadcrumb":{"@id":"https:\/\/unstamps.org\/de\/produkt\/gefahrdete-arten-ersttagsumschlage-in-seide-2024\/#breadcrumb"},"inLanguage":"de-DE","potentialAction":[{"@type":"ReadAction","target":["https:\/\/unstamps.org\/de\/produkt\/gefahrdete-arten-ersttagsumschlage-in-seide-2024\/"]}]},{"@type":"ImageObject","inLanguage":"de-DE","@id":"https:\/\/unstamps.org\/de\/produkt\/gefahrdete-arten-ersttagsumschlage-in-seide-2024\/#primaryimage","url":"https:\/\/unstamps.org\/wp-content\/uploads\/2024\/04\/ES24-Silk.jpg","contentUrl":"https:\/\/unstamps.org\/wp-content\/uploads\/2024\/04\/ES24-Silk.jpg","width":1024,"height":1024},{"@type":"BreadcrumbList","@id":"https:\/\/unstamps.org\/de\/produkt\/gefahrdete-arten-ersttagsumschlage-in-seide-2024\/#breadcrumb","itemListElement":[{"@type":"ListItem","position":1,"name":"Home","item":"https:\/\/unstamps.org\/de\/"},{"@type":"ListItem","position":2,"name":"Produkte","item":"https:\/\/unstamps.org\/de\/produkte\/"},{"@type":"ListItem","position":3,"name":"Gef\u00e4hrdete Arten \u2013 Ersttagsumschl\u00e4ge in Seide 2024"}]},{"@type":"WebSite","@id":"https:\/\/unstamps.org\/de\/#website","url":"https:\/\/unstamps.org\/de\/","name":"UN Stamps","description":"United Nations Stamps","publisher":{"@id":"https:\/\/unstamps.org\/de\/#organization"},"potentialAction":[{"@type":"SearchAction","target":{"@type":"EntryPoint","urlTemplate":"https:\/\/unstamps.org\/de\/?s={search_term_string}"},"query-input":{"@type":"PropertyValueSpecification","valueRequired":true,"valueName":"search_term_string"}}],"inLanguage":"de-DE"},{"@type":"Organization","@id":"https:\/\/unstamps.org\/de\/#organization","name":"UN Stamps","url":"https:\/\/unstamps.org\/de\/","logo":{"@type":"ImageObject","inLanguage":"de-DE","@id":"https:\/\/unstamps.org\/de\/#\/schema\/logo\/image\/","url":"https:\/\/unstamps.org\/wp-content\/uploads\/2014\/01\/logo4web.jpg","contentUrl":"https:\/\/unstamps.org\/wp-content\/uploads\/2014\/01\/logo4web.jpg","width":2500,"height":250,"caption":"UN Stamps"},"image":{"@id":"https:\/\/unstamps.org\/de\/#\/schema\/logo\/image\/"}}]}},"jetpack_sharing_enabled":true,"publishpress_future_action":{"enabled":false,"date":"2026-04-22 09:18:58","action":"change-status","newStatus":"private","terms":[],"taxonomy":"product_cat","extraData":[]},"publishpress_future_workflow_manual_trigger":{"enabledWorkflows":[]},"_links":{"self":[{"href":"https:\/\/unstamps.org\/de\/wp-json\/wp\/v2\/product\/184771","targetHints":{"allow":["GET"]}}],"collection":[{"href":"https:\/\/unstamps.org\/de\/wp-json\/wp\/v2\/product"}],"about":[{"href":"https:\/\/unstamps.org\/de\/wp-json\/wp\/v2\/types\/product"}],"replies":[{"embeddable":true,"href":"https:\/\/unstamps.org\/de\/wp-json\/wp\/v2\/comments?post=184771"}],"wp:featuredmedia":[{"embeddable":true,"href":"https:\/\/unstamps.org\/de\/wp-json\/wp\/v2\/media\/184981"}],"wp:attachment":[{"href":"https:\/\/unstamps.org\/de\/wp-json\/wp\/v2\/media?parent=184771"}],"wp:term":[{"taxonomy":"product_brand","embeddable":true,"href":"https:\/\/unstamps.org\/de\/wp-json\/wp\/v2\/product_brand?post=184771"},{"taxonomy":"product_cat","embeddable":true,"href":"https:\/\/unstamps.org\/de\/wp-json\/wp\/v2\/product_cat?post=184771"},{"taxonomy":"product_tag","embeddable":true,"href":"https:\/\/unstamps.org\/de\/wp-json\/wp\/v2\/product_tag?post=184771"}],"curies":[{"name":"wp","href":"https:\/\/api.w.org\/{rel}","templated":true}]}}