{"id":184432,"date":"2024-04-23T14:45:13","date_gmt":"2024-04-23T18:46:02","guid":{"rendered":"https:\/\/unstamps.org\/?post_type=product&#038;p=184432"},"modified":"2026-01-09T11:56:05","modified_gmt":"2026-01-09T16:56:05","slug":"gefahrdete-arten-2024","status":"publish","type":"product","link":"https:\/\/unstamps.org\/de\/produkt\/gefahrdete-arten-2024\/","title":{"rendered":"Gef\u00e4hrdete Arten 2024"},"content":{"rendered":"<p>Am 26. April 2024 setzt die Postverwaltung der Vereinten Nationen (UNPA) ihre Briefmarkenserie \u201e Gef\u00e4hrdeten Arten\u201d mit der Ausgabe von 12 Briefmarken fort.<\/p>\n<p>2024 werden in der Briefmarkenreihe der Vereinten Nationen \u201eGef\u00e4hrdete Arten\u201c die unterschiedlichsten Tiere und Pflanzen dargestellt. Manche dieser Arten standen im Mittelpunkt der Beschl\u00fcsse der Vertragsparteien des \u00dcbereinkommens \u00fcber den internationalen Handel mit gef\u00e4hrdeten Arten freilebender Tiere und Pflanzen (CITES) und der Diskussionen, die im vergangenen Jahr in den Bereichen nachhaltige Erhaltung und Bewirtschaftung wildlebender Tiere und Pflanzen sowie nachhaltiger Handel gef\u00fchrt wurden.<\/p>\n<p>Da das \u00dcbereinkommen den legalen, nachhaltigen und nachweisbaren Handel mit wildlebenden Tieren und Pflanzen zum Ziel hat, soll durch CITES sichergestellt werden, dass die in seinen Anh\u00e4ngen aufgelisteten Arten in der freien Natur \u00fcberleben und erhalten bleiben.<\/p>\n<p>Seit \u00fcber 30 Jahren gibt die Postverwaltung der Vereinten Nationen Briefmarken heraus, um die Vielzahl, die Sch\u00f6nheit und die Vielfalt wildlebender Tiere und Pflanzen zu w\u00fcrdigen und die Menschen f\u00fcr die vielen Vorteile zu sensibilisieren, die ihnen die Erhaltung der Arten bringt.<\/p>\n<p><strong>Die Entw\u00fcrfe<\/strong><br \/>\n<strong>New York \u2013 US$1.55<\/strong><br \/>\nRhynchobatus djiddensis (Gro\u00dfer Geigenrochen)<br \/>\nOrchis anatolica (Anatolisches Knabenkraut)<br \/>\nNeofelis nebulosa (Nebelparder)<br \/>\nPycnonotus zeylanicus (Gelbschnabelb\u00fclb\u00fcl)<\/p>\n<p><strong>Genf \u2013 CHF 1,90<\/strong><br \/>\nPotamotrygon albimaculata (Wei\u00dfgefleckter Flussrochen)<br \/>\nAquilaria malaccensis (Adlerholz)<br \/>\nVicugna vicugna (Vikunja)<br \/>\nIsurus oxyrinchus (Blauhai)<\/p>\n<p><strong>Wien \u2013 \u20ac1,50<\/strong><br \/>\nSphyrna lewini (Bogenstirn-Hammerhai)<br \/>\nOphrys cilicica (Zilizische Ragwurz)<br \/>\nLama guanicoe (Guanako)<br \/>\nCopsychus malabaricus (Schamadrossel)<\/p>\n<p><strong>Die K\u00fcnstlerin<\/strong><br \/>\nJulia Izabela ist eine K\u00fcnstlerin aus S\u00e3o Paulo (Brasilien). Seit 2015 lebt sie in Mailand (Italien), wo sie als freiberufliche Illustratorin t\u00e4tig ist. Die Natur mit ihren vielf\u00e4ltigen Formen und Farben ist ihre wichtigste Inspirationsquelle. Ihr Ziel ist es, durch ihre Kunst zu vermitteln, wie faszinierend die Natur sein kann, indem sie ihre Sch\u00f6nheit von den mikroskopischen bis zu den makroskopischen Formen darstellt.<\/p>\n<p>Frau Izabela begann ihre akademische Karriere mit einem Biologiestudium. Zun\u00e4chst absolvierte sie ein Bachelorstudium in S\u00e3o Paulo, gefolgt von einem Abschluss an der Faculdade de Ci\u00eancias da Universidade de Lisboa in Portugal, wo sie am Instituto de Artes e<br \/>\nOf\u00edcios der Universidade Aut\u00f3noma de Lisboa einen Kurs f\u00fcr wissenschaftliche Illustration belegte.<\/p>\n<p>2016 gewann sie mit ihrem Aquarell \u201eGround Control\u201c den ersten Preis im Wettbewerb f\u00fcr redaktionelle Illustrationen Lucca Junior contest im Rahmen des Lucca Comics &#038; Games-Festival in Italien.<\/p>\n<p>Seit 2017 arbeitet Frau Izabela in den Bereichen Textildesign und Redaktion sowie an verschiedenen k\u00fcnstlerischen Projekten. Von 2019 bis 2020 fertigte sie Illustrationen, Schemata und Animationen f\u00fcr die biologisch didaktische Webseite Digital Diorama der Universit\u00e0 degli Studi di Milano Bicocca an.<\/p>\n<p>Sie illustriert zum ersten Mal Briefmarken f\u00fcr die Postverwaltung der Vereinten Nationen.<\/p>\n","protected":false},"excerpt":{"rendered":"<p>Am 26. April 2024 setzt die Postverwaltung der Vereinten Nationen (UNPA) ihre Briefmarkenserie \u201e Gef\u00e4hrdeten Arten\u201d mit der Ausgabe von 12 Briefmarken fort. 2024 werden in der Briefmarkenreihe der Vereinten Nationen \u201eGef\u00e4hrdete Arten\u201c die unterschiedlichsten Tiere und Pflanzen dargestellt. Manche dieser Arten standen im Mittelpunkt der Beschl\u00fcsse der Vertragsparteien des \u00dcbereinkommens \u00fcber den internationalen Handel [&hellip;]<\/p>\n","protected":false},"featured_media":185005,"comment_status":"closed","ping_status":"closed","template":"","meta":{"ngg_post_thumbnail":0},"product_brand":[],"product_cat":[2946,150,203],"product_tag":[],"class_list":{"0":"post-184432","1":"product","2":"type-product","3":"status-publish","4":"has-post-thumbnail","6":"product_cat-2024-de","7":"product_cat-gedenkbriefmarken","8":"product_cat-gefahrdete-arten","10":"first","11":"instock","12":"shipping-taxable","13":"product-type-grouped"},"yoast_head":"<!-- This site is optimized with the Yoast SEO plugin v27.4 - https:\/\/yoast.com\/product\/yoast-seo-wordpress\/ -->\n<title>Gef\u00e4hrdete Arten 2024 - UN Briefmarken<\/title>\n<meta name=\"robots\" content=\"index, follow, max-snippet:-1, max-image-preview:large, max-video-preview:-1\" \/>\n<link rel=\"canonical\" href=\"https:\/\/unstamps.org\/de\/produkt\/gefahrdete-arten-2024\/\" \/>\n<meta property=\"og:locale\" content=\"de_DE\" \/>\n<meta property=\"og:type\" content=\"article\" \/>\n<meta property=\"og:title\" content=\"Gef\u00e4hrdete Arten 2024 - UN Briefmarken\" \/>\n<meta property=\"og:description\" content=\"Am 26. April 2024 setzt die Postverwaltung der Vereinten Nationen (UNPA) ihre Briefmarkenserie \u201e Gef\u00e4hrdeten Arten\u201d mit der Ausgabe von 12 Briefmarken fort. 2024 werden in der Briefmarkenreihe der Vereinten Nationen \u201eGef\u00e4hrdete Arten\u201c die unterschiedlichsten Tiere und Pflanzen dargestellt. Manche dieser Arten standen im Mittelpunkt der Beschl\u00fcsse der Vertragsparteien des \u00dcbereinkommens \u00fcber den internationalen Handel [&hellip;]\" \/>\n<meta property=\"og:url\" content=\"https:\/\/unstamps.org\/de\/produkt\/gefahrdete-arten-2024\/\" \/>\n<meta property=\"og:site_name\" content=\"UN Briefmarken\" \/>\n<meta property=\"article:modified_time\" content=\"2026-01-09T16:56:05+00:00\" \/>\n<meta property=\"og:image\" content=\"https:\/\/unstamps.org\/wp-content\/uploads\/2024\/04\/ES24-MI-GROUP.jpg\" \/>\n\t<meta property=\"og:image:width\" content=\"1024\" \/>\n\t<meta property=\"og:image:height\" content=\"1024\" \/>\n\t<meta property=\"og:image:type\" content=\"image\/jpeg\" \/>\n<meta name=\"twitter:card\" content=\"summary_large_image\" \/>\n<meta name=\"twitter:label1\" content=\"Gesch\u00e4tzte Lesezeit\" \/>\n\t<meta name=\"twitter:data1\" content=\"2 minutes\" \/>\n<script type=\"application\/ld+json\" class=\"yoast-schema-graph\">{\"@context\":\"https:\\\/\\\/schema.org\",\"@graph\":[{\"@type\":\"WebPage\",\"@id\":\"https:\\\/\\\/unstamps.org\\\/de\\\/produkt\\\/gefahrdete-arten-2024\\\/\",\"url\":\"https:\\\/\\\/unstamps.org\\\/de\\\/produkt\\\/gefahrdete-arten-2024\\\/\",\"name\":\"Gef\u00e4hrdete Arten 2024 - UN Briefmarken\",\"isPartOf\":{\"@id\":\"https:\\\/\\\/unstamps.org\\\/de\\\/#website\"},\"primaryImageOfPage\":{\"@id\":\"https:\\\/\\\/unstamps.org\\\/de\\\/produkt\\\/gefahrdete-arten-2024\\\/#primaryimage\"},\"image\":{\"@id\":\"https:\\\/\\\/unstamps.org\\\/de\\\/produkt\\\/gefahrdete-arten-2024\\\/#primaryimage\"},\"thumbnailUrl\":\"https:\\\/\\\/unstamps.org\\\/wp-content\\\/uploads\\\/2024\\\/04\\\/ES24-MI-GROUP.jpg\",\"datePublished\":\"2024-04-23T18:46:02+00:00\",\"dateModified\":\"2026-01-09T16:56:05+00:00\",\"breadcrumb\":{\"@id\":\"https:\\\/\\\/unstamps.org\\\/de\\\/produkt\\\/gefahrdete-arten-2024\\\/#breadcrumb\"},\"inLanguage\":\"de-DE\",\"potentialAction\":[{\"@type\":\"ReadAction\",\"target\":[\"https:\\\/\\\/unstamps.org\\\/de\\\/produkt\\\/gefahrdete-arten-2024\\\/\"]}]},{\"@type\":\"ImageObject\",\"inLanguage\":\"de-DE\",\"@id\":\"https:\\\/\\\/unstamps.org\\\/de\\\/produkt\\\/gefahrdete-arten-2024\\\/#primaryimage\",\"url\":\"https:\\\/\\\/unstamps.org\\\/wp-content\\\/uploads\\\/2024\\\/04\\\/ES24-MI-GROUP.jpg\",\"contentUrl\":\"https:\\\/\\\/unstamps.org\\\/wp-content\\\/uploads\\\/2024\\\/04\\\/ES24-MI-GROUP.jpg\",\"width\":1024,\"height\":1024},{\"@type\":\"BreadcrumbList\",\"@id\":\"https:\\\/\\\/unstamps.org\\\/de\\\/produkt\\\/gefahrdete-arten-2024\\\/#breadcrumb\",\"itemListElement\":[{\"@type\":\"ListItem\",\"position\":1,\"name\":\"Home\",\"item\":\"https:\\\/\\\/unstamps.org\\\/de\\\/\"},{\"@type\":\"ListItem\",\"position\":2,\"name\":\"Produkte\",\"item\":\"https:\\\/\\\/unstamps.org\\\/de\\\/produkte\\\/\"},{\"@type\":\"ListItem\",\"position\":3,\"name\":\"Gef\u00e4hrdete Arten 2024\"}]},{\"@type\":\"WebSite\",\"@id\":\"https:\\\/\\\/unstamps.org\\\/de\\\/#website\",\"url\":\"https:\\\/\\\/unstamps.org\\\/de\\\/\",\"name\":\"UN Stamps\",\"description\":\"United Nations Stamps\",\"publisher\":{\"@id\":\"https:\\\/\\\/unstamps.org\\\/de\\\/#organization\"},\"potentialAction\":[{\"@type\":\"SearchAction\",\"target\":{\"@type\":\"EntryPoint\",\"urlTemplate\":\"https:\\\/\\\/unstamps.org\\\/de\\\/?s={search_term_string}\"},\"query-input\":{\"@type\":\"PropertyValueSpecification\",\"valueRequired\":true,\"valueName\":\"search_term_string\"}}],\"inLanguage\":\"de-DE\"},{\"@type\":\"Organization\",\"@id\":\"https:\\\/\\\/unstamps.org\\\/de\\\/#organization\",\"name\":\"UN Stamps\",\"url\":\"https:\\\/\\\/unstamps.org\\\/de\\\/\",\"logo\":{\"@type\":\"ImageObject\",\"inLanguage\":\"de-DE\",\"@id\":\"https:\\\/\\\/unstamps.org\\\/de\\\/#\\\/schema\\\/logo\\\/image\\\/\",\"url\":\"https:\\\/\\\/unstamps.org\\\/wp-content\\\/uploads\\\/2014\\\/01\\\/logo4web.jpg\",\"contentUrl\":\"https:\\\/\\\/unstamps.org\\\/wp-content\\\/uploads\\\/2014\\\/01\\\/logo4web.jpg\",\"width\":2500,\"height\":250,\"caption\":\"UN Stamps\"},\"image\":{\"@id\":\"https:\\\/\\\/unstamps.org\\\/de\\\/#\\\/schema\\\/logo\\\/image\\\/\"}}]}<\/script>\n<!-- \/ Yoast SEO plugin. -->","yoast_head_json":{"title":"Gef\u00e4hrdete Arten 2024 - UN Briefmarken","robots":{"index":"index","follow":"follow","max-snippet":"max-snippet:-1","max-image-preview":"max-image-preview:large","max-video-preview":"max-video-preview:-1"},"canonical":"https:\/\/unstamps.org\/de\/produkt\/gefahrdete-arten-2024\/","og_locale":"de_DE","og_type":"article","og_title":"Gef\u00e4hrdete Arten 2024 - UN Briefmarken","og_description":"Am 26. April 2024 setzt die Postverwaltung der Vereinten Nationen (UNPA) ihre Briefmarkenserie \u201e Gef\u00e4hrdeten Arten\u201d mit der Ausgabe von 12 Briefmarken fort. 2024 werden in der Briefmarkenreihe der Vereinten Nationen \u201eGef\u00e4hrdete Arten\u201c die unterschiedlichsten Tiere und Pflanzen dargestellt. Manche dieser Arten standen im Mittelpunkt der Beschl\u00fcsse der Vertragsparteien des \u00dcbereinkommens \u00fcber den internationalen Handel [&hellip;]","og_url":"https:\/\/unstamps.org\/de\/produkt\/gefahrdete-arten-2024\/","og_site_name":"UN Briefmarken","article_modified_time":"2026-01-09T16:56:05+00:00","og_image":[{"width":1024,"height":1024,"url":"https:\/\/unstamps.org\/wp-content\/uploads\/2024\/04\/ES24-MI-GROUP.jpg","type":"image\/jpeg"}],"twitter_card":"summary_large_image","twitter_misc":{"Gesch\u00e4tzte Lesezeit":"2 minutes"},"schema":{"@context":"https:\/\/schema.org","@graph":[{"@type":"WebPage","@id":"https:\/\/unstamps.org\/de\/produkt\/gefahrdete-arten-2024\/","url":"https:\/\/unstamps.org\/de\/produkt\/gefahrdete-arten-2024\/","name":"Gef\u00e4hrdete Arten 2024 - UN Briefmarken","isPartOf":{"@id":"https:\/\/unstamps.org\/de\/#website"},"primaryImageOfPage":{"@id":"https:\/\/unstamps.org\/de\/produkt\/gefahrdete-arten-2024\/#primaryimage"},"image":{"@id":"https:\/\/unstamps.org\/de\/produkt\/gefahrdete-arten-2024\/#primaryimage"},"thumbnailUrl":"https:\/\/unstamps.org\/wp-content\/uploads\/2024\/04\/ES24-MI-GROUP.jpg","datePublished":"2024-04-23T18:46:02+00:00","dateModified":"2026-01-09T16:56:05+00:00","breadcrumb":{"@id":"https:\/\/unstamps.org\/de\/produkt\/gefahrdete-arten-2024\/#breadcrumb"},"inLanguage":"de-DE","potentialAction":[{"@type":"ReadAction","target":["https:\/\/unstamps.org\/de\/produkt\/gefahrdete-arten-2024\/"]}]},{"@type":"ImageObject","inLanguage":"de-DE","@id":"https:\/\/unstamps.org\/de\/produkt\/gefahrdete-arten-2024\/#primaryimage","url":"https:\/\/unstamps.org\/wp-content\/uploads\/2024\/04\/ES24-MI-GROUP.jpg","contentUrl":"https:\/\/unstamps.org\/wp-content\/uploads\/2024\/04\/ES24-MI-GROUP.jpg","width":1024,"height":1024},{"@type":"BreadcrumbList","@id":"https:\/\/unstamps.org\/de\/produkt\/gefahrdete-arten-2024\/#breadcrumb","itemListElement":[{"@type":"ListItem","position":1,"name":"Home","item":"https:\/\/unstamps.org\/de\/"},{"@type":"ListItem","position":2,"name":"Produkte","item":"https:\/\/unstamps.org\/de\/produkte\/"},{"@type":"ListItem","position":3,"name":"Gef\u00e4hrdete Arten 2024"}]},{"@type":"WebSite","@id":"https:\/\/unstamps.org\/de\/#website","url":"https:\/\/unstamps.org\/de\/","name":"UN Stamps","description":"United Nations Stamps","publisher":{"@id":"https:\/\/unstamps.org\/de\/#organization"},"potentialAction":[{"@type":"SearchAction","target":{"@type":"EntryPoint","urlTemplate":"https:\/\/unstamps.org\/de\/?s={search_term_string}"},"query-input":{"@type":"PropertyValueSpecification","valueRequired":true,"valueName":"search_term_string"}}],"inLanguage":"de-DE"},{"@type":"Organization","@id":"https:\/\/unstamps.org\/de\/#organization","name":"UN Stamps","url":"https:\/\/unstamps.org\/de\/","logo":{"@type":"ImageObject","inLanguage":"de-DE","@id":"https:\/\/unstamps.org\/de\/#\/schema\/logo\/image\/","url":"https:\/\/unstamps.org\/wp-content\/uploads\/2014\/01\/logo4web.jpg","contentUrl":"https:\/\/unstamps.org\/wp-content\/uploads\/2014\/01\/logo4web.jpg","width":2500,"height":250,"caption":"UN Stamps"},"image":{"@id":"https:\/\/unstamps.org\/de\/#\/schema\/logo\/image\/"}}]}},"jetpack_sharing_enabled":true,"publishpress_future_action":{"enabled":false,"date":"2026-04-26 22:43:36","action":"change-status","newStatus":"private","terms":[],"taxonomy":"product_cat","extraData":[]},"publishpress_future_workflow_manual_trigger":{"enabledWorkflows":[]},"_links":{"self":[{"href":"https:\/\/unstamps.org\/de\/wp-json\/wp\/v2\/product\/184432","targetHints":{"allow":["GET"]}}],"collection":[{"href":"https:\/\/unstamps.org\/de\/wp-json\/wp\/v2\/product"}],"about":[{"href":"https:\/\/unstamps.org\/de\/wp-json\/wp\/v2\/types\/product"}],"replies":[{"embeddable":true,"href":"https:\/\/unstamps.org\/de\/wp-json\/wp\/v2\/comments?post=184432"}],"wp:featuredmedia":[{"embeddable":true,"href":"https:\/\/unstamps.org\/de\/wp-json\/wp\/v2\/media\/185005"}],"wp:attachment":[{"href":"https:\/\/unstamps.org\/de\/wp-json\/wp\/v2\/media?parent=184432"}],"wp:term":[{"taxonomy":"product_brand","embeddable":true,"href":"https:\/\/unstamps.org\/de\/wp-json\/wp\/v2\/product_brand?post=184432"},{"taxonomy":"product_cat","embeddable":true,"href":"https:\/\/unstamps.org\/de\/wp-json\/wp\/v2\/product_cat?post=184432"},{"taxonomy":"product_tag","embeddable":true,"href":"https:\/\/unstamps.org\/de\/wp-json\/wp\/v2\/product_tag?post=184432"}],"curies":[{"name":"wp","href":"https:\/\/api.w.org\/{rel}","templated":true}]}}