{"id":183582,"date":"2024-02-15T11:09:28","date_gmt":"2024-02-15T16:09:28","guid":{"rendered":"https:\/\/unstamps.org\/?post_type=product&#038;p=183582"},"modified":"2026-01-09T11:56:00","modified_gmt":"2026-01-09T16:56:00","slug":"personalized-stamps-wien-2024","status":"publish","type":"product","link":"https:\/\/unstamps.org\/de\/produkt\/personalized-stamps-wien-2024\/","title":{"rendered":"Personalized Stamps Wien 2024"},"content":{"rendered":"<p><strong>Post Verwaltung der Vereinten Nationen<\/strong><\/p>\n<p><strong>Benutzer-Vereinbarung<\/strong><\/p>\n<p>Nachstehend finden Sie die Bezeichnungen und Bedingungen, an die Sie als Anwender gebunden sind, wenn Sie Bilder auf elektronischem Weg an die Post Verwaltung der Vereinten Nationen(UNPA) \u00fcbermitteln mit dem Zweck, personalisierte Marken zu bestellen. Bitte lesen Sie sie sorgf\u00e4ltig vor der Bestellung Ihres Auftrags.<\/p>\n<p>Bitte beachten Sie, dass die gegenw\u00e4rtige Benutzer-Vereinbarung die Standard Gebrauchsvereinbarungen f\u00fcr Vereinte Nationen Webseiten inkludiert, welche auf [<em>please insert website address or create a link herein<\/em>] verf\u00fcgbar sind und dass, abgesehen von den mit der momentanen Benutzer-Vereinbarung ver\u00e4nderten Bedingungen Sie an die Standard Gebrauchsvereinbarungen und Bedingungen f\u00fcr Webseiten der Vereinten Nationen gebunden sind, wenn Sie die UNPA Webseite zum Zweck benutzen, personalisierte Marken zu bestellen.<\/p>\n<ol>\n<li><strong>Erlaubnis, ein Bild zu benutzen<\/strong>. Indem Sie Ihr Bild einreichen, geben Sie den Vereinten Nationen die Erlaubnis, Ihr Bild zu vervielf\u00e4ltigen und indem Sie das Bild eines Untergebenen oder Abh\u00e4ngigen einreichen, geben Sie den Vereinten Nationen die Erlaubnis, das Bild eines Untergebenen oder Abh\u00e4ngigen zu vervielf\u00e4ltigen.<\/li>\n<\/ol>\n<p>Sie stimmen zu, dass UNPA Ihre Daten und Ihr Bild als Datei \u00fcber einen Zeitraum von 90 Tagen nach dem Tag, an welchem Ihre personalisierten Marken von UNPA an Sie verschickt wurden, bereit gehalten werden k\u00f6nnen, f\u00fcr den Fall, dass Sie eine Neubestellung mit demselben Bild vornehmen wollen. Um eine Neubestellung Ihres Produkts durchzuf\u00fchren, senden Sie bitte eine e-mail-Nachricht an <a href=\"mailto:unpanyinquiries@un.org\">unpanyinquiries@un.org<\/a> f\u00fcr New York und <a href=\"mailto:UNPA-Europe@unvienna.org\">UNPA-Europe@unvienna.org<\/a> f\u00fcr Europa.<\/p>\n<p>UNPA wird Ihre personalisierten Informationen weder an Au\u00dfenstehende verkaufen, vermieten noch sonst wie weitergeben. Sie erhalten nur Informationen \u00fcber Produkte und Dienstleistungen von UNPA, wenn Sie Ihre Zustimmung erteilt haben.<\/p>\n<ol start=\"2\">\n<li><strong>Einreichung der Bilder <\/strong>. Die von UNPA f\u00fcr personalisierte Marken akzeptierten Bilder sind begrenzt auf Kopfaufnahmen von Induviduen und Bilder von Tieren oder Haustieren. W\u00f6rter und Texte die entweder neutral sind oder nichtoffensiv oder propagandaorientiert k\u00f6nnen als Teil der eingereichten Bilder inkludiert werden. Ein Bild, das drei Kopfbilder enth\u00e4lt, kann akzeptiert werden.<\/li>\n<\/ol>\n<ol start=\"3\">\n<li><strong>Benutzer Garantien<\/strong>. Sie vertreten und garantieren, dass Sie ein legales Recht haben, die auf die UNPA Webseite f\u00fcr die Bestellung von personalisierten Marken aufgeladenen Bilder zu benutzen, zu vervielf\u00e4ltigen, kopieren, darstellen und verteilen haben und dass Sie UNPA erlauben, jedes einzelne Bild, das Sie auf die UNPA Webseite geladen haben, zu reproduzieren, zu kopieren, darzustellen und auszudrucken, zum Zweck der Erf\u00fcllung Ihres Auftrags der personalisierten Marken (eingereichtes Bild) entweder in Form eines Copyright-Besitzers oder als Bevollm\u00e4chtigter, einschlie\u00dflich des rechtlichen Vormunds von Minderj\u00e4hrigen<\/li>\n<\/ol>\n<p>UNPA beh\u00e4lt sich das Recht vor, Sie um einen schriftlichen Beweis zu bitten, dass Sie \u00fcber das oben zitierte Recht verf\u00fcgen. Wenn es Ihnen nicht m\u00f6glich ist, den geforderten Beweis zu liefern, kann UNPA in eigenem Ermessen entscheiden, ob das von Ihnen eingereichte Bild verwendet wird oder nicht. UNPA beh\u00e4lt sich au\u00dferdem das Recht vor, Ihre personalisierten Marken nicht zu drucken, wenn das von Ihnen eingereichte Bild gem\u00e4\u00df dem Ermessen von UNPA inakzeptabel, unschicklich, ungeeignet oder aus welch immer Gr\u00fcnden anz\u00fcglich ist. Im Fall der genannten Gr\u00fcnde wird UNPA Ihnen das eingereichte Bild returnieren und Ihnen jegliche Zahlung, die Sie get\u00e4tigt haben, gem\u00e4\u00df dem untenstehenden Punkt 9 (&#8220;R\u00fcckverg\u00fctung&#8221;) , zur\u00fcckerstatten. Gem\u00e4\u00df dem untenstehenden Punkt 8 (&#8220;Beendigung&#8221;) kann UNPA, ohne vorherige Warnung, das Konto eines Benutzers suspendieren oder beenden, bei dem es scheint, als ob die geistigen Rechte von anderen verletzt w\u00fcrden und kann weitere Aktionen setzen, die UNPA erforderlich erscheinen.<\/p>\n<ol start=\"4\">\n<li><strong>Geistiges Eigentum<\/strong>. Alle Copyright und sonstigen geistigen Eigentumsrechte der von UNPA personalisierten Marken (abgesehen von dem eingereichten Bild) geh\u00f6ren den Vereinten Nationen. Sie d\u00fcrfen jegliches geistiges Eigentum der Vereinten Nationen weder vervielf\u00e4ltigen noch den Auftrag zur Vervielf\u00e4ltigung ohne die vorherige schriftliche Zustimmung von UNPA erteilen. Alle Anforderungen um die Erlaubnis zur Vervielf\u00e4ltigung oder sonstigen Verwendung jeglichen Materials der personalisierten UNPA Marken bzw. sonstigen auf der UNPA Webseite Ihnen zur Verf\u00fcgung gestellten Materials sollten an <a href=\"mailto:unpanyinquiries@un.org\">unpanyinquiries@un.org<\/a>. gerichtet werden.<\/li>\n<\/ol>\n<p>Sie haben nicht das Recht, ohne das Vorangegangene zu begrenzen oder davon abzuweichen oder in anderer Weise seine G\u00fcltigkeit einzuschr\u00e4nken, eine Copyright-Bemerkung oder ein Symbol oder eine andere Information oder Identifikation der Autorschaft jedweden Materials, das sich in den UNPA personalisierten Marken befindet oder Ihnen auf andere Weise auf der UNPA Webseite zur Verf\u00fcgung steht, zu \u00e4ndern oder zu entfernen.<\/p>\n<ol start=\"5\">\n<li><strong>Verwendung der personalisierten Marken.<\/strong> UNPA personalisierte Marken k\u00f6nnen als Porto f\u00fcr Briefsendungen verwendet und von UNPA B\u00fcros in New York, Genf oder Wien freigemacht (UN &#8211; Briefmarken k\u00f6nnen von keiner nationalen Poststelle freigemacht werden) oder gesammelt werden.<\/li>\n<\/ol>\n<ol start=\"6\">\n<li><strong>Garantie Widerruf &#8211; Begrenzung der Haftung <\/strong>SIE ANERKENNEN AUSDR\u00dcCKLICH UND STIMMEN DAMIT \u00dcBEREIN, DASS JEDER GEBRAUCH VON UNPA PERSONALISIERTEN MARKEN AUF IHR EIGENES RISIKO ERFOLGT.<\/li>\n<\/ol>\n<p>Sie ankerkennen weiters und stimmen damit \u00fcberein, dass die Qualit\u00e4t des fertigen Produkts abh\u00e4ngig ist von dem eingereichten Bild und dass Abweichungen in Farbe, Billdqualit\u00e4t und Position auftreten k\u00f6nnen. UNPA Personalisierte Marken werden &#8220;So Wie&#8221; ausgeliefert ohne Garantien jeglicher Art, entweder ausdr\u00fccklich oder angedeutet, beinhaltend aber nicht begrenzt auf Garantien bez\u00fcglich des Titels und der angedeuteten Verkaufsf\u00e4higkeit, der Bef\u00e4higung einem bestimmten Zweck zu dienen und der Nicht\u00fcbertretung.<\/p>\n<p>Auch wenn jede Anstrengung geleistet wird, dass personalisierte marken innerhalb von 10 Tagen von dem Erhalt ihrer Bestellung im Produktionszentrum der VEreinten Nationen, beinhaltend die UNPA, produziert und ausgeliefert werden, kann UNPA kann die Auslieferung innerhalb dieser Zeitspanne nicht garantieren und Auslieferungs-Verz\u00f6gerungen k\u00f6nnen gelegentlich auftreten. Wenn Sie w\u00fcnschen, die Personalisierten marken f\u00fcr eine spezielle Gelegenheit zu verwenden, stellen Sie bitte sicher, dass Ihre Bestellung fr\u00fch genug eintrifft, damit die Auslieferung rechtzeitig f\u00fcr Ihren Event erfolgen kann.<\/p>\n<p>Marken-Designs sind \u00c4nderungen ohne vorherige Warnung unterworfen. Preise k\u00f6nnen jederzeit Variieren und unterliegen dem alleinigen Ermessen von UNPA.<\/p>\n<ol start=\"7\">\n<li>Als eine Bedingung der Benutzung der UNPA Webseite f\u00fcr den Zweck der Bestellung und der Benutzung von UNPA personalisierten Marken stimmen Sie zu, die Vereinten Nation schad- und klaglos zu halten gegen\u00fcber jedweden und allen Aktionen, Forderungen, Verlusten, Besch\u00e4digungen, Haftungen und Ausgaben (einschlie\u00dflich angebrachter Rechtsanwaltsgeb\u00fchren), die Ihnen durch die Benutzung der UNPA Webseite aufgrund der Bestellung und Verwendung von UNPA personalisierten Marken entstehen, einschlie\u00dflich, ohne Begrenzung, jeglicher Forderungen aus der missbr\u00e4uchlichen Verwendung geistigen Eigentums sowie der nicht erlaubten Verwendung von Bildern oder Fotographien jeder Person oder Eigentums, sowie aller Forderungen bez\u00fcglich behaupteter Fakten, die, wenn wahr, Ihren Bruch der Verwendungs-Vereinbarung darstellen w\u00fcrden.<\/li>\n<\/ol>\n<ol start=\"8\">\n<li><strong>Beendigung: <\/strong>UNPA kann diese Benutzer-Vereinbarung jederzeit mit einer angebrachten schriftlichen Nachricht beenden. UNPA hat das Recht, die Benutzer-Vereinbarung oder Ihre Rechte, die UNPA Webseite oder die personalisierten Marken zu nutzen, schadlos von oder in einer anderen Weise das Vorhergehende einschr\u00e4nkend, aufgrund jedes Vorfalls zu beenden, mit dem von Ihrer Seite die Benutzer -Vereinbarung gebrochen wird.<\/li>\n<\/ol>\n<ol start=\"9\">\n<li><strong>R\u00fcckverg\u00fctung<\/strong>. Bei einer Beendigung dieser Benutzer-Vereinbarung von Seiten der Vereinten Nationen aus einem anderen Grund als dass Sie einen Bruch dieser Vereinbarung verursacht haben, wird UNPA Ihr Bild retournieren und jedwede Zahlung, die Sie an UNPA get\u00e4tigt haben, innerhalb von 90 Tagen nach der UNPA Entscheidung, dass man Ihre Bestellung nicht durchf\u00fchren w\u00fcrde, r\u00fcckverg\u00fcten.<\/li>\n<\/ol>\n<p>Bei einer Beschwerde bez\u00fcglich fertig gestellter personalisierter Marken senden Sie bitte ein e-mail <a href=\"mailto:unpanyinquiries@un.org\">unpanyinquiries@un.org<\/a> f\u00fcr New York und <a href=\"mailto:UNPA-Europe@unvienna.org\">UNPA-Europe@unvienna.org<\/a> f\u00fcr Europa. R\u00fcckverg\u00fctungen k\u00f6nnen nur gew\u00e4hrt werden, wenn (a) die Marken fehlerhaft oder besch\u00e4digt sind, (b) wenn der Beweis gef\u00fchrt wurde, dass der Schaden vor Auslieferung an Sie erfolgte und (c), wenn eine Beschwerde innerhalb von 30 Tagen nach Auslieferung erfolgte. Ein Auftrag wird weder r\u00fcckverg\u00fctet noch ersetzt, wenn das gedruckte Bild der personalisierten Marken von schlechter Qualit\u00e4t ist.<\/p>\n<ol start=\"10\">\n<li><strong>Beilegung von Streitf\u00e4llen<\/strong><\/li>\n<\/ol>\n<p><u>Einvernehmliche Einigung<\/u>: Beide Parteien der Benutzer-Vereinbarung werden gr\u00f6\u00dfte Anstrengungen unternehmen, jedweden Streit oder jede Kontroverse bzw. jede Forderung, die aus der Benutzer-Vereinbarung oder dem Bruch, der Beendigung oder der Ung\u00fcltigkeit derselben entsteht, einvernehmlich beizulegen. Wenn immer die Parteien eine solche einvernehmliche Einigung durch Schlichtung w\u00fcnschen, wird die Schlichtung im Einvernehmen mit den Schlichtungsrichtlinien, die zu dieser Zeit bei der Kommission der Vereinten Nationen zum Internationalen Handelsgesetz (&#8220;UNCITRAL&#8221;) g\u00fcltig sind, erfolgen oder aufgrund einer anderen Vorgangsweise, die zwischen beiden Parteien schriftlich festgelegt wird.<\/p>\n<p><u>Schlichtung<\/u>: Jedwede Streitigkeit, Kontorverse oder Forderung zwischen den Parteien aufgrund der Benutzer-Vereinbarung oder des Bruchs dieser Vereinbarung, der Beendigung und aufgrund dessen deren Ung\u00fcltigkeit, wird, abgesehen von einer einvernehmlichen Einigung gem\u00e4\u00df dem vorherigen Absatz, innerhalb von 60 Tagen nach Erhalt einer solchen schriftlichen Forderung bez\u00fcglich einer einvernehmlichen Einigung einer Partei an die andere von welcher Partei auch immer zur Schlichtung in \u00dcbereinstimmung mit den dann g\u00fcltigen UNCITRAL Richtlinien verwiesen. Die Entscheidungen des Schlichtungstribunals basieren auf den allgemeinen Grunds\u00e4tzen des internationalen Handelsrechts. Das Schlichtungstribunal kann die R\u00fcckf\u00fchrung oder Zerst\u00f6rung von Waren oder jedweden Eigentums, ob fassbar oder nicht fassbar, anordnen oder von jedweder Information, die auf der Basis der Benutzer-Vereinbarung gegeben wurde, kann die Beendigung der Benutzer-Vereinbarung anordnen oder andere Ma\u00dfnahmen vorsehen, die erforderlich erscheinen, alles im Einklang mit der Autorit\u00e4t des Schlichtungstribunals gem\u00e4\u00df Artikel 26 (&#8221; \u00dcbergangsma\u00dfnahmen&#8221;) und Artikel 34 (&#8220;Form und Wirkung der Entsch\u00e4digung&#8221;) der UNCITRAL Schlichtungsregeln. Das Schlichtungstribunal hat keine Befugnis, versch\u00e4rften Schadensersatz anzuordnen. Zus\u00e4tzlich hat das Schlichtungstribunal, es sei denn, es w\u00e4re expressis verbis in dieser Benutzer-Vereinbarung dargestellt, keine Befugnis, zuerst einen Zinssatz \u00fcber dem zu dieser Zeit von der Londoner Interbank gebotenen Satz zu gew\u00e4hren (&#8220;LIBOR&#8221;) und dies danach in einen einfachen Zinssatz umzuwandeln. Die Parteien sind an jede Schlichtungsentscheidung gebunden, die eine solche Schlichtung als endg\u00fcltiges Urteil in einem Streitfall, einer Kontroverse oder einer Beschwerde herbeif\u00fchrt.<\/p>\n<ol start=\"11\">\n<li><strong>Bewahrung der Immunit\u00e4t<\/strong>.&nbsp;Nichts, das in der Benutzer-Vereinbarung enthalten oder damit verbunden ist, kann explizit oder angedeutet als Verzichtserkl\u00e4rung bez\u00fcglich der Grunds\u00e4tze und Immunit\u00e4ten der Vereinten Nationen einschlie\u00dflich ihrer Tochterorganisationen, die speziell gesch\u00fctzt sind, gelten.<\/li>\n<\/ol>\n<ol start=\"12\">\n<li><strong>Gesamte Vereinbarung <\/strong>Diese Benutzer-Vereinbarung, die standardisierten Nutzungsbedingungen der Webseiten der Vereinten Nationen und alle Richtlinien der Vereinten Nationen einschlie\u00dflich jener der UNPA in Verbindung mit Ihrer Benutzung der UNPA-Webseite inklusive der personalisierten Marken , stellen die gesamte Vereinbarung und das Einverst\u00e4ndnis zwischen den Vereinten Nationen und Ihnen im Einklang mit dem Gegenstand dieser Vereinbarung dar und ersetzen alle fr\u00fcheren schriftlichen oder m\u00fcndlichen Vereinbarungen zu diesem Thema.<\/li>\n<\/ol>\n<ol start=\"13\">\n<li><strong>Sonstiges<\/strong>. Die Absatz-\u00dcberschriften, die in diesem Text verwendet wurden, dienen der Annehmlichkeit des Textes und haben keine rechtliche Bedeutung.<\/li>\n<\/ol>\n<p>Die Vorgaben der Punkte 4 (&#8220;Geistiges Eigentum&#8221;), 6 (, 6 (\u201cGarantie Widerruf &#8211; Begrenzung der Haftung&#8221;), 7 (\u201cWiedergutmachung\u201d), 10 (\u201cBeilegung von Streitf\u00e4llen\u201d), 11 (\u201cBewahrung der Immunit\u00e4t\u201d), 12 (\u201cGesamte Vereinbarung\u201d) und 13 (\u201cSonstiges\u201d) m\u00fcssen jede Beendigung dieser Benutzer-Vereinbarung \u00fcberleben.<\/p>\n","protected":false},"excerpt":{"rendered":"<p>Post Verwaltung der Vereinten Nationen Benutzer-Vereinbarung Nachstehend finden Sie die Bezeichnungen und Bedingungen, an die Sie als Anwender gebunden sind, wenn Sie Bilder auf elektronischem Weg an die Post Verwaltung der Vereinten Nationen(UNPA) \u00fcbermitteln mit dem Zweck, personalisierte Marken zu bestellen. Bitte lesen Sie sie sorgf\u00e4ltig vor der Bestellung Ihres Auftrags. Bitte beachten Sie, dass [&hellip;]<\/p>\n","protected":false},"featured_media":158732,"comment_status":"closed","ping_status":"closed","template":"","meta":{"ngg_post_thumbnail":0},"product_brand":[],"product_cat":[163],"product_tag":[],"class_list":{"0":"post-183582","1":"product","2":"type-product","3":"status-publish","4":"has-post-thumbnail","6":"product_cat-personalisierte-bogen","8":"first","9":"instock","10":"shipping-taxable","11":"purchasable","12":"product-type-simple"},"yoast_head":"<!-- This site is optimized with the Yoast SEO plugin v27.3 - https:\/\/yoast.com\/product\/yoast-seo-wordpress\/ -->\n<title>Personalized Stamps Wien 2024 - UN Briefmarken<\/title>\n<meta name=\"robots\" content=\"index, follow, max-snippet:-1, max-image-preview:large, max-video-preview:-1\" \/>\n<link rel=\"canonical\" href=\"https:\/\/unstamps.org\/de\/produkt\/personalized-stamps-wien-2024\/\" \/>\n<meta property=\"og:locale\" content=\"de_DE\" \/>\n<meta property=\"og:type\" content=\"article\" \/>\n<meta property=\"og:title\" content=\"Personalized Stamps Wien 2024 - UN Briefmarken\" \/>\n<meta property=\"og:description\" content=\"Post Verwaltung der Vereinten Nationen Benutzer-Vereinbarung Nachstehend finden Sie die Bezeichnungen und Bedingungen, an die Sie als Anwender gebunden sind, wenn Sie Bilder auf elektronischem Weg an die Post Verwaltung der Vereinten Nationen(UNPA) \u00fcbermitteln mit dem Zweck, personalisierte Marken zu bestellen. Bitte lesen Sie sie sorgf\u00e4ltig vor der Bestellung Ihres Auftrags. Bitte beachten Sie, dass [&hellip;]\" \/>\n<meta property=\"og:url\" content=\"https:\/\/unstamps.org\/de\/produkt\/personalized-stamps-wien-2024\/\" \/>\n<meta property=\"og:site_name\" content=\"UN Briefmarken\" \/>\n<meta property=\"article:modified_time\" content=\"2026-01-09T16:56:00+00:00\" \/>\n<meta property=\"og:image\" content=\"https:\/\/unstamps.org\/wp-content\/uploads\/2015\/08\/personalized.png\" \/>\n\t<meta property=\"og:image:width\" content=\"566\" \/>\n\t<meta property=\"og:image:height\" content=\"311\" \/>\n\t<meta property=\"og:image:type\" content=\"image\/png\" \/>\n<meta name=\"twitter:card\" content=\"summary_large_image\" \/>\n<meta name=\"twitter:label1\" content=\"Gesch\u00e4tzte Lesezeit\" \/>\n\t<meta name=\"twitter:data1\" content=\"8 minutes\" \/>\n<script type=\"application\/ld+json\" class=\"yoast-schema-graph\">{\"@context\":\"https:\\\/\\\/schema.org\",\"@graph\":[{\"@type\":\"WebPage\",\"@id\":\"https:\\\/\\\/unstamps.org\\\/de\\\/produkt\\\/personalized-stamps-wien-2024\\\/\",\"url\":\"https:\\\/\\\/unstamps.org\\\/de\\\/produkt\\\/personalized-stamps-wien-2024\\\/\",\"name\":\"Personalized Stamps Wien 2024 - UN Briefmarken\",\"isPartOf\":{\"@id\":\"https:\\\/\\\/unstamps.org\\\/de\\\/#website\"},\"primaryImageOfPage\":{\"@id\":\"https:\\\/\\\/unstamps.org\\\/de\\\/produkt\\\/personalized-stamps-wien-2024\\\/#primaryimage\"},\"image\":{\"@id\":\"https:\\\/\\\/unstamps.org\\\/de\\\/produkt\\\/personalized-stamps-wien-2024\\\/#primaryimage\"},\"thumbnailUrl\":\"https:\\\/\\\/unstamps.org\\\/wp-content\\\/uploads\\\/2015\\\/08\\\/personalized.png\",\"datePublished\":\"2024-02-15T16:09:28+00:00\",\"dateModified\":\"2026-01-09T16:56:00+00:00\",\"breadcrumb\":{\"@id\":\"https:\\\/\\\/unstamps.org\\\/de\\\/produkt\\\/personalized-stamps-wien-2024\\\/#breadcrumb\"},\"inLanguage\":\"de-DE\",\"potentialAction\":[{\"@type\":\"ReadAction\",\"target\":[\"https:\\\/\\\/unstamps.org\\\/de\\\/produkt\\\/personalized-stamps-wien-2024\\\/\"]}]},{\"@type\":\"ImageObject\",\"inLanguage\":\"de-DE\",\"@id\":\"https:\\\/\\\/unstamps.org\\\/de\\\/produkt\\\/personalized-stamps-wien-2024\\\/#primaryimage\",\"url\":\"https:\\\/\\\/unstamps.org\\\/wp-content\\\/uploads\\\/2015\\\/08\\\/personalized.png\",\"contentUrl\":\"https:\\\/\\\/unstamps.org\\\/wp-content\\\/uploads\\\/2015\\\/08\\\/personalized.png\",\"width\":566,\"height\":311},{\"@type\":\"BreadcrumbList\",\"@id\":\"https:\\\/\\\/unstamps.org\\\/de\\\/produkt\\\/personalized-stamps-wien-2024\\\/#breadcrumb\",\"itemListElement\":[{\"@type\":\"ListItem\",\"position\":1,\"name\":\"Home\",\"item\":\"https:\\\/\\\/unstamps.org\\\/de\\\/\"},{\"@type\":\"ListItem\",\"position\":2,\"name\":\"Produkte\",\"item\":\"https:\\\/\\\/unstamps.org\\\/de\\\/produkte\\\/\"},{\"@type\":\"ListItem\",\"position\":3,\"name\":\"Personalized Stamps Wien 2024\"}]},{\"@type\":\"WebSite\",\"@id\":\"https:\\\/\\\/unstamps.org\\\/de\\\/#website\",\"url\":\"https:\\\/\\\/unstamps.org\\\/de\\\/\",\"name\":\"UN Stamps\",\"description\":\"United Nations Stamps\",\"publisher\":{\"@id\":\"https:\\\/\\\/unstamps.org\\\/de\\\/#organization\"},\"potentialAction\":[{\"@type\":\"SearchAction\",\"target\":{\"@type\":\"EntryPoint\",\"urlTemplate\":\"https:\\\/\\\/unstamps.org\\\/de\\\/?s={search_term_string}\"},\"query-input\":{\"@type\":\"PropertyValueSpecification\",\"valueRequired\":true,\"valueName\":\"search_term_string\"}}],\"inLanguage\":\"de-DE\"},{\"@type\":\"Organization\",\"@id\":\"https:\\\/\\\/unstamps.org\\\/de\\\/#organization\",\"name\":\"UN Stamps\",\"url\":\"https:\\\/\\\/unstamps.org\\\/de\\\/\",\"logo\":{\"@type\":\"ImageObject\",\"inLanguage\":\"de-DE\",\"@id\":\"https:\\\/\\\/unstamps.org\\\/de\\\/#\\\/schema\\\/logo\\\/image\\\/\",\"url\":\"https:\\\/\\\/unstamps.org\\\/wp-content\\\/uploads\\\/2014\\\/01\\\/logo4web.jpg\",\"contentUrl\":\"https:\\\/\\\/unstamps.org\\\/wp-content\\\/uploads\\\/2014\\\/01\\\/logo4web.jpg\",\"width\":2500,\"height\":250,\"caption\":\"UN Stamps\"},\"image\":{\"@id\":\"https:\\\/\\\/unstamps.org\\\/de\\\/#\\\/schema\\\/logo\\\/image\\\/\"}}]}<\/script>\n<!-- \/ Yoast SEO plugin. -->","yoast_head_json":{"title":"Personalized Stamps Wien 2024 - UN Briefmarken","robots":{"index":"index","follow":"follow","max-snippet":"max-snippet:-1","max-image-preview":"max-image-preview:large","max-video-preview":"max-video-preview:-1"},"canonical":"https:\/\/unstamps.org\/de\/produkt\/personalized-stamps-wien-2024\/","og_locale":"de_DE","og_type":"article","og_title":"Personalized Stamps Wien 2024 - UN Briefmarken","og_description":"Post Verwaltung der Vereinten Nationen Benutzer-Vereinbarung Nachstehend finden Sie die Bezeichnungen und Bedingungen, an die Sie als Anwender gebunden sind, wenn Sie Bilder auf elektronischem Weg an die Post Verwaltung der Vereinten Nationen(UNPA) \u00fcbermitteln mit dem Zweck, personalisierte Marken zu bestellen. Bitte lesen Sie sie sorgf\u00e4ltig vor der Bestellung Ihres Auftrags. Bitte beachten Sie, dass [&hellip;]","og_url":"https:\/\/unstamps.org\/de\/produkt\/personalized-stamps-wien-2024\/","og_site_name":"UN Briefmarken","article_modified_time":"2026-01-09T16:56:00+00:00","og_image":[{"width":566,"height":311,"url":"https:\/\/unstamps.org\/wp-content\/uploads\/2015\/08\/personalized.png","type":"image\/png"}],"twitter_card":"summary_large_image","twitter_misc":{"Gesch\u00e4tzte Lesezeit":"8 minutes"},"schema":{"@context":"https:\/\/schema.org","@graph":[{"@type":"WebPage","@id":"https:\/\/unstamps.org\/de\/produkt\/personalized-stamps-wien-2024\/","url":"https:\/\/unstamps.org\/de\/produkt\/personalized-stamps-wien-2024\/","name":"Personalized Stamps Wien 2024 - UN Briefmarken","isPartOf":{"@id":"https:\/\/unstamps.org\/de\/#website"},"primaryImageOfPage":{"@id":"https:\/\/unstamps.org\/de\/produkt\/personalized-stamps-wien-2024\/#primaryimage"},"image":{"@id":"https:\/\/unstamps.org\/de\/produkt\/personalized-stamps-wien-2024\/#primaryimage"},"thumbnailUrl":"https:\/\/unstamps.org\/wp-content\/uploads\/2015\/08\/personalized.png","datePublished":"2024-02-15T16:09:28+00:00","dateModified":"2026-01-09T16:56:00+00:00","breadcrumb":{"@id":"https:\/\/unstamps.org\/de\/produkt\/personalized-stamps-wien-2024\/#breadcrumb"},"inLanguage":"de-DE","potentialAction":[{"@type":"ReadAction","target":["https:\/\/unstamps.org\/de\/produkt\/personalized-stamps-wien-2024\/"]}]},{"@type":"ImageObject","inLanguage":"de-DE","@id":"https:\/\/unstamps.org\/de\/produkt\/personalized-stamps-wien-2024\/#primaryimage","url":"https:\/\/unstamps.org\/wp-content\/uploads\/2015\/08\/personalized.png","contentUrl":"https:\/\/unstamps.org\/wp-content\/uploads\/2015\/08\/personalized.png","width":566,"height":311},{"@type":"BreadcrumbList","@id":"https:\/\/unstamps.org\/de\/produkt\/personalized-stamps-wien-2024\/#breadcrumb","itemListElement":[{"@type":"ListItem","position":1,"name":"Home","item":"https:\/\/unstamps.org\/de\/"},{"@type":"ListItem","position":2,"name":"Produkte","item":"https:\/\/unstamps.org\/de\/produkte\/"},{"@type":"ListItem","position":3,"name":"Personalized Stamps Wien 2024"}]},{"@type":"WebSite","@id":"https:\/\/unstamps.org\/de\/#website","url":"https:\/\/unstamps.org\/de\/","name":"UN Stamps","description":"United Nations Stamps","publisher":{"@id":"https:\/\/unstamps.org\/de\/#organization"},"potentialAction":[{"@type":"SearchAction","target":{"@type":"EntryPoint","urlTemplate":"https:\/\/unstamps.org\/de\/?s={search_term_string}"},"query-input":{"@type":"PropertyValueSpecification","valueRequired":true,"valueName":"search_term_string"}}],"inLanguage":"de-DE"},{"@type":"Organization","@id":"https:\/\/unstamps.org\/de\/#organization","name":"UN Stamps","url":"https:\/\/unstamps.org\/de\/","logo":{"@type":"ImageObject","inLanguage":"de-DE","@id":"https:\/\/unstamps.org\/de\/#\/schema\/logo\/image\/","url":"https:\/\/unstamps.org\/wp-content\/uploads\/2014\/01\/logo4web.jpg","contentUrl":"https:\/\/unstamps.org\/wp-content\/uploads\/2014\/01\/logo4web.jpg","width":2500,"height":250,"caption":"UN Stamps"},"image":{"@id":"https:\/\/unstamps.org\/de\/#\/schema\/logo\/image\/"}}]}},"jetpack_sharing_enabled":true,"publishpress_future_action":{"enabled":false,"date":"2026-04-10 21:33:19","action":"change-status","newStatus":"private","terms":[],"taxonomy":"product_cat","extraData":[]},"publishpress_future_workflow_manual_trigger":{"enabledWorkflows":[]},"_links":{"self":[{"href":"https:\/\/unstamps.org\/de\/wp-json\/wp\/v2\/product\/183582","targetHints":{"allow":["GET"]}}],"collection":[{"href":"https:\/\/unstamps.org\/de\/wp-json\/wp\/v2\/product"}],"about":[{"href":"https:\/\/unstamps.org\/de\/wp-json\/wp\/v2\/types\/product"}],"replies":[{"embeddable":true,"href":"https:\/\/unstamps.org\/de\/wp-json\/wp\/v2\/comments?post=183582"}],"wp:featuredmedia":[{"embeddable":true,"href":"https:\/\/unstamps.org\/de\/wp-json\/wp\/v2\/media\/158732"}],"wp:attachment":[{"href":"https:\/\/unstamps.org\/de\/wp-json\/wp\/v2\/media?parent=183582"}],"wp:term":[{"taxonomy":"product_brand","embeddable":true,"href":"https:\/\/unstamps.org\/de\/wp-json\/wp\/v2\/product_brand?post=183582"},{"taxonomy":"product_cat","embeddable":true,"href":"https:\/\/unstamps.org\/de\/wp-json\/wp\/v2\/product_cat?post=183582"},{"taxonomy":"product_tag","embeddable":true,"href":"https:\/\/unstamps.org\/de\/wp-json\/wp\/v2\/product_tag?post=183582"}],"curies":[{"name":"wp","href":"https:\/\/api.w.org\/{rel}","templated":true}]}}