{"id":180125,"date":"2023-11-06T11:10:24","date_gmt":"2023-11-06T16:11:36","guid":{"rendered":"https:\/\/unstamps.org\/?post_type=product&#038;p=180125"},"modified":"2026-01-09T11:58:31","modified_gmt":"2026-01-09T16:58:31","slug":"marie-curie-ge-dauermarke-chf-230","status":"publish","type":"product","link":"https:\/\/unstamps.org\/de\/produkt\/marie-curie-ge-dauermarke-chf-230\/","title":{"rendered":"Marie Curie \u2013 GE Dauermarke \u2013 CHF 2,30"},"content":{"rendered":"<p>Am 7. November 2023 gibt die UNO-Postverwaltung zu Ehren von Marie Curie eine Briefmarke im Wert von CHF 2,30 heraus. Das Zitat auf der Briefmarke, das in franz\u00f6sischer Sprache ist, lautet wie folgt:<\/p>\n<p>\t\t   \u201eNichts im Leben ist zu f\u00fcrchten, es ist nur zu verstehen&#8221; <\/p>\n<p>Die Briefmarke im Wert von CHF 2,30 ist Teil einer Dauermarkenserie, die von Martin M\u00f6rck (Norwegen) illustriert wurde.<\/p>\n<p>Marie Curie ist vor allem f\u00fcr ihre bahnbrechende Forschung auf dem Gebiet der Radioaktivit\u00e4t und ihre Entdeckung von zwei Elementen, Polonium und Radium, bekannt. Sie war die erste Frau, die einen Nobelpreis gewann, die erste Person, die zwei Mal einen Nobelpreis gewann, und die einzige Person, die einen Nobelpreis in zwei wissenschaftlichen Bereichen gewann.   <\/p>\n<p>Sie wurde am 7. November 1867 als Marya Sk\u0142odowska in Warschau, Polen, als j\u00fcngstes von f\u00fcnf Kindern geboren. Trotz der Armut ihrer Familie und des begrenzten Zugangs zu wissenschaftlicher Bildung, kombiniert mit der Tatsache, dass sie eine Frau war, \u00fcberwand Marie viele Hindernisse, um ihrer Leidenschaft und ihrer wissenschaftlichen Karriere nachzugehen.<\/p>\n<p>1891 ging sie nach Paris, um an der Sorbonne Physik und Mathematik zu studieren. Dort lernte sie Pierre Curie kennen, Professor an der Fakult\u00e4t f\u00fcr Physik, wo sie gemeinsam Radioaktivit\u00e4t untersuchten und forschten. Sie heirateten 1895. <\/p>\n<p>1903 erhielten Marie und Pierre Curie zusammen mit Henri Becquerel den Nobelpreis f\u00fcr Physik f\u00fcr ihre gemeinsame, wenn auch getrennte Arbeit \u00fcber Radioaktivit\u00e4t, ein Begriff, den Curie selbst pr\u00e4gte. Im selben Jahr promovierte Marie in Physik. Nach dem Tod ihres Mannes 1906 \u00fcbernahm sie dessen Professur an der Sorbonne und wurde damit die erste Professorin des Institutes.<\/p>\n<p>1911 erhielt Marie Curie einen zweiten Nobelpreis f\u00fcr Chemie (zusammen mit ihrem Mann) f\u00fcr ihre Entdeckung von zwei neuen Elementen: Polonium (benannt nach ihrer Heimat) und Radium. <\/p>\n<p>Marie Curies Forschung legte den Grundstein f\u00fcr die moderne Nuklearwissenschaft, von R\u00f6ntgenstrahlen bis zur Strahlentherapie zur Behandlung von Krebs. Sie zeichnete sich nicht nur durch ihr brillantes Talent und ihr Engagement aus, sondern auch durch die Inspiration von Frauen und M\u00e4dchen in der Wissenschaft.<\/p>\n<p><strong>Ausgabedatum:<\/strong> 7. November 2023<br \/>\n<strong>K\u00fcnstler:<\/strong> Martin M\u00f6rck (Norwegen)<br \/>\n<strong>Entwurf:<\/strong>Rorie Katz (Vereinte Nationen)<br \/>\n<strong>Nennwert:<\/strong> CHF 2,30<br \/>\n<strong>Format der Marken:<\/strong> 50mm x 35mm<br \/>\n<strong>Marken pro Bogen: <\/strong>20<br \/>\n<strong>Druck:<\/strong> Joh Ensched\u00e9 Stamps BV (Niederlande)<br \/>\n<strong>Druckverfahren:<\/strong> Offset Lithographie mit Duotone<br \/>\n<strong>Z\u00e4hnung:<\/strong> 14 x 14 \u00bc<br \/>\n<strong>Menge der Briefmarken:\u00a0<\/strong>9.000 Bogen (180.000 Briefmarken)<\/p>\n","protected":false},"excerpt":{"rendered":"<p>Am 7. November 2023 gibt die UNO-Postverwaltung zu Ehren von Marie Curie eine Briefmarke im Wert von CHF 2,30 heraus. Das Zitat auf der Briefmarke, das in franz\u00f6sischer Sprache ist, lautet wie folgt: \u201eNichts im Leben ist zu f\u00fcrchten, es ist nur zu verstehen&#8221; Die Briefmarke im Wert von CHF 2,30 ist Teil einer Dauermarkenserie, [&hellip;]<\/p>\n","protected":false},"featured_media":180217,"comment_status":"closed","ping_status":"closed","template":"","meta":{"ngg_post_thumbnail":0},"product_brand":[],"product_cat":[2933,154,211,115],"product_tag":[],"class_list":{"0":"post-180125","1":"product","2":"type-product","3":"status-publish","4":"has-post-thumbnail","6":"product_cat-2023-de","7":"product_cat-dauermarken","8":"product_cat-einzeln","9":"product_cat-genf","10":"pa_condition-cancelled","11":"pa_condition-mint-de","13":"first","14":"instock","15":"shipping-taxable","16":"purchasable","17":"product-type-variable"},"yoast_head":"<!-- This site is optimized with the Yoast SEO plugin v27.3 - https:\/\/yoast.com\/product\/yoast-seo-wordpress\/ -->\n<title>Marie Curie \u2013 GE Dauermarke \u2013 CHF 2,30 - UN Briefmarken<\/title>\n<meta name=\"robots\" content=\"index, follow, max-snippet:-1, max-image-preview:large, max-video-preview:-1\" \/>\n<link rel=\"canonical\" href=\"https:\/\/unstamps.org\/de\/produkt\/marie-curie-ge-dauermarke-chf-230\/\" \/>\n<meta property=\"og:locale\" content=\"de_DE\" \/>\n<meta property=\"og:type\" content=\"article\" \/>\n<meta property=\"og:title\" content=\"Marie Curie \u2013 GE Dauermarke \u2013 CHF 2,30 - UN Briefmarken\" \/>\n<meta property=\"og:description\" content=\"Am 7. November 2023 gibt die UNO-Postverwaltung zu Ehren von Marie Curie eine Briefmarke im Wert von CHF 2,30 heraus. Das Zitat auf der Briefmarke, das in franz\u00f6sischer Sprache ist, lautet wie folgt: \u201eNichts im Leben ist zu f\u00fcrchten, es ist nur zu verstehen&#8221; Die Briefmarke im Wert von CHF 2,30 ist Teil einer Dauermarkenserie, [&hellip;]\" \/>\n<meta property=\"og:url\" content=\"https:\/\/unstamps.org\/de\/produkt\/marie-curie-ge-dauermarke-chf-230\/\" \/>\n<meta property=\"og:site_name\" content=\"UN Briefmarken\" \/>\n<meta property=\"article:modified_time\" content=\"2026-01-09T16:58:31+00:00\" \/>\n<meta property=\"og:image\" content=\"https:\/\/unstamps.org\/wp-content\/uploads\/2023\/11\/Curie-Web-Single.jpg\" \/>\n\t<meta property=\"og:image:width\" content=\"1024\" \/>\n\t<meta property=\"og:image:height\" content=\"1024\" \/>\n\t<meta property=\"og:image:type\" content=\"image\/jpeg\" \/>\n<meta name=\"twitter:card\" content=\"summary_large_image\" \/>\n<meta name=\"twitter:label1\" content=\"Gesch\u00e4tzte Lesezeit\" \/>\n\t<meta name=\"twitter:data1\" content=\"2 minutes\" \/>\n<script type=\"application\/ld+json\" class=\"yoast-schema-graph\">{\"@context\":\"https:\\\/\\\/schema.org\",\"@graph\":[{\"@type\":\"WebPage\",\"@id\":\"https:\\\/\\\/unstamps.org\\\/de\\\/produkt\\\/marie-curie-ge-dauermarke-chf-230\\\/\",\"url\":\"https:\\\/\\\/unstamps.org\\\/de\\\/produkt\\\/marie-curie-ge-dauermarke-chf-230\\\/\",\"name\":\"Marie Curie \u2013 GE Dauermarke \u2013 CHF 2,30 - UN Briefmarken\",\"isPartOf\":{\"@id\":\"https:\\\/\\\/unstamps.org\\\/de\\\/#website\"},\"primaryImageOfPage\":{\"@id\":\"https:\\\/\\\/unstamps.org\\\/de\\\/produkt\\\/marie-curie-ge-dauermarke-chf-230\\\/#primaryimage\"},\"image\":{\"@id\":\"https:\\\/\\\/unstamps.org\\\/de\\\/produkt\\\/marie-curie-ge-dauermarke-chf-230\\\/#primaryimage\"},\"thumbnailUrl\":\"https:\\\/\\\/unstamps.org\\\/wp-content\\\/uploads\\\/2023\\\/11\\\/Curie-Web-Single.jpg\",\"datePublished\":\"2023-11-06T16:11:36+00:00\",\"dateModified\":\"2026-01-09T16:58:31+00:00\",\"breadcrumb\":{\"@id\":\"https:\\\/\\\/unstamps.org\\\/de\\\/produkt\\\/marie-curie-ge-dauermarke-chf-230\\\/#breadcrumb\"},\"inLanguage\":\"de-DE\",\"potentialAction\":[{\"@type\":\"ReadAction\",\"target\":[\"https:\\\/\\\/unstamps.org\\\/de\\\/produkt\\\/marie-curie-ge-dauermarke-chf-230\\\/\"]}]},{\"@type\":\"ImageObject\",\"inLanguage\":\"de-DE\",\"@id\":\"https:\\\/\\\/unstamps.org\\\/de\\\/produkt\\\/marie-curie-ge-dauermarke-chf-230\\\/#primaryimage\",\"url\":\"https:\\\/\\\/unstamps.org\\\/wp-content\\\/uploads\\\/2023\\\/11\\\/Curie-Web-Single.jpg\",\"contentUrl\":\"https:\\\/\\\/unstamps.org\\\/wp-content\\\/uploads\\\/2023\\\/11\\\/Curie-Web-Single.jpg\",\"width\":1024,\"height\":1024},{\"@type\":\"BreadcrumbList\",\"@id\":\"https:\\\/\\\/unstamps.org\\\/de\\\/produkt\\\/marie-curie-ge-dauermarke-chf-230\\\/#breadcrumb\",\"itemListElement\":[{\"@type\":\"ListItem\",\"position\":1,\"name\":\"Home\",\"item\":\"https:\\\/\\\/unstamps.org\\\/de\\\/\"},{\"@type\":\"ListItem\",\"position\":2,\"name\":\"Produkte\",\"item\":\"https:\\\/\\\/unstamps.org\\\/de\\\/produkte\\\/\"},{\"@type\":\"ListItem\",\"position\":3,\"name\":\"Marie Curie \u2013 GE Dauermarke \u2013 CHF 2,30\"}]},{\"@type\":\"WebSite\",\"@id\":\"https:\\\/\\\/unstamps.org\\\/de\\\/#website\",\"url\":\"https:\\\/\\\/unstamps.org\\\/de\\\/\",\"name\":\"UN Stamps\",\"description\":\"United Nations Stamps\",\"publisher\":{\"@id\":\"https:\\\/\\\/unstamps.org\\\/de\\\/#organization\"},\"potentialAction\":[{\"@type\":\"SearchAction\",\"target\":{\"@type\":\"EntryPoint\",\"urlTemplate\":\"https:\\\/\\\/unstamps.org\\\/de\\\/?s={search_term_string}\"},\"query-input\":{\"@type\":\"PropertyValueSpecification\",\"valueRequired\":true,\"valueName\":\"search_term_string\"}}],\"inLanguage\":\"de-DE\"},{\"@type\":\"Organization\",\"@id\":\"https:\\\/\\\/unstamps.org\\\/de\\\/#organization\",\"name\":\"UN Stamps\",\"url\":\"https:\\\/\\\/unstamps.org\\\/de\\\/\",\"logo\":{\"@type\":\"ImageObject\",\"inLanguage\":\"de-DE\",\"@id\":\"https:\\\/\\\/unstamps.org\\\/de\\\/#\\\/schema\\\/logo\\\/image\\\/\",\"url\":\"https:\\\/\\\/unstamps.org\\\/wp-content\\\/uploads\\\/2014\\\/01\\\/logo4web.jpg\",\"contentUrl\":\"https:\\\/\\\/unstamps.org\\\/wp-content\\\/uploads\\\/2014\\\/01\\\/logo4web.jpg\",\"width\":2500,\"height\":250,\"caption\":\"UN Stamps\"},\"image\":{\"@id\":\"https:\\\/\\\/unstamps.org\\\/de\\\/#\\\/schema\\\/logo\\\/image\\\/\"}}]}<\/script>\n<!-- \/ Yoast SEO plugin. -->","yoast_head_json":{"title":"Marie Curie \u2013 GE Dauermarke \u2013 CHF 2,30 - UN Briefmarken","robots":{"index":"index","follow":"follow","max-snippet":"max-snippet:-1","max-image-preview":"max-image-preview:large","max-video-preview":"max-video-preview:-1"},"canonical":"https:\/\/unstamps.org\/de\/produkt\/marie-curie-ge-dauermarke-chf-230\/","og_locale":"de_DE","og_type":"article","og_title":"Marie Curie \u2013 GE Dauermarke \u2013 CHF 2,30 - UN Briefmarken","og_description":"Am 7. November 2023 gibt die UNO-Postverwaltung zu Ehren von Marie Curie eine Briefmarke im Wert von CHF 2,30 heraus. Das Zitat auf der Briefmarke, das in franz\u00f6sischer Sprache ist, lautet wie folgt: \u201eNichts im Leben ist zu f\u00fcrchten, es ist nur zu verstehen&#8221; Die Briefmarke im Wert von CHF 2,30 ist Teil einer Dauermarkenserie, [&hellip;]","og_url":"https:\/\/unstamps.org\/de\/produkt\/marie-curie-ge-dauermarke-chf-230\/","og_site_name":"UN Briefmarken","article_modified_time":"2026-01-09T16:58:31+00:00","og_image":[{"width":1024,"height":1024,"url":"https:\/\/unstamps.org\/wp-content\/uploads\/2023\/11\/Curie-Web-Single.jpg","type":"image\/jpeg"}],"twitter_card":"summary_large_image","twitter_misc":{"Gesch\u00e4tzte Lesezeit":"2 minutes"},"schema":{"@context":"https:\/\/schema.org","@graph":[{"@type":"WebPage","@id":"https:\/\/unstamps.org\/de\/produkt\/marie-curie-ge-dauermarke-chf-230\/","url":"https:\/\/unstamps.org\/de\/produkt\/marie-curie-ge-dauermarke-chf-230\/","name":"Marie Curie \u2013 GE Dauermarke \u2013 CHF 2,30 - UN Briefmarken","isPartOf":{"@id":"https:\/\/unstamps.org\/de\/#website"},"primaryImageOfPage":{"@id":"https:\/\/unstamps.org\/de\/produkt\/marie-curie-ge-dauermarke-chf-230\/#primaryimage"},"image":{"@id":"https:\/\/unstamps.org\/de\/produkt\/marie-curie-ge-dauermarke-chf-230\/#primaryimage"},"thumbnailUrl":"https:\/\/unstamps.org\/wp-content\/uploads\/2023\/11\/Curie-Web-Single.jpg","datePublished":"2023-11-06T16:11:36+00:00","dateModified":"2026-01-09T16:58:31+00:00","breadcrumb":{"@id":"https:\/\/unstamps.org\/de\/produkt\/marie-curie-ge-dauermarke-chf-230\/#breadcrumb"},"inLanguage":"de-DE","potentialAction":[{"@type":"ReadAction","target":["https:\/\/unstamps.org\/de\/produkt\/marie-curie-ge-dauermarke-chf-230\/"]}]},{"@type":"ImageObject","inLanguage":"de-DE","@id":"https:\/\/unstamps.org\/de\/produkt\/marie-curie-ge-dauermarke-chf-230\/#primaryimage","url":"https:\/\/unstamps.org\/wp-content\/uploads\/2023\/11\/Curie-Web-Single.jpg","contentUrl":"https:\/\/unstamps.org\/wp-content\/uploads\/2023\/11\/Curie-Web-Single.jpg","width":1024,"height":1024},{"@type":"BreadcrumbList","@id":"https:\/\/unstamps.org\/de\/produkt\/marie-curie-ge-dauermarke-chf-230\/#breadcrumb","itemListElement":[{"@type":"ListItem","position":1,"name":"Home","item":"https:\/\/unstamps.org\/de\/"},{"@type":"ListItem","position":2,"name":"Produkte","item":"https:\/\/unstamps.org\/de\/produkte\/"},{"@type":"ListItem","position":3,"name":"Marie Curie \u2013 GE Dauermarke \u2013 CHF 2,30"}]},{"@type":"WebSite","@id":"https:\/\/unstamps.org\/de\/#website","url":"https:\/\/unstamps.org\/de\/","name":"UN Stamps","description":"United Nations Stamps","publisher":{"@id":"https:\/\/unstamps.org\/de\/#organization"},"potentialAction":[{"@type":"SearchAction","target":{"@type":"EntryPoint","urlTemplate":"https:\/\/unstamps.org\/de\/?s={search_term_string}"},"query-input":{"@type":"PropertyValueSpecification","valueRequired":true,"valueName":"search_term_string"}}],"inLanguage":"de-DE"},{"@type":"Organization","@id":"https:\/\/unstamps.org\/de\/#organization","name":"UN Stamps","url":"https:\/\/unstamps.org\/de\/","logo":{"@type":"ImageObject","inLanguage":"de-DE","@id":"https:\/\/unstamps.org\/de\/#\/schema\/logo\/image\/","url":"https:\/\/unstamps.org\/wp-content\/uploads\/2014\/01\/logo4web.jpg","contentUrl":"https:\/\/unstamps.org\/wp-content\/uploads\/2014\/01\/logo4web.jpg","width":2500,"height":250,"caption":"UN Stamps"},"image":{"@id":"https:\/\/unstamps.org\/de\/#\/schema\/logo\/image\/"}}]}},"jetpack_sharing_enabled":true,"publishpress_future_action":{"enabled":false,"date":"2026-04-12 09:05:32","action":"change-status","newStatus":"private","terms":[],"taxonomy":"product_cat","extraData":[]},"publishpress_future_workflow_manual_trigger":{"enabledWorkflows":[]},"_links":{"self":[{"href":"https:\/\/unstamps.org\/de\/wp-json\/wp\/v2\/product\/180125","targetHints":{"allow":["GET"]}}],"collection":[{"href":"https:\/\/unstamps.org\/de\/wp-json\/wp\/v2\/product"}],"about":[{"href":"https:\/\/unstamps.org\/de\/wp-json\/wp\/v2\/types\/product"}],"replies":[{"embeddable":true,"href":"https:\/\/unstamps.org\/de\/wp-json\/wp\/v2\/comments?post=180125"}],"wp:featuredmedia":[{"embeddable":true,"href":"https:\/\/unstamps.org\/de\/wp-json\/wp\/v2\/media\/180217"}],"wp:attachment":[{"href":"https:\/\/unstamps.org\/de\/wp-json\/wp\/v2\/media?parent=180125"}],"wp:term":[{"taxonomy":"product_brand","embeddable":true,"href":"https:\/\/unstamps.org\/de\/wp-json\/wp\/v2\/product_brand?post=180125"},{"taxonomy":"product_cat","embeddable":true,"href":"https:\/\/unstamps.org\/de\/wp-json\/wp\/v2\/product_cat?post=180125"},{"taxonomy":"product_tag","embeddable":true,"href":"https:\/\/unstamps.org\/de\/wp-json\/wp\/v2\/product_tag?post=180125"}],"curies":[{"name":"wp","href":"https:\/\/api.w.org\/{rel}","templated":true}]}}