{"id":155687,"date":"2021-08-11T11:32:27","date_gmt":"2021-08-11T15:34:39","guid":{"rendered":"https:\/\/unstamps.org\/?post_type=product&#038;p=155687"},"modified":"2026-01-09T10:08:52","modified_gmt":"2026-01-09T15:08:52","slug":"mutter-teresa-ny-dauermarke-us-180","status":"publish","type":"product","link":"https:\/\/unstamps.org\/de\/produkt\/mutter-teresa-ny-dauermarke-us-180\/","title":{"rendered":"Mutter Teresa \u2013 NY Dauermarke \u2013 US$ 1,80"},"content":{"rendered":"<p>Am 12. August 2021 gibt die UNPA eine Dauermarke zu Ehren von Mutter Teresa heraus.<\/p>\n<p>Das Zitat auf der Briefmarke, das auf Englisch ist, lautet: \u201cNicht alle von uns k\u00f6nnen gro\u00dfe Dinge tun. Aber wir k\u00f6nnen kleine Dinge mit gro\u00dfer Liebe tun.&#8221;<\/p>\n<p>Mutter Teresa, die ber\u00fchmte Nonne und Missionarin, wurde 1910 in Mazedonien als Agnes Gonxha Bojaxhiu geboren. Ihre Familie war albanischer Abstammung. Im Alter von 12 Jahren sp\u00fcrte sie stark den Ruf Gottes und wusste, dass sie Missionarin werden wollte. Mit 18 Jahren ging sie nach Indien, wo sie sich der Hilfe f\u00fcr Mittellose widmete. 1948 wurde sie indische Staatsb\u00fcrgerin und gr\u00fcndete 1950 in Kolkota (Kalkutta) den Orden der Missionare der N\u00e4chstenliebe, der f\u00fcr seine Arbeit unter den Armen und Sterbenden in dieser Stadt bekannt wurde.<\/p>\n<p>\u00dcber 45 Jahre lang diente sie den Armen, Kranken, Waisen und Sterbenden und leitete die Expansion der Missionare der N\u00e4chstenliebe, zuerst in Indien und dann in anderen L\u00e4ndern, einschlie\u00dflich Hospizen und Heimen f\u00fcr die \u00c4rmsten und Obdachlosen.<\/p>\n<p>Mutter Teresas Arbeit wurde auf der ganzen Welt anerkannt und gefeiert. Sie erhielt zahlreiche Auszeichnungen und Auszeichnungen, darunter 1979 den Friedensnobelpreis &#8220;f\u00fcr ihre Arbeit im Kampf gegen Armut und Not, die auch eine Bedrohung f\u00fcr den Frieden darstellen&#8221;.<\/p>\n<p>Mutter Teresa starb am 5. September 1997 im Alter von 87 Jahren. Die Vereinten Nationen bezeichnen den 5. September \u2013 den Todestag von Mutter Teresa &#8211; als Internationalen Tag der N\u00e4chstenliebe.<\/p>\n<p><strong>Ausgabedatum:<\/strong> 12. August 2021<br \/>\n<strong>K\u00fcnstler:<\/strong> Martin M\u00f6rck (Norwegen)<br \/>\n<strong>Entwurf:<\/strong>Rorie Katz (Vereinte Nationen)<br \/>\n<strong>Nennwert:<\/strong> US$ 1,80<br \/>\n<strong>Format der Marken:<\/strong> 50mm x 35mm<br \/>\n<strong>Marken pro Bogen: <\/strong>20<br \/>\n<strong>Druck:<\/strong> Joh Ensched\u00e9 Stamps BV (Niederlande)<br \/>\n<strong>Druckverfahren:<\/strong> Offset Lithographie mit Duotone<br \/>\n<strong>Z\u00e4hnung:<\/strong> 14 x 14 \u00bc<br \/>\n<strong>Menge der Briefmarken:\u00a0<\/strong>8.000 Bogen (160.000 Briefmarken)<\/p>\n","protected":false},"excerpt":{"rendered":"<p>Am 12. August 2021 gibt die UNPA eine Dauermarke zu Ehren von Mutter Teresa heraus. Das Zitat auf der Briefmarke, das auf Englisch ist, lautet: \u201cNicht alle von uns k\u00f6nnen gro\u00dfe Dinge tun. Aber wir k\u00f6nnen kleine Dinge mit gro\u00dfer Liebe tun.&#8221; Mutter Teresa, die ber\u00fchmte Nonne und Missionarin, wurde 1910 in Mazedonien als Agnes [&hellip;]<\/p>\n","protected":false},"featured_media":155784,"comment_status":"closed","ping_status":"closed","template":"","meta":{"ngg_post_thumbnail":0},"product_brand":[],"product_cat":[1084,154,211,114],"product_tag":[],"class_list":{"0":"post-155687","1":"product","2":"type-product","3":"status-publish","4":"has-post-thumbnail","6":"product_cat-2021-jahr","7":"product_cat-dauermarken","8":"product_cat-einzeln","9":"product_cat-new-york-issuing-office-de","10":"pa_condition-cancelled","11":"pa_condition-mint-de","13":"first","14":"instock","15":"shipping-taxable","16":"purchasable","17":"product-type-variable"},"yoast_head":"<!-- This site is optimized with the Yoast SEO plugin v27.3 - https:\/\/yoast.com\/product\/yoast-seo-wordpress\/ -->\n<title>Mutter Teresa \u2013 NY Dauermarke \u2013 US$ 1,80 - UN Briefmarken<\/title>\n<meta name=\"robots\" content=\"index, follow, max-snippet:-1, max-image-preview:large, max-video-preview:-1\" \/>\n<link rel=\"canonical\" href=\"https:\/\/unstamps.org\/de\/produkt\/mutter-teresa-ny-dauermarke-us-180\/\" \/>\n<meta property=\"og:locale\" content=\"de_DE\" \/>\n<meta property=\"og:type\" content=\"article\" \/>\n<meta property=\"og:title\" content=\"Mutter Teresa \u2013 NY Dauermarke \u2013 US$ 1,80 - UN Briefmarken\" \/>\n<meta property=\"og:description\" content=\"Am 12. August 2021 gibt die UNPA eine Dauermarke zu Ehren von Mutter Teresa heraus. Das Zitat auf der Briefmarke, das auf Englisch ist, lautet: \u201cNicht alle von uns k\u00f6nnen gro\u00dfe Dinge tun. Aber wir k\u00f6nnen kleine Dinge mit gro\u00dfer Liebe tun.&#8221; Mutter Teresa, die ber\u00fchmte Nonne und Missionarin, wurde 1910 in Mazedonien als Agnes [&hellip;]\" \/>\n<meta property=\"og:url\" content=\"https:\/\/unstamps.org\/de\/produkt\/mutter-teresa-ny-dauermarke-us-180\/\" \/>\n<meta property=\"og:site_name\" content=\"UN Briefmarken\" \/>\n<meta property=\"article:modified_time\" content=\"2026-01-09T15:08:52+00:00\" \/>\n<meta property=\"og:image\" content=\"https:\/\/unstamps.org\/wp-content\/uploads\/2021\/08\/Mother-Teresa-Single-Web.jpg\" \/>\n\t<meta property=\"og:image:width\" content=\"1024\" \/>\n\t<meta property=\"og:image:height\" content=\"1024\" \/>\n\t<meta property=\"og:image:type\" content=\"image\/jpeg\" \/>\n<meta name=\"twitter:card\" content=\"summary_large_image\" \/>\n<meta name=\"twitter:label1\" content=\"Gesch\u00e4tzte Lesezeit\" \/>\n\t<meta name=\"twitter:data1\" content=\"1 minute\" \/>\n<script type=\"application\/ld+json\" class=\"yoast-schema-graph\">{\"@context\":\"https:\\\/\\\/schema.org\",\"@graph\":[{\"@type\":\"WebPage\",\"@id\":\"https:\\\/\\\/unstamps.org\\\/de\\\/produkt\\\/mutter-teresa-ny-dauermarke-us-180\\\/\",\"url\":\"https:\\\/\\\/unstamps.org\\\/de\\\/produkt\\\/mutter-teresa-ny-dauermarke-us-180\\\/\",\"name\":\"Mutter Teresa \u2013 NY Dauermarke \u2013 US$ 1,80 - UN Briefmarken\",\"isPartOf\":{\"@id\":\"https:\\\/\\\/unstamps.org\\\/de\\\/#website\"},\"primaryImageOfPage\":{\"@id\":\"https:\\\/\\\/unstamps.org\\\/de\\\/produkt\\\/mutter-teresa-ny-dauermarke-us-180\\\/#primaryimage\"},\"image\":{\"@id\":\"https:\\\/\\\/unstamps.org\\\/de\\\/produkt\\\/mutter-teresa-ny-dauermarke-us-180\\\/#primaryimage\"},\"thumbnailUrl\":\"https:\\\/\\\/unstamps.org\\\/wp-content\\\/uploads\\\/2021\\\/08\\\/Mother-Teresa-Single-Web.jpg\",\"datePublished\":\"2021-08-11T15:34:39+00:00\",\"dateModified\":\"2026-01-09T15:08:52+00:00\",\"breadcrumb\":{\"@id\":\"https:\\\/\\\/unstamps.org\\\/de\\\/produkt\\\/mutter-teresa-ny-dauermarke-us-180\\\/#breadcrumb\"},\"inLanguage\":\"de-DE\",\"potentialAction\":[{\"@type\":\"ReadAction\",\"target\":[\"https:\\\/\\\/unstamps.org\\\/de\\\/produkt\\\/mutter-teresa-ny-dauermarke-us-180\\\/\"]}]},{\"@type\":\"ImageObject\",\"inLanguage\":\"de-DE\",\"@id\":\"https:\\\/\\\/unstamps.org\\\/de\\\/produkt\\\/mutter-teresa-ny-dauermarke-us-180\\\/#primaryimage\",\"url\":\"https:\\\/\\\/unstamps.org\\\/wp-content\\\/uploads\\\/2021\\\/08\\\/Mother-Teresa-Single-Web.jpg\",\"contentUrl\":\"https:\\\/\\\/unstamps.org\\\/wp-content\\\/uploads\\\/2021\\\/08\\\/Mother-Teresa-Single-Web.jpg\",\"width\":1024,\"height\":1024},{\"@type\":\"BreadcrumbList\",\"@id\":\"https:\\\/\\\/unstamps.org\\\/de\\\/produkt\\\/mutter-teresa-ny-dauermarke-us-180\\\/#breadcrumb\",\"itemListElement\":[{\"@type\":\"ListItem\",\"position\":1,\"name\":\"Home\",\"item\":\"https:\\\/\\\/unstamps.org\\\/de\\\/\"},{\"@type\":\"ListItem\",\"position\":2,\"name\":\"Produkte\",\"item\":\"https:\\\/\\\/unstamps.org\\\/de\\\/produkte\\\/\"},{\"@type\":\"ListItem\",\"position\":3,\"name\":\"Mutter Teresa \u2013 NY Dauermarke \u2013 US$ 1,80\"}]},{\"@type\":\"WebSite\",\"@id\":\"https:\\\/\\\/unstamps.org\\\/de\\\/#website\",\"url\":\"https:\\\/\\\/unstamps.org\\\/de\\\/\",\"name\":\"UN Stamps\",\"description\":\"United Nations Stamps\",\"publisher\":{\"@id\":\"https:\\\/\\\/unstamps.org\\\/de\\\/#organization\"},\"potentialAction\":[{\"@type\":\"SearchAction\",\"target\":{\"@type\":\"EntryPoint\",\"urlTemplate\":\"https:\\\/\\\/unstamps.org\\\/de\\\/?s={search_term_string}\"},\"query-input\":{\"@type\":\"PropertyValueSpecification\",\"valueRequired\":true,\"valueName\":\"search_term_string\"}}],\"inLanguage\":\"de-DE\"},{\"@type\":\"Organization\",\"@id\":\"https:\\\/\\\/unstamps.org\\\/de\\\/#organization\",\"name\":\"UN Stamps\",\"url\":\"https:\\\/\\\/unstamps.org\\\/de\\\/\",\"logo\":{\"@type\":\"ImageObject\",\"inLanguage\":\"de-DE\",\"@id\":\"https:\\\/\\\/unstamps.org\\\/de\\\/#\\\/schema\\\/logo\\\/image\\\/\",\"url\":\"https:\\\/\\\/unstamps.org\\\/wp-content\\\/uploads\\\/2014\\\/01\\\/logo4web.jpg\",\"contentUrl\":\"https:\\\/\\\/unstamps.org\\\/wp-content\\\/uploads\\\/2014\\\/01\\\/logo4web.jpg\",\"width\":2500,\"height\":250,\"caption\":\"UN Stamps\"},\"image\":{\"@id\":\"https:\\\/\\\/unstamps.org\\\/de\\\/#\\\/schema\\\/logo\\\/image\\\/\"}}]}<\/script>\n<!-- \/ Yoast SEO plugin. -->","yoast_head_json":{"title":"Mutter Teresa \u2013 NY Dauermarke \u2013 US$ 1,80 - UN Briefmarken","robots":{"index":"index","follow":"follow","max-snippet":"max-snippet:-1","max-image-preview":"max-image-preview:large","max-video-preview":"max-video-preview:-1"},"canonical":"https:\/\/unstamps.org\/de\/produkt\/mutter-teresa-ny-dauermarke-us-180\/","og_locale":"de_DE","og_type":"article","og_title":"Mutter Teresa \u2013 NY Dauermarke \u2013 US$ 1,80 - UN Briefmarken","og_description":"Am 12. August 2021 gibt die UNPA eine Dauermarke zu Ehren von Mutter Teresa heraus. Das Zitat auf der Briefmarke, das auf Englisch ist, lautet: \u201cNicht alle von uns k\u00f6nnen gro\u00dfe Dinge tun. Aber wir k\u00f6nnen kleine Dinge mit gro\u00dfer Liebe tun.&#8221; Mutter Teresa, die ber\u00fchmte Nonne und Missionarin, wurde 1910 in Mazedonien als Agnes [&hellip;]","og_url":"https:\/\/unstamps.org\/de\/produkt\/mutter-teresa-ny-dauermarke-us-180\/","og_site_name":"UN Briefmarken","article_modified_time":"2026-01-09T15:08:52+00:00","og_image":[{"width":1024,"height":1024,"url":"https:\/\/unstamps.org\/wp-content\/uploads\/2021\/08\/Mother-Teresa-Single-Web.jpg","type":"image\/jpeg"}],"twitter_card":"summary_large_image","twitter_misc":{"Gesch\u00e4tzte Lesezeit":"1 minute"},"schema":{"@context":"https:\/\/schema.org","@graph":[{"@type":"WebPage","@id":"https:\/\/unstamps.org\/de\/produkt\/mutter-teresa-ny-dauermarke-us-180\/","url":"https:\/\/unstamps.org\/de\/produkt\/mutter-teresa-ny-dauermarke-us-180\/","name":"Mutter Teresa \u2013 NY Dauermarke \u2013 US$ 1,80 - UN Briefmarken","isPartOf":{"@id":"https:\/\/unstamps.org\/de\/#website"},"primaryImageOfPage":{"@id":"https:\/\/unstamps.org\/de\/produkt\/mutter-teresa-ny-dauermarke-us-180\/#primaryimage"},"image":{"@id":"https:\/\/unstamps.org\/de\/produkt\/mutter-teresa-ny-dauermarke-us-180\/#primaryimage"},"thumbnailUrl":"https:\/\/unstamps.org\/wp-content\/uploads\/2021\/08\/Mother-Teresa-Single-Web.jpg","datePublished":"2021-08-11T15:34:39+00:00","dateModified":"2026-01-09T15:08:52+00:00","breadcrumb":{"@id":"https:\/\/unstamps.org\/de\/produkt\/mutter-teresa-ny-dauermarke-us-180\/#breadcrumb"},"inLanguage":"de-DE","potentialAction":[{"@type":"ReadAction","target":["https:\/\/unstamps.org\/de\/produkt\/mutter-teresa-ny-dauermarke-us-180\/"]}]},{"@type":"ImageObject","inLanguage":"de-DE","@id":"https:\/\/unstamps.org\/de\/produkt\/mutter-teresa-ny-dauermarke-us-180\/#primaryimage","url":"https:\/\/unstamps.org\/wp-content\/uploads\/2021\/08\/Mother-Teresa-Single-Web.jpg","contentUrl":"https:\/\/unstamps.org\/wp-content\/uploads\/2021\/08\/Mother-Teresa-Single-Web.jpg","width":1024,"height":1024},{"@type":"BreadcrumbList","@id":"https:\/\/unstamps.org\/de\/produkt\/mutter-teresa-ny-dauermarke-us-180\/#breadcrumb","itemListElement":[{"@type":"ListItem","position":1,"name":"Home","item":"https:\/\/unstamps.org\/de\/"},{"@type":"ListItem","position":2,"name":"Produkte","item":"https:\/\/unstamps.org\/de\/produkte\/"},{"@type":"ListItem","position":3,"name":"Mutter Teresa \u2013 NY Dauermarke \u2013 US$ 1,80"}]},{"@type":"WebSite","@id":"https:\/\/unstamps.org\/de\/#website","url":"https:\/\/unstamps.org\/de\/","name":"UN Stamps","description":"United Nations Stamps","publisher":{"@id":"https:\/\/unstamps.org\/de\/#organization"},"potentialAction":[{"@type":"SearchAction","target":{"@type":"EntryPoint","urlTemplate":"https:\/\/unstamps.org\/de\/?s={search_term_string}"},"query-input":{"@type":"PropertyValueSpecification","valueRequired":true,"valueName":"search_term_string"}}],"inLanguage":"de-DE"},{"@type":"Organization","@id":"https:\/\/unstamps.org\/de\/#organization","name":"UN Stamps","url":"https:\/\/unstamps.org\/de\/","logo":{"@type":"ImageObject","inLanguage":"de-DE","@id":"https:\/\/unstamps.org\/de\/#\/schema\/logo\/image\/","url":"https:\/\/unstamps.org\/wp-content\/uploads\/2014\/01\/logo4web.jpg","contentUrl":"https:\/\/unstamps.org\/wp-content\/uploads\/2014\/01\/logo4web.jpg","width":2500,"height":250,"caption":"UN Stamps"},"image":{"@id":"https:\/\/unstamps.org\/de\/#\/schema\/logo\/image\/"}}]}},"jetpack_sharing_enabled":true,"publishpress_future_action":{"enabled":false,"date":"2026-04-14 13:32:44","action":"change-status","newStatus":"private","terms":[],"taxonomy":"product_cat","extraData":[]},"publishpress_future_workflow_manual_trigger":{"enabledWorkflows":[]},"_links":{"self":[{"href":"https:\/\/unstamps.org\/de\/wp-json\/wp\/v2\/product\/155687","targetHints":{"allow":["GET"]}}],"collection":[{"href":"https:\/\/unstamps.org\/de\/wp-json\/wp\/v2\/product"}],"about":[{"href":"https:\/\/unstamps.org\/de\/wp-json\/wp\/v2\/types\/product"}],"replies":[{"embeddable":true,"href":"https:\/\/unstamps.org\/de\/wp-json\/wp\/v2\/comments?post=155687"}],"wp:featuredmedia":[{"embeddable":true,"href":"https:\/\/unstamps.org\/de\/wp-json\/wp\/v2\/media\/155784"}],"wp:attachment":[{"href":"https:\/\/unstamps.org\/de\/wp-json\/wp\/v2\/media?parent=155687"}],"wp:term":[{"taxonomy":"product_brand","embeddable":true,"href":"https:\/\/unstamps.org\/de\/wp-json\/wp\/v2\/product_brand?post=155687"},{"taxonomy":"product_cat","embeddable":true,"href":"https:\/\/unstamps.org\/de\/wp-json\/wp\/v2\/product_cat?post=155687"},{"taxonomy":"product_tag","embeddable":true,"href":"https:\/\/unstamps.org\/de\/wp-json\/wp\/v2\/product_tag?post=155687"}],"curies":[{"name":"wp","href":"https:\/\/api.w.org\/{rel}","templated":true}]}}