{"id":1519,"date":"2013-12-11T07:06:07","date_gmt":"2013-12-11T12:09:44","guid":{"rendered":"http:\/\/unstamps.org\/?post_type=product&#038;p=1519"},"modified":"2024-01-26T10:01:13","modified_gmt":"2024-01-26T15:01:13","slug":"e-285-2011-ganzer-bogen-gestempelt","status":"publish","type":"product","link":"https:\/\/unstamps.org\/de\/produkt\/e-285-2011-ganzer-bogen-gestempelt\/","title":{"rendered":"\u20ac 2,85 (2011) Ganzer Bogen &#8211; Gestempelt"},"content":{"rendered":"<div>\n<p><strong>Technische Angaben<\/strong><\/p>\n<p><strong>Format:<\/strong> 32 mm waagrecht x 26 mm senkrecht, von Z\u00e4hnung zu Z\u00e4hnung<\/p>\n<p><strong>Z\u00e4hnung:<\/strong> 13<\/p>\n<p><strong>Randinschriften<\/strong><br \/>\nDie senkrechten Briefmarkenbogen bestehen aus 20 Briefmarken und weisen vier Randinschriften auf, zwei auf dem linken und zwei auf dem rechten Bogenrand. Die Randinschrift besteht jeweils aus dem Emblem der Vereinten Nationen mit dem Text &#8220;Vereinte Nationen&#8221; oberhalb des Emblems und dem Jahr &#8220;2011&#8221; unterhalb des Emblems. Ein Copyright-Symbol mit dem Jahr 2011 erscheint am unteren Bogenrand.<\/p>\n<p><strong>Der K\u00fcnstler und die Entw\u00fcrfe<\/strong><br \/>\nDie Entw\u00fcrfe sind Handzeichnungen, welche die Geb\u00e4ude der UN Hauptquartiere in New York, Genf und Wien als Stra\u00dfenansicht bzw. aus der Luft zeigen. Der Designer der Briefmarken ist Scott Solberg (Vereinte Nationen).<\/p>\n<p><strong>Druck und Auflagen<\/strong><br \/>\nVon jedem Wert wurde eine Auflage von 400.000 Briefmarken (20.000 Bogen) in Offset von Cartor Security Printing (Frankreich) gedruckt.<\/p>\n<\/div>\n","protected":false},"excerpt":{"rendered":"<p>Technische Angaben Format: 32 mm waagrecht x 26 mm senkrecht, von Z\u00e4hnung zu Z\u00e4hnung Z\u00e4hnung: 13 Randinschriften Die senkrechten Briefmarkenbogen bestehen aus 20 Briefmarken und weisen vier Randinschriften auf, zwei auf dem linken und zwei auf dem rechten Bogenrand. Die Randinschrift besteht jeweils aus dem Emblem der Vereinten Nationen mit dem Text &#8220;Vereinte Nationen&#8221; oberhalb [&hellip;]<\/p>\n","protected":false},"featured_media":8175,"comment_status":"open","ping_status":"closed","template":"","meta":{"ngg_post_thumbnail":0},"product_brand":[],"product_cat":[971],"product_tag":[],"class_list":{"0":"post-1519","1":"product","2":"type-product","3":"status-publish","4":"has-post-thumbnail","6":"product_cat-2019-year","8":"first","9":"instock","10":"shipping-taxable","11":"purchasable","12":"product-type-simple"},"yoast_head":"<!-- This site is optimized with the Yoast SEO plugin v27.3 - https:\/\/yoast.com\/product\/yoast-seo-wordpress\/ -->\n<title>\u20ac 2,85 (2011) Ganzer Bogen &#8211; Gestempelt - UN Briefmarken<\/title>\n<meta name=\"robots\" content=\"index, follow, max-snippet:-1, max-image-preview:large, max-video-preview:-1\" \/>\n<link rel=\"canonical\" href=\"https:\/\/unstamps.org\/de\/produkt\/e-285-2011-ganzer-bogen-gestempelt\/\" \/>\n<meta property=\"og:locale\" content=\"de_DE\" \/>\n<meta property=\"og:type\" content=\"article\" \/>\n<meta property=\"og:title\" content=\"\u20ac 2,85 (2011) Ganzer Bogen &#8211; Gestempelt - UN Briefmarken\" \/>\n<meta property=\"og:description\" content=\"Technische Angaben Format: 32 mm waagrecht x 26 mm senkrecht, von Z\u00e4hnung zu Z\u00e4hnung Z\u00e4hnung: 13 Randinschriften Die senkrechten Briefmarkenbogen bestehen aus 20 Briefmarken und weisen vier Randinschriften auf, zwei auf dem linken und zwei auf dem rechten Bogenrand. Die Randinschrift besteht jeweils aus dem Emblem der Vereinten Nationen mit dem Text &#8220;Vereinte Nationen&#8221; oberhalb [&hellip;]\" \/>\n<meta property=\"og:url\" content=\"https:\/\/unstamps.org\/de\/produkt\/e-285-2011-ganzer-bogen-gestempelt\/\" \/>\n<meta property=\"og:site_name\" content=\"UN Briefmarken\" \/>\n<meta property=\"article:modified_time\" content=\"2024-01-26T15:01:13+00:00\" \/>\n<meta property=\"og:image\" content=\"https:\/\/unstamps.org\/wp-content\/uploads\/2013\/12\/DEF-V-2011_e2.85_fullsheet.jpg\" \/>\n\t<meta property=\"og:image:width\" content=\"1024\" \/>\n\t<meta property=\"og:image:height\" content=\"1024\" \/>\n\t<meta property=\"og:image:type\" content=\"image\/jpeg\" \/>\n<meta name=\"twitter:card\" content=\"summary_large_image\" \/>\n<meta name=\"twitter:label1\" content=\"Gesch\u00e4tzte Lesezeit\" \/>\n\t<meta name=\"twitter:data1\" content=\"1 minute\" \/>\n<script type=\"application\/ld+json\" class=\"yoast-schema-graph\">{\"@context\":\"https:\\\/\\\/schema.org\",\"@graph\":[{\"@type\":\"WebPage\",\"@id\":\"https:\\\/\\\/unstamps.org\\\/de\\\/produkt\\\/e-285-2011-ganzer-bogen-gestempelt\\\/\",\"url\":\"https:\\\/\\\/unstamps.org\\\/de\\\/produkt\\\/e-285-2011-ganzer-bogen-gestempelt\\\/\",\"name\":\"\u20ac 2,85 (2011) Ganzer Bogen &#8211; Gestempelt - UN Briefmarken\",\"isPartOf\":{\"@id\":\"https:\\\/\\\/unstamps.org\\\/de\\\/#website\"},\"primaryImageOfPage\":{\"@id\":\"https:\\\/\\\/unstamps.org\\\/de\\\/produkt\\\/e-285-2011-ganzer-bogen-gestempelt\\\/#primaryimage\"},\"image\":{\"@id\":\"https:\\\/\\\/unstamps.org\\\/de\\\/produkt\\\/e-285-2011-ganzer-bogen-gestempelt\\\/#primaryimage\"},\"thumbnailUrl\":\"https:\\\/\\\/unstamps.org\\\/wp-content\\\/uploads\\\/2013\\\/12\\\/DEF-V-2011_e2.85_fullsheet.jpg\",\"datePublished\":\"2013-12-11T12:09:44+00:00\",\"dateModified\":\"2024-01-26T15:01:13+00:00\",\"breadcrumb\":{\"@id\":\"https:\\\/\\\/unstamps.org\\\/de\\\/produkt\\\/e-285-2011-ganzer-bogen-gestempelt\\\/#breadcrumb\"},\"inLanguage\":\"de-DE\",\"potentialAction\":[{\"@type\":\"ReadAction\",\"target\":[\"https:\\\/\\\/unstamps.org\\\/de\\\/produkt\\\/e-285-2011-ganzer-bogen-gestempelt\\\/\"]}]},{\"@type\":\"ImageObject\",\"inLanguage\":\"de-DE\",\"@id\":\"https:\\\/\\\/unstamps.org\\\/de\\\/produkt\\\/e-285-2011-ganzer-bogen-gestempelt\\\/#primaryimage\",\"url\":\"https:\\\/\\\/unstamps.org\\\/wp-content\\\/uploads\\\/2013\\\/12\\\/DEF-V-2011_e2.85_fullsheet.jpg\",\"contentUrl\":\"https:\\\/\\\/unstamps.org\\\/wp-content\\\/uploads\\\/2013\\\/12\\\/DEF-V-2011_e2.85_fullsheet.jpg\",\"width\":1024,\"height\":1024},{\"@type\":\"BreadcrumbList\",\"@id\":\"https:\\\/\\\/unstamps.org\\\/de\\\/produkt\\\/e-285-2011-ganzer-bogen-gestempelt\\\/#breadcrumb\",\"itemListElement\":[{\"@type\":\"ListItem\",\"position\":1,\"name\":\"Home\",\"item\":\"https:\\\/\\\/unstamps.org\\\/de\\\/\"},{\"@type\":\"ListItem\",\"position\":2,\"name\":\"Produkte\",\"item\":\"https:\\\/\\\/unstamps.org\\\/de\\\/produkte\\\/\"},{\"@type\":\"ListItem\",\"position\":3,\"name\":\"\u20ac 2,85 (2011) Ganzer Bogen &#8211; Gestempelt\"}]},{\"@type\":\"WebSite\",\"@id\":\"https:\\\/\\\/unstamps.org\\\/de\\\/#website\",\"url\":\"https:\\\/\\\/unstamps.org\\\/de\\\/\",\"name\":\"UN Stamps\",\"description\":\"United Nations Stamps\",\"publisher\":{\"@id\":\"https:\\\/\\\/unstamps.org\\\/de\\\/#organization\"},\"potentialAction\":[{\"@type\":\"SearchAction\",\"target\":{\"@type\":\"EntryPoint\",\"urlTemplate\":\"https:\\\/\\\/unstamps.org\\\/de\\\/?s={search_term_string}\"},\"query-input\":{\"@type\":\"PropertyValueSpecification\",\"valueRequired\":true,\"valueName\":\"search_term_string\"}}],\"inLanguage\":\"de-DE\"},{\"@type\":\"Organization\",\"@id\":\"https:\\\/\\\/unstamps.org\\\/de\\\/#organization\",\"name\":\"UN Stamps\",\"url\":\"https:\\\/\\\/unstamps.org\\\/de\\\/\",\"logo\":{\"@type\":\"ImageObject\",\"inLanguage\":\"de-DE\",\"@id\":\"https:\\\/\\\/unstamps.org\\\/de\\\/#\\\/schema\\\/logo\\\/image\\\/\",\"url\":\"https:\\\/\\\/unstamps.org\\\/wp-content\\\/uploads\\\/2014\\\/01\\\/logo4web.jpg\",\"contentUrl\":\"https:\\\/\\\/unstamps.org\\\/wp-content\\\/uploads\\\/2014\\\/01\\\/logo4web.jpg\",\"width\":2500,\"height\":250,\"caption\":\"UN Stamps\"},\"image\":{\"@id\":\"https:\\\/\\\/unstamps.org\\\/de\\\/#\\\/schema\\\/logo\\\/image\\\/\"}}]}<\/script>\n<!-- \/ Yoast SEO plugin. -->","yoast_head_json":{"title":"\u20ac 2,85 (2011) Ganzer Bogen &#8211; Gestempelt - UN Briefmarken","robots":{"index":"index","follow":"follow","max-snippet":"max-snippet:-1","max-image-preview":"max-image-preview:large","max-video-preview":"max-video-preview:-1"},"canonical":"https:\/\/unstamps.org\/de\/produkt\/e-285-2011-ganzer-bogen-gestempelt\/","og_locale":"de_DE","og_type":"article","og_title":"\u20ac 2,85 (2011) Ganzer Bogen &#8211; Gestempelt - UN Briefmarken","og_description":"Technische Angaben Format: 32 mm waagrecht x 26 mm senkrecht, von Z\u00e4hnung zu Z\u00e4hnung Z\u00e4hnung: 13 Randinschriften Die senkrechten Briefmarkenbogen bestehen aus 20 Briefmarken und weisen vier Randinschriften auf, zwei auf dem linken und zwei auf dem rechten Bogenrand. Die Randinschrift besteht jeweils aus dem Emblem der Vereinten Nationen mit dem Text &#8220;Vereinte Nationen&#8221; oberhalb [&hellip;]","og_url":"https:\/\/unstamps.org\/de\/produkt\/e-285-2011-ganzer-bogen-gestempelt\/","og_site_name":"UN Briefmarken","article_modified_time":"2024-01-26T15:01:13+00:00","og_image":[{"width":1024,"height":1024,"url":"https:\/\/unstamps.org\/wp-content\/uploads\/2013\/12\/DEF-V-2011_e2.85_fullsheet.jpg","type":"image\/jpeg"}],"twitter_card":"summary_large_image","twitter_misc":{"Gesch\u00e4tzte Lesezeit":"1 minute"},"schema":{"@context":"https:\/\/schema.org","@graph":[{"@type":"WebPage","@id":"https:\/\/unstamps.org\/de\/produkt\/e-285-2011-ganzer-bogen-gestempelt\/","url":"https:\/\/unstamps.org\/de\/produkt\/e-285-2011-ganzer-bogen-gestempelt\/","name":"\u20ac 2,85 (2011) Ganzer Bogen &#8211; Gestempelt - UN Briefmarken","isPartOf":{"@id":"https:\/\/unstamps.org\/de\/#website"},"primaryImageOfPage":{"@id":"https:\/\/unstamps.org\/de\/produkt\/e-285-2011-ganzer-bogen-gestempelt\/#primaryimage"},"image":{"@id":"https:\/\/unstamps.org\/de\/produkt\/e-285-2011-ganzer-bogen-gestempelt\/#primaryimage"},"thumbnailUrl":"https:\/\/unstamps.org\/wp-content\/uploads\/2013\/12\/DEF-V-2011_e2.85_fullsheet.jpg","datePublished":"2013-12-11T12:09:44+00:00","dateModified":"2024-01-26T15:01:13+00:00","breadcrumb":{"@id":"https:\/\/unstamps.org\/de\/produkt\/e-285-2011-ganzer-bogen-gestempelt\/#breadcrumb"},"inLanguage":"de-DE","potentialAction":[{"@type":"ReadAction","target":["https:\/\/unstamps.org\/de\/produkt\/e-285-2011-ganzer-bogen-gestempelt\/"]}]},{"@type":"ImageObject","inLanguage":"de-DE","@id":"https:\/\/unstamps.org\/de\/produkt\/e-285-2011-ganzer-bogen-gestempelt\/#primaryimage","url":"https:\/\/unstamps.org\/wp-content\/uploads\/2013\/12\/DEF-V-2011_e2.85_fullsheet.jpg","contentUrl":"https:\/\/unstamps.org\/wp-content\/uploads\/2013\/12\/DEF-V-2011_e2.85_fullsheet.jpg","width":1024,"height":1024},{"@type":"BreadcrumbList","@id":"https:\/\/unstamps.org\/de\/produkt\/e-285-2011-ganzer-bogen-gestempelt\/#breadcrumb","itemListElement":[{"@type":"ListItem","position":1,"name":"Home","item":"https:\/\/unstamps.org\/de\/"},{"@type":"ListItem","position":2,"name":"Produkte","item":"https:\/\/unstamps.org\/de\/produkte\/"},{"@type":"ListItem","position":3,"name":"\u20ac 2,85 (2011) Ganzer Bogen &#8211; Gestempelt"}]},{"@type":"WebSite","@id":"https:\/\/unstamps.org\/de\/#website","url":"https:\/\/unstamps.org\/de\/","name":"UN Stamps","description":"United Nations Stamps","publisher":{"@id":"https:\/\/unstamps.org\/de\/#organization"},"potentialAction":[{"@type":"SearchAction","target":{"@type":"EntryPoint","urlTemplate":"https:\/\/unstamps.org\/de\/?s={search_term_string}"},"query-input":{"@type":"PropertyValueSpecification","valueRequired":true,"valueName":"search_term_string"}}],"inLanguage":"de-DE"},{"@type":"Organization","@id":"https:\/\/unstamps.org\/de\/#organization","name":"UN Stamps","url":"https:\/\/unstamps.org\/de\/","logo":{"@type":"ImageObject","inLanguage":"de-DE","@id":"https:\/\/unstamps.org\/de\/#\/schema\/logo\/image\/","url":"https:\/\/unstamps.org\/wp-content\/uploads\/2014\/01\/logo4web.jpg","contentUrl":"https:\/\/unstamps.org\/wp-content\/uploads\/2014\/01\/logo4web.jpg","width":2500,"height":250,"caption":"UN Stamps"},"image":{"@id":"https:\/\/unstamps.org\/de\/#\/schema\/logo\/image\/"}}]}},"jetpack_sharing_enabled":true,"publishpress_future_action":{"enabled":false,"date":"2026-04-14 06:21:50","action":"change-status","newStatus":"private","terms":[],"taxonomy":"product_cat","extraData":[]},"publishpress_future_workflow_manual_trigger":{"enabledWorkflows":[]},"_links":{"self":[{"href":"https:\/\/unstamps.org\/de\/wp-json\/wp\/v2\/product\/1519","targetHints":{"allow":["GET"]}}],"collection":[{"href":"https:\/\/unstamps.org\/de\/wp-json\/wp\/v2\/product"}],"about":[{"href":"https:\/\/unstamps.org\/de\/wp-json\/wp\/v2\/types\/product"}],"replies":[{"embeddable":true,"href":"https:\/\/unstamps.org\/de\/wp-json\/wp\/v2\/comments?post=1519"}],"wp:featuredmedia":[{"embeddable":true,"href":"https:\/\/unstamps.org\/de\/wp-json\/wp\/v2\/media\/8175"}],"wp:attachment":[{"href":"https:\/\/unstamps.org\/de\/wp-json\/wp\/v2\/media?parent=1519"}],"wp:term":[{"taxonomy":"product_brand","embeddable":true,"href":"https:\/\/unstamps.org\/de\/wp-json\/wp\/v2\/product_brand?post=1519"},{"taxonomy":"product_cat","embeddable":true,"href":"https:\/\/unstamps.org\/de\/wp-json\/wp\/v2\/product_cat?post=1519"},{"taxonomy":"product_tag","embeddable":true,"href":"https:\/\/unstamps.org\/de\/wp-json\/wp\/v2\/product_tag?post=1519"}],"curies":[{"name":"wp","href":"https:\/\/api.w.org\/{rel}","templated":true}]}}