{"id":1433,"date":"2013-12-11T11:39:24","date_gmt":"2013-12-11T16:46:50","guid":{"rendered":"http:\/\/unstamps.org\/?post_type=product&#038;p=1433"},"modified":"2024-01-26T10:01:03","modified_gmt":"2024-01-26T15:01:03","slug":"e-007-2002-ganzer-bogen-gestempelt","status":"publish","type":"product","link":"https:\/\/unstamps.org\/de\/produkt\/e-007-2002-ganzer-bogen-gestempelt\/","title":{"rendered":"\u20ac 0,07 (2002) Ganzer Bogen &#8211; Gestempelt"},"content":{"rendered":"<div>\n<div id=\"prod-descr-description\">\u20ac 0,07 Semmering-Bahn<br \/>\nDie 41 Kilometer lange Semmering-Bahn f\u00fchrt \u00fcber hohe Berge und wurde zwischen 1848 und 1854 errichtet. Sie gilt als eine der hervorragendsten Leistungen des Eisenbahnbaus in seiner Pionierphase. Dank der Qualit\u00e4t ihrer Tunnels, Viadukte und anderer Bauten ist die Strecke bis zum heutigen Tag in Betrieb. Sie verl\u00e4uft durch eine spektakul\u00e4re Gebirgslandschaft, und viele der sch\u00f6nen Villen- und Hotelbauten aus der Jahrhundertwende verdanken ihre Existenz der Erschlie\u00dfung der Region durch die Eisenbahn. Der Bau der Semmering-Bahn er\u00f6ffnete Gebiete von au\u00dferordentlicher nat\u00fcrlicher Sch\u00f6nheit, die in der Folge f\u00fcr touristische Zwecke erschlossen wurden und eine neue Form der Kulturlandschaft bildeten.<\/div>\n<div id=\"prod-descr-denomination\">\n<div>Nennwert:<\/div>\n<p>\u20ac 0,07 (Bogen zu 20 Marken)<\/p>\n<\/div>\n<div id=\"prod-descr-printing\">\n<div>Druck:<\/div>\n<p>Litografie Offset, The House of Questa Limited (Vereinigtes K\u00f6nigreich)<\/p>\n<\/div>\n<div id=\"prod-descr-quantity\">\n<div>Auflage:<\/div>\n<p>860.000 Briefmarken<\/p>\n<\/div>\n<div id=\"prod-descr-designer\">\n<div>Designer:<\/div>\n<p>von Rorie Katz (Vereinte Nationen, New York) als Briefmarke adaptiert<\/p>\n<\/div>\n<div id=\"prod-descr-specification\">Format:<\/div>\n<div>40 mm horizontal mal 30 mm vertikal<\/div>\n<div>Z\u00e4hnung: 14<\/div>\n<\/div>\n","protected":false},"excerpt":{"rendered":"<p>\u20ac 0,07 Semmering-Bahn Die 41 Kilometer lange Semmering-Bahn f\u00fchrt \u00fcber hohe Berge und wurde zwischen 1848 und 1854 errichtet. Sie gilt als eine der hervorragendsten Leistungen des Eisenbahnbaus in seiner Pionierphase. Dank der Qualit\u00e4t ihrer Tunnels, Viadukte und anderer Bauten ist die Strecke bis zum heutigen Tag in Betrieb. Sie verl\u00e4uft durch eine spektakul\u00e4re Gebirgslandschaft, [&hellip;]<\/p>\n","protected":false},"featured_media":8178,"comment_status":"open","ping_status":"closed","template":"","meta":{"ngg_post_thumbnail":0},"product_brand":[],"product_cat":[971],"product_tag":[],"class_list":{"0":"post-1433","1":"product","2":"type-product","3":"status-publish","4":"has-post-thumbnail","6":"product_cat-2019-year","8":"first","9":"instock","10":"shipping-taxable","11":"purchasable","12":"product-type-simple"},"yoast_head":"<!-- This site is optimized with the Yoast SEO plugin v27.4 - https:\/\/yoast.com\/product\/yoast-seo-wordpress\/ -->\n<title>\u20ac 0,07 (2002) Ganzer Bogen &#8211; Gestempelt - UN Briefmarken<\/title>\n<meta name=\"robots\" content=\"index, follow, max-snippet:-1, max-image-preview:large, max-video-preview:-1\" \/>\n<link rel=\"canonical\" href=\"https:\/\/unstamps.org\/de\/produkt\/e-007-2002-ganzer-bogen-gestempelt\/\" \/>\n<meta property=\"og:locale\" content=\"de_DE\" \/>\n<meta property=\"og:type\" content=\"article\" \/>\n<meta property=\"og:title\" content=\"\u20ac 0,07 (2002) Ganzer Bogen &#8211; Gestempelt - UN Briefmarken\" \/>\n<meta property=\"og:description\" content=\"\u20ac 0,07 Semmering-Bahn Die 41 Kilometer lange Semmering-Bahn f\u00fchrt \u00fcber hohe Berge und wurde zwischen 1848 und 1854 errichtet. Sie gilt als eine der hervorragendsten Leistungen des Eisenbahnbaus in seiner Pionierphase. Dank der Qualit\u00e4t ihrer Tunnels, Viadukte und anderer Bauten ist die Strecke bis zum heutigen Tag in Betrieb. Sie verl\u00e4uft durch eine spektakul\u00e4re Gebirgslandschaft, [&hellip;]\" \/>\n<meta property=\"og:url\" content=\"https:\/\/unstamps.org\/de\/produkt\/e-007-2002-ganzer-bogen-gestempelt\/\" \/>\n<meta property=\"og:site_name\" content=\"UN Briefmarken\" \/>\n<meta property=\"article:modified_time\" content=\"2024-01-26T15:01:03+00:00\" \/>\n<meta property=\"og:image\" content=\"https:\/\/unstamps.org\/wp-content\/uploads\/2013\/12\/DEF-V-2002_e0.07_fullsheet.jpg\" \/>\n\t<meta property=\"og:image:width\" content=\"1024\" \/>\n\t<meta property=\"og:image:height\" content=\"1024\" \/>\n\t<meta property=\"og:image:type\" content=\"image\/jpeg\" \/>\n<meta name=\"twitter:card\" content=\"summary_large_image\" \/>\n<meta name=\"twitter:label1\" content=\"Gesch\u00e4tzte Lesezeit\" \/>\n\t<meta name=\"twitter:data1\" content=\"1 minute\" \/>\n<script type=\"application\/ld+json\" class=\"yoast-schema-graph\">{\"@context\":\"https:\\\/\\\/schema.org\",\"@graph\":[{\"@type\":\"WebPage\",\"@id\":\"https:\\\/\\\/unstamps.org\\\/de\\\/produkt\\\/e-007-2002-ganzer-bogen-gestempelt\\\/\",\"url\":\"https:\\\/\\\/unstamps.org\\\/de\\\/produkt\\\/e-007-2002-ganzer-bogen-gestempelt\\\/\",\"name\":\"\u20ac 0,07 (2002) Ganzer Bogen &#8211; Gestempelt - UN Briefmarken\",\"isPartOf\":{\"@id\":\"https:\\\/\\\/unstamps.org\\\/de\\\/#website\"},\"primaryImageOfPage\":{\"@id\":\"https:\\\/\\\/unstamps.org\\\/de\\\/produkt\\\/e-007-2002-ganzer-bogen-gestempelt\\\/#primaryimage\"},\"image\":{\"@id\":\"https:\\\/\\\/unstamps.org\\\/de\\\/produkt\\\/e-007-2002-ganzer-bogen-gestempelt\\\/#primaryimage\"},\"thumbnailUrl\":\"https:\\\/\\\/unstamps.org\\\/wp-content\\\/uploads\\\/2013\\\/12\\\/DEF-V-2002_e0.07_fullsheet.jpg\",\"datePublished\":\"2013-12-11T16:46:50+00:00\",\"dateModified\":\"2024-01-26T15:01:03+00:00\",\"breadcrumb\":{\"@id\":\"https:\\\/\\\/unstamps.org\\\/de\\\/produkt\\\/e-007-2002-ganzer-bogen-gestempelt\\\/#breadcrumb\"},\"inLanguage\":\"de-DE\",\"potentialAction\":[{\"@type\":\"ReadAction\",\"target\":[\"https:\\\/\\\/unstamps.org\\\/de\\\/produkt\\\/e-007-2002-ganzer-bogen-gestempelt\\\/\"]}]},{\"@type\":\"ImageObject\",\"inLanguage\":\"de-DE\",\"@id\":\"https:\\\/\\\/unstamps.org\\\/de\\\/produkt\\\/e-007-2002-ganzer-bogen-gestempelt\\\/#primaryimage\",\"url\":\"https:\\\/\\\/unstamps.org\\\/wp-content\\\/uploads\\\/2013\\\/12\\\/DEF-V-2002_e0.07_fullsheet.jpg\",\"contentUrl\":\"https:\\\/\\\/unstamps.org\\\/wp-content\\\/uploads\\\/2013\\\/12\\\/DEF-V-2002_e0.07_fullsheet.jpg\",\"width\":1024,\"height\":1024},{\"@type\":\"BreadcrumbList\",\"@id\":\"https:\\\/\\\/unstamps.org\\\/de\\\/produkt\\\/e-007-2002-ganzer-bogen-gestempelt\\\/#breadcrumb\",\"itemListElement\":[{\"@type\":\"ListItem\",\"position\":1,\"name\":\"Home\",\"item\":\"https:\\\/\\\/unstamps.org\\\/de\\\/\"},{\"@type\":\"ListItem\",\"position\":2,\"name\":\"Produkte\",\"item\":\"https:\\\/\\\/unstamps.org\\\/de\\\/produkte\\\/\"},{\"@type\":\"ListItem\",\"position\":3,\"name\":\"\u20ac 0,07 (2002) Ganzer Bogen &#8211; Gestempelt\"}]},{\"@type\":\"WebSite\",\"@id\":\"https:\\\/\\\/unstamps.org\\\/de\\\/#website\",\"url\":\"https:\\\/\\\/unstamps.org\\\/de\\\/\",\"name\":\"UN Stamps\",\"description\":\"United Nations Stamps\",\"publisher\":{\"@id\":\"https:\\\/\\\/unstamps.org\\\/de\\\/#organization\"},\"potentialAction\":[{\"@type\":\"SearchAction\",\"target\":{\"@type\":\"EntryPoint\",\"urlTemplate\":\"https:\\\/\\\/unstamps.org\\\/de\\\/?s={search_term_string}\"},\"query-input\":{\"@type\":\"PropertyValueSpecification\",\"valueRequired\":true,\"valueName\":\"search_term_string\"}}],\"inLanguage\":\"de-DE\"},{\"@type\":\"Organization\",\"@id\":\"https:\\\/\\\/unstamps.org\\\/de\\\/#organization\",\"name\":\"UN Stamps\",\"url\":\"https:\\\/\\\/unstamps.org\\\/de\\\/\",\"logo\":{\"@type\":\"ImageObject\",\"inLanguage\":\"de-DE\",\"@id\":\"https:\\\/\\\/unstamps.org\\\/de\\\/#\\\/schema\\\/logo\\\/image\\\/\",\"url\":\"https:\\\/\\\/unstamps.org\\\/wp-content\\\/uploads\\\/2014\\\/01\\\/logo4web.jpg\",\"contentUrl\":\"https:\\\/\\\/unstamps.org\\\/wp-content\\\/uploads\\\/2014\\\/01\\\/logo4web.jpg\",\"width\":2500,\"height\":250,\"caption\":\"UN Stamps\"},\"image\":{\"@id\":\"https:\\\/\\\/unstamps.org\\\/de\\\/#\\\/schema\\\/logo\\\/image\\\/\"}}]}<\/script>\n<!-- \/ Yoast SEO plugin. -->","yoast_head_json":{"title":"\u20ac 0,07 (2002) Ganzer Bogen &#8211; Gestempelt - UN Briefmarken","robots":{"index":"index","follow":"follow","max-snippet":"max-snippet:-1","max-image-preview":"max-image-preview:large","max-video-preview":"max-video-preview:-1"},"canonical":"https:\/\/unstamps.org\/de\/produkt\/e-007-2002-ganzer-bogen-gestempelt\/","og_locale":"de_DE","og_type":"article","og_title":"\u20ac 0,07 (2002) Ganzer Bogen &#8211; Gestempelt - UN Briefmarken","og_description":"\u20ac 0,07 Semmering-Bahn Die 41 Kilometer lange Semmering-Bahn f\u00fchrt \u00fcber hohe Berge und wurde zwischen 1848 und 1854 errichtet. Sie gilt als eine der hervorragendsten Leistungen des Eisenbahnbaus in seiner Pionierphase. Dank der Qualit\u00e4t ihrer Tunnels, Viadukte und anderer Bauten ist die Strecke bis zum heutigen Tag in Betrieb. Sie verl\u00e4uft durch eine spektakul\u00e4re Gebirgslandschaft, [&hellip;]","og_url":"https:\/\/unstamps.org\/de\/produkt\/e-007-2002-ganzer-bogen-gestempelt\/","og_site_name":"UN Briefmarken","article_modified_time":"2024-01-26T15:01:03+00:00","og_image":[{"width":1024,"height":1024,"url":"https:\/\/unstamps.org\/wp-content\/uploads\/2013\/12\/DEF-V-2002_e0.07_fullsheet.jpg","type":"image\/jpeg"}],"twitter_card":"summary_large_image","twitter_misc":{"Gesch\u00e4tzte Lesezeit":"1 minute"},"schema":{"@context":"https:\/\/schema.org","@graph":[{"@type":"WebPage","@id":"https:\/\/unstamps.org\/de\/produkt\/e-007-2002-ganzer-bogen-gestempelt\/","url":"https:\/\/unstamps.org\/de\/produkt\/e-007-2002-ganzer-bogen-gestempelt\/","name":"\u20ac 0,07 (2002) Ganzer Bogen &#8211; Gestempelt - UN Briefmarken","isPartOf":{"@id":"https:\/\/unstamps.org\/de\/#website"},"primaryImageOfPage":{"@id":"https:\/\/unstamps.org\/de\/produkt\/e-007-2002-ganzer-bogen-gestempelt\/#primaryimage"},"image":{"@id":"https:\/\/unstamps.org\/de\/produkt\/e-007-2002-ganzer-bogen-gestempelt\/#primaryimage"},"thumbnailUrl":"https:\/\/unstamps.org\/wp-content\/uploads\/2013\/12\/DEF-V-2002_e0.07_fullsheet.jpg","datePublished":"2013-12-11T16:46:50+00:00","dateModified":"2024-01-26T15:01:03+00:00","breadcrumb":{"@id":"https:\/\/unstamps.org\/de\/produkt\/e-007-2002-ganzer-bogen-gestempelt\/#breadcrumb"},"inLanguage":"de-DE","potentialAction":[{"@type":"ReadAction","target":["https:\/\/unstamps.org\/de\/produkt\/e-007-2002-ganzer-bogen-gestempelt\/"]}]},{"@type":"ImageObject","inLanguage":"de-DE","@id":"https:\/\/unstamps.org\/de\/produkt\/e-007-2002-ganzer-bogen-gestempelt\/#primaryimage","url":"https:\/\/unstamps.org\/wp-content\/uploads\/2013\/12\/DEF-V-2002_e0.07_fullsheet.jpg","contentUrl":"https:\/\/unstamps.org\/wp-content\/uploads\/2013\/12\/DEF-V-2002_e0.07_fullsheet.jpg","width":1024,"height":1024},{"@type":"BreadcrumbList","@id":"https:\/\/unstamps.org\/de\/produkt\/e-007-2002-ganzer-bogen-gestempelt\/#breadcrumb","itemListElement":[{"@type":"ListItem","position":1,"name":"Home","item":"https:\/\/unstamps.org\/de\/"},{"@type":"ListItem","position":2,"name":"Produkte","item":"https:\/\/unstamps.org\/de\/produkte\/"},{"@type":"ListItem","position":3,"name":"\u20ac 0,07 (2002) Ganzer Bogen &#8211; Gestempelt"}]},{"@type":"WebSite","@id":"https:\/\/unstamps.org\/de\/#website","url":"https:\/\/unstamps.org\/de\/","name":"UN Stamps","description":"United Nations Stamps","publisher":{"@id":"https:\/\/unstamps.org\/de\/#organization"},"potentialAction":[{"@type":"SearchAction","target":{"@type":"EntryPoint","urlTemplate":"https:\/\/unstamps.org\/de\/?s={search_term_string}"},"query-input":{"@type":"PropertyValueSpecification","valueRequired":true,"valueName":"search_term_string"}}],"inLanguage":"de-DE"},{"@type":"Organization","@id":"https:\/\/unstamps.org\/de\/#organization","name":"UN Stamps","url":"https:\/\/unstamps.org\/de\/","logo":{"@type":"ImageObject","inLanguage":"de-DE","@id":"https:\/\/unstamps.org\/de\/#\/schema\/logo\/image\/","url":"https:\/\/unstamps.org\/wp-content\/uploads\/2014\/01\/logo4web.jpg","contentUrl":"https:\/\/unstamps.org\/wp-content\/uploads\/2014\/01\/logo4web.jpg","width":2500,"height":250,"caption":"UN Stamps"},"image":{"@id":"https:\/\/unstamps.org\/de\/#\/schema\/logo\/image\/"}}]}},"jetpack_sharing_enabled":true,"publishpress_future_action":{"enabled":false,"date":"2026-04-21 23:27:02","action":"change-status","newStatus":"private","terms":[],"taxonomy":"product_cat","extraData":[]},"publishpress_future_workflow_manual_trigger":{"enabledWorkflows":[]},"_links":{"self":[{"href":"https:\/\/unstamps.org\/de\/wp-json\/wp\/v2\/product\/1433","targetHints":{"allow":["GET"]}}],"collection":[{"href":"https:\/\/unstamps.org\/de\/wp-json\/wp\/v2\/product"}],"about":[{"href":"https:\/\/unstamps.org\/de\/wp-json\/wp\/v2\/types\/product"}],"replies":[{"embeddable":true,"href":"https:\/\/unstamps.org\/de\/wp-json\/wp\/v2\/comments?post=1433"}],"wp:featuredmedia":[{"embeddable":true,"href":"https:\/\/unstamps.org\/de\/wp-json\/wp\/v2\/media\/8178"}],"wp:attachment":[{"href":"https:\/\/unstamps.org\/de\/wp-json\/wp\/v2\/media?parent=1433"}],"wp:term":[{"taxonomy":"product_brand","embeddable":true,"href":"https:\/\/unstamps.org\/de\/wp-json\/wp\/v2\/product_brand?post=1433"},{"taxonomy":"product_cat","embeddable":true,"href":"https:\/\/unstamps.org\/de\/wp-json\/wp\/v2\/product_cat?post=1433"},{"taxonomy":"product_tag","embeddable":true,"href":"https:\/\/unstamps.org\/de\/wp-json\/wp\/v2\/product_tag?post=1433"}],"curies":[{"name":"wp","href":"https:\/\/api.w.org\/{rel}","templated":true}]}}