{"id":1381,"date":"2013-12-12T05:43:54","date_gmt":"2013-12-12T10:43:54","guid":{"rendered":"http:\/\/unstamps.org\/?post_type=product&#038;p=1381"},"modified":"2024-01-26T10:00:58","modified_gmt":"2024-01-26T15:00:58","slug":"e-087-2002-einzelmarke-gestempelt","status":"publish","type":"product","link":"https:\/\/unstamps.org\/de\/produkt\/e-087-2002-einzelmarke-gestempelt\/","title":{"rendered":"\u20ac 0,87 (2002) Einzelmarke &#8211; Gestempelt"},"content":{"rendered":"<div>\n<div id=\"prod-descr-description\">\u20ac 0,87 Stift Melk an der Donau<br \/>\nDas Stift Melk ist seit mehr als 1000 Jahren ein kulturelles und geistiges Zentrum. Es wurde von den Babenbergern als Burg errichtet und 1089 von Markgraf Leopold II. in das heutige Benediktinerkloster umgewandelt. Seit \u00fcber 900 Jahren leben hier M\u00f6nche nach den Regeln des Hl. Benedikt. Im Zuge seiner Geschichte leistete das Stift Melk einen wichtigen Beitrag zur Kunst, zur Musik und zu den Naturwissenschaften. Das Kloster verf\u00fcgt \u00fcber eine angeschlossene Schule und \u00fcber eine Bibliothek mit einer Sammlung kostbarer mittelalterlicher Manuskripte und den ber\u00fchmten Deckenfresken von Paul Troger. Von 1702 bis 1736 lie\u00df der damalige Abt von Melk, Berthold Dietmayr, vom gro\u00dfen \u00f6sterreichischen Baumeister Jakob Prandtauer ein prachtvolles barockes Bauwerk errichten, das heute als das ber\u00fchmteste Beispiel barocker Architektur in \u00d6sterreich und eines der bedeutendsten Kulturdenkm\u00e4ler Europas gilt.<\/div>\n<div id=\"prod-descr-denomination\">\n<div>Nennwert:<\/div>\n<p>\u20ac 0,87 (Bogen zu 20 Marken)<\/p>\n<\/div>\n<div id=\"prod-descr-printing\">\n<div>Druck:<\/div>\n<p>Offset Lithographie von The House of Questa (Vereinigtes K\u00f6nigreich)<\/p>\n<\/div>\n<div id=\"prod-descr-quantity\">\n<div>Auflage:<\/div>\n<p>760.000 Briefmarken<\/p>\n<\/div>\n<div id=\"prod-descr-designer\">\n<div>Designer:<\/div>\n<p>von Rorie Katz (Vereinte Nationen, New York) als Briefmarke adaptiert<\/p>\n<\/div>\n<div id=\"prod-descr-specification\">Format:<\/div>\n<div>40 mm x 30 mm<\/div>\n<div><\/div>\n<div>Z\u00e4hnung: 14<\/div>\n<\/div>\n","protected":false},"excerpt":{"rendered":"<p>\u20ac 0,87 Stift Melk an der Donau Das Stift Melk ist seit mehr als 1000 Jahren ein kulturelles und geistiges Zentrum. Es wurde von den Babenbergern als Burg errichtet und 1089 von Markgraf Leopold II. in das heutige Benediktinerkloster umgewandelt. Seit \u00fcber 900 Jahren leben hier M\u00f6nche nach den Regeln des Hl. Benedikt. Im Zuge [&hellip;]<\/p>\n","protected":false},"featured_media":1895,"comment_status":"open","ping_status":"closed","template":"","meta":{"ngg_post_thumbnail":0},"product_brand":[],"product_cat":[966],"product_tag":[],"class_list":{"0":"post-1381","1":"product","2":"type-product","3":"status-publish","4":"has-post-thumbnail","6":"product_cat-uncategorized","8":"first","9":"instock","10":"shipping-taxable","11":"purchasable","12":"product-type-simple"},"yoast_head":"<!-- This site is optimized with the Yoast SEO plugin v27.3 - https:\/\/yoast.com\/product\/yoast-seo-wordpress\/ -->\n<title>\u20ac 0,87 (2002) Einzelmarke &#8211; Gestempelt - UN Briefmarken<\/title>\n<meta name=\"robots\" content=\"index, follow, max-snippet:-1, max-image-preview:large, max-video-preview:-1\" \/>\n<link rel=\"canonical\" href=\"https:\/\/unstamps.org\/de\/produkt\/e-087-2002-einzelmarke-gestempelt\/\" \/>\n<meta property=\"og:locale\" content=\"de_DE\" \/>\n<meta property=\"og:type\" content=\"article\" \/>\n<meta property=\"og:title\" content=\"\u20ac 0,87 (2002) Einzelmarke &#8211; Gestempelt - UN Briefmarken\" \/>\n<meta property=\"og:description\" content=\"\u20ac 0,87 Stift Melk an der Donau Das Stift Melk ist seit mehr als 1000 Jahren ein kulturelles und geistiges Zentrum. Es wurde von den Babenbergern als Burg errichtet und 1089 von Markgraf Leopold II. in das heutige Benediktinerkloster umgewandelt. Seit \u00fcber 900 Jahren leben hier M\u00f6nche nach den Regeln des Hl. Benedikt. Im Zuge [&hellip;]\" \/>\n<meta property=\"og:url\" content=\"https:\/\/unstamps.org\/de\/produkt\/e-087-2002-einzelmarke-gestempelt\/\" \/>\n<meta property=\"og:site_name\" content=\"UN Briefmarken\" \/>\n<meta property=\"article:modified_time\" content=\"2024-01-26T15:00:58+00:00\" \/>\n<meta property=\"og:image\" content=\"https:\/\/unstamps.org\/wp-content\/uploads\/2013\/12\/DEF-V-2002_e0.87_single.jpg\" \/>\n\t<meta property=\"og:image:width\" content=\"1024\" \/>\n\t<meta property=\"og:image:height\" content=\"1024\" \/>\n\t<meta property=\"og:image:type\" content=\"image\/jpeg\" \/>\n<meta name=\"twitter:card\" content=\"summary_large_image\" \/>\n<meta name=\"twitter:label1\" content=\"Gesch\u00e4tzte Lesezeit\" \/>\n\t<meta name=\"twitter:data1\" content=\"1 minute\" \/>\n<script type=\"application\/ld+json\" class=\"yoast-schema-graph\">{\"@context\":\"https:\\\/\\\/schema.org\",\"@graph\":[{\"@type\":\"WebPage\",\"@id\":\"https:\\\/\\\/unstamps.org\\\/de\\\/produkt\\\/e-087-2002-einzelmarke-gestempelt\\\/\",\"url\":\"https:\\\/\\\/unstamps.org\\\/de\\\/produkt\\\/e-087-2002-einzelmarke-gestempelt\\\/\",\"name\":\"\u20ac 0,87 (2002) Einzelmarke &#8211; Gestempelt - UN Briefmarken\",\"isPartOf\":{\"@id\":\"https:\\\/\\\/unstamps.org\\\/de\\\/#website\"},\"primaryImageOfPage\":{\"@id\":\"https:\\\/\\\/unstamps.org\\\/de\\\/produkt\\\/e-087-2002-einzelmarke-gestempelt\\\/#primaryimage\"},\"image\":{\"@id\":\"https:\\\/\\\/unstamps.org\\\/de\\\/produkt\\\/e-087-2002-einzelmarke-gestempelt\\\/#primaryimage\"},\"thumbnailUrl\":\"https:\\\/\\\/unstamps.org\\\/wp-content\\\/uploads\\\/2013\\\/12\\\/DEF-V-2002_e0.87_single.jpg\",\"datePublished\":\"2013-12-12T10:43:54+00:00\",\"dateModified\":\"2024-01-26T15:00:58+00:00\",\"breadcrumb\":{\"@id\":\"https:\\\/\\\/unstamps.org\\\/de\\\/produkt\\\/e-087-2002-einzelmarke-gestempelt\\\/#breadcrumb\"},\"inLanguage\":\"de-DE\",\"potentialAction\":[{\"@type\":\"ReadAction\",\"target\":[\"https:\\\/\\\/unstamps.org\\\/de\\\/produkt\\\/e-087-2002-einzelmarke-gestempelt\\\/\"]}]},{\"@type\":\"ImageObject\",\"inLanguage\":\"de-DE\",\"@id\":\"https:\\\/\\\/unstamps.org\\\/de\\\/produkt\\\/e-087-2002-einzelmarke-gestempelt\\\/#primaryimage\",\"url\":\"https:\\\/\\\/unstamps.org\\\/wp-content\\\/uploads\\\/2013\\\/12\\\/DEF-V-2002_e0.87_single.jpg\",\"contentUrl\":\"https:\\\/\\\/unstamps.org\\\/wp-content\\\/uploads\\\/2013\\\/12\\\/DEF-V-2002_e0.87_single.jpg\",\"width\":1024,\"height\":1024},{\"@type\":\"BreadcrumbList\",\"@id\":\"https:\\\/\\\/unstamps.org\\\/de\\\/produkt\\\/e-087-2002-einzelmarke-gestempelt\\\/#breadcrumb\",\"itemListElement\":[{\"@type\":\"ListItem\",\"position\":1,\"name\":\"Home\",\"item\":\"https:\\\/\\\/unstamps.org\\\/de\\\/\"},{\"@type\":\"ListItem\",\"position\":2,\"name\":\"Produkte\",\"item\":\"https:\\\/\\\/unstamps.org\\\/de\\\/produkte\\\/\"},{\"@type\":\"ListItem\",\"position\":3,\"name\":\"\u20ac 0,87 (2002) Einzelmarke &#8211; Gestempelt\"}]},{\"@type\":\"WebSite\",\"@id\":\"https:\\\/\\\/unstamps.org\\\/de\\\/#website\",\"url\":\"https:\\\/\\\/unstamps.org\\\/de\\\/\",\"name\":\"UN Stamps\",\"description\":\"United Nations Stamps\",\"publisher\":{\"@id\":\"https:\\\/\\\/unstamps.org\\\/de\\\/#organization\"},\"potentialAction\":[{\"@type\":\"SearchAction\",\"target\":{\"@type\":\"EntryPoint\",\"urlTemplate\":\"https:\\\/\\\/unstamps.org\\\/de\\\/?s={search_term_string}\"},\"query-input\":{\"@type\":\"PropertyValueSpecification\",\"valueRequired\":true,\"valueName\":\"search_term_string\"}}],\"inLanguage\":\"de-DE\"},{\"@type\":\"Organization\",\"@id\":\"https:\\\/\\\/unstamps.org\\\/de\\\/#organization\",\"name\":\"UN Stamps\",\"url\":\"https:\\\/\\\/unstamps.org\\\/de\\\/\",\"logo\":{\"@type\":\"ImageObject\",\"inLanguage\":\"de-DE\",\"@id\":\"https:\\\/\\\/unstamps.org\\\/de\\\/#\\\/schema\\\/logo\\\/image\\\/\",\"url\":\"https:\\\/\\\/unstamps.org\\\/wp-content\\\/uploads\\\/2014\\\/01\\\/logo4web.jpg\",\"contentUrl\":\"https:\\\/\\\/unstamps.org\\\/wp-content\\\/uploads\\\/2014\\\/01\\\/logo4web.jpg\",\"width\":2500,\"height\":250,\"caption\":\"UN Stamps\"},\"image\":{\"@id\":\"https:\\\/\\\/unstamps.org\\\/de\\\/#\\\/schema\\\/logo\\\/image\\\/\"}}]}<\/script>\n<!-- \/ Yoast SEO plugin. -->","yoast_head_json":{"title":"\u20ac 0,87 (2002) Einzelmarke &#8211; Gestempelt - UN Briefmarken","robots":{"index":"index","follow":"follow","max-snippet":"max-snippet:-1","max-image-preview":"max-image-preview:large","max-video-preview":"max-video-preview:-1"},"canonical":"https:\/\/unstamps.org\/de\/produkt\/e-087-2002-einzelmarke-gestempelt\/","og_locale":"de_DE","og_type":"article","og_title":"\u20ac 0,87 (2002) Einzelmarke &#8211; Gestempelt - UN Briefmarken","og_description":"\u20ac 0,87 Stift Melk an der Donau Das Stift Melk ist seit mehr als 1000 Jahren ein kulturelles und geistiges Zentrum. Es wurde von den Babenbergern als Burg errichtet und 1089 von Markgraf Leopold II. in das heutige Benediktinerkloster umgewandelt. Seit \u00fcber 900 Jahren leben hier M\u00f6nche nach den Regeln des Hl. Benedikt. Im Zuge [&hellip;]","og_url":"https:\/\/unstamps.org\/de\/produkt\/e-087-2002-einzelmarke-gestempelt\/","og_site_name":"UN Briefmarken","article_modified_time":"2024-01-26T15:00:58+00:00","og_image":[{"width":1024,"height":1024,"url":"https:\/\/unstamps.org\/wp-content\/uploads\/2013\/12\/DEF-V-2002_e0.87_single.jpg","type":"image\/jpeg"}],"twitter_card":"summary_large_image","twitter_misc":{"Gesch\u00e4tzte Lesezeit":"1 minute"},"schema":{"@context":"https:\/\/schema.org","@graph":[{"@type":"WebPage","@id":"https:\/\/unstamps.org\/de\/produkt\/e-087-2002-einzelmarke-gestempelt\/","url":"https:\/\/unstamps.org\/de\/produkt\/e-087-2002-einzelmarke-gestempelt\/","name":"\u20ac 0,87 (2002) Einzelmarke &#8211; Gestempelt - UN Briefmarken","isPartOf":{"@id":"https:\/\/unstamps.org\/de\/#website"},"primaryImageOfPage":{"@id":"https:\/\/unstamps.org\/de\/produkt\/e-087-2002-einzelmarke-gestempelt\/#primaryimage"},"image":{"@id":"https:\/\/unstamps.org\/de\/produkt\/e-087-2002-einzelmarke-gestempelt\/#primaryimage"},"thumbnailUrl":"https:\/\/unstamps.org\/wp-content\/uploads\/2013\/12\/DEF-V-2002_e0.87_single.jpg","datePublished":"2013-12-12T10:43:54+00:00","dateModified":"2024-01-26T15:00:58+00:00","breadcrumb":{"@id":"https:\/\/unstamps.org\/de\/produkt\/e-087-2002-einzelmarke-gestempelt\/#breadcrumb"},"inLanguage":"de-DE","potentialAction":[{"@type":"ReadAction","target":["https:\/\/unstamps.org\/de\/produkt\/e-087-2002-einzelmarke-gestempelt\/"]}]},{"@type":"ImageObject","inLanguage":"de-DE","@id":"https:\/\/unstamps.org\/de\/produkt\/e-087-2002-einzelmarke-gestempelt\/#primaryimage","url":"https:\/\/unstamps.org\/wp-content\/uploads\/2013\/12\/DEF-V-2002_e0.87_single.jpg","contentUrl":"https:\/\/unstamps.org\/wp-content\/uploads\/2013\/12\/DEF-V-2002_e0.87_single.jpg","width":1024,"height":1024},{"@type":"BreadcrumbList","@id":"https:\/\/unstamps.org\/de\/produkt\/e-087-2002-einzelmarke-gestempelt\/#breadcrumb","itemListElement":[{"@type":"ListItem","position":1,"name":"Home","item":"https:\/\/unstamps.org\/de\/"},{"@type":"ListItem","position":2,"name":"Produkte","item":"https:\/\/unstamps.org\/de\/produkte\/"},{"@type":"ListItem","position":3,"name":"\u20ac 0,87 (2002) Einzelmarke &#8211; Gestempelt"}]},{"@type":"WebSite","@id":"https:\/\/unstamps.org\/de\/#website","url":"https:\/\/unstamps.org\/de\/","name":"UN Stamps","description":"United Nations Stamps","publisher":{"@id":"https:\/\/unstamps.org\/de\/#organization"},"potentialAction":[{"@type":"SearchAction","target":{"@type":"EntryPoint","urlTemplate":"https:\/\/unstamps.org\/de\/?s={search_term_string}"},"query-input":{"@type":"PropertyValueSpecification","valueRequired":true,"valueName":"search_term_string"}}],"inLanguage":"de-DE"},{"@type":"Organization","@id":"https:\/\/unstamps.org\/de\/#organization","name":"UN Stamps","url":"https:\/\/unstamps.org\/de\/","logo":{"@type":"ImageObject","inLanguage":"de-DE","@id":"https:\/\/unstamps.org\/de\/#\/schema\/logo\/image\/","url":"https:\/\/unstamps.org\/wp-content\/uploads\/2014\/01\/logo4web.jpg","contentUrl":"https:\/\/unstamps.org\/wp-content\/uploads\/2014\/01\/logo4web.jpg","width":2500,"height":250,"caption":"UN Stamps"},"image":{"@id":"https:\/\/unstamps.org\/de\/#\/schema\/logo\/image\/"}}]}},"jetpack_sharing_enabled":true,"publishpress_future_action":{"enabled":false,"date":"2026-04-17 06:44:49","action":"change-status","newStatus":"private","terms":[],"taxonomy":"product_cat","extraData":[]},"publishpress_future_workflow_manual_trigger":{"enabledWorkflows":[]},"_links":{"self":[{"href":"https:\/\/unstamps.org\/de\/wp-json\/wp\/v2\/product\/1381","targetHints":{"allow":["GET"]}}],"collection":[{"href":"https:\/\/unstamps.org\/de\/wp-json\/wp\/v2\/product"}],"about":[{"href":"https:\/\/unstamps.org\/de\/wp-json\/wp\/v2\/types\/product"}],"replies":[{"embeddable":true,"href":"https:\/\/unstamps.org\/de\/wp-json\/wp\/v2\/comments?post=1381"}],"wp:featuredmedia":[{"embeddable":true,"href":"https:\/\/unstamps.org\/de\/wp-json\/wp\/v2\/media\/1895"}],"wp:attachment":[{"href":"https:\/\/unstamps.org\/de\/wp-json\/wp\/v2\/media?parent=1381"}],"wp:term":[{"taxonomy":"product_brand","embeddable":true,"href":"https:\/\/unstamps.org\/de\/wp-json\/wp\/v2\/product_brand?post=1381"},{"taxonomy":"product_cat","embeddable":true,"href":"https:\/\/unstamps.org\/de\/wp-json\/wp\/v2\/product_cat?post=1381"},{"taxonomy":"product_tag","embeddable":true,"href":"https:\/\/unstamps.org\/de\/wp-json\/wp\/v2\/product_tag?post=1381"}],"curies":[{"name":"wp","href":"https:\/\/api.w.org\/{rel}","templated":true}]}}