{"id":121909,"date":"2020-11-23T10:54:03","date_gmt":"2020-11-23T15:57:39","guid":{"rendered":"https:\/\/unstamps.org\/?post_type=product&#038;p=121909"},"modified":"2026-01-09T10:54:31","modified_gmt":"2026-01-09T15:54:31","slug":"un-krypto-us-775-kleinbogen","status":"publish","type":"product","link":"https:\/\/unstamps.org\/de\/produkt\/un-krypto-us-775-kleinbogen\/","title":{"rendered":"UN KRYPTO &#8211; US$ 7,75 Kleinbogen"},"content":{"rendered":"<p>Weitere Informationen \u00fcber Krypto-Briefmarken der Vereinten Nationen und wie Sie sie beziehen k\u00f6nnen, erhalten Sie auf <a href=\"https:\/\/crypto.unstamps.org\/\" target=\"_blank\" rel=\"noopener noreferrer\">https:\/\/crypto.unstamps.org\/<\/a>.<\/p>\n<p><em><strong>\u201cBitte beachten Sie, dass kein R\u00fcckgabe- oder Umtauschrecht f\u00fcr alle Produkte der Krypto Briefmarken besteht, wenn das Rubbelfeld besch\u00e4digt und\/oder der Code erkennbar ist.\u201d<\/strong><\/em><\/p>\n<p><strong>Ausgabedatum:<\/strong> 24. November 2020<br \/>\n<strong>Entwurf:<\/strong> Sergio Baradat (Vereinte Nationen)<br \/>\n<strong>Nennwert:<\/strong> US$ 7,75<br \/>\n<strong>Format der Marke:<\/strong> 25 mm x 35 mm<br \/>\n<strong>Format des Kleinbogens:<\/strong> 84 mm x 55 mm<br \/>\n<strong>Format der Ausgabe:<\/strong> Kleinbogen mit 1 Briefmarke<br \/>\n<strong>Druck:<\/strong> Royal Joh Ensched\u00e9 (Niederlande)<br \/>\n<strong>Druckverfahren:<\/strong> Hexachrome, Folie<br \/>\n<strong>Druckauflage:<\/strong> 30.000 Kleinbogen<\/p>\n","protected":false},"excerpt":{"rendered":"<p>Weitere Informationen \u00fcber Krypto-Briefmarken der Vereinten Nationen und wie Sie sie beziehen k\u00f6nnen, erhalten Sie auf https:\/\/crypto.unstamps.org\/. \u201cBitte beachten Sie, dass kein R\u00fcckgabe- oder Umtauschrecht f\u00fcr alle Produkte der Krypto Briefmarken besteht, wenn das Rubbelfeld besch\u00e4digt und\/oder der Code erkennbar ist.\u201d Ausgabedatum: 24. November 2020 Entwurf: Sergio Baradat (Vereinte Nationen) Nennwert: US$ 7,75 Format der [&hellip;]<\/p>\n","protected":false},"featured_media":122801,"comment_status":"closed","ping_status":"closed","template":"","meta":{"ngg_post_thumbnail":0},"product_brand":[],"product_cat":[1033,2925,175,114],"product_tag":[],"class_list":{"0":"post-121909","1":"product","2":"type-product","3":"status-publish","4":"has-post-thumbnail","6":"product_cat-2020_de","7":"product_cat-crypto-de","8":"product_cat-kleinbogen","9":"product_cat-new-york-issuing-office-de","10":"pa_condition-cancelled","11":"pa_condition-mint-de","13":"first","14":"instock","15":"shipping-taxable","16":"purchasable","17":"product-type-variable"},"yoast_head":"<!-- This site is optimized with the Yoast SEO plugin v27.3 - https:\/\/yoast.com\/product\/yoast-seo-wordpress\/ -->\n<title>UN KRYPTO &#8211; US$ 7,75 Kleinbogen - UN Briefmarken<\/title>\n<meta name=\"robots\" content=\"index, follow, max-snippet:-1, max-image-preview:large, max-video-preview:-1\" \/>\n<link rel=\"canonical\" href=\"https:\/\/unstamps.org\/de\/produkt\/un-krypto-us-775-kleinbogen\/\" \/>\n<meta property=\"og:locale\" content=\"de_DE\" \/>\n<meta property=\"og:type\" content=\"article\" \/>\n<meta property=\"og:title\" content=\"UN KRYPTO &#8211; US$ 7,75 Kleinbogen - UN Briefmarken\" \/>\n<meta property=\"og:description\" content=\"Weitere Informationen \u00fcber Krypto-Briefmarken der Vereinten Nationen und wie Sie sie beziehen k\u00f6nnen, erhalten Sie auf https:\/\/crypto.unstamps.org\/. \u201cBitte beachten Sie, dass kein R\u00fcckgabe- oder Umtauschrecht f\u00fcr alle Produkte der Krypto Briefmarken besteht, wenn das Rubbelfeld besch\u00e4digt und\/oder der Code erkennbar ist.\u201d Ausgabedatum: 24. November 2020 Entwurf: Sergio Baradat (Vereinte Nationen) Nennwert: US$ 7,75 Format der [&hellip;]\" \/>\n<meta property=\"og:url\" content=\"https:\/\/unstamps.org\/de\/produkt\/un-krypto-us-775-kleinbogen\/\" \/>\n<meta property=\"og:site_name\" content=\"UN Briefmarken\" \/>\n<meta property=\"article:modified_time\" content=\"2026-01-09T15:54:31+00:00\" \/>\n<meta property=\"og:image\" content=\"https:\/\/unstamps.org\/wp-content\/uploads\/2020\/11\/Crypto-NY-Sheet.jpg\" \/>\n\t<meta property=\"og:image:width\" content=\"1024\" \/>\n\t<meta property=\"og:image:height\" content=\"1024\" \/>\n\t<meta property=\"og:image:type\" content=\"image\/jpeg\" \/>\n<meta name=\"twitter:card\" content=\"summary_large_image\" \/>\n<script type=\"application\/ld+json\" class=\"yoast-schema-graph\">{\"@context\":\"https:\\\/\\\/schema.org\",\"@graph\":[{\"@type\":\"WebPage\",\"@id\":\"https:\\\/\\\/unstamps.org\\\/de\\\/produkt\\\/un-krypto-us-775-kleinbogen\\\/\",\"url\":\"https:\\\/\\\/unstamps.org\\\/de\\\/produkt\\\/un-krypto-us-775-kleinbogen\\\/\",\"name\":\"UN KRYPTO &#8211; US$ 7,75 Kleinbogen - UN Briefmarken\",\"isPartOf\":{\"@id\":\"https:\\\/\\\/unstamps.org\\\/de\\\/#website\"},\"primaryImageOfPage\":{\"@id\":\"https:\\\/\\\/unstamps.org\\\/de\\\/produkt\\\/un-krypto-us-775-kleinbogen\\\/#primaryimage\"},\"image\":{\"@id\":\"https:\\\/\\\/unstamps.org\\\/de\\\/produkt\\\/un-krypto-us-775-kleinbogen\\\/#primaryimage\"},\"thumbnailUrl\":\"https:\\\/\\\/unstamps.org\\\/wp-content\\\/uploads\\\/2020\\\/11\\\/Crypto-NY-Sheet.jpg\",\"datePublished\":\"2020-11-23T15:57:39+00:00\",\"dateModified\":\"2026-01-09T15:54:31+00:00\",\"breadcrumb\":{\"@id\":\"https:\\\/\\\/unstamps.org\\\/de\\\/produkt\\\/un-krypto-us-775-kleinbogen\\\/#breadcrumb\"},\"inLanguage\":\"de-DE\",\"potentialAction\":[{\"@type\":\"ReadAction\",\"target\":[\"https:\\\/\\\/unstamps.org\\\/de\\\/produkt\\\/un-krypto-us-775-kleinbogen\\\/\"]}]},{\"@type\":\"ImageObject\",\"inLanguage\":\"de-DE\",\"@id\":\"https:\\\/\\\/unstamps.org\\\/de\\\/produkt\\\/un-krypto-us-775-kleinbogen\\\/#primaryimage\",\"url\":\"https:\\\/\\\/unstamps.org\\\/wp-content\\\/uploads\\\/2020\\\/11\\\/Crypto-NY-Sheet.jpg\",\"contentUrl\":\"https:\\\/\\\/unstamps.org\\\/wp-content\\\/uploads\\\/2020\\\/11\\\/Crypto-NY-Sheet.jpg\",\"width\":1024,\"height\":1024},{\"@type\":\"BreadcrumbList\",\"@id\":\"https:\\\/\\\/unstamps.org\\\/de\\\/produkt\\\/un-krypto-us-775-kleinbogen\\\/#breadcrumb\",\"itemListElement\":[{\"@type\":\"ListItem\",\"position\":1,\"name\":\"Home\",\"item\":\"https:\\\/\\\/unstamps.org\\\/de\\\/\"},{\"@type\":\"ListItem\",\"position\":2,\"name\":\"Produkte\",\"item\":\"https:\\\/\\\/unstamps.org\\\/de\\\/produkte\\\/\"},{\"@type\":\"ListItem\",\"position\":3,\"name\":\"UN KRYPTO &#8211; US$ 7,75 Kleinbogen\"}]},{\"@type\":\"WebSite\",\"@id\":\"https:\\\/\\\/unstamps.org\\\/de\\\/#website\",\"url\":\"https:\\\/\\\/unstamps.org\\\/de\\\/\",\"name\":\"UN Stamps\",\"description\":\"United Nations Stamps\",\"publisher\":{\"@id\":\"https:\\\/\\\/unstamps.org\\\/de\\\/#organization\"},\"potentialAction\":[{\"@type\":\"SearchAction\",\"target\":{\"@type\":\"EntryPoint\",\"urlTemplate\":\"https:\\\/\\\/unstamps.org\\\/de\\\/?s={search_term_string}\"},\"query-input\":{\"@type\":\"PropertyValueSpecification\",\"valueRequired\":true,\"valueName\":\"search_term_string\"}}],\"inLanguage\":\"de-DE\"},{\"@type\":\"Organization\",\"@id\":\"https:\\\/\\\/unstamps.org\\\/de\\\/#organization\",\"name\":\"UN Stamps\",\"url\":\"https:\\\/\\\/unstamps.org\\\/de\\\/\",\"logo\":{\"@type\":\"ImageObject\",\"inLanguage\":\"de-DE\",\"@id\":\"https:\\\/\\\/unstamps.org\\\/de\\\/#\\\/schema\\\/logo\\\/image\\\/\",\"url\":\"https:\\\/\\\/unstamps.org\\\/wp-content\\\/uploads\\\/2014\\\/01\\\/logo4web.jpg\",\"contentUrl\":\"https:\\\/\\\/unstamps.org\\\/wp-content\\\/uploads\\\/2014\\\/01\\\/logo4web.jpg\",\"width\":2500,\"height\":250,\"caption\":\"UN Stamps\"},\"image\":{\"@id\":\"https:\\\/\\\/unstamps.org\\\/de\\\/#\\\/schema\\\/logo\\\/image\\\/\"}}]}<\/script>\n<!-- \/ Yoast SEO plugin. -->","yoast_head_json":{"title":"UN KRYPTO &#8211; US$ 7,75 Kleinbogen - UN Briefmarken","robots":{"index":"index","follow":"follow","max-snippet":"max-snippet:-1","max-image-preview":"max-image-preview:large","max-video-preview":"max-video-preview:-1"},"canonical":"https:\/\/unstamps.org\/de\/produkt\/un-krypto-us-775-kleinbogen\/","og_locale":"de_DE","og_type":"article","og_title":"UN KRYPTO &#8211; US$ 7,75 Kleinbogen - UN Briefmarken","og_description":"Weitere Informationen \u00fcber Krypto-Briefmarken der Vereinten Nationen und wie Sie sie beziehen k\u00f6nnen, erhalten Sie auf https:\/\/crypto.unstamps.org\/. \u201cBitte beachten Sie, dass kein R\u00fcckgabe- oder Umtauschrecht f\u00fcr alle Produkte der Krypto Briefmarken besteht, wenn das Rubbelfeld besch\u00e4digt und\/oder der Code erkennbar ist.\u201d Ausgabedatum: 24. November 2020 Entwurf: Sergio Baradat (Vereinte Nationen) Nennwert: US$ 7,75 Format der [&hellip;]","og_url":"https:\/\/unstamps.org\/de\/produkt\/un-krypto-us-775-kleinbogen\/","og_site_name":"UN Briefmarken","article_modified_time":"2026-01-09T15:54:31+00:00","og_image":[{"width":1024,"height":1024,"url":"https:\/\/unstamps.org\/wp-content\/uploads\/2020\/11\/Crypto-NY-Sheet.jpg","type":"image\/jpeg"}],"twitter_card":"summary_large_image","schema":{"@context":"https:\/\/schema.org","@graph":[{"@type":"WebPage","@id":"https:\/\/unstamps.org\/de\/produkt\/un-krypto-us-775-kleinbogen\/","url":"https:\/\/unstamps.org\/de\/produkt\/un-krypto-us-775-kleinbogen\/","name":"UN KRYPTO &#8211; US$ 7,75 Kleinbogen - UN Briefmarken","isPartOf":{"@id":"https:\/\/unstamps.org\/de\/#website"},"primaryImageOfPage":{"@id":"https:\/\/unstamps.org\/de\/produkt\/un-krypto-us-775-kleinbogen\/#primaryimage"},"image":{"@id":"https:\/\/unstamps.org\/de\/produkt\/un-krypto-us-775-kleinbogen\/#primaryimage"},"thumbnailUrl":"https:\/\/unstamps.org\/wp-content\/uploads\/2020\/11\/Crypto-NY-Sheet.jpg","datePublished":"2020-11-23T15:57:39+00:00","dateModified":"2026-01-09T15:54:31+00:00","breadcrumb":{"@id":"https:\/\/unstamps.org\/de\/produkt\/un-krypto-us-775-kleinbogen\/#breadcrumb"},"inLanguage":"de-DE","potentialAction":[{"@type":"ReadAction","target":["https:\/\/unstamps.org\/de\/produkt\/un-krypto-us-775-kleinbogen\/"]}]},{"@type":"ImageObject","inLanguage":"de-DE","@id":"https:\/\/unstamps.org\/de\/produkt\/un-krypto-us-775-kleinbogen\/#primaryimage","url":"https:\/\/unstamps.org\/wp-content\/uploads\/2020\/11\/Crypto-NY-Sheet.jpg","contentUrl":"https:\/\/unstamps.org\/wp-content\/uploads\/2020\/11\/Crypto-NY-Sheet.jpg","width":1024,"height":1024},{"@type":"BreadcrumbList","@id":"https:\/\/unstamps.org\/de\/produkt\/un-krypto-us-775-kleinbogen\/#breadcrumb","itemListElement":[{"@type":"ListItem","position":1,"name":"Home","item":"https:\/\/unstamps.org\/de\/"},{"@type":"ListItem","position":2,"name":"Produkte","item":"https:\/\/unstamps.org\/de\/produkte\/"},{"@type":"ListItem","position":3,"name":"UN KRYPTO &#8211; US$ 7,75 Kleinbogen"}]},{"@type":"WebSite","@id":"https:\/\/unstamps.org\/de\/#website","url":"https:\/\/unstamps.org\/de\/","name":"UN Stamps","description":"United Nations Stamps","publisher":{"@id":"https:\/\/unstamps.org\/de\/#organization"},"potentialAction":[{"@type":"SearchAction","target":{"@type":"EntryPoint","urlTemplate":"https:\/\/unstamps.org\/de\/?s={search_term_string}"},"query-input":{"@type":"PropertyValueSpecification","valueRequired":true,"valueName":"search_term_string"}}],"inLanguage":"de-DE"},{"@type":"Organization","@id":"https:\/\/unstamps.org\/de\/#organization","name":"UN Stamps","url":"https:\/\/unstamps.org\/de\/","logo":{"@type":"ImageObject","inLanguage":"de-DE","@id":"https:\/\/unstamps.org\/de\/#\/schema\/logo\/image\/","url":"https:\/\/unstamps.org\/wp-content\/uploads\/2014\/01\/logo4web.jpg","contentUrl":"https:\/\/unstamps.org\/wp-content\/uploads\/2014\/01\/logo4web.jpg","width":2500,"height":250,"caption":"UN Stamps"},"image":{"@id":"https:\/\/unstamps.org\/de\/#\/schema\/logo\/image\/"}}]}},"jetpack_sharing_enabled":true,"publishpress_future_action":{"enabled":false,"date":"2026-04-14 19:37:11","action":"change-status","newStatus":"private","terms":[],"taxonomy":"product_cat","extraData":[]},"publishpress_future_workflow_manual_trigger":{"enabledWorkflows":[]},"_links":{"self":[{"href":"https:\/\/unstamps.org\/de\/wp-json\/wp\/v2\/product\/121909","targetHints":{"allow":["GET"]}}],"collection":[{"href":"https:\/\/unstamps.org\/de\/wp-json\/wp\/v2\/product"}],"about":[{"href":"https:\/\/unstamps.org\/de\/wp-json\/wp\/v2\/types\/product"}],"replies":[{"embeddable":true,"href":"https:\/\/unstamps.org\/de\/wp-json\/wp\/v2\/comments?post=121909"}],"wp:featuredmedia":[{"embeddable":true,"href":"https:\/\/unstamps.org\/de\/wp-json\/wp\/v2\/media\/122801"}],"wp:attachment":[{"href":"https:\/\/unstamps.org\/de\/wp-json\/wp\/v2\/media?parent=121909"}],"wp:term":[{"taxonomy":"product_brand","embeddable":true,"href":"https:\/\/unstamps.org\/de\/wp-json\/wp\/v2\/product_brand?post=121909"},{"taxonomy":"product_cat","embeddable":true,"href":"https:\/\/unstamps.org\/de\/wp-json\/wp\/v2\/product_cat?post=121909"},{"taxonomy":"product_tag","embeddable":true,"href":"https:\/\/unstamps.org\/de\/wp-json\/wp\/v2\/product_tag?post=121909"}],"curies":[{"name":"wp","href":"https:\/\/api.w.org\/{rel}","templated":true}]}}