{"id":121898,"date":"2020-11-23T11:40:53","date_gmt":"2020-11-23T16:45:54","guid":{"rendered":"https:\/\/unstamps.org\/?post_type=product&#038;p=121898"},"modified":"2025-01-09T12:22:11","modified_gmt":"2025-01-09T17:22:11","slug":"un-krypto-briefmarke","status":"publish","type":"product","link":"https:\/\/unstamps.org\/de\/produkt\/un-krypto-briefmarke\/","title":{"rendered":"UN Krypto Briefmarke"},"content":{"rendered":"<p>Strategie des Generalsekret\u00e4rs der Vereinten Nationen zu neuen Technologien<br \/>\nIm Dezember 2018 hat Ant\u00f3nio Guterres, der Generalsekret\u00e4r der Vereinten Nationen, die erste Strategie der Vereinten Nationen zu neuen Technologien ins Leben gerufen. Ziel dieser Initiative ist es, festzulegen, wie das System der Vereinten Nationen den Einsatz neuer Technologien wie k\u00fcnstliche Intelligenz, Biotechnologien, Blockchain und Robotik unterst\u00fctzen wird, um die Agenda 2030 f\u00fcr nachhaltige Entwicklung beschleunigt zu verwirklichen und die Ausrichtung dieser Technologien an den in der Charta der Vereinten Nationen, der Allgemeinen Erkl\u00e4rung der Menschenrechte und den Regeln und Normen des V\u00f6lkerrechts verankerten Werten zu f\u00f6rdern. Der Generalsekret\u00e4r machte diese Strategie an den folgenden f\u00fcnf Leitprinzipien fest:<\/p>\n<p><strong>Globale Werte sch\u00fctzen und f\u00f6rdern.<\/strong><\/p>\n<p><strong>Inklusion und Transparenz f\u00f6rdern.<\/strong><\/p>\n<p><strong>Partnerschaftlich zusammenarbeiten.<\/strong><\/p>\n<p><strong>Auf bestehenden Kapazit\u00e4ten und Mandaten aufbauen.<\/strong><\/p>\n<p><strong>Bescheiden sein und st\u00e4ndig dazulernen.<\/strong><\/p>\n<p>Im Sinne dieser neuen Strategie freut sich die Postverwaltung der Vereinten Nationen, zum ersten Mal \u00fcberhaupt Krypto-Briefmarken der Vereinten Nationen herausgeben zu k\u00f6nnen. Die Marken wurden gemeinsam mit dem Amt der Vereinten Nationen f\u00fcr Informations- und Kommunikationstechnologie entwickelt und nutzen die Ethereum-Blockchain. Am 24. November 2020 erscheinen drei Kleinb\u00f6gen mit jeweils einer Briefmarke im Wert von je US$ 7.75, CHF 8,00 und \u20ac 7,00.<\/p>\n<p>Weitere Informationen \u00fcber Krypto-Briefmarken der Vereinten Nationen und wie Sie sie beziehen k\u00f6nnen, erhalten Sie auf <a href=\"https:\/\/crypto.unstamps.org\/\" target=\"_blank\" rel=\"noopener noreferrer\">https:\/\/crypto.unstamps.org\/<\/a>.<\/p>\n<p><em><strong>\u201cBitte beachten Sie, dass kein R\u00fcckgabe- oder Umtauschrecht f\u00fcr alle Produkte der Krypto Briefmarken besteht, wenn das Rubbelfeld besch\u00e4digt und\/oder der Code erkennbar ist.\u201d<\/strong><\/em><\/p>\n<p><strong>Ausgabedatum:<\/strong> 24. November 2020<br \/>\n<strong>Entwurf:<\/strong> Sergio Baradat (Vereinte Nationen)<br \/>\n<strong>Nennwerte:<\/strong> US$ 7.75, CHF 8,00, \u20ac 7,00<br \/>\n<strong>Format der Marke:<\/strong> 25 mm x 35 mm<br \/>\n<strong>Format des Kleinbogens:<\/strong> 84 mm x 55 mm<br \/>\n<strong>Format der Ausgabe:<\/strong> Kleinbogen mit 1 Briefmarke<br \/>\n<strong>Druck:<\/strong> Royal Joh Ensched\u00e9 (Niederlande)<br \/>\n<strong>Druckverfahren:<\/strong> Hexachrome, Folie<br \/>\n<strong>Druckauflagen:<\/strong><br \/>\n&#8211; US$ 7.75 30.000 Kleinbogen<br \/>\n&#8211; CHF 8,00 30.000 Kleinbogen<br \/>\n&#8211; \u20ac 7,00 30.000 Kleinbogen<\/p>\n<p><img loading=\"lazy\" decoding=\"async\" class=\"aligncenter size-full wp-image-122825\" src=\"https:\/\/unstamps.org\/wp-content\/uploads\/2020\/11\/Crypto-Cancel.jpg\" alt=\"\" width=\"1278\" height=\"438\" srcset=\"https:\/\/unstamps.org\/wp-content\/uploads\/2020\/11\/Crypto-Cancel.jpg 1278w, https:\/\/unstamps.org\/wp-content\/uploads\/2020\/11\/Crypto-Cancel-860x295.jpg 860w, https:\/\/unstamps.org\/wp-content\/uploads\/2020\/11\/Crypto-Cancel-768x263.jpg 768w, https:\/\/unstamps.org\/wp-content\/uploads\/2020\/11\/Crypto-Cancel-1170x401.jpg 1170w, https:\/\/unstamps.org\/wp-content\/uploads\/2020\/11\/Crypto-Cancel-600x206.jpg 600w\" sizes=\"auto, (max-width: 1278px) 100vw, 1278px\" \/><\/p>\n","protected":false},"excerpt":{"rendered":"<p>Strategie des Generalsekret\u00e4rs der Vereinten Nationen zu neuen Technologien Im Dezember 2018 hat Ant\u00f3nio Guterres, der Generalsekret\u00e4r der Vereinten Nationen, die erste Strategie der Vereinten Nationen zu neuen Technologien ins Leben gerufen. Ziel dieser Initiative ist es, festzulegen, wie das System der Vereinten Nationen den Einsatz neuer Technologien wie k\u00fcnstliche Intelligenz, Biotechnologien, Blockchain und Robotik [&hellip;]<\/p>\n","protected":false},"featured_media":122813,"comment_status":"closed","ping_status":"closed","template":"","meta":{"ngg_post_thumbnail":0},"product_brand":[],"product_cat":[1033,2925,150],"product_tag":[],"class_list":{"0":"post-121898","1":"product","2":"type-product","3":"status-publish","4":"has-post-thumbnail","6":"product_cat-2020_de","7":"product_cat-crypto-de","8":"product_cat-gedenkbriefmarken","10":"first","11":"instock","12":"shipping-taxable","13":"product-type-grouped"},"yoast_head":"<!-- This site is optimized with the Yoast SEO plugin v27.4 - https:\/\/yoast.com\/product\/yoast-seo-wordpress\/ -->\n<title>UN Krypto Briefmarke - UN Briefmarken<\/title>\n<meta name=\"robots\" content=\"index, follow, max-snippet:-1, max-image-preview:large, max-video-preview:-1\" \/>\n<link rel=\"canonical\" href=\"https:\/\/unstamps.org\/de\/produkt\/un-krypto-briefmarke\/\" \/>\n<meta property=\"og:locale\" content=\"de_DE\" \/>\n<meta property=\"og:type\" content=\"article\" \/>\n<meta property=\"og:title\" content=\"UN Krypto Briefmarke - UN Briefmarken\" \/>\n<meta property=\"og:description\" content=\"Strategie des Generalsekret\u00e4rs der Vereinten Nationen zu neuen Technologien Im Dezember 2018 hat Ant\u00f3nio Guterres, der Generalsekret\u00e4r der Vereinten Nationen, die erste Strategie der Vereinten Nationen zu neuen Technologien ins Leben gerufen. Ziel dieser Initiative ist es, festzulegen, wie das System der Vereinten Nationen den Einsatz neuer Technologien wie k\u00fcnstliche Intelligenz, Biotechnologien, Blockchain und Robotik [&hellip;]\" \/>\n<meta property=\"og:url\" content=\"https:\/\/unstamps.org\/de\/produkt\/un-krypto-briefmarke\/\" \/>\n<meta property=\"og:site_name\" content=\"UN Briefmarken\" \/>\n<meta property=\"article:modified_time\" content=\"2025-01-09T17:22:11+00:00\" \/>\n<meta property=\"og:image\" content=\"https:\/\/unstamps.org\/wp-content\/uploads\/2020\/11\/Crypto-Sheet-Group.jpg\" \/>\n\t<meta property=\"og:image:width\" content=\"1024\" \/>\n\t<meta property=\"og:image:height\" content=\"1024\" \/>\n\t<meta property=\"og:image:type\" content=\"image\/jpeg\" \/>\n<meta name=\"twitter:card\" content=\"summary_large_image\" \/>\n<meta name=\"twitter:label1\" content=\"Gesch\u00e4tzte Lesezeit\" \/>\n\t<meta name=\"twitter:data1\" content=\"1 minute\" \/>\n<script type=\"application\/ld+json\" class=\"yoast-schema-graph\">{\"@context\":\"https:\\\/\\\/schema.org\",\"@graph\":[{\"@type\":\"WebPage\",\"@id\":\"https:\\\/\\\/unstamps.org\\\/de\\\/produkt\\\/un-krypto-briefmarke\\\/\",\"url\":\"https:\\\/\\\/unstamps.org\\\/de\\\/produkt\\\/un-krypto-briefmarke\\\/\",\"name\":\"UN Krypto Briefmarke - UN Briefmarken\",\"isPartOf\":{\"@id\":\"https:\\\/\\\/unstamps.org\\\/de\\\/#website\"},\"primaryImageOfPage\":{\"@id\":\"https:\\\/\\\/unstamps.org\\\/de\\\/produkt\\\/un-krypto-briefmarke\\\/#primaryimage\"},\"image\":{\"@id\":\"https:\\\/\\\/unstamps.org\\\/de\\\/produkt\\\/un-krypto-briefmarke\\\/#primaryimage\"},\"thumbnailUrl\":\"https:\\\/\\\/unstamps.org\\\/wp-content\\\/uploads\\\/2020\\\/11\\\/Crypto-Sheet-Group.jpg\",\"datePublished\":\"2020-11-23T16:45:54+00:00\",\"dateModified\":\"2025-01-09T17:22:11+00:00\",\"breadcrumb\":{\"@id\":\"https:\\\/\\\/unstamps.org\\\/de\\\/produkt\\\/un-krypto-briefmarke\\\/#breadcrumb\"},\"inLanguage\":\"de-DE\",\"potentialAction\":[{\"@type\":\"ReadAction\",\"target\":[\"https:\\\/\\\/unstamps.org\\\/de\\\/produkt\\\/un-krypto-briefmarke\\\/\"]}]},{\"@type\":\"ImageObject\",\"inLanguage\":\"de-DE\",\"@id\":\"https:\\\/\\\/unstamps.org\\\/de\\\/produkt\\\/un-krypto-briefmarke\\\/#primaryimage\",\"url\":\"https:\\\/\\\/unstamps.org\\\/wp-content\\\/uploads\\\/2020\\\/11\\\/Crypto-Sheet-Group.jpg\",\"contentUrl\":\"https:\\\/\\\/unstamps.org\\\/wp-content\\\/uploads\\\/2020\\\/11\\\/Crypto-Sheet-Group.jpg\",\"width\":1024,\"height\":1024},{\"@type\":\"BreadcrumbList\",\"@id\":\"https:\\\/\\\/unstamps.org\\\/de\\\/produkt\\\/un-krypto-briefmarke\\\/#breadcrumb\",\"itemListElement\":[{\"@type\":\"ListItem\",\"position\":1,\"name\":\"Home\",\"item\":\"https:\\\/\\\/unstamps.org\\\/de\\\/\"},{\"@type\":\"ListItem\",\"position\":2,\"name\":\"Produkte\",\"item\":\"https:\\\/\\\/unstamps.org\\\/de\\\/produkte\\\/\"},{\"@type\":\"ListItem\",\"position\":3,\"name\":\"UN Krypto Briefmarke\"}]},{\"@type\":\"WebSite\",\"@id\":\"https:\\\/\\\/unstamps.org\\\/de\\\/#website\",\"url\":\"https:\\\/\\\/unstamps.org\\\/de\\\/\",\"name\":\"UN Stamps\",\"description\":\"United Nations Stamps\",\"publisher\":{\"@id\":\"https:\\\/\\\/unstamps.org\\\/de\\\/#organization\"},\"potentialAction\":[{\"@type\":\"SearchAction\",\"target\":{\"@type\":\"EntryPoint\",\"urlTemplate\":\"https:\\\/\\\/unstamps.org\\\/de\\\/?s={search_term_string}\"},\"query-input\":{\"@type\":\"PropertyValueSpecification\",\"valueRequired\":true,\"valueName\":\"search_term_string\"}}],\"inLanguage\":\"de-DE\"},{\"@type\":\"Organization\",\"@id\":\"https:\\\/\\\/unstamps.org\\\/de\\\/#organization\",\"name\":\"UN Stamps\",\"url\":\"https:\\\/\\\/unstamps.org\\\/de\\\/\",\"logo\":{\"@type\":\"ImageObject\",\"inLanguage\":\"de-DE\",\"@id\":\"https:\\\/\\\/unstamps.org\\\/de\\\/#\\\/schema\\\/logo\\\/image\\\/\",\"url\":\"https:\\\/\\\/unstamps.org\\\/wp-content\\\/uploads\\\/2014\\\/01\\\/logo4web.jpg\",\"contentUrl\":\"https:\\\/\\\/unstamps.org\\\/wp-content\\\/uploads\\\/2014\\\/01\\\/logo4web.jpg\",\"width\":2500,\"height\":250,\"caption\":\"UN Stamps\"},\"image\":{\"@id\":\"https:\\\/\\\/unstamps.org\\\/de\\\/#\\\/schema\\\/logo\\\/image\\\/\"}}]}<\/script>\n<!-- \/ Yoast SEO plugin. -->","yoast_head_json":{"title":"UN Krypto Briefmarke - UN Briefmarken","robots":{"index":"index","follow":"follow","max-snippet":"max-snippet:-1","max-image-preview":"max-image-preview:large","max-video-preview":"max-video-preview:-1"},"canonical":"https:\/\/unstamps.org\/de\/produkt\/un-krypto-briefmarke\/","og_locale":"de_DE","og_type":"article","og_title":"UN Krypto Briefmarke - UN Briefmarken","og_description":"Strategie des Generalsekret\u00e4rs der Vereinten Nationen zu neuen Technologien Im Dezember 2018 hat Ant\u00f3nio Guterres, der Generalsekret\u00e4r der Vereinten Nationen, die erste Strategie der Vereinten Nationen zu neuen Technologien ins Leben gerufen. Ziel dieser Initiative ist es, festzulegen, wie das System der Vereinten Nationen den Einsatz neuer Technologien wie k\u00fcnstliche Intelligenz, Biotechnologien, Blockchain und Robotik [&hellip;]","og_url":"https:\/\/unstamps.org\/de\/produkt\/un-krypto-briefmarke\/","og_site_name":"UN Briefmarken","article_modified_time":"2025-01-09T17:22:11+00:00","og_image":[{"width":1024,"height":1024,"url":"https:\/\/unstamps.org\/wp-content\/uploads\/2020\/11\/Crypto-Sheet-Group.jpg","type":"image\/jpeg"}],"twitter_card":"summary_large_image","twitter_misc":{"Gesch\u00e4tzte Lesezeit":"1 minute"},"schema":{"@context":"https:\/\/schema.org","@graph":[{"@type":"WebPage","@id":"https:\/\/unstamps.org\/de\/produkt\/un-krypto-briefmarke\/","url":"https:\/\/unstamps.org\/de\/produkt\/un-krypto-briefmarke\/","name":"UN Krypto Briefmarke - UN Briefmarken","isPartOf":{"@id":"https:\/\/unstamps.org\/de\/#website"},"primaryImageOfPage":{"@id":"https:\/\/unstamps.org\/de\/produkt\/un-krypto-briefmarke\/#primaryimage"},"image":{"@id":"https:\/\/unstamps.org\/de\/produkt\/un-krypto-briefmarke\/#primaryimage"},"thumbnailUrl":"https:\/\/unstamps.org\/wp-content\/uploads\/2020\/11\/Crypto-Sheet-Group.jpg","datePublished":"2020-11-23T16:45:54+00:00","dateModified":"2025-01-09T17:22:11+00:00","breadcrumb":{"@id":"https:\/\/unstamps.org\/de\/produkt\/un-krypto-briefmarke\/#breadcrumb"},"inLanguage":"de-DE","potentialAction":[{"@type":"ReadAction","target":["https:\/\/unstamps.org\/de\/produkt\/un-krypto-briefmarke\/"]}]},{"@type":"ImageObject","inLanguage":"de-DE","@id":"https:\/\/unstamps.org\/de\/produkt\/un-krypto-briefmarke\/#primaryimage","url":"https:\/\/unstamps.org\/wp-content\/uploads\/2020\/11\/Crypto-Sheet-Group.jpg","contentUrl":"https:\/\/unstamps.org\/wp-content\/uploads\/2020\/11\/Crypto-Sheet-Group.jpg","width":1024,"height":1024},{"@type":"BreadcrumbList","@id":"https:\/\/unstamps.org\/de\/produkt\/un-krypto-briefmarke\/#breadcrumb","itemListElement":[{"@type":"ListItem","position":1,"name":"Home","item":"https:\/\/unstamps.org\/de\/"},{"@type":"ListItem","position":2,"name":"Produkte","item":"https:\/\/unstamps.org\/de\/produkte\/"},{"@type":"ListItem","position":3,"name":"UN Krypto Briefmarke"}]},{"@type":"WebSite","@id":"https:\/\/unstamps.org\/de\/#website","url":"https:\/\/unstamps.org\/de\/","name":"UN Stamps","description":"United Nations Stamps","publisher":{"@id":"https:\/\/unstamps.org\/de\/#organization"},"potentialAction":[{"@type":"SearchAction","target":{"@type":"EntryPoint","urlTemplate":"https:\/\/unstamps.org\/de\/?s={search_term_string}"},"query-input":{"@type":"PropertyValueSpecification","valueRequired":true,"valueName":"search_term_string"}}],"inLanguage":"de-DE"},{"@type":"Organization","@id":"https:\/\/unstamps.org\/de\/#organization","name":"UN Stamps","url":"https:\/\/unstamps.org\/de\/","logo":{"@type":"ImageObject","inLanguage":"de-DE","@id":"https:\/\/unstamps.org\/de\/#\/schema\/logo\/image\/","url":"https:\/\/unstamps.org\/wp-content\/uploads\/2014\/01\/logo4web.jpg","contentUrl":"https:\/\/unstamps.org\/wp-content\/uploads\/2014\/01\/logo4web.jpg","width":2500,"height":250,"caption":"UN Stamps"},"image":{"@id":"https:\/\/unstamps.org\/de\/#\/schema\/logo\/image\/"}}]}},"jetpack_sharing_enabled":true,"publishpress_future_action":{"enabled":false,"date":"2026-04-27 00:07:54","action":"change-status","newStatus":"private","terms":[],"taxonomy":"product_cat","extraData":[]},"publishpress_future_workflow_manual_trigger":{"enabledWorkflows":[]},"_links":{"self":[{"href":"https:\/\/unstamps.org\/de\/wp-json\/wp\/v2\/product\/121898","targetHints":{"allow":["GET"]}}],"collection":[{"href":"https:\/\/unstamps.org\/de\/wp-json\/wp\/v2\/product"}],"about":[{"href":"https:\/\/unstamps.org\/de\/wp-json\/wp\/v2\/types\/product"}],"replies":[{"embeddable":true,"href":"https:\/\/unstamps.org\/de\/wp-json\/wp\/v2\/comments?post=121898"}],"wp:featuredmedia":[{"embeddable":true,"href":"https:\/\/unstamps.org\/de\/wp-json\/wp\/v2\/media\/122813"}],"wp:attachment":[{"href":"https:\/\/unstamps.org\/de\/wp-json\/wp\/v2\/media?parent=121898"}],"wp:term":[{"taxonomy":"product_brand","embeddable":true,"href":"https:\/\/unstamps.org\/de\/wp-json\/wp\/v2\/product_brand?post=121898"},{"taxonomy":"product_cat","embeddable":true,"href":"https:\/\/unstamps.org\/de\/wp-json\/wp\/v2\/product_cat?post=121898"},{"taxonomy":"product_tag","embeddable":true,"href":"https:\/\/unstamps.org\/de\/wp-json\/wp\/v2\/product_tag?post=121898"}],"curies":[{"name":"wp","href":"https:\/\/api.w.org\/{rel}","templated":true}]}}