{"id":1208,"date":"2013-12-10T06:15:50","date_gmt":"2013-12-10T11:19:18","guid":{"rendered":"http:\/\/unstamps.org\/?post_type=product&#038;p=1208"},"modified":"2024-01-26T10:00:19","modified_gmt":"2024-01-26T15:00:19","slug":"f-s-190-ganzer-bogen-postfrisch","status":"publish","type":"product","link":"https:\/\/unstamps.org\/de\/produkt\/f-s-190-ganzer-bogen-postfrisch\/","title":{"rendered":"F.s. 1,90 Ganzer Bogen &#8211; Postfrisch"},"content":{"rendered":"<p><strong>Format:<\/strong>\u00a032 mm waagrecht x 26 mm senkrecht, von Z\u00e4hnung zu Z\u00e4hnung<\/p>\n<p><strong>Z\u00e4hnung:<\/strong>\u00a013<\/p>\n<p><strong>Randinschriften<\/strong><br \/>\nDie waagrechten Bogen, bestehend aus 20 Briefmarken, weisen vier Randinschriften auf, zwei auf dem linken und zwei auf dem rechten Bogenrand. Die Randinschrift besteht jeweils aus dem Emblem der Vereinten Nationen mit dem Text &#8220;Vereinte Nationen&#8221; oberhalb des Emblems in Deutsch beziehungsweise Franz\u00f6sisch und dem Jahr &#8220;2010&#8221; unterhalb des Emblems.<\/p>\n<p><strong>Die Entw\u00fcrfe<\/strong><br \/>\nDie Abbildungen sind dem Buch\u00a0<em>Kunstformen der Natur<\/em>\u00a0des deutschen Zoologen und K\u00fcnstlers Ernst Heinrich Haeckel (1834-1919) entnommen.<\/p>\n<ul>\n<li>CHF 1,60 eine Arachnidenart<\/li>\n<\/ul>\n<ul>\n<li>CHF 1,90 eine Seesternart<\/li>\n<\/ul>\n<ul>\n<li>\u20ac 0,05 eine Art der Hydrodictyaceae (koloniebildende Algen)<\/li>\n<\/ul>\n<ul>\n<li>\u20ac 0,20 eine Kofferfischart (Ostraciidae)<\/li>\n<\/ul>\n<p><strong>Die K\u00fcnstlerin<\/strong><br \/>\nDie Entw\u00fcrfe wurden von Deborah Halperin (U.S.A.) zu Briefmarken umgestaltet.<\/p>\n<p><strong>Druck<\/strong><br \/>\nDie Briefmarken wurden in Offset von Lowe-Martin Group (Kanada) gedruckt.<\/p>\n<p><strong>Mengen und Werte<\/strong><br \/>\nCHF 1,60 \u00a0\u00a0\u00a0400.000 Marken (20.000 Bogen)<br \/>\nCHF 1,90\u00a0\u00a0\u00a0 400.000 Marken (20.000 Bogen)<br \/>\n\u20ac 0,05\u00a0\u00a0\u00a0\u00a0\u00a0\u00a0\u00a0 400.000 Marken (20.000 Bogen)<br \/>\n\u20ac 0,20\u00a0\u00a0\u00a0\u00a0\u00a0\u00a0\u00a0 400.000 Marken (20.000 Bogen)<\/p>\n","protected":false},"excerpt":{"rendered":"<p>Format:\u00a032 mm waagrecht x 26 mm senkrecht, von Z\u00e4hnung zu Z\u00e4hnung Z\u00e4hnung:\u00a013 Randinschriften Die waagrechten Bogen, bestehend aus 20 Briefmarken, weisen vier Randinschriften auf, zwei auf dem linken und zwei auf dem rechten Bogenrand. Die Randinschrift besteht jeweils aus dem Emblem der Vereinten Nationen mit dem Text &#8220;Vereinte Nationen&#8221; oberhalb des Emblems in Deutsch beziehungsweise [&hellip;]<\/p>\n","protected":false},"featured_media":8109,"comment_status":"open","ping_status":"closed","template":"","meta":{"ngg_post_thumbnail":0},"product_brand":[],"product_cat":[971],"product_tag":[],"class_list":{"0":"post-1208","1":"product","2":"type-product","3":"status-publish","4":"has-post-thumbnail","6":"product_cat-2019-year","8":"first","9":"instock","10":"shipping-taxable","11":"purchasable","12":"product-type-simple"},"yoast_head":"<!-- This site is optimized with the Yoast SEO plugin v27.4 - https:\/\/yoast.com\/product\/yoast-seo-wordpress\/ -->\n<title>F.s. 1,90 Ganzer Bogen &#8211; Postfrisch - UN Briefmarken<\/title>\n<meta name=\"robots\" content=\"index, follow, max-snippet:-1, max-image-preview:large, max-video-preview:-1\" \/>\n<link rel=\"canonical\" href=\"https:\/\/unstamps.org\/de\/produkt\/f-s-190-ganzer-bogen-postfrisch\/\" \/>\n<meta property=\"og:locale\" content=\"de_DE\" \/>\n<meta property=\"og:type\" content=\"article\" \/>\n<meta property=\"og:title\" content=\"F.s. 1,90 Ganzer Bogen &#8211; Postfrisch - UN Briefmarken\" \/>\n<meta property=\"og:description\" content=\"Format:\u00a032 mm waagrecht x 26 mm senkrecht, von Z\u00e4hnung zu Z\u00e4hnung Z\u00e4hnung:\u00a013 Randinschriften Die waagrechten Bogen, bestehend aus 20 Briefmarken, weisen vier Randinschriften auf, zwei auf dem linken und zwei auf dem rechten Bogenrand. Die Randinschrift besteht jeweils aus dem Emblem der Vereinten Nationen mit dem Text &#8220;Vereinte Nationen&#8221; oberhalb des Emblems in Deutsch beziehungsweise [&hellip;]\" \/>\n<meta property=\"og:url\" content=\"https:\/\/unstamps.org\/de\/produkt\/f-s-190-ganzer-bogen-postfrisch\/\" \/>\n<meta property=\"og:site_name\" content=\"UN Briefmarken\" \/>\n<meta property=\"article:modified_time\" content=\"2024-01-26T15:00:19+00:00\" \/>\n<meta property=\"og:image\" content=\"https:\/\/unstamps.org\/wp-content\/uploads\/2013\/12\/DEF-G-2010_fs1.90_fullsheet.jpg\" \/>\n\t<meta property=\"og:image:width\" content=\"1024\" \/>\n\t<meta property=\"og:image:height\" content=\"1024\" \/>\n\t<meta property=\"og:image:type\" content=\"image\/jpeg\" \/>\n<meta name=\"twitter:card\" content=\"summary_large_image\" \/>\n<meta name=\"twitter:label1\" content=\"Gesch\u00e4tzte Lesezeit\" \/>\n\t<meta name=\"twitter:data1\" content=\"1 minute\" \/>\n<script type=\"application\/ld+json\" class=\"yoast-schema-graph\">{\"@context\":\"https:\\\/\\\/schema.org\",\"@graph\":[{\"@type\":\"WebPage\",\"@id\":\"https:\\\/\\\/unstamps.org\\\/de\\\/produkt\\\/f-s-190-ganzer-bogen-postfrisch\\\/\",\"url\":\"https:\\\/\\\/unstamps.org\\\/de\\\/produkt\\\/f-s-190-ganzer-bogen-postfrisch\\\/\",\"name\":\"F.s. 1,90 Ganzer Bogen &#8211; Postfrisch - UN Briefmarken\",\"isPartOf\":{\"@id\":\"https:\\\/\\\/unstamps.org\\\/de\\\/#website\"},\"primaryImageOfPage\":{\"@id\":\"https:\\\/\\\/unstamps.org\\\/de\\\/produkt\\\/f-s-190-ganzer-bogen-postfrisch\\\/#primaryimage\"},\"image\":{\"@id\":\"https:\\\/\\\/unstamps.org\\\/de\\\/produkt\\\/f-s-190-ganzer-bogen-postfrisch\\\/#primaryimage\"},\"thumbnailUrl\":\"https:\\\/\\\/unstamps.org\\\/wp-content\\\/uploads\\\/2013\\\/12\\\/DEF-G-2010_fs1.90_fullsheet.jpg\",\"datePublished\":\"2013-12-10T11:19:18+00:00\",\"dateModified\":\"2024-01-26T15:00:19+00:00\",\"breadcrumb\":{\"@id\":\"https:\\\/\\\/unstamps.org\\\/de\\\/produkt\\\/f-s-190-ganzer-bogen-postfrisch\\\/#breadcrumb\"},\"inLanguage\":\"de-DE\",\"potentialAction\":[{\"@type\":\"ReadAction\",\"target\":[\"https:\\\/\\\/unstamps.org\\\/de\\\/produkt\\\/f-s-190-ganzer-bogen-postfrisch\\\/\"]}]},{\"@type\":\"ImageObject\",\"inLanguage\":\"de-DE\",\"@id\":\"https:\\\/\\\/unstamps.org\\\/de\\\/produkt\\\/f-s-190-ganzer-bogen-postfrisch\\\/#primaryimage\",\"url\":\"https:\\\/\\\/unstamps.org\\\/wp-content\\\/uploads\\\/2013\\\/12\\\/DEF-G-2010_fs1.90_fullsheet.jpg\",\"contentUrl\":\"https:\\\/\\\/unstamps.org\\\/wp-content\\\/uploads\\\/2013\\\/12\\\/DEF-G-2010_fs1.90_fullsheet.jpg\",\"width\":1024,\"height\":1024},{\"@type\":\"BreadcrumbList\",\"@id\":\"https:\\\/\\\/unstamps.org\\\/de\\\/produkt\\\/f-s-190-ganzer-bogen-postfrisch\\\/#breadcrumb\",\"itemListElement\":[{\"@type\":\"ListItem\",\"position\":1,\"name\":\"Home\",\"item\":\"https:\\\/\\\/unstamps.org\\\/de\\\/\"},{\"@type\":\"ListItem\",\"position\":2,\"name\":\"Produkte\",\"item\":\"https:\\\/\\\/unstamps.org\\\/de\\\/produkte\\\/\"},{\"@type\":\"ListItem\",\"position\":3,\"name\":\"F.s. 1,90 Ganzer Bogen &#8211; Postfrisch\"}]},{\"@type\":\"WebSite\",\"@id\":\"https:\\\/\\\/unstamps.org\\\/de\\\/#website\",\"url\":\"https:\\\/\\\/unstamps.org\\\/de\\\/\",\"name\":\"UN Stamps\",\"description\":\"United Nations Stamps\",\"publisher\":{\"@id\":\"https:\\\/\\\/unstamps.org\\\/de\\\/#organization\"},\"potentialAction\":[{\"@type\":\"SearchAction\",\"target\":{\"@type\":\"EntryPoint\",\"urlTemplate\":\"https:\\\/\\\/unstamps.org\\\/de\\\/?s={search_term_string}\"},\"query-input\":{\"@type\":\"PropertyValueSpecification\",\"valueRequired\":true,\"valueName\":\"search_term_string\"}}],\"inLanguage\":\"de-DE\"},{\"@type\":\"Organization\",\"@id\":\"https:\\\/\\\/unstamps.org\\\/de\\\/#organization\",\"name\":\"UN Stamps\",\"url\":\"https:\\\/\\\/unstamps.org\\\/de\\\/\",\"logo\":{\"@type\":\"ImageObject\",\"inLanguage\":\"de-DE\",\"@id\":\"https:\\\/\\\/unstamps.org\\\/de\\\/#\\\/schema\\\/logo\\\/image\\\/\",\"url\":\"https:\\\/\\\/unstamps.org\\\/wp-content\\\/uploads\\\/2014\\\/01\\\/logo4web.jpg\",\"contentUrl\":\"https:\\\/\\\/unstamps.org\\\/wp-content\\\/uploads\\\/2014\\\/01\\\/logo4web.jpg\",\"width\":2500,\"height\":250,\"caption\":\"UN Stamps\"},\"image\":{\"@id\":\"https:\\\/\\\/unstamps.org\\\/de\\\/#\\\/schema\\\/logo\\\/image\\\/\"}}]}<\/script>\n<!-- \/ Yoast SEO plugin. -->","yoast_head_json":{"title":"F.s. 1,90 Ganzer Bogen &#8211; Postfrisch - UN Briefmarken","robots":{"index":"index","follow":"follow","max-snippet":"max-snippet:-1","max-image-preview":"max-image-preview:large","max-video-preview":"max-video-preview:-1"},"canonical":"https:\/\/unstamps.org\/de\/produkt\/f-s-190-ganzer-bogen-postfrisch\/","og_locale":"de_DE","og_type":"article","og_title":"F.s. 1,90 Ganzer Bogen &#8211; Postfrisch - UN Briefmarken","og_description":"Format:\u00a032 mm waagrecht x 26 mm senkrecht, von Z\u00e4hnung zu Z\u00e4hnung Z\u00e4hnung:\u00a013 Randinschriften Die waagrechten Bogen, bestehend aus 20 Briefmarken, weisen vier Randinschriften auf, zwei auf dem linken und zwei auf dem rechten Bogenrand. Die Randinschrift besteht jeweils aus dem Emblem der Vereinten Nationen mit dem Text &#8220;Vereinte Nationen&#8221; oberhalb des Emblems in Deutsch beziehungsweise [&hellip;]","og_url":"https:\/\/unstamps.org\/de\/produkt\/f-s-190-ganzer-bogen-postfrisch\/","og_site_name":"UN Briefmarken","article_modified_time":"2024-01-26T15:00:19+00:00","og_image":[{"width":1024,"height":1024,"url":"https:\/\/unstamps.org\/wp-content\/uploads\/2013\/12\/DEF-G-2010_fs1.90_fullsheet.jpg","type":"image\/jpeg"}],"twitter_card":"summary_large_image","twitter_misc":{"Gesch\u00e4tzte Lesezeit":"1 minute"},"schema":{"@context":"https:\/\/schema.org","@graph":[{"@type":"WebPage","@id":"https:\/\/unstamps.org\/de\/produkt\/f-s-190-ganzer-bogen-postfrisch\/","url":"https:\/\/unstamps.org\/de\/produkt\/f-s-190-ganzer-bogen-postfrisch\/","name":"F.s. 1,90 Ganzer Bogen &#8211; Postfrisch - UN Briefmarken","isPartOf":{"@id":"https:\/\/unstamps.org\/de\/#website"},"primaryImageOfPage":{"@id":"https:\/\/unstamps.org\/de\/produkt\/f-s-190-ganzer-bogen-postfrisch\/#primaryimage"},"image":{"@id":"https:\/\/unstamps.org\/de\/produkt\/f-s-190-ganzer-bogen-postfrisch\/#primaryimage"},"thumbnailUrl":"https:\/\/unstamps.org\/wp-content\/uploads\/2013\/12\/DEF-G-2010_fs1.90_fullsheet.jpg","datePublished":"2013-12-10T11:19:18+00:00","dateModified":"2024-01-26T15:00:19+00:00","breadcrumb":{"@id":"https:\/\/unstamps.org\/de\/produkt\/f-s-190-ganzer-bogen-postfrisch\/#breadcrumb"},"inLanguage":"de-DE","potentialAction":[{"@type":"ReadAction","target":["https:\/\/unstamps.org\/de\/produkt\/f-s-190-ganzer-bogen-postfrisch\/"]}]},{"@type":"ImageObject","inLanguage":"de-DE","@id":"https:\/\/unstamps.org\/de\/produkt\/f-s-190-ganzer-bogen-postfrisch\/#primaryimage","url":"https:\/\/unstamps.org\/wp-content\/uploads\/2013\/12\/DEF-G-2010_fs1.90_fullsheet.jpg","contentUrl":"https:\/\/unstamps.org\/wp-content\/uploads\/2013\/12\/DEF-G-2010_fs1.90_fullsheet.jpg","width":1024,"height":1024},{"@type":"BreadcrumbList","@id":"https:\/\/unstamps.org\/de\/produkt\/f-s-190-ganzer-bogen-postfrisch\/#breadcrumb","itemListElement":[{"@type":"ListItem","position":1,"name":"Home","item":"https:\/\/unstamps.org\/de\/"},{"@type":"ListItem","position":2,"name":"Produkte","item":"https:\/\/unstamps.org\/de\/produkte\/"},{"@type":"ListItem","position":3,"name":"F.s. 1,90 Ganzer Bogen &#8211; Postfrisch"}]},{"@type":"WebSite","@id":"https:\/\/unstamps.org\/de\/#website","url":"https:\/\/unstamps.org\/de\/","name":"UN Stamps","description":"United Nations Stamps","publisher":{"@id":"https:\/\/unstamps.org\/de\/#organization"},"potentialAction":[{"@type":"SearchAction","target":{"@type":"EntryPoint","urlTemplate":"https:\/\/unstamps.org\/de\/?s={search_term_string}"},"query-input":{"@type":"PropertyValueSpecification","valueRequired":true,"valueName":"search_term_string"}}],"inLanguage":"de-DE"},{"@type":"Organization","@id":"https:\/\/unstamps.org\/de\/#organization","name":"UN Stamps","url":"https:\/\/unstamps.org\/de\/","logo":{"@type":"ImageObject","inLanguage":"de-DE","@id":"https:\/\/unstamps.org\/de\/#\/schema\/logo\/image\/","url":"https:\/\/unstamps.org\/wp-content\/uploads\/2014\/01\/logo4web.jpg","contentUrl":"https:\/\/unstamps.org\/wp-content\/uploads\/2014\/01\/logo4web.jpg","width":2500,"height":250,"caption":"UN Stamps"},"image":{"@id":"https:\/\/unstamps.org\/de\/#\/schema\/logo\/image\/"}}]}},"jetpack_sharing_enabled":true,"publishpress_future_action":{"enabled":false,"date":"2026-04-26 10:53:29","action":"change-status","newStatus":"private","terms":[],"taxonomy":"product_cat","extraData":[]},"publishpress_future_workflow_manual_trigger":{"enabledWorkflows":[]},"_links":{"self":[{"href":"https:\/\/unstamps.org\/de\/wp-json\/wp\/v2\/product\/1208","targetHints":{"allow":["GET"]}}],"collection":[{"href":"https:\/\/unstamps.org\/de\/wp-json\/wp\/v2\/product"}],"about":[{"href":"https:\/\/unstamps.org\/de\/wp-json\/wp\/v2\/types\/product"}],"replies":[{"embeddable":true,"href":"https:\/\/unstamps.org\/de\/wp-json\/wp\/v2\/comments?post=1208"}],"wp:featuredmedia":[{"embeddable":true,"href":"https:\/\/unstamps.org\/de\/wp-json\/wp\/v2\/media\/8109"}],"wp:attachment":[{"href":"https:\/\/unstamps.org\/de\/wp-json\/wp\/v2\/media?parent=1208"}],"wp:term":[{"taxonomy":"product_brand","embeddable":true,"href":"https:\/\/unstamps.org\/de\/wp-json\/wp\/v2\/product_brand?post=1208"},{"taxonomy":"product_cat","embeddable":true,"href":"https:\/\/unstamps.org\/de\/wp-json\/wp\/v2\/product_cat?post=1208"},{"taxonomy":"product_tag","embeddable":true,"href":"https:\/\/unstamps.org\/de\/wp-json\/wp\/v2\/product_tag?post=1208"}],"curies":[{"name":"wp","href":"https:\/\/api.w.org\/{rel}","templated":true}]}}