{"id":104058,"date":"2020-05-06T19:30:47","date_gmt":"2020-05-06T23:30:47","guid":{"rendered":"https:\/\/unstamps.org\/?post_type=product&#038;p=104058"},"modified":"2026-01-09T10:26:23","modified_gmt":"2026-01-09T15:26:23","slug":"40-jahre-ausrottung-der-pocken-chf-170-ganzer-bogen","status":"publish","type":"product","link":"https:\/\/unstamps.org\/de\/produkt\/40-jahre-ausrottung-der-pocken-chf-170-ganzer-bogen\/","title":{"rendered":"40 Jahre Ausrottung der Pocken \u2013 CHF 1,70 Ganzer Bogen"},"content":{"rendered":"<p>Die Weltgesundheitsorganisation erinnerte im Dezember 2019 an die Ausrottung der Pocken vor 40 Jahren. Der 9. Dezember 1979 war der historische Moment, an dem die Eradikation der Pocken best\u00e4tigt wurde. F\u00fcnf Monate sp\u00e4ter, im Mai 1980, ver\u00f6ffentlichte die 33. Weltgesundheitsversammlung ihre offizielle Erkl\u00e4rung, dass \u201edie Welt und alle ihre V\u00f6lker von den Pocken befreit sind\u201c.<\/p>\n<p>Eine Plakette, die das Ende einer Gei\u00dfel markiert, welche Tausende von Jahren Millionen von Menschen plagte, wurde am Hauptsitz der Weltgesundheitsorganisation in Genf enth\u00fcllt, im selben Konferenzsaal, in dem vier Jahrzehnte zuvor die 19 Mitglieder der \u201eGlobalen Kommission \u00fcber die Zertifizierung der Ausrottung der Pocken\u201c best\u00e4tigten, dass die Welt von den Pocken befreit war.<\/p>\n<p>Bis die Pocken ausgerottet waren, hatte die Seuche die Menschheit mindestens 3000 Jahre lang immer wieder heimgesucht und allein im 20. Jahrhundert 300 Millionen Menschen get\u00f6tet. Der letzte bekannte Fall einer endemischen Pockenerkrankung wurde 1977 aus Somalia gemeldet, und der Ausbruch wurde umgehend unter Kontrolle gebracht.<\/p>\n<p>Das erfolgreiche Pocken-Eradikationsprogramm brachte entscheidende Kenntnisse und Methoden f\u00fcr den Bereich der Seuchen\u00fcberwachung, die Vorteile der Ringimpfung und die gro\u00dfe Bedeutung von Gesundheitsf\u00f6rderung bei der Bek\u00e4mpfung von Krankheiten wie Poliomyelitis (Kinderl\u00e4hmung) und Ebola. Das Programm schuf auch die Grundlage f\u00fcr verst\u00e4rkte nationale Immunisierungsprogramme weltweit, unterst\u00fctzte die Etablierung medizinischer Grundversorgung in vielen L\u00e4ndern und gab einen Impuls f\u00fcr eine fl\u00e4chendeckende Gesundheitsversorgung.<\/p>\n<p><strong>Ausgabedatum:<\/strong> 8. Mai 2020<br \/>\n<strong>Entwurf:<\/strong> Sergio Baradat (Vereinte Nationen)<br \/>\n<strong>Nennwert:<\/strong> CHF 1,70<br \/>\n<strong>Format der Marke:<\/strong> 40 mm x 30 mm<br \/>\n<strong>Marken pro Bogen:<\/strong> 20<br \/>\n<strong>Druck:<\/strong> Cartor Security Printing (Frankreich)<br \/>\n<strong>Druckverfahren:<\/strong> Offset Lithografie<br \/>\n<strong>Z\u00e4hnung:<\/strong> 13 x 13 1\/4<br \/>\n<strong>Auflage:<\/strong> 12.000 Bogen (240.000 Marken)<\/p>\n","protected":false},"excerpt":{"rendered":"<p>Die Weltgesundheitsorganisation erinnerte im Dezember 2019 an die Ausrottung der Pocken vor 40 Jahren. Der 9. Dezember 1979 war der historische Moment, an dem die Eradikation der Pocken best\u00e4tigt wurde. F\u00fcnf Monate sp\u00e4ter, im Mai 1980, ver\u00f6ffentlichte die 33. Weltgesundheitsversammlung ihre offizielle Erkl\u00e4rung, dass \u201edie Welt und alle ihre V\u00f6lker von den Pocken befreit sind\u201c. [&hellip;]<\/p>\n","protected":false},"featured_media":104385,"comment_status":"closed","ping_status":"closed","template":"","meta":{"ngg_post_thumbnail":0},"product_brand":[],"product_cat":[1033,154,223,115],"product_tag":[1157,1968,2414,1449],"class_list":{"0":"post-104058","1":"product","2":"type-product","3":"status-publish","4":"has-post-thumbnail","6":"product_cat-2020_de","7":"product_cat-dauermarken","8":"product_cat-ganzer-bogen","9":"product_cat-genf","10":"product_tag-40th-anniversary-of-eradication-of-smallpox-de","11":"product_tag-definitive-de","12":"product_tag-full-sheet-de","13":"product_tag-ge-de","14":"pa_condition-cancelled","15":"pa_condition-mint-de","17":"first","18":"instock","19":"shipping-taxable","20":"purchasable","21":"product-type-variable"},"yoast_head":"<!-- This site is optimized with the Yoast SEO plugin v27.3 - https:\/\/yoast.com\/product\/yoast-seo-wordpress\/ -->\n<title>40 Jahre Ausrottung der Pocken \u2013 CHF 1,70 Ganzer Bogen - UN Briefmarken<\/title>\n<meta name=\"robots\" content=\"index, follow, max-snippet:-1, max-image-preview:large, max-video-preview:-1\" \/>\n<link rel=\"canonical\" href=\"https:\/\/unstamps.org\/de\/produkt\/40-jahre-ausrottung-der-pocken-chf-170-ganzer-bogen\/\" \/>\n<meta property=\"og:locale\" content=\"de_DE\" \/>\n<meta property=\"og:type\" content=\"article\" \/>\n<meta property=\"og:title\" content=\"40 Jahre Ausrottung der Pocken \u2013 CHF 1,70 Ganzer Bogen - UN Briefmarken\" \/>\n<meta property=\"og:description\" content=\"Die Weltgesundheitsorganisation erinnerte im Dezember 2019 an die Ausrottung der Pocken vor 40 Jahren. Der 9. Dezember 1979 war der historische Moment, an dem die Eradikation der Pocken best\u00e4tigt wurde. F\u00fcnf Monate sp\u00e4ter, im Mai 1980, ver\u00f6ffentlichte die 33. Weltgesundheitsversammlung ihre offizielle Erkl\u00e4rung, dass \u201edie Welt und alle ihre V\u00f6lker von den Pocken befreit sind\u201c. [&hellip;]\" \/>\n<meta property=\"og:url\" content=\"https:\/\/unstamps.org\/de\/produkt\/40-jahre-ausrottung-der-pocken-chf-170-ganzer-bogen\/\" \/>\n<meta property=\"og:site_name\" content=\"UN Briefmarken\" \/>\n<meta property=\"article:modified_time\" content=\"2026-01-09T15:26:23+00:00\" \/>\n<meta property=\"og:image\" content=\"https:\/\/unstamps.org\/wp-content\/uploads\/2020\/05\/Smallpox_Full_Sheet.jpg\" \/>\n\t<meta property=\"og:image:width\" content=\"1024\" \/>\n\t<meta property=\"og:image:height\" content=\"1024\" \/>\n\t<meta property=\"og:image:type\" content=\"image\/jpeg\" \/>\n<meta name=\"twitter:card\" content=\"summary_large_image\" \/>\n<meta name=\"twitter:label1\" content=\"Gesch\u00e4tzte Lesezeit\" \/>\n\t<meta name=\"twitter:data1\" content=\"1 minute\" \/>\n<script type=\"application\/ld+json\" class=\"yoast-schema-graph\">{\"@context\":\"https:\\\/\\\/schema.org\",\"@graph\":[{\"@type\":\"WebPage\",\"@id\":\"https:\\\/\\\/unstamps.org\\\/de\\\/produkt\\\/40-jahre-ausrottung-der-pocken-chf-170-ganzer-bogen\\\/\",\"url\":\"https:\\\/\\\/unstamps.org\\\/de\\\/produkt\\\/40-jahre-ausrottung-der-pocken-chf-170-ganzer-bogen\\\/\",\"name\":\"40 Jahre Ausrottung der Pocken \u2013 CHF 1,70 Ganzer Bogen - UN Briefmarken\",\"isPartOf\":{\"@id\":\"https:\\\/\\\/unstamps.org\\\/de\\\/#website\"},\"primaryImageOfPage\":{\"@id\":\"https:\\\/\\\/unstamps.org\\\/de\\\/produkt\\\/40-jahre-ausrottung-der-pocken-chf-170-ganzer-bogen\\\/#primaryimage\"},\"image\":{\"@id\":\"https:\\\/\\\/unstamps.org\\\/de\\\/produkt\\\/40-jahre-ausrottung-der-pocken-chf-170-ganzer-bogen\\\/#primaryimage\"},\"thumbnailUrl\":\"https:\\\/\\\/unstamps.org\\\/wp-content\\\/uploads\\\/2020\\\/05\\\/Smallpox_Full_Sheet.jpg\",\"datePublished\":\"2020-05-06T23:30:47+00:00\",\"dateModified\":\"2026-01-09T15:26:23+00:00\",\"breadcrumb\":{\"@id\":\"https:\\\/\\\/unstamps.org\\\/de\\\/produkt\\\/40-jahre-ausrottung-der-pocken-chf-170-ganzer-bogen\\\/#breadcrumb\"},\"inLanguage\":\"de-DE\",\"potentialAction\":[{\"@type\":\"ReadAction\",\"target\":[\"https:\\\/\\\/unstamps.org\\\/de\\\/produkt\\\/40-jahre-ausrottung-der-pocken-chf-170-ganzer-bogen\\\/\"]}]},{\"@type\":\"ImageObject\",\"inLanguage\":\"de-DE\",\"@id\":\"https:\\\/\\\/unstamps.org\\\/de\\\/produkt\\\/40-jahre-ausrottung-der-pocken-chf-170-ganzer-bogen\\\/#primaryimage\",\"url\":\"https:\\\/\\\/unstamps.org\\\/wp-content\\\/uploads\\\/2020\\\/05\\\/Smallpox_Full_Sheet.jpg\",\"contentUrl\":\"https:\\\/\\\/unstamps.org\\\/wp-content\\\/uploads\\\/2020\\\/05\\\/Smallpox_Full_Sheet.jpg\",\"width\":1024,\"height\":1024},{\"@type\":\"BreadcrumbList\",\"@id\":\"https:\\\/\\\/unstamps.org\\\/de\\\/produkt\\\/40-jahre-ausrottung-der-pocken-chf-170-ganzer-bogen\\\/#breadcrumb\",\"itemListElement\":[{\"@type\":\"ListItem\",\"position\":1,\"name\":\"Home\",\"item\":\"https:\\\/\\\/unstamps.org\\\/de\\\/\"},{\"@type\":\"ListItem\",\"position\":2,\"name\":\"Produkte\",\"item\":\"https:\\\/\\\/unstamps.org\\\/de\\\/produkte\\\/\"},{\"@type\":\"ListItem\",\"position\":3,\"name\":\"40 Jahre Ausrottung der Pocken \u2013 CHF 1,70 Ganzer Bogen\"}]},{\"@type\":\"WebSite\",\"@id\":\"https:\\\/\\\/unstamps.org\\\/de\\\/#website\",\"url\":\"https:\\\/\\\/unstamps.org\\\/de\\\/\",\"name\":\"UN Stamps\",\"description\":\"United Nations Stamps\",\"publisher\":{\"@id\":\"https:\\\/\\\/unstamps.org\\\/de\\\/#organization\"},\"potentialAction\":[{\"@type\":\"SearchAction\",\"target\":{\"@type\":\"EntryPoint\",\"urlTemplate\":\"https:\\\/\\\/unstamps.org\\\/de\\\/?s={search_term_string}\"},\"query-input\":{\"@type\":\"PropertyValueSpecification\",\"valueRequired\":true,\"valueName\":\"search_term_string\"}}],\"inLanguage\":\"de-DE\"},{\"@type\":\"Organization\",\"@id\":\"https:\\\/\\\/unstamps.org\\\/de\\\/#organization\",\"name\":\"UN Stamps\",\"url\":\"https:\\\/\\\/unstamps.org\\\/de\\\/\",\"logo\":{\"@type\":\"ImageObject\",\"inLanguage\":\"de-DE\",\"@id\":\"https:\\\/\\\/unstamps.org\\\/de\\\/#\\\/schema\\\/logo\\\/image\\\/\",\"url\":\"https:\\\/\\\/unstamps.org\\\/wp-content\\\/uploads\\\/2014\\\/01\\\/logo4web.jpg\",\"contentUrl\":\"https:\\\/\\\/unstamps.org\\\/wp-content\\\/uploads\\\/2014\\\/01\\\/logo4web.jpg\",\"width\":2500,\"height\":250,\"caption\":\"UN Stamps\"},\"image\":{\"@id\":\"https:\\\/\\\/unstamps.org\\\/de\\\/#\\\/schema\\\/logo\\\/image\\\/\"}}]}<\/script>\n<!-- \/ Yoast SEO plugin. -->","yoast_head_json":{"title":"40 Jahre Ausrottung der Pocken \u2013 CHF 1,70 Ganzer Bogen - UN Briefmarken","robots":{"index":"index","follow":"follow","max-snippet":"max-snippet:-1","max-image-preview":"max-image-preview:large","max-video-preview":"max-video-preview:-1"},"canonical":"https:\/\/unstamps.org\/de\/produkt\/40-jahre-ausrottung-der-pocken-chf-170-ganzer-bogen\/","og_locale":"de_DE","og_type":"article","og_title":"40 Jahre Ausrottung der Pocken \u2013 CHF 1,70 Ganzer Bogen - UN Briefmarken","og_description":"Die Weltgesundheitsorganisation erinnerte im Dezember 2019 an die Ausrottung der Pocken vor 40 Jahren. Der 9. Dezember 1979 war der historische Moment, an dem die Eradikation der Pocken best\u00e4tigt wurde. F\u00fcnf Monate sp\u00e4ter, im Mai 1980, ver\u00f6ffentlichte die 33. Weltgesundheitsversammlung ihre offizielle Erkl\u00e4rung, dass \u201edie Welt und alle ihre V\u00f6lker von den Pocken befreit sind\u201c. [&hellip;]","og_url":"https:\/\/unstamps.org\/de\/produkt\/40-jahre-ausrottung-der-pocken-chf-170-ganzer-bogen\/","og_site_name":"UN Briefmarken","article_modified_time":"2026-01-09T15:26:23+00:00","og_image":[{"width":1024,"height":1024,"url":"https:\/\/unstamps.org\/wp-content\/uploads\/2020\/05\/Smallpox_Full_Sheet.jpg","type":"image\/jpeg"}],"twitter_card":"summary_large_image","twitter_misc":{"Gesch\u00e4tzte Lesezeit":"1 minute"},"schema":{"@context":"https:\/\/schema.org","@graph":[{"@type":"WebPage","@id":"https:\/\/unstamps.org\/de\/produkt\/40-jahre-ausrottung-der-pocken-chf-170-ganzer-bogen\/","url":"https:\/\/unstamps.org\/de\/produkt\/40-jahre-ausrottung-der-pocken-chf-170-ganzer-bogen\/","name":"40 Jahre Ausrottung der Pocken \u2013 CHF 1,70 Ganzer Bogen - UN Briefmarken","isPartOf":{"@id":"https:\/\/unstamps.org\/de\/#website"},"primaryImageOfPage":{"@id":"https:\/\/unstamps.org\/de\/produkt\/40-jahre-ausrottung-der-pocken-chf-170-ganzer-bogen\/#primaryimage"},"image":{"@id":"https:\/\/unstamps.org\/de\/produkt\/40-jahre-ausrottung-der-pocken-chf-170-ganzer-bogen\/#primaryimage"},"thumbnailUrl":"https:\/\/unstamps.org\/wp-content\/uploads\/2020\/05\/Smallpox_Full_Sheet.jpg","datePublished":"2020-05-06T23:30:47+00:00","dateModified":"2026-01-09T15:26:23+00:00","breadcrumb":{"@id":"https:\/\/unstamps.org\/de\/produkt\/40-jahre-ausrottung-der-pocken-chf-170-ganzer-bogen\/#breadcrumb"},"inLanguage":"de-DE","potentialAction":[{"@type":"ReadAction","target":["https:\/\/unstamps.org\/de\/produkt\/40-jahre-ausrottung-der-pocken-chf-170-ganzer-bogen\/"]}]},{"@type":"ImageObject","inLanguage":"de-DE","@id":"https:\/\/unstamps.org\/de\/produkt\/40-jahre-ausrottung-der-pocken-chf-170-ganzer-bogen\/#primaryimage","url":"https:\/\/unstamps.org\/wp-content\/uploads\/2020\/05\/Smallpox_Full_Sheet.jpg","contentUrl":"https:\/\/unstamps.org\/wp-content\/uploads\/2020\/05\/Smallpox_Full_Sheet.jpg","width":1024,"height":1024},{"@type":"BreadcrumbList","@id":"https:\/\/unstamps.org\/de\/produkt\/40-jahre-ausrottung-der-pocken-chf-170-ganzer-bogen\/#breadcrumb","itemListElement":[{"@type":"ListItem","position":1,"name":"Home","item":"https:\/\/unstamps.org\/de\/"},{"@type":"ListItem","position":2,"name":"Produkte","item":"https:\/\/unstamps.org\/de\/produkte\/"},{"@type":"ListItem","position":3,"name":"40 Jahre Ausrottung der Pocken \u2013 CHF 1,70 Ganzer Bogen"}]},{"@type":"WebSite","@id":"https:\/\/unstamps.org\/de\/#website","url":"https:\/\/unstamps.org\/de\/","name":"UN Stamps","description":"United Nations Stamps","publisher":{"@id":"https:\/\/unstamps.org\/de\/#organization"},"potentialAction":[{"@type":"SearchAction","target":{"@type":"EntryPoint","urlTemplate":"https:\/\/unstamps.org\/de\/?s={search_term_string}"},"query-input":{"@type":"PropertyValueSpecification","valueRequired":true,"valueName":"search_term_string"}}],"inLanguage":"de-DE"},{"@type":"Organization","@id":"https:\/\/unstamps.org\/de\/#organization","name":"UN Stamps","url":"https:\/\/unstamps.org\/de\/","logo":{"@type":"ImageObject","inLanguage":"de-DE","@id":"https:\/\/unstamps.org\/de\/#\/schema\/logo\/image\/","url":"https:\/\/unstamps.org\/wp-content\/uploads\/2014\/01\/logo4web.jpg","contentUrl":"https:\/\/unstamps.org\/wp-content\/uploads\/2014\/01\/logo4web.jpg","width":2500,"height":250,"caption":"UN Stamps"},"image":{"@id":"https:\/\/unstamps.org\/de\/#\/schema\/logo\/image\/"}}]}},"jetpack_sharing_enabled":true,"publishpress_future_action":{"enabled":false,"date":"2026-04-17 15:28:35","action":"change-status","newStatus":"private","terms":[],"taxonomy":"product_cat","extraData":[]},"publishpress_future_workflow_manual_trigger":{"enabledWorkflows":[]},"_links":{"self":[{"href":"https:\/\/unstamps.org\/de\/wp-json\/wp\/v2\/product\/104058","targetHints":{"allow":["GET"]}}],"collection":[{"href":"https:\/\/unstamps.org\/de\/wp-json\/wp\/v2\/product"}],"about":[{"href":"https:\/\/unstamps.org\/de\/wp-json\/wp\/v2\/types\/product"}],"replies":[{"embeddable":true,"href":"https:\/\/unstamps.org\/de\/wp-json\/wp\/v2\/comments?post=104058"}],"wp:featuredmedia":[{"embeddable":true,"href":"https:\/\/unstamps.org\/de\/wp-json\/wp\/v2\/media\/104385"}],"wp:attachment":[{"href":"https:\/\/unstamps.org\/de\/wp-json\/wp\/v2\/media?parent=104058"}],"wp:term":[{"taxonomy":"product_brand","embeddable":true,"href":"https:\/\/unstamps.org\/de\/wp-json\/wp\/v2\/product_brand?post=104058"},{"taxonomy":"product_cat","embeddable":true,"href":"https:\/\/unstamps.org\/de\/wp-json\/wp\/v2\/product_cat?post=104058"},{"taxonomy":"product_tag","embeddable":true,"href":"https:\/\/unstamps.org\/de\/wp-json\/wp\/v2\/product_tag?post=104058"}],"curies":[{"name":"wp","href":"https:\/\/api.w.org\/{rel}","templated":true}]}}