{"id":103685,"date":"2020-05-11T12:28:02","date_gmt":"2020-05-11T16:28:02","guid":{"rendered":"https:\/\/unstamps.org\/?post_type=product&#038;p=103685"},"modified":"2026-01-09T10:26:24","modified_gmt":"2026-01-09T15:26:24","slug":"florence-nightingale-vi-dauermarke-e-135","status":"publish","type":"product","link":"https:\/\/unstamps.org\/de\/produkt\/florence-nightingale-vi-dauermarke-e-135\/","title":{"rendered":"Florence Nightingale \u2013 VI Dauermarke \u2013 \u20ac 1,35"},"content":{"rendered":"<p>Die Weltgesundheitsorganisation (WHO) erkl\u00e4rte das Jahr 2020 zum <strong>Jahr der Pflegenden und Hebammen<\/strong>, um den immensen Beitrag zu w\u00fcrdigen, den beide Berufsgruppen zur globalen Gesundheit leisten. In diesem Jahr j\u00e4hrt sich zugleich der <strong>200. Geburtstag von Florence Nightingale<\/strong> (1820\u20131910), der Begr\u00fcnderin der modernen Krankenpflege.<\/p>\n<p>Florence Nightingale wurde am 12. Mai 1820 in Florenz geboren, die Stadt, nach der sie benannt wurde. Bekannt wurde sie, als sie w\u00e4hrend des Krimkrieges als Leiterin und Ausbilderin von Krankenschwestern diente und die Betreuung verwundeter Soldaten organisierte. Bei ihren n\u00e4chtlichen Kontrollg\u00e4ngen besuchte sie die Patienten mit einer Lampe in der Hand, und man nannte sie daher \u201eThe Lady with the Lamp\u201c.<\/p>\n<p>Im Laufe ihres beruflichen Werdegangs entwickelte sie die Grundlagen f\u00fcr professionelle Pflege. Das Londoner St. Thomas Hospital wurde im Jahr 1860 zum Ausbildungskrankenhaus ihrer Nightingale School of Nursing. Ihre Bem\u00fchungen zur Reform des Gesundheitswesens beinflussten ma\u00dfgeblich die Qualit\u00e4t der Pflege im 19. und 20. Jahrhundert.<\/p>\n<p>Die Krankenpflege wird oft als Betreuungsberuf bezeichnet. Auf der ganzen Welt spielen Pflegende und Hebammen eine entscheidende Rolle f\u00fcr Gesundheitsf\u00f6rderung, Krankheitspr\u00e4vention sowie Pflege und Betreuung in den verschiedensten Situationen. Nicht selten sind diese Pflegekr\u00e4fte der erste und einzige Kontakt zu Gesundheitswesen und Pflegebereich in ihren Gemeinden.<\/p>\n<p>Pflegende und Hebammen spielen eine lebenswichtige Rolle im Gesundheitswesen und sind weltweit mit 50 Prozent die gr\u00f6\u00dfte professionelle Gruppe im Gesundheitspersonal. Fast 70 Prozent des Personals im Bereich Gesundheits- und Sozialarbeit sind Frauen. Sie arbeiten h\u00e4ufig unter schwierigsten Bedingungen, sind chronisch \u00fcberlastet, werden nicht gen\u00fcgend gew\u00fcrdigt und sind mit unzureichenden Ressourcen ausgestattet.<\/p>\n<p>In diesem Jahr soll die Arbeit von Pflegenden und Hebammen ganz besonders gew\u00fcrdigt und ihre oft schwierigen Arbeitsbedingungen beleuchtet werden. Es ist an der Zeit, sich verst\u00e4rkt daf\u00fcr einzusetzen, den weltweiten Mangel an Gesundheitspersonal zu beheben.<\/p>\n<p>Weitere Informationen zu dieser Kampagne finden Sie unter <a href=\"https:\/\/www.who.int\/news-room\/campaigns\/year-of-the-nurse-and-the-midwife-2020\">https:\/\/www.who.int\/news-room\/campaigns\/year-of-the-nurse-and-the-midwife-2020<\/a><\/p>\n<p>#SupportNursesAndMidwives #Nurses2020 #midwives2020<\/p>\n<p><strong>Ausgabedatum:<\/strong> 12. Mai 2020<br \/>\n<strong>K\u00fcnstler:<\/strong> Martin M\u00f6rck (Norwegen)<br \/>\n<strong>Entwurf:<\/strong> Rorie Katz (Vereinte Nationen)<br \/>\n<strong>Nennwert:<\/strong> \u20ac 1,35<br \/>\n<strong>Format der Marke:<\/strong> 50 mm x 35 mm<br \/>\n<strong>Marken pro Bogen:<\/strong> 20<br \/>\n<strong>Druck:<\/strong> Joh. Ensched\u00e9 Stamps Security Printers B.V. (Niederlande)<br \/>\n<strong>Druckverfahren:<\/strong> Offset Lithographie &#8211; Duotone<br \/>\n<strong>Z\u00e4hnung:<\/strong> 14 x 14 1\/4<br \/>\n<strong>Druckauflage:<\/strong> 12.000 Bogen (240.000 Marken)<\/p>\n","protected":false},"excerpt":{"rendered":"<p>Die Weltgesundheitsorganisation (WHO) erkl\u00e4rte das Jahr 2020 zum Jahr der Pflegenden und Hebammen, um den immensen Beitrag zu w\u00fcrdigen, den beide Berufsgruppen zur globalen Gesundheit leisten. In diesem Jahr j\u00e4hrt sich zugleich der 200. Geburtstag von Florence Nightingale (1820\u20131910), der Begr\u00fcnderin der modernen Krankenpflege. Florence Nightingale wurde am 12. Mai 1820 in Florenz geboren, die [&hellip;]<\/p>\n","protected":false},"featured_media":104305,"comment_status":"closed","ping_status":"closed","template":"","meta":{"ngg_post_thumbnail":0},"product_brand":[],"product_cat":[1033,154,211,116],"product_tag":[2006,1434,1794,1704],"class_list":{"0":"post-103685","1":"product","2":"type-product","3":"status-publish","4":"has-post-thumbnail","6":"product_cat-2020_de","7":"product_cat-dauermarken","8":"product_cat-einzeln","9":"product_cat-wien","10":"product_tag-definitives-de","11":"product_tag-florence-nightingale-de","12":"product_tag-single-de","13":"product_tag-vi-de","14":"pa_condition-cancelled","15":"pa_condition-mint-de","17":"first","18":"instock","19":"shipping-taxable","20":"purchasable","21":"product-type-variable"},"yoast_head":"<!-- This site is optimized with the Yoast SEO plugin v27.5 - https:\/\/yoast.com\/product\/yoast-seo-wordpress\/ -->\n<title>Florence Nightingale \u2013 VI Dauermarke \u2013 \u20ac 1,35 - UN Briefmarken<\/title>\n<meta name=\"robots\" content=\"index, follow, max-snippet:-1, max-image-preview:large, max-video-preview:-1\" \/>\n<link rel=\"canonical\" href=\"https:\/\/unstamps.org\/de\/produkt\/florence-nightingale-vi-dauermarke-e-135\/\" \/>\n<meta property=\"og:locale\" content=\"de_DE\" \/>\n<meta property=\"og:type\" content=\"article\" \/>\n<meta property=\"og:title\" content=\"Florence Nightingale \u2013 VI Dauermarke \u2013 \u20ac 1,35 - UN Briefmarken\" \/>\n<meta property=\"og:description\" content=\"Die Weltgesundheitsorganisation (WHO) erkl\u00e4rte das Jahr 2020 zum Jahr der Pflegenden und Hebammen, um den immensen Beitrag zu w\u00fcrdigen, den beide Berufsgruppen zur globalen Gesundheit leisten. In diesem Jahr j\u00e4hrt sich zugleich der 200. Geburtstag von Florence Nightingale (1820\u20131910), der Begr\u00fcnderin der modernen Krankenpflege. Florence Nightingale wurde am 12. Mai 1820 in Florenz geboren, die [&hellip;]\" \/>\n<meta property=\"og:url\" content=\"https:\/\/unstamps.org\/de\/produkt\/florence-nightingale-vi-dauermarke-e-135\/\" \/>\n<meta property=\"og:site_name\" content=\"UN Briefmarken\" \/>\n<meta property=\"article:modified_time\" content=\"2026-01-09T15:26:24+00:00\" \/>\n<meta property=\"og:image\" content=\"https:\/\/unstamps.org\/wp-content\/uploads\/2020\/04\/Florence_Single.jpg\" \/>\n\t<meta property=\"og:image:width\" content=\"1024\" \/>\n\t<meta property=\"og:image:height\" content=\"1024\" \/>\n\t<meta property=\"og:image:type\" content=\"image\/jpeg\" \/>\n<meta name=\"twitter:card\" content=\"summary_large_image\" \/>\n<meta name=\"twitter:label1\" content=\"Gesch\u00e4tzte Lesezeit\" \/>\n\t<meta name=\"twitter:data1\" content=\"2 minutes\" \/>\n<script type=\"application\/ld+json\" class=\"yoast-schema-graph\">{\"@context\":\"https:\\\/\\\/schema.org\",\"@graph\":[{\"@type\":\"WebPage\",\"@id\":\"https:\\\/\\\/unstamps.org\\\/de\\\/produkt\\\/florence-nightingale-vi-dauermarke-e-135\\\/\",\"url\":\"https:\\\/\\\/unstamps.org\\\/de\\\/produkt\\\/florence-nightingale-vi-dauermarke-e-135\\\/\",\"name\":\"Florence Nightingale \u2013 VI Dauermarke \u2013 \u20ac 1,35 - UN Briefmarken\",\"isPartOf\":{\"@id\":\"https:\\\/\\\/unstamps.org\\\/de\\\/#website\"},\"primaryImageOfPage\":{\"@id\":\"https:\\\/\\\/unstamps.org\\\/de\\\/produkt\\\/florence-nightingale-vi-dauermarke-e-135\\\/#primaryimage\"},\"image\":{\"@id\":\"https:\\\/\\\/unstamps.org\\\/de\\\/produkt\\\/florence-nightingale-vi-dauermarke-e-135\\\/#primaryimage\"},\"thumbnailUrl\":\"https:\\\/\\\/unstamps.org\\\/wp-content\\\/uploads\\\/2020\\\/04\\\/Florence_Single.jpg\",\"datePublished\":\"2020-05-11T16:28:02+00:00\",\"dateModified\":\"2026-01-09T15:26:24+00:00\",\"breadcrumb\":{\"@id\":\"https:\\\/\\\/unstamps.org\\\/de\\\/produkt\\\/florence-nightingale-vi-dauermarke-e-135\\\/#breadcrumb\"},\"inLanguage\":\"de-DE\",\"potentialAction\":[{\"@type\":\"ReadAction\",\"target\":[\"https:\\\/\\\/unstamps.org\\\/de\\\/produkt\\\/florence-nightingale-vi-dauermarke-e-135\\\/\"]}]},{\"@type\":\"ImageObject\",\"inLanguage\":\"de-DE\",\"@id\":\"https:\\\/\\\/unstamps.org\\\/de\\\/produkt\\\/florence-nightingale-vi-dauermarke-e-135\\\/#primaryimage\",\"url\":\"https:\\\/\\\/unstamps.org\\\/wp-content\\\/uploads\\\/2020\\\/04\\\/Florence_Single.jpg\",\"contentUrl\":\"https:\\\/\\\/unstamps.org\\\/wp-content\\\/uploads\\\/2020\\\/04\\\/Florence_Single.jpg\",\"width\":1024,\"height\":1024},{\"@type\":\"BreadcrumbList\",\"@id\":\"https:\\\/\\\/unstamps.org\\\/de\\\/produkt\\\/florence-nightingale-vi-dauermarke-e-135\\\/#breadcrumb\",\"itemListElement\":[{\"@type\":\"ListItem\",\"position\":1,\"name\":\"Home\",\"item\":\"https:\\\/\\\/unstamps.org\\\/de\\\/\"},{\"@type\":\"ListItem\",\"position\":2,\"name\":\"Produkte\",\"item\":\"https:\\\/\\\/unstamps.org\\\/de\\\/produkte\\\/\"},{\"@type\":\"ListItem\",\"position\":3,\"name\":\"Florence Nightingale \u2013 VI Dauermarke \u2013 \u20ac 1,35\"}]},{\"@type\":\"WebSite\",\"@id\":\"https:\\\/\\\/unstamps.org\\\/de\\\/#website\",\"url\":\"https:\\\/\\\/unstamps.org\\\/de\\\/\",\"name\":\"UN Stamps\",\"description\":\"United Nations Stamps\",\"publisher\":{\"@id\":\"https:\\\/\\\/unstamps.org\\\/de\\\/#organization\"},\"potentialAction\":[{\"@type\":\"SearchAction\",\"target\":{\"@type\":\"EntryPoint\",\"urlTemplate\":\"https:\\\/\\\/unstamps.org\\\/de\\\/?s={search_term_string}\"},\"query-input\":{\"@type\":\"PropertyValueSpecification\",\"valueRequired\":true,\"valueName\":\"search_term_string\"}}],\"inLanguage\":\"de-DE\"},{\"@type\":\"Organization\",\"@id\":\"https:\\\/\\\/unstamps.org\\\/de\\\/#organization\",\"name\":\"UN Stamps\",\"url\":\"https:\\\/\\\/unstamps.org\\\/de\\\/\",\"logo\":{\"@type\":\"ImageObject\",\"inLanguage\":\"de-DE\",\"@id\":\"https:\\\/\\\/unstamps.org\\\/de\\\/#\\\/schema\\\/logo\\\/image\\\/\",\"url\":\"https:\\\/\\\/unstamps.org\\\/wp-content\\\/uploads\\\/2014\\\/01\\\/logo4web.jpg\",\"contentUrl\":\"https:\\\/\\\/unstamps.org\\\/wp-content\\\/uploads\\\/2014\\\/01\\\/logo4web.jpg\",\"width\":2500,\"height\":250,\"caption\":\"UN Stamps\"},\"image\":{\"@id\":\"https:\\\/\\\/unstamps.org\\\/de\\\/#\\\/schema\\\/logo\\\/image\\\/\"}}]}<\/script>\n<!-- \/ Yoast SEO plugin. -->","yoast_head_json":{"title":"Florence Nightingale \u2013 VI Dauermarke \u2013 \u20ac 1,35 - UN Briefmarken","robots":{"index":"index","follow":"follow","max-snippet":"max-snippet:-1","max-image-preview":"max-image-preview:large","max-video-preview":"max-video-preview:-1"},"canonical":"https:\/\/unstamps.org\/de\/produkt\/florence-nightingale-vi-dauermarke-e-135\/","og_locale":"de_DE","og_type":"article","og_title":"Florence Nightingale \u2013 VI Dauermarke \u2013 \u20ac 1,35 - UN Briefmarken","og_description":"Die Weltgesundheitsorganisation (WHO) erkl\u00e4rte das Jahr 2020 zum Jahr der Pflegenden und Hebammen, um den immensen Beitrag zu w\u00fcrdigen, den beide Berufsgruppen zur globalen Gesundheit leisten. In diesem Jahr j\u00e4hrt sich zugleich der 200. Geburtstag von Florence Nightingale (1820\u20131910), der Begr\u00fcnderin der modernen Krankenpflege. Florence Nightingale wurde am 12. Mai 1820 in Florenz geboren, die [&hellip;]","og_url":"https:\/\/unstamps.org\/de\/produkt\/florence-nightingale-vi-dauermarke-e-135\/","og_site_name":"UN Briefmarken","article_modified_time":"2026-01-09T15:26:24+00:00","og_image":[{"width":1024,"height":1024,"url":"https:\/\/unstamps.org\/wp-content\/uploads\/2020\/04\/Florence_Single.jpg","type":"image\/jpeg"}],"twitter_card":"summary_large_image","twitter_misc":{"Gesch\u00e4tzte Lesezeit":"2 minutes"},"schema":{"@context":"https:\/\/schema.org","@graph":[{"@type":"WebPage","@id":"https:\/\/unstamps.org\/de\/produkt\/florence-nightingale-vi-dauermarke-e-135\/","url":"https:\/\/unstamps.org\/de\/produkt\/florence-nightingale-vi-dauermarke-e-135\/","name":"Florence Nightingale \u2013 VI Dauermarke \u2013 \u20ac 1,35 - UN Briefmarken","isPartOf":{"@id":"https:\/\/unstamps.org\/de\/#website"},"primaryImageOfPage":{"@id":"https:\/\/unstamps.org\/de\/produkt\/florence-nightingale-vi-dauermarke-e-135\/#primaryimage"},"image":{"@id":"https:\/\/unstamps.org\/de\/produkt\/florence-nightingale-vi-dauermarke-e-135\/#primaryimage"},"thumbnailUrl":"https:\/\/unstamps.org\/wp-content\/uploads\/2020\/04\/Florence_Single.jpg","datePublished":"2020-05-11T16:28:02+00:00","dateModified":"2026-01-09T15:26:24+00:00","breadcrumb":{"@id":"https:\/\/unstamps.org\/de\/produkt\/florence-nightingale-vi-dauermarke-e-135\/#breadcrumb"},"inLanguage":"de-DE","potentialAction":[{"@type":"ReadAction","target":["https:\/\/unstamps.org\/de\/produkt\/florence-nightingale-vi-dauermarke-e-135\/"]}]},{"@type":"ImageObject","inLanguage":"de-DE","@id":"https:\/\/unstamps.org\/de\/produkt\/florence-nightingale-vi-dauermarke-e-135\/#primaryimage","url":"https:\/\/unstamps.org\/wp-content\/uploads\/2020\/04\/Florence_Single.jpg","contentUrl":"https:\/\/unstamps.org\/wp-content\/uploads\/2020\/04\/Florence_Single.jpg","width":1024,"height":1024},{"@type":"BreadcrumbList","@id":"https:\/\/unstamps.org\/de\/produkt\/florence-nightingale-vi-dauermarke-e-135\/#breadcrumb","itemListElement":[{"@type":"ListItem","position":1,"name":"Home","item":"https:\/\/unstamps.org\/de\/"},{"@type":"ListItem","position":2,"name":"Produkte","item":"https:\/\/unstamps.org\/de\/produkte\/"},{"@type":"ListItem","position":3,"name":"Florence Nightingale \u2013 VI Dauermarke \u2013 \u20ac 1,35"}]},{"@type":"WebSite","@id":"https:\/\/unstamps.org\/de\/#website","url":"https:\/\/unstamps.org\/de\/","name":"UN Stamps","description":"United Nations Stamps","publisher":{"@id":"https:\/\/unstamps.org\/de\/#organization"},"potentialAction":[{"@type":"SearchAction","target":{"@type":"EntryPoint","urlTemplate":"https:\/\/unstamps.org\/de\/?s={search_term_string}"},"query-input":{"@type":"PropertyValueSpecification","valueRequired":true,"valueName":"search_term_string"}}],"inLanguage":"de-DE"},{"@type":"Organization","@id":"https:\/\/unstamps.org\/de\/#organization","name":"UN Stamps","url":"https:\/\/unstamps.org\/de\/","logo":{"@type":"ImageObject","inLanguage":"de-DE","@id":"https:\/\/unstamps.org\/de\/#\/schema\/logo\/image\/","url":"https:\/\/unstamps.org\/wp-content\/uploads\/2014\/01\/logo4web.jpg","contentUrl":"https:\/\/unstamps.org\/wp-content\/uploads\/2014\/01\/logo4web.jpg","width":2500,"height":250,"caption":"UN Stamps"},"image":{"@id":"https:\/\/unstamps.org\/de\/#\/schema\/logo\/image\/"}}]}},"jetpack_sharing_enabled":true,"publishpress_future_action":{"enabled":false,"date":"2026-05-12 08:27:07","action":"change-status","newStatus":"private","terms":[],"taxonomy":"product_cat","extraData":[]},"publishpress_future_workflow_manual_trigger":{"enabledWorkflows":[]},"_links":{"self":[{"href":"https:\/\/unstamps.org\/de\/wp-json\/wp\/v2\/product\/103685","targetHints":{"allow":["GET"]}}],"collection":[{"href":"https:\/\/unstamps.org\/de\/wp-json\/wp\/v2\/product"}],"about":[{"href":"https:\/\/unstamps.org\/de\/wp-json\/wp\/v2\/types\/product"}],"replies":[{"embeddable":true,"href":"https:\/\/unstamps.org\/de\/wp-json\/wp\/v2\/comments?post=103685"}],"wp:featuredmedia":[{"embeddable":true,"href":"https:\/\/unstamps.org\/de\/wp-json\/wp\/v2\/media\/104305"}],"wp:attachment":[{"href":"https:\/\/unstamps.org\/de\/wp-json\/wp\/v2\/media?parent=103685"}],"wp:term":[{"taxonomy":"product_brand","embeddable":true,"href":"https:\/\/unstamps.org\/de\/wp-json\/wp\/v2\/product_brand?post=103685"},{"taxonomy":"product_cat","embeddable":true,"href":"https:\/\/unstamps.org\/de\/wp-json\/wp\/v2\/product_cat?post=103685"},{"taxonomy":"product_tag","embeddable":true,"href":"https:\/\/unstamps.org\/de\/wp-json\/wp\/v2\/product_tag?post=103685"}],"curies":[{"name":"wp","href":"https:\/\/api.w.org\/{rel}","templated":true}]}}