{"id":99887,"date":"2020-03-19T17:51:34","date_gmt":"2020-03-19T21:51:34","guid":{"rendered":"https:\/\/unstamps.org\/?page_id=99887"},"modified":"2020-05-04T17:58:19","modified_gmt":"2020-05-04T21:58:19","slug":"hello-kitty-de","status":"publish","type":"page","link":"https:\/\/unstamps.org\/de\/hello-kitty-de\/","title":{"rendered":"HELLO KITTY"},"content":{"rendered":"ngg_shortcode_0_placeholder\n<h4>Die UNO Briefmarkenausgabe HELLO KITTY und GLOBALE ZIELE wird nicht online verkauft. Um diese Briefmarken zu erweben, kontaktieren Sie bitte:<br \/>\nDas UNPA B\u00fcro in New York per E-Mail an unpanyinquiries@un.org oder per Telefon unter +1 800 234 8672<br \/>\nDas UNPA B\u00fcro in Wien per E-Mail an UNPA-Europe@un.org oder per Telefon unter +43 1 26060 4032 oder 4025<\/h4>\n<p>Am 19. M\u00e4rz 2020 gibt die UNPA ein Set von sechs Kleinbogen zu \u201eHello Kitty und die Globalen Ziele\u201c &#8211; auch bekannt als die UN-Nachhaltigkeitsziele &#8211; heraus. Die selbstklebenden Briefmarken sind leer und zeigen mehrere \u201eHello Kitty\u201c-Motive auf den Vignetten, die in das Briefmarkenbild eingebunden werden k\u00f6nnen, um einen eigenen Entwurf zu gestalten.<\/p>\n<p>Die Vereinten Nationen und Sanrio Co., Ltd. vereinbarten eine strategische Zusammenarbeit, um die UN-Nachhaltigkeitsziele (SDGs) zu f\u00f6rdern. Durch diese Kollaboration hebt \u201eHello Kitty\u201c sechs der 17 Nachhaltigkeitsziele hervor. Sie werden in der Videoserie #HelloGlobalGoals vorgestellt.<\/p>\n<p>Die sechs Ziele f\u00fcr nachhaltige Entwicklung, die auf den UN-Briefmarken dargestellt werden, sind die folgenden: Ziel 3 \u2013 Gesundheit und Wohlergehen; Ziel 4 \u2013 Hochwertige Bildung; Ziel 5 \u2013 Geschlechtergleichheit; Ziel 11 \u2013 Nachhaltige St\u00e4dte und Gemeinden; Ziel 13 \u2013 Ma\u00dfnahmen zum Klimaschutz; Ziel 14 \u2013 Leben unter Wasser.<\/p>\n<p>\u201eHello Kitty\u201c schlie\u00dft sich mit ihrer riesigen Fangemeinde unseren globalen Anstrengungen an, junge Menschen \u00fcberall auf der Welt \u00fcber die nachhaltigen Entwicklungsziele zu informieren und dar\u00fcber, warum sie sich f\u00fcr diese Ziele engagieren sollten, um sie zu erreichen\u201c, sagte Melissa Fleming, Unter-Generalsekret\u00e4rin f\u00fcr Globale Kommunikation, Vereinte Nationen.<\/p>\n<p>Drei Leporello Heftchen mit sechs verschiedenen Bogen geh\u00f6ren zu dieser Serie.<\/p>\n<p><strong>LEPORELLO HEFTCHEN<\/strong><\/p>\n<p>Die UNPA gibt gleichzeitig zu der Briefmarkenserie drei Leporellos heraus. Jedes Heftchen enth\u00e4lt sechs Kleinbogen mit je einer Briefmarke desselben Nennwerts (US$ 1,20 f\u00fcr New York, CHF 2,00 f\u00fcr Genf und \u20ac 1,80 f\u00fcr Wien).<\/p>\n<p><strong>Ausgabedatum:<\/strong> 19. M\u00e4rz 2020<br \/>\n<strong>K\u00fcnstler:<\/strong> Sanrio<br \/>\n<strong>Entwurf:<\/strong> Rorie Katz (Vereinte Nationen)<br \/>\n<strong>Nennwerte:<\/strong> US$ 1,20, CHF 2,00, \u20ac 1,80<br \/>\n<strong>Markenformat:<\/strong> 60 mm x 60 mm<br \/>\n<strong>Bogenformat:<\/strong> 180 mm x 110 mm<br \/>\n<strong>Format:<\/strong> 6 Kleinbogen zu je 1 Marke (2 Kleinbogen pro W\u00e4hrung))<br \/>\n<strong>Druck:<\/strong><br \/>\n&#8211; Cartor Security Printing (France) \u2013 Briefmarken<br \/>\n&#8211; La Poste (France) \u2013 Leporello Heftchen<br \/>\n<strong>Druckverfahren:<\/strong> Offset Lithographie<br \/>\n<strong>Auflagen:<\/strong><br \/>\nUS$ 1,20 &#8211; Ziel 3&nbsp; &nbsp;20.000 Kleinbogen<br \/>\nUS$ 1,20 &#8211; Ziel 4&nbsp; &nbsp;20.000 Kleinbogen<br \/>\nCHF 2,00 &#8211; Ziel 5&nbsp; &nbsp;23.000 Kleinbogen<br \/>\nCHF 2,00 &#8211; Ziel 11&nbsp; &nbsp;23.000 Kleinbogen<br \/>\n\u20ac 1,80 &#8211; Ziel 13&nbsp; &nbsp;26.000 Kleinbogen<br \/>\n\u20ac 1,80 &#8211; Ziel 14&nbsp; &nbsp;26.000 Kleinbogen<br \/>\n<strong>Leporello Heftchen:<\/strong><br \/>\nNew York&nbsp; &nbsp;5.000 Heftchen<br \/>\nGenf&nbsp; &nbsp;5.000 Heftchen<br \/>\nWien&nbsp; &nbsp;5.000 Heftchen<\/p>\n","protected":false},"excerpt":{"rendered":"<p>&nbsp; Die UNO Briefmarkenausgabe HELLO KITTY und GLOBALE ZIELE wird nicht online verkauft. Um diese Briefmarken zu erweben, kontaktieren Sie bitte: Das UNPA B\u00fcro in New York per E-Mail an unpanyinquiries@un.org oder per Telefon unter +1 800 234 8672 Das UNPA B\u00fcro in Wien per E-Mail an UNPA-Europe@un.org oder per Telefon unter +43 1 26060 [&hellip;]<\/p>\n","protected":false},"author":20833,"featured_media":0,"parent":0,"menu_order":0,"comment_status":"closed","ping_status":"closed","template":"","meta":{"ngg_post_thumbnail":0,"footnotes":""},"class_list":["post-99887","page","type-page","status-publish","hentry"],"yoast_head":"<!-- This site is optimized with the Yoast SEO plugin v27.4 - https:\/\/yoast.com\/product\/yoast-seo-wordpress\/ -->\n<title>HELLO KITTY - UN Briefmarken<\/title>\n<meta name=\"robots\" content=\"index, follow, max-snippet:-1, max-image-preview:large, max-video-preview:-1\" \/>\n<link rel=\"canonical\" href=\"https:\/\/unstamps.org\/de\/hello-kitty-de\/\" \/>\n<meta property=\"og:locale\" content=\"de_DE\" \/>\n<meta property=\"og:type\" content=\"article\" \/>\n<meta property=\"og:title\" content=\"HELLO KITTY - UN Briefmarken\" \/>\n<meta property=\"og:description\" content=\"&nbsp; Die UNO Briefmarkenausgabe HELLO KITTY und GLOBALE ZIELE wird nicht online verkauft. Um diese Briefmarken zu erweben, kontaktieren Sie bitte: Das UNPA B\u00fcro in New York per E-Mail an unpanyinquiries@un.org oder per Telefon unter +1 800 234 8672 Das UNPA B\u00fcro in Wien per E-Mail an UNPA-Europe@un.org oder per Telefon unter +43 1 26060 [&hellip;]\" \/>\n<meta property=\"og:url\" content=\"https:\/\/unstamps.org\/de\/hello-kitty-de\/\" \/>\n<meta property=\"og:site_name\" content=\"UN Briefmarken\" \/>\n<meta property=\"article:modified_time\" content=\"2020-05-04T21:58:19+00:00\" \/>\n<meta name=\"twitter:card\" content=\"summary_large_image\" \/>\n<meta name=\"twitter:label1\" content=\"Gesch\u00e4tzte Lesezeit\" \/>\n\t<meta name=\"twitter:data1\" content=\"2 minutes\" \/>\n<script type=\"application\/ld+json\" class=\"yoast-schema-graph\">{\"@context\":\"https:\\\/\\\/schema.org\",\"@graph\":[{\"@type\":\"WebPage\",\"@id\":\"https:\\\/\\\/unstamps.org\\\/de\\\/hello-kitty-de\\\/\",\"url\":\"https:\\\/\\\/unstamps.org\\\/de\\\/hello-kitty-de\\\/\",\"name\":\"HELLO KITTY - UN Briefmarken\",\"isPartOf\":{\"@id\":\"https:\\\/\\\/unstamps.org\\\/de\\\/#website\"},\"datePublished\":\"2020-03-19T21:51:34+00:00\",\"dateModified\":\"2020-05-04T21:58:19+00:00\",\"breadcrumb\":{\"@id\":\"https:\\\/\\\/unstamps.org\\\/de\\\/hello-kitty-de\\\/#breadcrumb\"},\"inLanguage\":\"de-DE\",\"potentialAction\":[{\"@type\":\"ReadAction\",\"target\":[\"https:\\\/\\\/unstamps.org\\\/de\\\/hello-kitty-de\\\/\"]}]},{\"@type\":\"BreadcrumbList\",\"@id\":\"https:\\\/\\\/unstamps.org\\\/de\\\/hello-kitty-de\\\/#breadcrumb\",\"itemListElement\":[{\"@type\":\"ListItem\",\"position\":1,\"name\":\"Home\",\"item\":\"https:\\\/\\\/unstamps.org\\\/de\\\/\"},{\"@type\":\"ListItem\",\"position\":2,\"name\":\"HELLO KITTY\"}]},{\"@type\":\"WebSite\",\"@id\":\"https:\\\/\\\/unstamps.org\\\/de\\\/#website\",\"url\":\"https:\\\/\\\/unstamps.org\\\/de\\\/\",\"name\":\"UN Stamps\",\"description\":\"United Nations Stamps\",\"publisher\":{\"@id\":\"https:\\\/\\\/unstamps.org\\\/de\\\/#organization\"},\"potentialAction\":[{\"@type\":\"SearchAction\",\"target\":{\"@type\":\"EntryPoint\",\"urlTemplate\":\"https:\\\/\\\/unstamps.org\\\/de\\\/?s={search_term_string}\"},\"query-input\":{\"@type\":\"PropertyValueSpecification\",\"valueRequired\":true,\"valueName\":\"search_term_string\"}}],\"inLanguage\":\"de-DE\"},{\"@type\":\"Organization\",\"@id\":\"https:\\\/\\\/unstamps.org\\\/de\\\/#organization\",\"name\":\"UN Stamps\",\"url\":\"https:\\\/\\\/unstamps.org\\\/de\\\/\",\"logo\":{\"@type\":\"ImageObject\",\"inLanguage\":\"de-DE\",\"@id\":\"https:\\\/\\\/unstamps.org\\\/de\\\/#\\\/schema\\\/logo\\\/image\\\/\",\"url\":\"https:\\\/\\\/unstamps.org\\\/wp-content\\\/uploads\\\/2014\\\/01\\\/logo4web.jpg\",\"contentUrl\":\"https:\\\/\\\/unstamps.org\\\/wp-content\\\/uploads\\\/2014\\\/01\\\/logo4web.jpg\",\"width\":2500,\"height\":250,\"caption\":\"UN Stamps\"},\"image\":{\"@id\":\"https:\\\/\\\/unstamps.org\\\/de\\\/#\\\/schema\\\/logo\\\/image\\\/\"}}]}<\/script>\n<!-- \/ Yoast SEO plugin. -->","yoast_head_json":{"title":"HELLO KITTY - UN Briefmarken","robots":{"index":"index","follow":"follow","max-snippet":"max-snippet:-1","max-image-preview":"max-image-preview:large","max-video-preview":"max-video-preview:-1"},"canonical":"https:\/\/unstamps.org\/de\/hello-kitty-de\/","og_locale":"de_DE","og_type":"article","og_title":"HELLO KITTY - UN Briefmarken","og_description":"&nbsp; Die UNO Briefmarkenausgabe HELLO KITTY und GLOBALE ZIELE wird nicht online verkauft. Um diese Briefmarken zu erweben, kontaktieren Sie bitte: Das UNPA B\u00fcro in New York per E-Mail an unpanyinquiries@un.org oder per Telefon unter +1 800 234 8672 Das UNPA B\u00fcro in Wien per E-Mail an UNPA-Europe@un.org oder per Telefon unter +43 1 26060 [&hellip;]","og_url":"https:\/\/unstamps.org\/de\/hello-kitty-de\/","og_site_name":"UN Briefmarken","article_modified_time":"2020-05-04T21:58:19+00:00","twitter_card":"summary_large_image","twitter_misc":{"Gesch\u00e4tzte Lesezeit":"2 minutes"},"schema":{"@context":"https:\/\/schema.org","@graph":[{"@type":"WebPage","@id":"https:\/\/unstamps.org\/de\/hello-kitty-de\/","url":"https:\/\/unstamps.org\/de\/hello-kitty-de\/","name":"HELLO KITTY - UN Briefmarken","isPartOf":{"@id":"https:\/\/unstamps.org\/de\/#website"},"datePublished":"2020-03-19T21:51:34+00:00","dateModified":"2020-05-04T21:58:19+00:00","breadcrumb":{"@id":"https:\/\/unstamps.org\/de\/hello-kitty-de\/#breadcrumb"},"inLanguage":"de-DE","potentialAction":[{"@type":"ReadAction","target":["https:\/\/unstamps.org\/de\/hello-kitty-de\/"]}]},{"@type":"BreadcrumbList","@id":"https:\/\/unstamps.org\/de\/hello-kitty-de\/#breadcrumb","itemListElement":[{"@type":"ListItem","position":1,"name":"Home","item":"https:\/\/unstamps.org\/de\/"},{"@type":"ListItem","position":2,"name":"HELLO KITTY"}]},{"@type":"WebSite","@id":"https:\/\/unstamps.org\/de\/#website","url":"https:\/\/unstamps.org\/de\/","name":"UN Stamps","description":"United Nations Stamps","publisher":{"@id":"https:\/\/unstamps.org\/de\/#organization"},"potentialAction":[{"@type":"SearchAction","target":{"@type":"EntryPoint","urlTemplate":"https:\/\/unstamps.org\/de\/?s={search_term_string}"},"query-input":{"@type":"PropertyValueSpecification","valueRequired":true,"valueName":"search_term_string"}}],"inLanguage":"de-DE"},{"@type":"Organization","@id":"https:\/\/unstamps.org\/de\/#organization","name":"UN Stamps","url":"https:\/\/unstamps.org\/de\/","logo":{"@type":"ImageObject","inLanguage":"de-DE","@id":"https:\/\/unstamps.org\/de\/#\/schema\/logo\/image\/","url":"https:\/\/unstamps.org\/wp-content\/uploads\/2014\/01\/logo4web.jpg","contentUrl":"https:\/\/unstamps.org\/wp-content\/uploads\/2014\/01\/logo4web.jpg","width":2500,"height":250,"caption":"UN Stamps"},"image":{"@id":"https:\/\/unstamps.org\/de\/#\/schema\/logo\/image\/"}}]}},"jetpack_sharing_enabled":true,"publishpress_future_action":{"enabled":false,"date":"2026-04-23 20:59:16","action":"change-status","newStatus":"draft","terms":[],"taxonomy":"translation_priority","extraData":[]},"publishpress_future_workflow_manual_trigger":{"enabledWorkflows":[]},"_links":{"self":[{"href":"https:\/\/unstamps.org\/de\/wp-json\/wp\/v2\/pages\/99887","targetHints":{"allow":["GET"]}}],"collection":[{"href":"https:\/\/unstamps.org\/de\/wp-json\/wp\/v2\/pages"}],"about":[{"href":"https:\/\/unstamps.org\/de\/wp-json\/wp\/v2\/types\/page"}],"author":[{"embeddable":true,"href":"https:\/\/unstamps.org\/de\/wp-json\/wp\/v2\/users\/20833"}],"replies":[{"embeddable":true,"href":"https:\/\/unstamps.org\/de\/wp-json\/wp\/v2\/comments?post=99887"}],"version-history":[{"count":0,"href":"https:\/\/unstamps.org\/de\/wp-json\/wp\/v2\/pages\/99887\/revisions"}],"wp:attachment":[{"href":"https:\/\/unstamps.org\/de\/wp-json\/wp\/v2\/media?parent=99887"}],"curies":[{"name":"wp","href":"https:\/\/api.w.org\/{rel}","templated":true}]}}