{"id":6213,"date":"2014-01-28T12:17:40","date_gmt":"2014-01-28T17:17:40","guid":{"rendered":"http:\/\/unstamps.org\/?page_id=6213"},"modified":"2025-11-24T11:32:34","modified_gmt":"2025-11-24T16:32:34","slug":"ausgabenprogramm","status":"publish","type":"page","link":"https:\/\/unstamps.org\/de\/ausgabenprogramm\/","title":{"rendered":"Ausgabenprogramm"},"content":{"rendered":"<p>Die Programme sind vorl\u00e4ufig und unterliegen Datums- sowie Nennwert\u00e4nderungen je nach verf\u00fcgbarer Information. Bitte besuchen Sie diese Seite regelm\u00e4ssig um den neuesten Stand der Ausgabenprogramme zu erhalten.<\/p>\n<table border=\"0\" width=\"100%\" cellspacing=\"1\" cellpadding=\"20\">\n<tbody>\n<tr>\n<td colspan=\"2\" valign=\"top\" height=\"98\">\n<h1 style=\"text-align: center;\">Ausgabenprogramm 2026<\/h1>\n<p style=\"text-align: center;\">(\u00c4nderungen hinsichtlich Thema, Datum und Nennwert vorbehalten)<\/p>\n<\/td>\n<\/tr>\n<tr>\n<td valign=\"top\" width=\"25%\"><strong>12. Januar<\/strong><\/td>\n<td valign=\"top\">\n<ul>\n<li><strong>80 Jahre United Nations Journal<\/strong><br \/>\nNew York Personalisierter Bogen zu 10 Marken \u2013 US$ 1,70<\/li>\n<\/ul>\n<\/td>\n<\/tr>\n<tr>\n<td valign=\"top\" width=\"25%\"><strong>16. Januar<\/strong><\/td>\n<td valign=\"top\">\n<ul>\n<li><strong>Chinesischer Mondkalender \u2013 Jahr des Pferdes <\/strong><br \/>\nNew York Personalisierter Bogen zu 10 Marken \u2013 US$ 1,70<\/li>\n<\/ul>\n<\/td>\n<\/tr>\n<tr>\n<td valign=\"top\" width=\"25%\"><strong>15. Februar<\/strong><\/td>\n<td valign=\"top\">\n<ul>\n<li><strong>Vereinte Nationen Kunstsammlungen<\/strong><br \/>\n$0,78, $1.70, CHF1,00, CHF 1,90, \u20ac1,00, \u20ac1,90 (Bogen mit 10 Briefmarken) <\/li>\n<\/ul>\n<\/td>\n<\/tr>\n<tr>\n<td valign=\"top\" width=\"25%\"><strong>20. M\u00e4rz <\/strong><\/td>\n<td valign=\"top\">\n<ul>\n<li><strong>Internationaler Tag der W\u00e4lder<\/strong><br \/>\n$1.70, CHF1,70, \u20ac1,40 (Bogen mit 10 Briefmarken)\n<\/li>\n<\/ul>\n<\/td>\n<\/tr>\n<tr>\n<td valign=\"top\" width=\"25%\"><strong>24. April <\/strong><\/td>\n<td valign=\"top\">\n<ul>\n<li><strong>Gef\u00e4hrdete Arten<br \/>\n<\/strong>$1.65, CHF1,90, \u20ac1,50<br \/>\n3 Kleinbogen zu je 16 Marken \u2013 4 Designs pro Bogen<br \/>\n3 Maximumkarten<br \/>\nGef\u00e4hrdete Arten Mappe 2026<br \/>\nSeidenumschlag in limitierter Auflage<\/li>\n<\/ul>\n<\/td>\n<\/tr>\n<tr>\n<td valign=\"top\" width=\"25%\"><strong>23. Mai<\/strong><\/td>\n<td valign=\"top\">\n<ul>\n<li><strong>Nationaltrachten<br \/>\n<\/strong>$0,78, $1.70, CHF1,20, CHF 1,90, \u20ac1,20, \u20ac1,90 (Bogen mit 4 Briefmarken)<\/li>\n<\/ul>\n<\/td>\n<\/tr>\n<tr>\n<td valign=\"top\" width=\"25%\"><strong>25. Mai<\/strong><\/td>\n<td valign=\"top\">\n<ul>\n<li><strong>Amerika 250<\/strong><br \/>\nNew York Personalisierter Bogen zu 10 Marken \u2013 US$ 1,70<\/li>\n<\/ul>\n<\/td>\n<\/tr>\n<tr>\n<td valign=\"top\" width=\"25%\"><strong>26. Mai<\/strong><\/td>\n<td valign=\"top\">\n<ul>\n<li><strong>UNPA New York 75. Jubil\u00e4um<\/strong><br \/>\nNew York Personalisierter Bogen zu 10 Marken \u2013 US$ 1,70<\/li>\n<\/ul>\n<\/td>\n<\/tr>\n<tr>\n<td valign=\"top\" width=\"25%\"><strong>14. August<\/strong><\/td>\n<td valign=\"top\">\n<ul>\n<li><strong>Internationales Jahr der Freiwilligen f\u00fcr nachhaltige Entwicklung<\/strong><br \/>\n$0.78, CHF 1,20, \u20ac1,20 (Bogen mit 10 Briefmarken)<br \/>\nErinnerungskarte<\/li>\n<\/ul>\n<\/td>\n<\/tr>\n<tr valign=\"top\">\n<td height=\"top\"><strong>4. September<\/strong><\/td>\n<td>\n<ul>\n<li><strong>Welterbe (UNESCO)<\/strong><br \/>\n78\u00a2, $1.70, CHF1,20, CHF1,90, \u20ac1,00, \u20ac1,20 &#8211; B\u00f6gen zu 20 Marken<br \/>\nBriefmarkenheftchen\n<\/li>\n<\/ul>\n<\/td>\n<\/tr>\n<tr valign=\"top\">\n<td height=\"top\"><strong>23. Oktober<\/strong><\/td>\n<td>\n<ul>\n<li><strong>Feierlichkeiten<\/strong><br \/>\n$1.70, CHF 1,20, \u20ac1,20 (NY, GE, VI Spezieller Veranstaltungsbogen mit 10 Briefmarken) <\/li>\n<\/ul>\n<\/td>\n<\/tr>\n<tr>\n<td valign=\"top\" width=\"25%\"><strong>6. November<\/strong><\/td>\n<td valign=\"top\">\n<ul>\n<li><strong>UNICEF 80. Jubil\u00e4um<\/strong><br \/>\n78\u00a2, $1.70, CHF1,20, CHF1,90, \u20ac1,20, \u20ac1,40 &#8211; B\u00f6gen zu 10 Marken<br \/>\nJahressammelmappen 2026 New York, Genf und Wien<\/li>\n<\/ul>\n<\/td>\n<\/tr>\n<tr valign=\"top\">\n<td height=\"top\"><strong>2. Dezember<\/strong><\/td>\n<td>\n<ul>\n<li><strong>UN-Wasserkonferenz in den Vereinigten Arabischen Emiraten<\/strong><br \/>\n$1.70, CHF 2,50, \u20ac1,90 (Spezieller Kleinbogen mit 3 Briefmarken ) <\/li>\n<\/ul>\n<\/td>\n<\/tr>\n<\/tbody>\n<\/table>\n","protected":false},"excerpt":{"rendered":"<p>Die Programme sind vorl\u00e4ufig und unterliegen Datums- sowie Nennwert\u00e4nderungen je nach verf\u00fcgbarer Information. Bitte besuchen Sie diese Seite regelm\u00e4ssig um den neuesten Stand der Ausgabenprogramme zu erhalten. Ausgabenprogramm 2026 (\u00c4nderungen hinsichtlich Thema, Datum und Nennwert vorbehalten) 12. Januar 80 Jahre United Nations Journal New York Personalisierter Bogen zu 10 Marken \u2013 US$ 1,70 16. Januar [&hellip;]<\/p>\n","protected":false},"author":2,"featured_media":0,"parent":0,"menu_order":0,"comment_status":"open","ping_status":"open","template":"","meta":{"ngg_post_thumbnail":0,"footnotes":""},"class_list":["post-6213","page","type-page","status-publish","hentry"],"yoast_head":"<!-- This site is optimized with the Yoast SEO plugin v27.3 - https:\/\/yoast.com\/product\/yoast-seo-wordpress\/ -->\n<title>Ausgabenprogramm - UN Briefmarken<\/title>\n<meta name=\"robots\" content=\"index, follow, max-snippet:-1, max-image-preview:large, max-video-preview:-1\" \/>\n<link rel=\"canonical\" href=\"https:\/\/unstamps.org\/de\/ausgabenprogramm\/\" \/>\n<meta property=\"og:locale\" content=\"de_DE\" \/>\n<meta property=\"og:type\" content=\"article\" \/>\n<meta property=\"og:title\" content=\"Ausgabenprogramm - UN Briefmarken\" \/>\n<meta property=\"og:description\" content=\"Die Programme sind vorl\u00e4ufig und unterliegen Datums- sowie Nennwert\u00e4nderungen je nach verf\u00fcgbarer Information. Bitte besuchen Sie diese Seite regelm\u00e4ssig um den neuesten Stand der Ausgabenprogramme zu erhalten. Ausgabenprogramm 2026 (\u00c4nderungen hinsichtlich Thema, Datum und Nennwert vorbehalten) 12. Januar 80 Jahre United Nations Journal New York Personalisierter Bogen zu 10 Marken \u2013 US$ 1,70 16. Januar [&hellip;]\" \/>\n<meta property=\"og:url\" content=\"https:\/\/unstamps.org\/de\/ausgabenprogramm\/\" \/>\n<meta property=\"og:site_name\" content=\"UN Briefmarken\" \/>\n<meta property=\"article:modified_time\" content=\"2025-11-24T16:32:34+00:00\" \/>\n<meta name=\"twitter:card\" content=\"summary_large_image\" \/>\n<meta name=\"twitter:label1\" content=\"Gesch\u00e4tzte Lesezeit\" \/>\n\t<meta name=\"twitter:data1\" content=\"2 minutes\" \/>\n<script type=\"application\/ld+json\" class=\"yoast-schema-graph\">{\"@context\":\"https:\\\/\\\/schema.org\",\"@graph\":[{\"@type\":\"WebPage\",\"@id\":\"https:\\\/\\\/unstamps.org\\\/de\\\/ausgabenprogramm\\\/\",\"url\":\"https:\\\/\\\/unstamps.org\\\/de\\\/ausgabenprogramm\\\/\",\"name\":\"Ausgabenprogramm - UN Briefmarken\",\"isPartOf\":{\"@id\":\"https:\\\/\\\/unstamps.org\\\/de\\\/#website\"},\"datePublished\":\"2014-01-28T17:17:40+00:00\",\"dateModified\":\"2025-11-24T16:32:34+00:00\",\"breadcrumb\":{\"@id\":\"https:\\\/\\\/unstamps.org\\\/de\\\/ausgabenprogramm\\\/#breadcrumb\"},\"inLanguage\":\"de-DE\",\"potentialAction\":[{\"@type\":\"ReadAction\",\"target\":[\"https:\\\/\\\/unstamps.org\\\/de\\\/ausgabenprogramm\\\/\"]}]},{\"@type\":\"BreadcrumbList\",\"@id\":\"https:\\\/\\\/unstamps.org\\\/de\\\/ausgabenprogramm\\\/#breadcrumb\",\"itemListElement\":[{\"@type\":\"ListItem\",\"position\":1,\"name\":\"Home\",\"item\":\"https:\\\/\\\/unstamps.org\\\/de\\\/\"},{\"@type\":\"ListItem\",\"position\":2,\"name\":\"Ausgabenprogramm\"}]},{\"@type\":\"WebSite\",\"@id\":\"https:\\\/\\\/unstamps.org\\\/de\\\/#website\",\"url\":\"https:\\\/\\\/unstamps.org\\\/de\\\/\",\"name\":\"UN Stamps\",\"description\":\"United Nations Stamps\",\"publisher\":{\"@id\":\"https:\\\/\\\/unstamps.org\\\/de\\\/#organization\"},\"potentialAction\":[{\"@type\":\"SearchAction\",\"target\":{\"@type\":\"EntryPoint\",\"urlTemplate\":\"https:\\\/\\\/unstamps.org\\\/de\\\/?s={search_term_string}\"},\"query-input\":{\"@type\":\"PropertyValueSpecification\",\"valueRequired\":true,\"valueName\":\"search_term_string\"}}],\"inLanguage\":\"de-DE\"},{\"@type\":\"Organization\",\"@id\":\"https:\\\/\\\/unstamps.org\\\/de\\\/#organization\",\"name\":\"UN Stamps\",\"url\":\"https:\\\/\\\/unstamps.org\\\/de\\\/\",\"logo\":{\"@type\":\"ImageObject\",\"inLanguage\":\"de-DE\",\"@id\":\"https:\\\/\\\/unstamps.org\\\/de\\\/#\\\/schema\\\/logo\\\/image\\\/\",\"url\":\"https:\\\/\\\/unstamps.org\\\/wp-content\\\/uploads\\\/2014\\\/01\\\/logo4web.jpg\",\"contentUrl\":\"https:\\\/\\\/unstamps.org\\\/wp-content\\\/uploads\\\/2014\\\/01\\\/logo4web.jpg\",\"width\":2500,\"height\":250,\"caption\":\"UN Stamps\"},\"image\":{\"@id\":\"https:\\\/\\\/unstamps.org\\\/de\\\/#\\\/schema\\\/logo\\\/image\\\/\"}}]}<\/script>\n<!-- \/ Yoast SEO plugin. -->","yoast_head_json":{"title":"Ausgabenprogramm - UN Briefmarken","robots":{"index":"index","follow":"follow","max-snippet":"max-snippet:-1","max-image-preview":"max-image-preview:large","max-video-preview":"max-video-preview:-1"},"canonical":"https:\/\/unstamps.org\/de\/ausgabenprogramm\/","og_locale":"de_DE","og_type":"article","og_title":"Ausgabenprogramm - UN Briefmarken","og_description":"Die Programme sind vorl\u00e4ufig und unterliegen Datums- sowie Nennwert\u00e4nderungen je nach verf\u00fcgbarer Information. Bitte besuchen Sie diese Seite regelm\u00e4ssig um den neuesten Stand der Ausgabenprogramme zu erhalten. Ausgabenprogramm 2026 (\u00c4nderungen hinsichtlich Thema, Datum und Nennwert vorbehalten) 12. Januar 80 Jahre United Nations Journal New York Personalisierter Bogen zu 10 Marken \u2013 US$ 1,70 16. Januar [&hellip;]","og_url":"https:\/\/unstamps.org\/de\/ausgabenprogramm\/","og_site_name":"UN Briefmarken","article_modified_time":"2025-11-24T16:32:34+00:00","twitter_card":"summary_large_image","twitter_misc":{"Gesch\u00e4tzte Lesezeit":"2 minutes"},"schema":{"@context":"https:\/\/schema.org","@graph":[{"@type":"WebPage","@id":"https:\/\/unstamps.org\/de\/ausgabenprogramm\/","url":"https:\/\/unstamps.org\/de\/ausgabenprogramm\/","name":"Ausgabenprogramm - UN Briefmarken","isPartOf":{"@id":"https:\/\/unstamps.org\/de\/#website"},"datePublished":"2014-01-28T17:17:40+00:00","dateModified":"2025-11-24T16:32:34+00:00","breadcrumb":{"@id":"https:\/\/unstamps.org\/de\/ausgabenprogramm\/#breadcrumb"},"inLanguage":"de-DE","potentialAction":[{"@type":"ReadAction","target":["https:\/\/unstamps.org\/de\/ausgabenprogramm\/"]}]},{"@type":"BreadcrumbList","@id":"https:\/\/unstamps.org\/de\/ausgabenprogramm\/#breadcrumb","itemListElement":[{"@type":"ListItem","position":1,"name":"Home","item":"https:\/\/unstamps.org\/de\/"},{"@type":"ListItem","position":2,"name":"Ausgabenprogramm"}]},{"@type":"WebSite","@id":"https:\/\/unstamps.org\/de\/#website","url":"https:\/\/unstamps.org\/de\/","name":"UN Stamps","description":"United Nations Stamps","publisher":{"@id":"https:\/\/unstamps.org\/de\/#organization"},"potentialAction":[{"@type":"SearchAction","target":{"@type":"EntryPoint","urlTemplate":"https:\/\/unstamps.org\/de\/?s={search_term_string}"},"query-input":{"@type":"PropertyValueSpecification","valueRequired":true,"valueName":"search_term_string"}}],"inLanguage":"de-DE"},{"@type":"Organization","@id":"https:\/\/unstamps.org\/de\/#organization","name":"UN Stamps","url":"https:\/\/unstamps.org\/de\/","logo":{"@type":"ImageObject","inLanguage":"de-DE","@id":"https:\/\/unstamps.org\/de\/#\/schema\/logo\/image\/","url":"https:\/\/unstamps.org\/wp-content\/uploads\/2014\/01\/logo4web.jpg","contentUrl":"https:\/\/unstamps.org\/wp-content\/uploads\/2014\/01\/logo4web.jpg","width":2500,"height":250,"caption":"UN Stamps"},"image":{"@id":"https:\/\/unstamps.org\/de\/#\/schema\/logo\/image\/"}}]}},"jetpack_sharing_enabled":true,"publishpress_future_action":{"enabled":false,"date":"2026-04-11 04:23:48","action":"change-status","newStatus":"draft","terms":[],"taxonomy":"translation_priority","extraData":[]},"publishpress_future_workflow_manual_trigger":{"enabledWorkflows":[]},"_links":{"self":[{"href":"https:\/\/unstamps.org\/de\/wp-json\/wp\/v2\/pages\/6213","targetHints":{"allow":["GET"]}}],"collection":[{"href":"https:\/\/unstamps.org\/de\/wp-json\/wp\/v2\/pages"}],"about":[{"href":"https:\/\/unstamps.org\/de\/wp-json\/wp\/v2\/types\/page"}],"author":[{"embeddable":true,"href":"https:\/\/unstamps.org\/de\/wp-json\/wp\/v2\/users\/2"}],"replies":[{"embeddable":true,"href":"https:\/\/unstamps.org\/de\/wp-json\/wp\/v2\/comments?post=6213"}],"version-history":[{"count":0,"href":"https:\/\/unstamps.org\/de\/wp-json\/wp\/v2\/pages\/6213\/revisions"}],"wp:attachment":[{"href":"https:\/\/unstamps.org\/de\/wp-json\/wp\/v2\/media?parent=6213"}],"curies":[{"name":"wp","href":"https:\/\/api.w.org\/{rel}","templated":true}]}}