{"id":6202,"date":"2014-01-28T11:49:31","date_gmt":"2014-01-28T16:49:31","guid":{"rendered":"http:\/\/unstamps.org\/?page_id=6202"},"modified":"2025-08-01T11:17:39","modified_gmt":"2025-08-01T15:17:39","slug":"kontakt-hilfe","status":"publish","type":"page","link":"https:\/\/unstamps.org\/de\/kontakt-hilfe\/","title":{"rendered":"Kontakt"},"content":{"rendered":"<p>Das UNPA-B\u00fcro in New York betreut alle Kunden au\u00dferhalb Europas. F\u00fcr Kunden aus Europa ist die UNPA Wien zust\u00e4ndig.<\/p>\n<h3>AM AMTSSITZ DER VEREINTEN NATIONEN, NEW YORK<\/h3>\n<p>United Nations Postal Administration<br \/>\nP.O. Box 5900, Grand Central Station<br \/>\nNew York, N.Y. 10163-5900<br \/>\nTel. : 1-212-963-7684 oder 1-800-234-UNPA (aus den USA geb\u00fchrenfrei)<br \/>\nTel. : 1-929-437-2991<br \/>\nE-Mail:&nbsp;<a href=\"mailto:unpanyinquiries@un.org\"><strong>unpanyinquiries@un.org<\/strong><\/a><\/p>\n<h3>UNPA-VERKAUFSSCHALTER UND SHOP F\u00dcR PERSONALISIERTE BRIEFMARKEN, NEW YORK<\/h3>\n<p>in der Eingangshalle des Generalversammlungsgeb\u00e4udes<br \/>\n1st Avenue and 45th Street<br \/>\nNew York, NY 10017<\/p>\n<p>Der Briefmarkenschalter ist von Montag bis Freitag von 9:00 bis 17:00.<br \/>\nDie Besuchereing\u00e4nge des UN Gel\u00e4ndes schlie\u00dfen um 16:45 h. Wir empfehlen daher, fr\u00fcher zu kommen.<br \/>\nDer Schalter kann jederzeit aus Sicherheitsgr\u00fcnden geschlossen werden.<br \/>\nUm sicherzugehen, dass der Schalter ge\u00f6ffnet ist, rufen Sie (212) 963-7698.<\/p>\n<p>Geschlossen f\u00fcr offizielle 2025 UN-Feiertage:<\/p>\n<ul>\n<li>1. Januar \u2013 Neujahr<\/li>\n<li>31. M\u00e4rz \u2013 Eid al-Fitr<\/li>\n<li>18. April \u2013 Karfreitag<\/li>\n<li>26. Mai \u2013 Gedenktag<\/li>\n<li>6. Juni &#8212; Eid al-Adha<\/li>\n<li>4. Juli \u2013 Unabh\u00e4ngigkeitstag<\/li>\n<li>1. September \u2013 Tag der Arbeit<\/li>\n<li>27. November \u2013 Erntedankfest<\/li>\n<li>25. Dezember \u2013 Weihnachtstag<\/li>\n<\/ul>\n<h3>UNPA-B\u00dcRO IN EUROPA<\/h3>\n<p>Sie erreichen das&nbsp;Wiener B\u00fcro&nbsp;unter:<\/p>\n<p>Postverwaltung der Vereinten Nationen<br \/>\nInternationales Zentrum Wien<br \/>\nPostfach 900<br \/>\n1400 Wien &#8211; Vereinte Nationen<br \/>\n\u00d6sterreich<\/p>\n<p>Tel: Montag &#8211; Donnerstag 10.00 bis 15.00 Uhr<br \/>\n+43(1)26060-4032 oder 4025 Deutsch + Englisch<br \/>\n+43(1)26060-4020 Franz\u00f6sisch<br \/>\n+43(1)26060-4025 Spanisch<br \/>\n+43(1)26060-4022 Italienisch<br \/>\nFax: +43(1)26060-5825<br \/>\nE-Mail:&nbsp;<a href=\"mailto:UNPA-Europe@un.org\"><strong>UNPA-Europe@un.org<\/strong><\/a><\/p>\n<p>UNPA-VERKAUFSSCHALTER, WIEN<br \/>\nCheckpoint 1, Internationales Zentrum Wien (UNO-City)<br \/>\nWagramer Stra\u00dfe 5, 1400 Wien &#8211; Vereinte Nationen<br \/>\n\u00d6sterreich<\/p>\n<p>\u00d6ffnungszeiten:<br \/>\nMontag bis Freitag von 11:30 bis 16:30 Uhr<\/p>\n<p>Der Briefmarkenschalter der Postverwaltung der Vereinten Nationen in der UNO City in Wien ist f\u00fcr Besucher ge\u00f6ffnet. T\u00e4glich von Montag bis Freitag k\u00f6nnen Besucher von 11:30 bis 16:30 Uhr Briefmarken der Vereinten Nationen erwerben und Post mit UN Briefmarken aufgeben.<\/p>\n<ul>\n<li>1. Januar &#8212; Neujahr<\/li>\n<li>31. M\u00e4rz \u2013 Eid al-Fitr<\/li>\n<li>18. April &#8212; Karfreitag<\/li>\n<li>21. April \u2013 Ostermontag<\/li>\n<li>1. Mai \u2013 Maifeiertag<\/li>\n<li>6. Juni &#8212; Eid al-Adha<\/li>\n<li>27. Oktober&#8212; \u00d6sterreichischer Nationalfeiertag<\/li>\n<li>25. Dezember \u2013 Weihnachtstag<\/li>\n<li>26. Dezember&#8212;St. Stephanstag<\/li>\n<\/ul>\n<p>Andere Schlie\u00dftage:<\/p>\n<ul>\n<li>31. Januar 2025<\/li>\n<li>28. Februar 2025<\/li>\n<li>31. M\u00e4rz 2025<\/li>\n<li>30. April 2025<\/li>\n<li>29. Mai 2025<\/li>\n<li>30. Juni 2025<\/li>\n<li>30. Juli 2025<\/li>\n<li>31. August 2025<\/li>\n<li>30. September 2025<\/li>\n<li>30. Oktober 2025<\/li>\n<li>29. November 2025<\/li>\n<li>23. Dezember 2025 &#8211; 12. Januar 2026<\/li>\n<\/ul>\n<p>Wieder-Er\u00f6ffnung am 13. Januar 2026<\/p>\n<p>Sammler k\u00f6nnen auch bei dem UNPA-Verkaufsschalter in Genf, alle philatelistische Artikeln unter folgender Adresse kaufen:<\/p>\n<p>UNPA-VERKAUFSSCHALTER, GENF<br \/>\nPalais des Nations, Porte 39<br \/>\nCH-1211 Gen\u00e8ve 10<br \/>\nSuisse<\/p>\n<p>Tel.: 00412291 73784<\/p>\n<p>\u00d6ffnungszeiten:<br \/>\nMontag bis Freitag von 11 bis 17 Uhr.<\/p>\n<p>Der Briefmarkenschalter der Postverwaltung der Vereinten Nationen im Palais des Nations in Genf ist f\u00fcr Besucher ge\u00f6ffnet. T\u00e4glich von Montag bis Freitag k\u00f6nnen Besucher von 11 bis 17 Uhr Briefmarken der Vereinten Nationen erwerben und Post mit UN Briefmarken aufgeben.<\/p>\n<p>Der Verkaufsschalter ist an offiziellen Feiertagen geschlossen.<\/p>\n<p>Geschlossen f\u00fcr offizielle UN-Feiertage:<\/p>\n<ul>\n<li>1. Januar \u2013 Neujahr<\/li>\n<li>31. M\u00e4rz \u2013 Eid al-Fitr<\/li>\n<li>18. April &#8212; Karfreitag<\/li>\n<li>21. April \u2013 Ostermontag<\/li>\n<li>6. Juni &#8212; Eid al-Adha<\/li>\n<li>9. Juni &#8212; Pfingstmontag<\/li>\n<li>1. August \u2013 Schweizer Nationalfeiertag<\/li>\n<li>1. September \u2013 Schweizer Nationalfeiertag<\/li>\n<li>25. Dezember \u2013 Weihnachtstag<\/li>\n<\/ul>\n<p>Andere Schlie\u00dftage:<\/p>\n<ul>\n<li>31. Januar 2025<\/li>\n<li>28. Februar 2025<\/li>\n<li>31. M\u00e4rz 2025<\/li>\n<li>30. April 2025<\/li>\n<li>29. Mai 2025<\/li>\n<li>30. Juni 2025<\/li>\n<li>30. Juli 2025<\/li>\n<li>31. August 2025<\/li>\n<li>30. September 2025<\/li>\n<li>30. Oktober 2025<\/li>\n<li>30. November 2025<\/li>\n<li>19. Dezember 2025 &#8211; 12. Januar 2026<\/li>\n<\/ul>\n<p>Wieder-Er\u00f6ffnung am 13. Januar 2026<\/p>\n<h3>UNPA CHINA B\u00dcRO<\/h3>\n<p>Tel.: +8610-85320960<br \/>\nE-Mail: <a href=\"mailto:unpa-asia@un.org\"><strong>UNPA-Asia@un.org<\/strong><\/a><\/p>\n<p>Oder schreiben Sie an:<br \/>\nPostverwaltung der Vereinten Nationen<br \/>\n2 Liang Ma He Nan Lu,<br \/>\nBeijing 100600, Volksrepublik China<\/p>\n","protected":false},"excerpt":{"rendered":"<p>Das UNPA-B\u00fcro in New York betreut alle Kunden au\u00dferhalb Europas. F\u00fcr Kunden aus Europa ist die UNPA Wien zust\u00e4ndig. AM AMTSSITZ DER VEREINTEN NATIONEN, NEW YORK United Nations Postal Administration P.O. Box 5900, Grand Central Station New York, N.Y. 10163-5900 Tel. : 1-212-963-7684 oder 1-800-234-UNPA (aus den USA geb\u00fchrenfrei) Tel. : 1-929-437-2991 E-Mail:&nbsp;unpanyinquiries@un.org UNPA-VERKAUFSSCHALTER UND [&hellip;]<\/p>\n","protected":false},"author":2,"featured_media":0,"parent":0,"menu_order":0,"comment_status":"open","ping_status":"open","template":"","meta":{"ngg_post_thumbnail":0,"footnotes":""},"class_list":["post-6202","page","type-page","status-publish","hentry"],"yoast_head":"<!-- This site is optimized with the Yoast SEO plugin v27.3 - https:\/\/yoast.com\/product\/yoast-seo-wordpress\/ -->\n<title>Kontakt - UN Briefmarken<\/title>\n<meta name=\"robots\" content=\"index, follow, max-snippet:-1, max-image-preview:large, max-video-preview:-1\" \/>\n<link rel=\"canonical\" href=\"https:\/\/unstamps.org\/de\/kontakt-hilfe\/\" \/>\n<meta property=\"og:locale\" content=\"de_DE\" \/>\n<meta property=\"og:type\" content=\"article\" \/>\n<meta property=\"og:title\" content=\"Kontakt - UN Briefmarken\" \/>\n<meta property=\"og:description\" content=\"Das UNPA-B\u00fcro in New York betreut alle Kunden au\u00dferhalb Europas. F\u00fcr Kunden aus Europa ist die UNPA Wien zust\u00e4ndig. AM AMTSSITZ DER VEREINTEN NATIONEN, NEW YORK United Nations Postal Administration P.O. Box 5900, Grand Central Station New York, N.Y. 10163-5900 Tel. : 1-212-963-7684 oder 1-800-234-UNPA (aus den USA geb\u00fchrenfrei) Tel. : 1-929-437-2991 E-Mail:&nbsp;unpanyinquiries@un.org UNPA-VERKAUFSSCHALTER UND [&hellip;]\" \/>\n<meta property=\"og:url\" content=\"https:\/\/unstamps.org\/de\/kontakt-hilfe\/\" \/>\n<meta property=\"og:site_name\" content=\"UN Briefmarken\" \/>\n<meta property=\"article:modified_time\" content=\"2025-08-01T15:17:39+00:00\" \/>\n<meta name=\"twitter:card\" content=\"summary_large_image\" \/>\n<meta name=\"twitter:label1\" content=\"Gesch\u00e4tzte Lesezeit\" \/>\n\t<meta name=\"twitter:data1\" content=\"3 minutes\" \/>\n<script type=\"application\/ld+json\" class=\"yoast-schema-graph\">{\"@context\":\"https:\\\/\\\/schema.org\",\"@graph\":[{\"@type\":\"WebPage\",\"@id\":\"https:\\\/\\\/unstamps.org\\\/de\\\/kontakt-hilfe\\\/\",\"url\":\"https:\\\/\\\/unstamps.org\\\/de\\\/kontakt-hilfe\\\/\",\"name\":\"Kontakt - UN Briefmarken\",\"isPartOf\":{\"@id\":\"https:\\\/\\\/unstamps.org\\\/de\\\/#website\"},\"datePublished\":\"2014-01-28T16:49:31+00:00\",\"dateModified\":\"2025-08-01T15:17:39+00:00\",\"breadcrumb\":{\"@id\":\"https:\\\/\\\/unstamps.org\\\/de\\\/kontakt-hilfe\\\/#breadcrumb\"},\"inLanguage\":\"de-DE\",\"potentialAction\":[{\"@type\":\"ReadAction\",\"target\":[\"https:\\\/\\\/unstamps.org\\\/de\\\/kontakt-hilfe\\\/\"]}]},{\"@type\":\"BreadcrumbList\",\"@id\":\"https:\\\/\\\/unstamps.org\\\/de\\\/kontakt-hilfe\\\/#breadcrumb\",\"itemListElement\":[{\"@type\":\"ListItem\",\"position\":1,\"name\":\"Home\",\"item\":\"https:\\\/\\\/unstamps.org\\\/de\\\/\"},{\"@type\":\"ListItem\",\"position\":2,\"name\":\"Kontakt\"}]},{\"@type\":\"WebSite\",\"@id\":\"https:\\\/\\\/unstamps.org\\\/de\\\/#website\",\"url\":\"https:\\\/\\\/unstamps.org\\\/de\\\/\",\"name\":\"UN Stamps\",\"description\":\"United Nations Stamps\",\"publisher\":{\"@id\":\"https:\\\/\\\/unstamps.org\\\/de\\\/#organization\"},\"potentialAction\":[{\"@type\":\"SearchAction\",\"target\":{\"@type\":\"EntryPoint\",\"urlTemplate\":\"https:\\\/\\\/unstamps.org\\\/de\\\/?s={search_term_string}\"},\"query-input\":{\"@type\":\"PropertyValueSpecification\",\"valueRequired\":true,\"valueName\":\"search_term_string\"}}],\"inLanguage\":\"de-DE\"},{\"@type\":\"Organization\",\"@id\":\"https:\\\/\\\/unstamps.org\\\/de\\\/#organization\",\"name\":\"UN Stamps\",\"url\":\"https:\\\/\\\/unstamps.org\\\/de\\\/\",\"logo\":{\"@type\":\"ImageObject\",\"inLanguage\":\"de-DE\",\"@id\":\"https:\\\/\\\/unstamps.org\\\/de\\\/#\\\/schema\\\/logo\\\/image\\\/\",\"url\":\"https:\\\/\\\/unstamps.org\\\/wp-content\\\/uploads\\\/2014\\\/01\\\/logo4web.jpg\",\"contentUrl\":\"https:\\\/\\\/unstamps.org\\\/wp-content\\\/uploads\\\/2014\\\/01\\\/logo4web.jpg\",\"width\":2500,\"height\":250,\"caption\":\"UN Stamps\"},\"image\":{\"@id\":\"https:\\\/\\\/unstamps.org\\\/de\\\/#\\\/schema\\\/logo\\\/image\\\/\"}}]}<\/script>\n<!-- \/ Yoast SEO plugin. -->","yoast_head_json":{"title":"Kontakt - UN Briefmarken","robots":{"index":"index","follow":"follow","max-snippet":"max-snippet:-1","max-image-preview":"max-image-preview:large","max-video-preview":"max-video-preview:-1"},"canonical":"https:\/\/unstamps.org\/de\/kontakt-hilfe\/","og_locale":"de_DE","og_type":"article","og_title":"Kontakt - UN Briefmarken","og_description":"Das UNPA-B\u00fcro in New York betreut alle Kunden au\u00dferhalb Europas. F\u00fcr Kunden aus Europa ist die UNPA Wien zust\u00e4ndig. AM AMTSSITZ DER VEREINTEN NATIONEN, NEW YORK United Nations Postal Administration P.O. Box 5900, Grand Central Station New York, N.Y. 10163-5900 Tel. : 1-212-963-7684 oder 1-800-234-UNPA (aus den USA geb\u00fchrenfrei) Tel. : 1-929-437-2991 E-Mail:&nbsp;unpanyinquiries@un.org UNPA-VERKAUFSSCHALTER UND [&hellip;]","og_url":"https:\/\/unstamps.org\/de\/kontakt-hilfe\/","og_site_name":"UN Briefmarken","article_modified_time":"2025-08-01T15:17:39+00:00","twitter_card":"summary_large_image","twitter_misc":{"Gesch\u00e4tzte Lesezeit":"3 minutes"},"schema":{"@context":"https:\/\/schema.org","@graph":[{"@type":"WebPage","@id":"https:\/\/unstamps.org\/de\/kontakt-hilfe\/","url":"https:\/\/unstamps.org\/de\/kontakt-hilfe\/","name":"Kontakt - UN Briefmarken","isPartOf":{"@id":"https:\/\/unstamps.org\/de\/#website"},"datePublished":"2014-01-28T16:49:31+00:00","dateModified":"2025-08-01T15:17:39+00:00","breadcrumb":{"@id":"https:\/\/unstamps.org\/de\/kontakt-hilfe\/#breadcrumb"},"inLanguage":"de-DE","potentialAction":[{"@type":"ReadAction","target":["https:\/\/unstamps.org\/de\/kontakt-hilfe\/"]}]},{"@type":"BreadcrumbList","@id":"https:\/\/unstamps.org\/de\/kontakt-hilfe\/#breadcrumb","itemListElement":[{"@type":"ListItem","position":1,"name":"Home","item":"https:\/\/unstamps.org\/de\/"},{"@type":"ListItem","position":2,"name":"Kontakt"}]},{"@type":"WebSite","@id":"https:\/\/unstamps.org\/de\/#website","url":"https:\/\/unstamps.org\/de\/","name":"UN Stamps","description":"United Nations Stamps","publisher":{"@id":"https:\/\/unstamps.org\/de\/#organization"},"potentialAction":[{"@type":"SearchAction","target":{"@type":"EntryPoint","urlTemplate":"https:\/\/unstamps.org\/de\/?s={search_term_string}"},"query-input":{"@type":"PropertyValueSpecification","valueRequired":true,"valueName":"search_term_string"}}],"inLanguage":"de-DE"},{"@type":"Organization","@id":"https:\/\/unstamps.org\/de\/#organization","name":"UN Stamps","url":"https:\/\/unstamps.org\/de\/","logo":{"@type":"ImageObject","inLanguage":"de-DE","@id":"https:\/\/unstamps.org\/de\/#\/schema\/logo\/image\/","url":"https:\/\/unstamps.org\/wp-content\/uploads\/2014\/01\/logo4web.jpg","contentUrl":"https:\/\/unstamps.org\/wp-content\/uploads\/2014\/01\/logo4web.jpg","width":2500,"height":250,"caption":"UN Stamps"},"image":{"@id":"https:\/\/unstamps.org\/de\/#\/schema\/logo\/image\/"}}]}},"jetpack_sharing_enabled":true,"publishpress_future_action":{"enabled":false,"date":"2026-04-19 02:01:52","action":"change-status","newStatus":"draft","terms":[],"taxonomy":"translation_priority","extraData":[]},"publishpress_future_workflow_manual_trigger":{"enabledWorkflows":[]},"_links":{"self":[{"href":"https:\/\/unstamps.org\/de\/wp-json\/wp\/v2\/pages\/6202","targetHints":{"allow":["GET"]}}],"collection":[{"href":"https:\/\/unstamps.org\/de\/wp-json\/wp\/v2\/pages"}],"about":[{"href":"https:\/\/unstamps.org\/de\/wp-json\/wp\/v2\/types\/page"}],"author":[{"embeddable":true,"href":"https:\/\/unstamps.org\/de\/wp-json\/wp\/v2\/users\/2"}],"replies":[{"embeddable":true,"href":"https:\/\/unstamps.org\/de\/wp-json\/wp\/v2\/comments?post=6202"}],"version-history":[{"count":0,"href":"https:\/\/unstamps.org\/de\/wp-json\/wp\/v2\/pages\/6202\/revisions"}],"wp:attachment":[{"href":"https:\/\/unstamps.org\/de\/wp-json\/wp\/v2\/media?parent=6202"}],"curies":[{"name":"wp","href":"https:\/\/api.w.org\/{rel}","templated":true}]}}