{"id":5829,"date":"2014-01-23T17:16:57","date_gmt":"2014-01-23T22:16:57","guid":{"rendered":"http:\/\/unstamps.org\/?page_id=5829"},"modified":"2018-06-07T06:10:28","modified_gmt":"2018-06-07T10:10:28","slug":"was-sie-wissen-sollten","status":"publish","type":"page","link":"https:\/\/unstamps.org\/de\/uber-die-unpa\/was-sie-wissen-sollten\/","title":{"rendered":"Was Sie wissen sollten"},"content":{"rendered":"<h3>UNO-Briefmarken als Porto<\/h3>\n<p>UNO-Briefmarken in US-W\u00e4hrung k\u00f6nnen nur dann zum Frankieren von Postsendungen verwendet werden, wenn diese im Amtssitzgeb\u00e4ude der Vereinten Nationen in New York City aufgegeben werden. Mit Briefmarken in Schweizer Franken frankierte Postsendungen m\u00fcssen im Palais des Nations in Genf (Schweiz) aufgegeben werden und UNO-Briefmarken in Euro gelten nur dann als Porto, wenn sie im Internationalen Zentrum Wien aufgegeben werden.<\/p>\n<p><strong>Preis<br \/>\n<\/strong>Briefmarken werden zum Nennwert verkauft. Die Nennwerte der Briefmarken der UNPA-Genf und UNPA-Wien werden in US-W\u00e4hrung umgerechnet und auf den n\u00e4chsten Cent aufgerundet. Dabei k\u00f6nnen sich wechselkursbedingte Schwankungen ergeben. Briefmarken und philatelistische Produkte der Postverwaltung der Vereinten Nationen unterliegen nicht der Umsatzsteuer.<\/p>\n<p><strong>Bestellungen<br \/>\n<\/strong>Alle Bestellungen werden nach Verf\u00fcgbarkeit der Produkte erf\u00fcllt. Kann ein Auftrag nicht vollst\u00e4ndig erf\u00fcllt werden, wird die Differenz zum \u00fcberwiesenen Betrag dem Konto des Kunden gutgeschrieben.<\/p>\n<p><strong>Randinschriften (RI)<br \/>\n<\/strong>Eine Randinschrift besteht in der Regel aus dem Emblem der Vereinten Nationen und einem entsprechenden Text an vier Stellen jedes Bogens. Ein Block mit Randinschrift ist nur bei einer Mindestbestellung von 4 Briefmarken einer Gedenk-, Dauer- oder Luftpostausgabe &#8211; unabh\u00e4ngig von deren Nennwert &#8211; erh\u00e4ltlich.<\/p>\n<p>Eine Randinschrift kann auch gew\u00e4hlt werden, wenn ein Ersttagsumschlag mit Viererblock (Block-FDC) bestellt wird.<\/p>\n<p>Folgende vier RI-Positionen sind erh\u00e4ltlich:<\/p>\n<p><a href=\"https:\/\/unstamps.org\/wp-content\/uploads\/2015\/04\/mi_b4_image001_de.jpg\"><img loading=\"lazy\" decoding=\"async\" class=\"alignnone size-full wp-image-25156\" src=\"https:\/\/unstamps.org\/wp-content\/uploads\/2015\/04\/mi_b4_image001_de.jpg\" alt=\"mi_b4_image001_de\" width=\"412\" height=\"124\" \/><\/a><\/p>\n<p><strong>Verkauf und Umtausch<br \/>\n<\/strong>Die UNPA ist stets bem\u00fcht, ihre Kunden mit Produkten von h\u00f6chster philatelistischer Qualit\u00e4t zu beliefern.\u00a0Alle Verk\u00e4ufe sind endg\u00fcltig. Wir bitten daher um Verst\u00e4ndnis, dass eine R\u00fccknahme oder ein Umtausch nur dann m\u00f6glich ist, wenn Briefmarken in besch\u00e4digtem Zustand ankommen.<\/p>\n<p><strong>Verkaufsbedingungen<br \/>\n<\/strong>Die Postverwaltung der Vereinten Nationen beh\u00e4lt sich das Recht vor, die Liefermenge f\u00fcr einzelne Bestellungen jederzeit zu beschr\u00e4nken und ungeeignet erscheinendes Material nicht mit dem offiziellen UNO-Stempel zu versehen.<\/p>\n<p><strong>Porto und Bearbeitungsgeb\u00fchr<br \/>\n<\/strong>Derzeit wird f\u00fcr Bestellungen \u00fcber unsere Website eine Geb\u00fchr von US$ 5,00 f\u00fcr Porto und Bearbeitung in Rechnung gestellt. Alle Bestellungen, die einen Wert von US$ 200,00 \u00fcbersteigen, werden als Einschreibsendungen verschickt\u00a0 Die Geb\u00fchr f\u00fcr den Versand per Einschreiben wird dem Kunden verrechnet.<\/p>\n","protected":false},"excerpt":{"rendered":"<p>UNO-Briefmarken als Porto UNO-Briefmarken in US-W\u00e4hrung k\u00f6nnen nur dann zum Frankieren von Postsendungen verwendet werden, wenn diese im Amtssitzgeb\u00e4ude der Vereinten Nationen in New York City aufgegeben werden. Mit Briefmarken in Schweizer Franken frankierte Postsendungen m\u00fcssen im Palais des Nations in Genf (Schweiz) aufgegeben werden und UNO-Briefmarken in Euro gelten nur dann als Porto, wenn [&hellip;]<\/p>\n","protected":false},"author":2,"featured_media":0,"parent":5423,"menu_order":0,"comment_status":"open","ping_status":"open","template":"","meta":{"ngg_post_thumbnail":0,"footnotes":""},"class_list":["post-5829","page","type-page","status-publish","hentry"],"yoast_head":"<!-- This site is optimized with the Yoast SEO plugin v27.3 - https:\/\/yoast.com\/product\/yoast-seo-wordpress\/ -->\n<title>Was Sie wissen sollten - UN Briefmarken<\/title>\n<meta name=\"robots\" content=\"index, follow, max-snippet:-1, max-image-preview:large, max-video-preview:-1\" \/>\n<link rel=\"canonical\" href=\"https:\/\/unstamps.org\/de\/uber-die-unpa\/was-sie-wissen-sollten\/\" \/>\n<meta property=\"og:locale\" content=\"de_DE\" \/>\n<meta property=\"og:type\" content=\"article\" \/>\n<meta property=\"og:title\" content=\"Was Sie wissen sollten - UN Briefmarken\" \/>\n<meta property=\"og:description\" content=\"UNO-Briefmarken als Porto UNO-Briefmarken in US-W\u00e4hrung k\u00f6nnen nur dann zum Frankieren von Postsendungen verwendet werden, wenn diese im Amtssitzgeb\u00e4ude der Vereinten Nationen in New York City aufgegeben werden. Mit Briefmarken in Schweizer Franken frankierte Postsendungen m\u00fcssen im Palais des Nations in Genf (Schweiz) aufgegeben werden und UNO-Briefmarken in Euro gelten nur dann als Porto, wenn [&hellip;]\" \/>\n<meta property=\"og:url\" content=\"https:\/\/unstamps.org\/de\/uber-die-unpa\/was-sie-wissen-sollten\/\" \/>\n<meta property=\"og:site_name\" content=\"UN Briefmarken\" \/>\n<meta property=\"article:modified_time\" content=\"2018-06-07T10:10:28+00:00\" \/>\n<meta property=\"og:image\" content=\"https:\/\/unstamps.org\/wp-content\/uploads\/2015\/04\/mi_b4_image001_de.jpg\" \/>\n<meta name=\"twitter:card\" content=\"summary_large_image\" \/>\n<meta name=\"twitter:label1\" content=\"Gesch\u00e4tzte Lesezeit\" \/>\n\t<meta name=\"twitter:data1\" content=\"2 minutes\" \/>\n<script type=\"application\/ld+json\" class=\"yoast-schema-graph\">{\"@context\":\"https:\\\/\\\/schema.org\",\"@graph\":[{\"@type\":\"WebPage\",\"@id\":\"https:\\\/\\\/unstamps.org\\\/de\\\/uber-die-unpa\\\/was-sie-wissen-sollten\\\/\",\"url\":\"https:\\\/\\\/unstamps.org\\\/de\\\/uber-die-unpa\\\/was-sie-wissen-sollten\\\/\",\"name\":\"Was Sie wissen sollten - UN Briefmarken\",\"isPartOf\":{\"@id\":\"https:\\\/\\\/unstamps.org\\\/de\\\/#website\"},\"primaryImageOfPage\":{\"@id\":\"https:\\\/\\\/unstamps.org\\\/de\\\/uber-die-unpa\\\/was-sie-wissen-sollten\\\/#primaryimage\"},\"image\":{\"@id\":\"https:\\\/\\\/unstamps.org\\\/de\\\/uber-die-unpa\\\/was-sie-wissen-sollten\\\/#primaryimage\"},\"thumbnailUrl\":\"https:\\\/\\\/unstamps.org\\\/wp-content\\\/uploads\\\/2015\\\/04\\\/mi_b4_image001_de.jpg\",\"datePublished\":\"2014-01-23T22:16:57+00:00\",\"dateModified\":\"2018-06-07T10:10:28+00:00\",\"breadcrumb\":{\"@id\":\"https:\\\/\\\/unstamps.org\\\/de\\\/uber-die-unpa\\\/was-sie-wissen-sollten\\\/#breadcrumb\"},\"inLanguage\":\"de-DE\",\"potentialAction\":[{\"@type\":\"ReadAction\",\"target\":[\"https:\\\/\\\/unstamps.org\\\/de\\\/uber-die-unpa\\\/was-sie-wissen-sollten\\\/\"]}]},{\"@type\":\"ImageObject\",\"inLanguage\":\"de-DE\",\"@id\":\"https:\\\/\\\/unstamps.org\\\/de\\\/uber-die-unpa\\\/was-sie-wissen-sollten\\\/#primaryimage\",\"url\":\"https:\\\/\\\/unstamps.org\\\/wp-content\\\/uploads\\\/2015\\\/04\\\/mi_b4_image001_de.jpg\",\"contentUrl\":\"https:\\\/\\\/unstamps.org\\\/wp-content\\\/uploads\\\/2015\\\/04\\\/mi_b4_image001_de.jpg\"},{\"@type\":\"BreadcrumbList\",\"@id\":\"https:\\\/\\\/unstamps.org\\\/de\\\/uber-die-unpa\\\/was-sie-wissen-sollten\\\/#breadcrumb\",\"itemListElement\":[{\"@type\":\"ListItem\",\"position\":1,\"name\":\"Home\",\"item\":\"https:\\\/\\\/unstamps.org\\\/de\\\/\"},{\"@type\":\"ListItem\",\"position\":2,\"name\":\"\u00dcber die UNPA\",\"item\":\"https:\\\/\\\/unstamps.org\\\/de\\\/uber-die-unpa\\\/\"},{\"@type\":\"ListItem\",\"position\":3,\"name\":\"Was Sie wissen sollten\"}]},{\"@type\":\"WebSite\",\"@id\":\"https:\\\/\\\/unstamps.org\\\/de\\\/#website\",\"url\":\"https:\\\/\\\/unstamps.org\\\/de\\\/\",\"name\":\"UN Stamps\",\"description\":\"United Nations Stamps\",\"publisher\":{\"@id\":\"https:\\\/\\\/unstamps.org\\\/de\\\/#organization\"},\"potentialAction\":[{\"@type\":\"SearchAction\",\"target\":{\"@type\":\"EntryPoint\",\"urlTemplate\":\"https:\\\/\\\/unstamps.org\\\/de\\\/?s={search_term_string}\"},\"query-input\":{\"@type\":\"PropertyValueSpecification\",\"valueRequired\":true,\"valueName\":\"search_term_string\"}}],\"inLanguage\":\"de-DE\"},{\"@type\":\"Organization\",\"@id\":\"https:\\\/\\\/unstamps.org\\\/de\\\/#organization\",\"name\":\"UN Stamps\",\"url\":\"https:\\\/\\\/unstamps.org\\\/de\\\/\",\"logo\":{\"@type\":\"ImageObject\",\"inLanguage\":\"de-DE\",\"@id\":\"https:\\\/\\\/unstamps.org\\\/de\\\/#\\\/schema\\\/logo\\\/image\\\/\",\"url\":\"https:\\\/\\\/unstamps.org\\\/wp-content\\\/uploads\\\/2014\\\/01\\\/logo4web.jpg\",\"contentUrl\":\"https:\\\/\\\/unstamps.org\\\/wp-content\\\/uploads\\\/2014\\\/01\\\/logo4web.jpg\",\"width\":2500,\"height\":250,\"caption\":\"UN Stamps\"},\"image\":{\"@id\":\"https:\\\/\\\/unstamps.org\\\/de\\\/#\\\/schema\\\/logo\\\/image\\\/\"}}]}<\/script>\n<!-- \/ Yoast SEO plugin. -->","yoast_head_json":{"title":"Was Sie wissen sollten - UN Briefmarken","robots":{"index":"index","follow":"follow","max-snippet":"max-snippet:-1","max-image-preview":"max-image-preview:large","max-video-preview":"max-video-preview:-1"},"canonical":"https:\/\/unstamps.org\/de\/uber-die-unpa\/was-sie-wissen-sollten\/","og_locale":"de_DE","og_type":"article","og_title":"Was Sie wissen sollten - UN Briefmarken","og_description":"UNO-Briefmarken als Porto UNO-Briefmarken in US-W\u00e4hrung k\u00f6nnen nur dann zum Frankieren von Postsendungen verwendet werden, wenn diese im Amtssitzgeb\u00e4ude der Vereinten Nationen in New York City aufgegeben werden. Mit Briefmarken in Schweizer Franken frankierte Postsendungen m\u00fcssen im Palais des Nations in Genf (Schweiz) aufgegeben werden und UNO-Briefmarken in Euro gelten nur dann als Porto, wenn [&hellip;]","og_url":"https:\/\/unstamps.org\/de\/uber-die-unpa\/was-sie-wissen-sollten\/","og_site_name":"UN Briefmarken","article_modified_time":"2018-06-07T10:10:28+00:00","og_image":[{"url":"https:\/\/unstamps.org\/wp-content\/uploads\/2015\/04\/mi_b4_image001_de.jpg","type":"","width":"","height":""}],"twitter_card":"summary_large_image","twitter_misc":{"Gesch\u00e4tzte Lesezeit":"2 minutes"},"schema":{"@context":"https:\/\/schema.org","@graph":[{"@type":"WebPage","@id":"https:\/\/unstamps.org\/de\/uber-die-unpa\/was-sie-wissen-sollten\/","url":"https:\/\/unstamps.org\/de\/uber-die-unpa\/was-sie-wissen-sollten\/","name":"Was Sie wissen sollten - UN Briefmarken","isPartOf":{"@id":"https:\/\/unstamps.org\/de\/#website"},"primaryImageOfPage":{"@id":"https:\/\/unstamps.org\/de\/uber-die-unpa\/was-sie-wissen-sollten\/#primaryimage"},"image":{"@id":"https:\/\/unstamps.org\/de\/uber-die-unpa\/was-sie-wissen-sollten\/#primaryimage"},"thumbnailUrl":"https:\/\/unstamps.org\/wp-content\/uploads\/2015\/04\/mi_b4_image001_de.jpg","datePublished":"2014-01-23T22:16:57+00:00","dateModified":"2018-06-07T10:10:28+00:00","breadcrumb":{"@id":"https:\/\/unstamps.org\/de\/uber-die-unpa\/was-sie-wissen-sollten\/#breadcrumb"},"inLanguage":"de-DE","potentialAction":[{"@type":"ReadAction","target":["https:\/\/unstamps.org\/de\/uber-die-unpa\/was-sie-wissen-sollten\/"]}]},{"@type":"ImageObject","inLanguage":"de-DE","@id":"https:\/\/unstamps.org\/de\/uber-die-unpa\/was-sie-wissen-sollten\/#primaryimage","url":"https:\/\/unstamps.org\/wp-content\/uploads\/2015\/04\/mi_b4_image001_de.jpg","contentUrl":"https:\/\/unstamps.org\/wp-content\/uploads\/2015\/04\/mi_b4_image001_de.jpg"},{"@type":"BreadcrumbList","@id":"https:\/\/unstamps.org\/de\/uber-die-unpa\/was-sie-wissen-sollten\/#breadcrumb","itemListElement":[{"@type":"ListItem","position":1,"name":"Home","item":"https:\/\/unstamps.org\/de\/"},{"@type":"ListItem","position":2,"name":"\u00dcber die UNPA","item":"https:\/\/unstamps.org\/de\/uber-die-unpa\/"},{"@type":"ListItem","position":3,"name":"Was Sie wissen sollten"}]},{"@type":"WebSite","@id":"https:\/\/unstamps.org\/de\/#website","url":"https:\/\/unstamps.org\/de\/","name":"UN Stamps","description":"United Nations Stamps","publisher":{"@id":"https:\/\/unstamps.org\/de\/#organization"},"potentialAction":[{"@type":"SearchAction","target":{"@type":"EntryPoint","urlTemplate":"https:\/\/unstamps.org\/de\/?s={search_term_string}"},"query-input":{"@type":"PropertyValueSpecification","valueRequired":true,"valueName":"search_term_string"}}],"inLanguage":"de-DE"},{"@type":"Organization","@id":"https:\/\/unstamps.org\/de\/#organization","name":"UN Stamps","url":"https:\/\/unstamps.org\/de\/","logo":{"@type":"ImageObject","inLanguage":"de-DE","@id":"https:\/\/unstamps.org\/de\/#\/schema\/logo\/image\/","url":"https:\/\/unstamps.org\/wp-content\/uploads\/2014\/01\/logo4web.jpg","contentUrl":"https:\/\/unstamps.org\/wp-content\/uploads\/2014\/01\/logo4web.jpg","width":2500,"height":250,"caption":"UN Stamps"},"image":{"@id":"https:\/\/unstamps.org\/de\/#\/schema\/logo\/image\/"}}]}},"jetpack_sharing_enabled":true,"publishpress_future_action":{"enabled":false,"date":"2026-04-13 23:18:28","action":"change-status","newStatus":"draft","terms":[],"taxonomy":"translation_priority","extraData":[]},"publishpress_future_workflow_manual_trigger":{"enabledWorkflows":[]},"_links":{"self":[{"href":"https:\/\/unstamps.org\/de\/wp-json\/wp\/v2\/pages\/5829","targetHints":{"allow":["GET"]}}],"collection":[{"href":"https:\/\/unstamps.org\/de\/wp-json\/wp\/v2\/pages"}],"about":[{"href":"https:\/\/unstamps.org\/de\/wp-json\/wp\/v2\/types\/page"}],"author":[{"embeddable":true,"href":"https:\/\/unstamps.org\/de\/wp-json\/wp\/v2\/users\/2"}],"replies":[{"embeddable":true,"href":"https:\/\/unstamps.org\/de\/wp-json\/wp\/v2\/comments?post=5829"}],"version-history":[{"count":0,"href":"https:\/\/unstamps.org\/de\/wp-json\/wp\/v2\/pages\/5829\/revisions"}],"up":[{"embeddable":true,"href":"https:\/\/unstamps.org\/de\/wp-json\/wp\/v2\/pages\/5423"}],"wp:attachment":[{"href":"https:\/\/unstamps.org\/de\/wp-json\/wp\/v2\/media?parent=5829"}],"curies":[{"name":"wp","href":"https:\/\/api.w.org\/{rel}","templated":true}]}}