{"id":5821,"date":"2014-01-23T17:01:57","date_gmt":"2014-01-23T22:01:57","guid":{"rendered":"http:\/\/unstamps.org\/?page_id=5821"},"modified":"2025-05-16T11:10:05","modified_gmt":"2025-05-16T15:10:05","slug":"briefmarkenausstellungen","status":"publish","type":"page","link":"https:\/\/unstamps.org\/de\/uber-die-unpa\/briefmarkenausstellungen\/","title":{"rendered":"Briefmarkenausstellungen"},"content":{"rendered":"<h1 style=\"text-align: center;\"><span class=\"heading\">2025 Briefmarkenausstellungen<\/span><\/h1>\n<table border=\"0\" width=\"100%\" cellpadding=\"5\" bgcolor=\"#eeeeee\">\n<tbody>\n<tr>\n<td>Um das Programm f\u00fcr die Teilnahme an den Briefmarkenausstellungen zu erhalten klicken Sie bitte auf die entsprechenden &#8220;links&#8221;. Dieses Teilnahmeprogramm ist nur provisorisch und wird regelm\u00e4\u00dfig auf den neuesten Stand gebracht. Besuchen Sie bitte unsere Webseite, um aktuelle Informationen \u00fcber unsere Teilnahme an den Ausstellungen zu erhalten.&nbsp;&nbsp;&nbsp;&nbsp;&nbsp;&nbsp;&nbsp;&nbsp;<\/p>\n<table border=\"0\" width=\"100%\" cellspacing=\"0\" cellpadding=\"10\">\n<tbody>\n<tr bgcolor=\"#eeeeee\">\n<td valign=\"middle\" width=\"16%\">\n<p style=\"text-align: center;\"><a href=\"#nyshow\"> <strong>UNPA-New York<\/strong><\/a><\/p>\n<\/td>\n<td valign=\"middle\" width=\"33%\">\n<p style=\"text-align: center;\"><a href=\"#vishow\"> <strong>UNPA-Europa<\/strong><\/a><\/p>\n<\/td>\n<\/tr>\n<\/tbody>\n<\/table>\n<\/td>\n<\/tr>\n<\/tbody>\n<\/table>\n<p><a id=\"nyshow\" name=\"nyshow\"><\/a><\/p>\n<p style=\"text-align: left;\">Die UNPA-New York wird voraussichtlich bei den folgenden philatelistischen Ausstellungen vertreten sein:<\/p>\n<p><!---\n\n\n<tr bgcolor=\"#cccccc\">\n\n\n<td colspan=\"100\" valign=\"top\">* Da der Ersttag der angegebenen Ausstellung mit dem Ersttag einer Briefmarkenausgabe der UNPA zusammenf\u00e4llt, wird es einen speziellen Ausstellungsstempel geben.&nbsp;&nbsp;&nbsp;&nbsp;&nbsp;&nbsp;&nbsp;&nbsp;\n\nUm diesen Stempel zu erhalten, schicken interessierte Sammler ausschliesslich mit Briefmarken der UNPA-New York beklebte R\u00fcckumschl\u00e4ge (Briefmarken der UNPA Genf und - Wien werde nicht akzeptiert) an die untenstehende Adresse. Die Umschl\u00e4ge werden mit dem gew\u00fcnschten Ausstellungsstempel versehen und auf dem Postweg zur\u00fcckgesandt. Bestellungen f\u00fcr die Ausstellungsstempel m\u00fcssen sp\u00e4testens zum angebenen Ausstellungsdatum aufgegeben werden..\n\n<strong>UN SHOW CACHET <\/strong>\n<strong>SARASOTA '22 <\/strong> *\n<strong>Garfield-Perry March Party <\/strong> **\n<strong>NAPEX '22 <\/strong> ***\nc\/o Malli Hui\nUnited Nations Postal Administration\nP.O. Box 5900, Grand Central Station\nNew York, NY 10163-5900<\/td>\n\n\n<\/tr>\n\n\n---><\/p>\n<table border=\"0\" width=\"100%\" cellspacing=\"2\" cellpadding=\"10\">\n<tbody>\n<tr>\n<td valign=\"top\">26. &#8211; 27. April <\/td>\n<td colspan=\"99\" valign=\"top\"><strong>PLYMOUTH SHOW<\/strong><br \/>\nHellenic Cultural Center<br \/>\n36375 Joy Road<br \/>\nWestland, Michigan<\/td>\n<\/tr>\n<tr>\n<td valign=\"top\">6. &#8211; 8. Juni<\/td>\n<td colspan=\"99\" valign=\"top\"><strong>NAPEX<\/strong><br \/>\nMcLean Hilton at Tyson\u2019s Corner<br \/>\n7920 Jones Branch Drive<br \/>\nMcLean, Virginia<\/td>\n<\/tr>\n<tr>\n<td valign=\"top\">14. &#8211; 17. August * <\/td>\n<td colspan=\"99\" valign=\"top\"><strong>Great American Stamp Show<\/strong><br \/>\nRenaissance Schamburg Convention Center<br \/>\n1551 Thoreau Dr. N<br \/>\nSchaumburg, Illinois<\/td>\n<\/tr>\n<tr>\n<td valign=\"top\">17. &#8211; 21. September<\/td>\n<td colspan=\"99\" valign=\"top\"><strong>PHILAKOREA 2025<\/strong><br \/>\nCOEX Le West Convention Center<br \/>\n513 Yeongdong-daero, Gangnam District<br \/>\nSeoul, South Korea<\/td>\n<\/tr>\n<tr>\n<td valign=\"top\">31. Okt &#8211; 1. Nov <\/td>\n<td colspan=\"99\" valign=\"top\"><strong>AAPEX<\/strong><br \/>\nMorris Lawrence Building<br \/>\nWashtenaw Community College<br \/>\n4800 E. Huron River Drive<br \/>\nAnn Arbor, Michigan<\/td>\n<\/tr>\n<tr>\n<td valign=\"top\">21. &#8211; 23. November<\/td>\n<td colspan=\"99\" valign=\"top\"><strong>CHICAGOPEX<\/strong><br \/>\nWestin Chicago Northwest<br \/>\n400 Park Blvd.<br \/>\nItasca, Illinois<\/td>\n<\/tr>\n<tr bgcolor=\"#cccccc\">\n<td colspan=\"100\" valign=\"top\">* Da der Ersttag der angegebenen Ausstellung mit dem Ersttag einer Briefmarkenausgabe der UNPA zusammenf\u00e4llt, wird es einen speziellen Ausstellungsstempel geben.<\/p>\n<p>Um diesen Stempel zu erhalten, schicken interessierte Sammler ausschliesslich mit Briefmarken der UNPA-New York beklebte R\u00fcckumschl\u00e4ge (Briefmarken der UNPA Genf und &#8211; Wien werde nicht akzeptiert) an die untenstehende Adresse. Die Umschl\u00e4ge werden mit dem gew\u00fcnschten Ausstellungsstempel versehen und auf dem Postweg zur\u00fcckgesandt. Bestellungen f\u00fcr die Ausstellungsstempel m\u00fcssen sp\u00e4testens zum angebenen Ausstellungsdatum aufgegeben werden..<\/p>\n<p><strong>UN SHOW CACHET <\/strong><br \/>\n<strong>Great American Stamp Show<\/strong> *<br \/>\nc\/o Malli Hui<br \/>\nUnited Nations Postal Administration<br \/>\nP.O. Box 5900, Grand Central Station<br \/>\nNew York, NY 10163-5900<\/td>\n<\/tr>\n<\/tbody>\n<\/table>\n<p><a id=\"vishow\" name=\"vishow\"><\/a><!---\n\n\n\n<hr>\n\n\n\n\n<p style=\"text-align: left;\"><span class=\"highlight\">Nachfolgend finden Sie den vorl\u00e4ufigen Zeitplan f\u00fcr Briefmarkenmessen, an denen UNPA-Europa teilnehmen wird:<\/span><\/p>\n\n\n\n\n\n<table border=\"0\" width=\"100%\" cellspacing=\"2\" cellpadding=\"10\">\n\n\n<tbody>\n\n\n<tr>\n\n\n<td valign=\"top\" width=\"25%\">27. - 20. August<\/td>\n\n\n\n\n<td colspan=\"102\" valign=\"top\"><strong>\u201cphila\u201d-Toscana<\/strong>\nGmunden, \u00d6sterreich<\/td>\n\n\n<\/tr>\n\n\n\n\n<tr>\n\n\n<td valign=\"top\">10. - 11. September<\/td>\n\n\n\n\n<td colspan=\"102\" valign=\"top\"><strong>Sberatel\n<\/strong>Tschechische Republik<\/td>\n\n\n<\/tr>\n\n\n\n\n<tr>\n\n\n<td valign=\"top\" width=\"25%\">24. - 26. September<\/td>\n\n\n\n\n<td colspan=\"102\" valign=\"top\"><strong>\u00d6VEBRIA\n<\/strong>St. P\u00f6lten, \u00d6sterreich<\/td>\n\n\n<\/tr>\n\n\n\n\n<tr>\n\n\n<td valign=\"top\" width=\"25%\">4. - 6. November<\/td>\n\n\n\n\n<td colspan=\"102\" valign=\"top\"><strong>Salon philat\u00e9lique\n<\/strong>Paris, Frankreich<\/td>\n\n\n<\/tr>\n\n\n\n\n<tr>\n\n\n<td valign=\"top\" width=\"25%\">26. - 28. November<\/td>\n\n\n\n\n<td colspan=\"102\" valign=\"top\"><strong>Veronafil\n<\/strong>Verona, Italien<\/td>\n\n\n<\/tr>\n\n\n\n\n<tr>\n\n\n<td valign=\"top\" width=\"25%\">10. - 11. Dezember<\/td>\n\n\n\n\n<td colspan=\"102\" valign=\"top\"><strong>Numiphil\n<\/strong>Wien, \u00d6sterreich<\/td>\n\n\n<\/tr>\n\n\n<\/tbody>\n\n\n<\/table>\n\n\n--><\/p>\n","protected":false},"excerpt":{"rendered":"<p>2025 Briefmarkenausstellungen Um das Programm f\u00fcr die Teilnahme an den Briefmarkenausstellungen zu erhalten klicken Sie bitte auf die entsprechenden &#8220;links&#8221;. Dieses Teilnahmeprogramm ist nur provisorisch und wird regelm\u00e4\u00dfig auf den neuesten Stand gebracht. Besuchen Sie bitte unsere Webseite, um aktuelle Informationen \u00fcber unsere Teilnahme an den Ausstellungen zu erhalten.&nbsp;&nbsp;&nbsp;&nbsp;&nbsp;&nbsp;&nbsp;&nbsp; UNPA-New York UNPA-Europa Die UNPA-New York [&hellip;]<\/p>\n","protected":false},"author":2,"featured_media":0,"parent":5423,"menu_order":0,"comment_status":"open","ping_status":"open","template":"","meta":{"ngg_post_thumbnail":0,"footnotes":""},"class_list":["post-5821","page","type-page","status-publish","hentry"],"yoast_head":"<!-- This site is optimized with the Yoast SEO plugin v27.4 - https:\/\/yoast.com\/product\/yoast-seo-wordpress\/ -->\n<title>Briefmarkenausstellungen - UN Briefmarken<\/title>\n<meta name=\"robots\" content=\"index, follow, max-snippet:-1, max-image-preview:large, max-video-preview:-1\" \/>\n<link rel=\"canonical\" href=\"https:\/\/unstamps.org\/de\/uber-die-unpa\/briefmarkenausstellungen\/\" \/>\n<meta property=\"og:locale\" content=\"de_DE\" \/>\n<meta property=\"og:type\" content=\"article\" \/>\n<meta property=\"og:title\" content=\"Briefmarkenausstellungen - UN Briefmarken\" \/>\n<meta property=\"og:description\" content=\"2025 Briefmarkenausstellungen Um das Programm f\u00fcr die Teilnahme an den Briefmarkenausstellungen zu erhalten klicken Sie bitte auf die entsprechenden &#8220;links&#8221;. Dieses Teilnahmeprogramm ist nur provisorisch und wird regelm\u00e4\u00dfig auf den neuesten Stand gebracht. Besuchen Sie bitte unsere Webseite, um aktuelle Informationen \u00fcber unsere Teilnahme an den Ausstellungen zu erhalten.&nbsp;&nbsp;&nbsp;&nbsp;&nbsp;&nbsp;&nbsp;&nbsp; UNPA-New York UNPA-Europa Die UNPA-New York [&hellip;]\" \/>\n<meta property=\"og:url\" content=\"https:\/\/unstamps.org\/de\/uber-die-unpa\/briefmarkenausstellungen\/\" \/>\n<meta property=\"og:site_name\" content=\"UN Briefmarken\" \/>\n<meta property=\"article:modified_time\" content=\"2025-05-16T15:10:05+00:00\" \/>\n<meta name=\"twitter:card\" content=\"summary_large_image\" \/>\n<meta name=\"twitter:label1\" content=\"Gesch\u00e4tzte Lesezeit\" \/>\n\t<meta name=\"twitter:data1\" content=\"2 minutes\" \/>\n<script type=\"application\/ld+json\" class=\"yoast-schema-graph\">{\"@context\":\"https:\\\/\\\/schema.org\",\"@graph\":[{\"@type\":\"WebPage\",\"@id\":\"https:\\\/\\\/unstamps.org\\\/de\\\/uber-die-unpa\\\/briefmarkenausstellungen\\\/\",\"url\":\"https:\\\/\\\/unstamps.org\\\/de\\\/uber-die-unpa\\\/briefmarkenausstellungen\\\/\",\"name\":\"Briefmarkenausstellungen - UN Briefmarken\",\"isPartOf\":{\"@id\":\"https:\\\/\\\/unstamps.org\\\/de\\\/#website\"},\"datePublished\":\"2014-01-23T22:01:57+00:00\",\"dateModified\":\"2025-05-16T15:10:05+00:00\",\"breadcrumb\":{\"@id\":\"https:\\\/\\\/unstamps.org\\\/de\\\/uber-die-unpa\\\/briefmarkenausstellungen\\\/#breadcrumb\"},\"inLanguage\":\"de-DE\",\"potentialAction\":[{\"@type\":\"ReadAction\",\"target\":[\"https:\\\/\\\/unstamps.org\\\/de\\\/uber-die-unpa\\\/briefmarkenausstellungen\\\/\"]}]},{\"@type\":\"BreadcrumbList\",\"@id\":\"https:\\\/\\\/unstamps.org\\\/de\\\/uber-die-unpa\\\/briefmarkenausstellungen\\\/#breadcrumb\",\"itemListElement\":[{\"@type\":\"ListItem\",\"position\":1,\"name\":\"Home\",\"item\":\"https:\\\/\\\/unstamps.org\\\/de\\\/\"},{\"@type\":\"ListItem\",\"position\":2,\"name\":\"\u00dcber die UNPA\",\"item\":\"https:\\\/\\\/unstamps.org\\\/de\\\/uber-die-unpa\\\/\"},{\"@type\":\"ListItem\",\"position\":3,\"name\":\"Briefmarkenausstellungen\"}]},{\"@type\":\"WebSite\",\"@id\":\"https:\\\/\\\/unstamps.org\\\/de\\\/#website\",\"url\":\"https:\\\/\\\/unstamps.org\\\/de\\\/\",\"name\":\"UN Stamps\",\"description\":\"United Nations Stamps\",\"publisher\":{\"@id\":\"https:\\\/\\\/unstamps.org\\\/de\\\/#organization\"},\"potentialAction\":[{\"@type\":\"SearchAction\",\"target\":{\"@type\":\"EntryPoint\",\"urlTemplate\":\"https:\\\/\\\/unstamps.org\\\/de\\\/?s={search_term_string}\"},\"query-input\":{\"@type\":\"PropertyValueSpecification\",\"valueRequired\":true,\"valueName\":\"search_term_string\"}}],\"inLanguage\":\"de-DE\"},{\"@type\":\"Organization\",\"@id\":\"https:\\\/\\\/unstamps.org\\\/de\\\/#organization\",\"name\":\"UN Stamps\",\"url\":\"https:\\\/\\\/unstamps.org\\\/de\\\/\",\"logo\":{\"@type\":\"ImageObject\",\"inLanguage\":\"de-DE\",\"@id\":\"https:\\\/\\\/unstamps.org\\\/de\\\/#\\\/schema\\\/logo\\\/image\\\/\",\"url\":\"https:\\\/\\\/unstamps.org\\\/wp-content\\\/uploads\\\/2014\\\/01\\\/logo4web.jpg\",\"contentUrl\":\"https:\\\/\\\/unstamps.org\\\/wp-content\\\/uploads\\\/2014\\\/01\\\/logo4web.jpg\",\"width\":2500,\"height\":250,\"caption\":\"UN Stamps\"},\"image\":{\"@id\":\"https:\\\/\\\/unstamps.org\\\/de\\\/#\\\/schema\\\/logo\\\/image\\\/\"}}]}<\/script>\n<!-- \/ Yoast SEO plugin. -->","yoast_head_json":{"title":"Briefmarkenausstellungen - UN Briefmarken","robots":{"index":"index","follow":"follow","max-snippet":"max-snippet:-1","max-image-preview":"max-image-preview:large","max-video-preview":"max-video-preview:-1"},"canonical":"https:\/\/unstamps.org\/de\/uber-die-unpa\/briefmarkenausstellungen\/","og_locale":"de_DE","og_type":"article","og_title":"Briefmarkenausstellungen - UN Briefmarken","og_description":"2025 Briefmarkenausstellungen Um das Programm f\u00fcr die Teilnahme an den Briefmarkenausstellungen zu erhalten klicken Sie bitte auf die entsprechenden &#8220;links&#8221;. Dieses Teilnahmeprogramm ist nur provisorisch und wird regelm\u00e4\u00dfig auf den neuesten Stand gebracht. Besuchen Sie bitte unsere Webseite, um aktuelle Informationen \u00fcber unsere Teilnahme an den Ausstellungen zu erhalten.&nbsp;&nbsp;&nbsp;&nbsp;&nbsp;&nbsp;&nbsp;&nbsp; UNPA-New York UNPA-Europa Die UNPA-New York [&hellip;]","og_url":"https:\/\/unstamps.org\/de\/uber-die-unpa\/briefmarkenausstellungen\/","og_site_name":"UN Briefmarken","article_modified_time":"2025-05-16T15:10:05+00:00","twitter_card":"summary_large_image","twitter_misc":{"Gesch\u00e4tzte Lesezeit":"2 minutes"},"schema":{"@context":"https:\/\/schema.org","@graph":[{"@type":"WebPage","@id":"https:\/\/unstamps.org\/de\/uber-die-unpa\/briefmarkenausstellungen\/","url":"https:\/\/unstamps.org\/de\/uber-die-unpa\/briefmarkenausstellungen\/","name":"Briefmarkenausstellungen - UN Briefmarken","isPartOf":{"@id":"https:\/\/unstamps.org\/de\/#website"},"datePublished":"2014-01-23T22:01:57+00:00","dateModified":"2025-05-16T15:10:05+00:00","breadcrumb":{"@id":"https:\/\/unstamps.org\/de\/uber-die-unpa\/briefmarkenausstellungen\/#breadcrumb"},"inLanguage":"de-DE","potentialAction":[{"@type":"ReadAction","target":["https:\/\/unstamps.org\/de\/uber-die-unpa\/briefmarkenausstellungen\/"]}]},{"@type":"BreadcrumbList","@id":"https:\/\/unstamps.org\/de\/uber-die-unpa\/briefmarkenausstellungen\/#breadcrumb","itemListElement":[{"@type":"ListItem","position":1,"name":"Home","item":"https:\/\/unstamps.org\/de\/"},{"@type":"ListItem","position":2,"name":"\u00dcber die UNPA","item":"https:\/\/unstamps.org\/de\/uber-die-unpa\/"},{"@type":"ListItem","position":3,"name":"Briefmarkenausstellungen"}]},{"@type":"WebSite","@id":"https:\/\/unstamps.org\/de\/#website","url":"https:\/\/unstamps.org\/de\/","name":"UN Stamps","description":"United Nations Stamps","publisher":{"@id":"https:\/\/unstamps.org\/de\/#organization"},"potentialAction":[{"@type":"SearchAction","target":{"@type":"EntryPoint","urlTemplate":"https:\/\/unstamps.org\/de\/?s={search_term_string}"},"query-input":{"@type":"PropertyValueSpecification","valueRequired":true,"valueName":"search_term_string"}}],"inLanguage":"de-DE"},{"@type":"Organization","@id":"https:\/\/unstamps.org\/de\/#organization","name":"UN Stamps","url":"https:\/\/unstamps.org\/de\/","logo":{"@type":"ImageObject","inLanguage":"de-DE","@id":"https:\/\/unstamps.org\/de\/#\/schema\/logo\/image\/","url":"https:\/\/unstamps.org\/wp-content\/uploads\/2014\/01\/logo4web.jpg","contentUrl":"https:\/\/unstamps.org\/wp-content\/uploads\/2014\/01\/logo4web.jpg","width":2500,"height":250,"caption":"UN Stamps"},"image":{"@id":"https:\/\/unstamps.org\/de\/#\/schema\/logo\/image\/"}}]}},"jetpack_sharing_enabled":true,"publishpress_future_action":{"enabled":false,"date":"2026-04-22 18:13:36","action":"change-status","newStatus":"draft","terms":[],"taxonomy":"translation_priority","extraData":[]},"publishpress_future_workflow_manual_trigger":{"enabledWorkflows":[]},"_links":{"self":[{"href":"https:\/\/unstamps.org\/de\/wp-json\/wp\/v2\/pages\/5821","targetHints":{"allow":["GET"]}}],"collection":[{"href":"https:\/\/unstamps.org\/de\/wp-json\/wp\/v2\/pages"}],"about":[{"href":"https:\/\/unstamps.org\/de\/wp-json\/wp\/v2\/types\/page"}],"author":[{"embeddable":true,"href":"https:\/\/unstamps.org\/de\/wp-json\/wp\/v2\/users\/2"}],"replies":[{"embeddable":true,"href":"https:\/\/unstamps.org\/de\/wp-json\/wp\/v2\/comments?post=5821"}],"version-history":[{"count":0,"href":"https:\/\/unstamps.org\/de\/wp-json\/wp\/v2\/pages\/5821\/revisions"}],"up":[{"embeddable":true,"href":"https:\/\/unstamps.org\/de\/wp-json\/wp\/v2\/pages\/5423"}],"wp:attachment":[{"href":"https:\/\/unstamps.org\/de\/wp-json\/wp\/v2\/media?parent=5821"}],"curies":[{"name":"wp","href":"https:\/\/api.w.org\/{rel}","templated":true}]}}