{"id":5801,"date":"2014-01-23T16:44:24","date_gmt":"2014-01-23T21:44:24","guid":{"rendered":"http:\/\/unstamps.org\/?page_id=5801"},"modified":"2014-01-23T16:57:37","modified_gmt":"2014-01-23T21:57:37","slug":"auswahl-der-briefmarken","status":"publish","type":"page","link":"https:\/\/unstamps.org\/de\/uber-die-unpa\/auswahl-der-briefmarken\/","title":{"rendered":"Auswahl der Briefmarken"},"content":{"rendered":"<p>Die Postverwaltung der Vereinten Nationen (UNPA) ist stolz darauf, durch die Ausgabe von Briefmarken Informationen \u00fcber die Arbeit der Organisation verbreiten zu k\u00f6nnen. Die ausgew\u00e4hlten Motive und Themen f\u00fcr die UN-Briefmarken spielen eine wichtige Rolle f\u00fcr den Wirkungskreis der UNPA im Dienste der Organisation.<\/p>\n<p>Themenvorschl\u00e4ge f\u00fcr neue UN-Briefmarken kommen auf verschiedene Weise zustande. Die UNPA-B\u00fcros in New York und Wien k\u00f6nnen in Absprache mit dem Direktor der UNPA recherchieren und Themen einreichen, wie zum Beispiel zum Gedenken an bestimmte UN-Jahrestage und von den Vereinten Nationen ausgerufenen Internationale Jahre oder zu Resolutionen der UNO-Generalversammlung. Vorschl\u00e4ge zur Erinnerung an bestimmte Ereignisse von besonderer Bedeutung machen auch die Leiter von UN-B\u00fcros und Sonderorganisationen. Auch die \u00d6ffentlichkeit kann Ideen und Empfehlungen einreichen.<\/p>\n<p>Alle Themenvorschl\u00e4ge f\u00fcr Briefmarkenausgaben werden zur Begutachtung an den Briefmarken-Beraterausschuss der UNPA (UNPA Stamp Advisory Committee &#8211; SAC) weitergeleitet. Die gew\u00e4hlten Motive m\u00fcssen den Aufgaben der UNPA entsprechen und die Arbeit der Organisation widerspiegeln. Politisch gesehen sollten die Themen unproblematisch sein und m\u00f6glichst keinen Affront f\u00fcr religi\u00f6se oder ethnische Gruppen darstellen. Die Motive sollten vielf\u00e4ltig, kunstvoll und attraktiv sein, um das Interesse der Sammler und der \u00d6ffentlichkeit wachzuhalten. Unaufgeforderte Einsendungen von neuen Briefmarkenentw\u00fcrfen werden nicht ber\u00fccksichtigt.<\/p>\n<p>Die Mitglieder des Beraterausschusses der UNPA bewerten und geben Anleitungen f\u00fcr die k\u00fcnstlerische Darstellung und Gestaltung von Briefmarkenmotiven, deren Ausgabe geplant ist. Der SAC kann Vorschl\u00e4ge annehmen oder ablehnen oder sie f\u00fcr eine sp\u00e4tere Ausgabe vorsehen.<\/p>\n<p>Themenvorschl\u00e4ge von internationaler Bedeutung und weltweitem Interesse sind stets willkommen. Anfragen betreffend Briefmarkenausgaben sollten mindestens zwei Jahre vor der Ausgabe eintreffen, da die UNPA diese Vorlaufzeit ben\u00f6tigt, um die Abl\u00e4ufe und Richtlinien der Organisation einhalten zu k\u00f6nnen. Vorschl\u00e4ge senden Sie bitte an folgende Adresse:<\/p>\n<p>United Nations Postal Administration<br \/>\nStamp Advisory Committee<br \/>\nP.O. Box 5900<br \/>\nGrand Central Station<br \/>\nNew York, NY 10163-5900<br \/>\nUSA<\/p>\n<p>oder an die E-Mail-Adresse:\u00a0<a href=\"mailto:unpanyinquiries@un.org\">unpanyinquiries@un.org<\/a><\/p>\n<p>Die Vereinten Nationen behalten sich das Recht vor, Themenvorschl\u00e4ge f\u00fcr Briefmarken nach eigenem Ermessen abzulehnen.<\/p>\n","protected":false},"excerpt":{"rendered":"<p>Die Postverwaltung der Vereinten Nationen (UNPA) ist stolz darauf, durch die Ausgabe von Briefmarken Informationen \u00fcber die Arbeit der Organisation verbreiten zu k\u00f6nnen. Die ausgew\u00e4hlten Motive und Themen f\u00fcr die UN-Briefmarken spielen eine wichtige Rolle f\u00fcr den Wirkungskreis der UNPA im Dienste der Organisation. Themenvorschl\u00e4ge f\u00fcr neue UN-Briefmarken kommen auf verschiedene Weise zustande. Die UNPA-B\u00fcros [&hellip;]<\/p>\n","protected":false},"author":2,"featured_media":0,"parent":5423,"menu_order":0,"comment_status":"open","ping_status":"open","template":"","meta":{"ngg_post_thumbnail":0,"footnotes":""},"class_list":["post-5801","page","type-page","status-publish","hentry"],"yoast_head":"<!-- This site is optimized with the Yoast SEO plugin v27.3 - https:\/\/yoast.com\/product\/yoast-seo-wordpress\/ -->\n<title>Auswahl der Briefmarken - UN Briefmarken<\/title>\n<meta name=\"robots\" content=\"index, follow, max-snippet:-1, max-image-preview:large, max-video-preview:-1\" \/>\n<link rel=\"canonical\" href=\"https:\/\/unstamps.org\/de\/uber-die-unpa\/auswahl-der-briefmarken\/\" \/>\n<meta property=\"og:locale\" content=\"de_DE\" \/>\n<meta property=\"og:type\" content=\"article\" \/>\n<meta property=\"og:title\" content=\"Auswahl der Briefmarken - UN Briefmarken\" \/>\n<meta property=\"og:description\" content=\"Die Postverwaltung der Vereinten Nationen (UNPA) ist stolz darauf, durch die Ausgabe von Briefmarken Informationen \u00fcber die Arbeit der Organisation verbreiten zu k\u00f6nnen. Die ausgew\u00e4hlten Motive und Themen f\u00fcr die UN-Briefmarken spielen eine wichtige Rolle f\u00fcr den Wirkungskreis der UNPA im Dienste der Organisation. Themenvorschl\u00e4ge f\u00fcr neue UN-Briefmarken kommen auf verschiedene Weise zustande. Die UNPA-B\u00fcros [&hellip;]\" \/>\n<meta property=\"og:url\" content=\"https:\/\/unstamps.org\/de\/uber-die-unpa\/auswahl-der-briefmarken\/\" \/>\n<meta property=\"og:site_name\" content=\"UN Briefmarken\" \/>\n<meta property=\"article:modified_time\" content=\"2014-01-23T21:57:37+00:00\" \/>\n<meta name=\"twitter:card\" content=\"summary_large_image\" \/>\n<meta name=\"twitter:label1\" content=\"Gesch\u00e4tzte Lesezeit\" \/>\n\t<meta name=\"twitter:data1\" content=\"2 minutes\" \/>\n<script type=\"application\/ld+json\" class=\"yoast-schema-graph\">{\"@context\":\"https:\\\/\\\/schema.org\",\"@graph\":[{\"@type\":\"WebPage\",\"@id\":\"https:\\\/\\\/unstamps.org\\\/de\\\/uber-die-unpa\\\/auswahl-der-briefmarken\\\/\",\"url\":\"https:\\\/\\\/unstamps.org\\\/de\\\/uber-die-unpa\\\/auswahl-der-briefmarken\\\/\",\"name\":\"Auswahl der Briefmarken - UN Briefmarken\",\"isPartOf\":{\"@id\":\"https:\\\/\\\/unstamps.org\\\/de\\\/#website\"},\"datePublished\":\"2014-01-23T21:44:24+00:00\",\"dateModified\":\"2014-01-23T21:57:37+00:00\",\"breadcrumb\":{\"@id\":\"https:\\\/\\\/unstamps.org\\\/de\\\/uber-die-unpa\\\/auswahl-der-briefmarken\\\/#breadcrumb\"},\"inLanguage\":\"de-DE\",\"potentialAction\":[{\"@type\":\"ReadAction\",\"target\":[\"https:\\\/\\\/unstamps.org\\\/de\\\/uber-die-unpa\\\/auswahl-der-briefmarken\\\/\"]}]},{\"@type\":\"BreadcrumbList\",\"@id\":\"https:\\\/\\\/unstamps.org\\\/de\\\/uber-die-unpa\\\/auswahl-der-briefmarken\\\/#breadcrumb\",\"itemListElement\":[{\"@type\":\"ListItem\",\"position\":1,\"name\":\"Home\",\"item\":\"https:\\\/\\\/unstamps.org\\\/de\\\/\"},{\"@type\":\"ListItem\",\"position\":2,\"name\":\"\u00dcber die UNPA\",\"item\":\"https:\\\/\\\/unstamps.org\\\/de\\\/uber-die-unpa\\\/\"},{\"@type\":\"ListItem\",\"position\":3,\"name\":\"Auswahl der Briefmarken\"}]},{\"@type\":\"WebSite\",\"@id\":\"https:\\\/\\\/unstamps.org\\\/de\\\/#website\",\"url\":\"https:\\\/\\\/unstamps.org\\\/de\\\/\",\"name\":\"UN Stamps\",\"description\":\"United Nations Stamps\",\"publisher\":{\"@id\":\"https:\\\/\\\/unstamps.org\\\/de\\\/#organization\"},\"potentialAction\":[{\"@type\":\"SearchAction\",\"target\":{\"@type\":\"EntryPoint\",\"urlTemplate\":\"https:\\\/\\\/unstamps.org\\\/de\\\/?s={search_term_string}\"},\"query-input\":{\"@type\":\"PropertyValueSpecification\",\"valueRequired\":true,\"valueName\":\"search_term_string\"}}],\"inLanguage\":\"de-DE\"},{\"@type\":\"Organization\",\"@id\":\"https:\\\/\\\/unstamps.org\\\/de\\\/#organization\",\"name\":\"UN Stamps\",\"url\":\"https:\\\/\\\/unstamps.org\\\/de\\\/\",\"logo\":{\"@type\":\"ImageObject\",\"inLanguage\":\"de-DE\",\"@id\":\"https:\\\/\\\/unstamps.org\\\/de\\\/#\\\/schema\\\/logo\\\/image\\\/\",\"url\":\"https:\\\/\\\/unstamps.org\\\/wp-content\\\/uploads\\\/2014\\\/01\\\/logo4web.jpg\",\"contentUrl\":\"https:\\\/\\\/unstamps.org\\\/wp-content\\\/uploads\\\/2014\\\/01\\\/logo4web.jpg\",\"width\":2500,\"height\":250,\"caption\":\"UN Stamps\"},\"image\":{\"@id\":\"https:\\\/\\\/unstamps.org\\\/de\\\/#\\\/schema\\\/logo\\\/image\\\/\"}}]}<\/script>\n<!-- \/ Yoast SEO plugin. -->","yoast_head_json":{"title":"Auswahl der Briefmarken - UN Briefmarken","robots":{"index":"index","follow":"follow","max-snippet":"max-snippet:-1","max-image-preview":"max-image-preview:large","max-video-preview":"max-video-preview:-1"},"canonical":"https:\/\/unstamps.org\/de\/uber-die-unpa\/auswahl-der-briefmarken\/","og_locale":"de_DE","og_type":"article","og_title":"Auswahl der Briefmarken - UN Briefmarken","og_description":"Die Postverwaltung der Vereinten Nationen (UNPA) ist stolz darauf, durch die Ausgabe von Briefmarken Informationen \u00fcber die Arbeit der Organisation verbreiten zu k\u00f6nnen. Die ausgew\u00e4hlten Motive und Themen f\u00fcr die UN-Briefmarken spielen eine wichtige Rolle f\u00fcr den Wirkungskreis der UNPA im Dienste der Organisation. Themenvorschl\u00e4ge f\u00fcr neue UN-Briefmarken kommen auf verschiedene Weise zustande. Die UNPA-B\u00fcros [&hellip;]","og_url":"https:\/\/unstamps.org\/de\/uber-die-unpa\/auswahl-der-briefmarken\/","og_site_name":"UN Briefmarken","article_modified_time":"2014-01-23T21:57:37+00:00","twitter_card":"summary_large_image","twitter_misc":{"Gesch\u00e4tzte Lesezeit":"2 minutes"},"schema":{"@context":"https:\/\/schema.org","@graph":[{"@type":"WebPage","@id":"https:\/\/unstamps.org\/de\/uber-die-unpa\/auswahl-der-briefmarken\/","url":"https:\/\/unstamps.org\/de\/uber-die-unpa\/auswahl-der-briefmarken\/","name":"Auswahl der Briefmarken - UN Briefmarken","isPartOf":{"@id":"https:\/\/unstamps.org\/de\/#website"},"datePublished":"2014-01-23T21:44:24+00:00","dateModified":"2014-01-23T21:57:37+00:00","breadcrumb":{"@id":"https:\/\/unstamps.org\/de\/uber-die-unpa\/auswahl-der-briefmarken\/#breadcrumb"},"inLanguage":"de-DE","potentialAction":[{"@type":"ReadAction","target":["https:\/\/unstamps.org\/de\/uber-die-unpa\/auswahl-der-briefmarken\/"]}]},{"@type":"BreadcrumbList","@id":"https:\/\/unstamps.org\/de\/uber-die-unpa\/auswahl-der-briefmarken\/#breadcrumb","itemListElement":[{"@type":"ListItem","position":1,"name":"Home","item":"https:\/\/unstamps.org\/de\/"},{"@type":"ListItem","position":2,"name":"\u00dcber die UNPA","item":"https:\/\/unstamps.org\/de\/uber-die-unpa\/"},{"@type":"ListItem","position":3,"name":"Auswahl der Briefmarken"}]},{"@type":"WebSite","@id":"https:\/\/unstamps.org\/de\/#website","url":"https:\/\/unstamps.org\/de\/","name":"UN Stamps","description":"United Nations Stamps","publisher":{"@id":"https:\/\/unstamps.org\/de\/#organization"},"potentialAction":[{"@type":"SearchAction","target":{"@type":"EntryPoint","urlTemplate":"https:\/\/unstamps.org\/de\/?s={search_term_string}"},"query-input":{"@type":"PropertyValueSpecification","valueRequired":true,"valueName":"search_term_string"}}],"inLanguage":"de-DE"},{"@type":"Organization","@id":"https:\/\/unstamps.org\/de\/#organization","name":"UN Stamps","url":"https:\/\/unstamps.org\/de\/","logo":{"@type":"ImageObject","inLanguage":"de-DE","@id":"https:\/\/unstamps.org\/de\/#\/schema\/logo\/image\/","url":"https:\/\/unstamps.org\/wp-content\/uploads\/2014\/01\/logo4web.jpg","contentUrl":"https:\/\/unstamps.org\/wp-content\/uploads\/2014\/01\/logo4web.jpg","width":2500,"height":250,"caption":"UN Stamps"},"image":{"@id":"https:\/\/unstamps.org\/de\/#\/schema\/logo\/image\/"}}]}},"jetpack_sharing_enabled":true,"publishpress_future_action":{"enabled":false,"date":"2026-04-12 15:51:31","action":"change-status","newStatus":"draft","terms":[],"taxonomy":"translation_priority","extraData":[]},"publishpress_future_workflow_manual_trigger":{"enabledWorkflows":[]},"_links":{"self":[{"href":"https:\/\/unstamps.org\/de\/wp-json\/wp\/v2\/pages\/5801","targetHints":{"allow":["GET"]}}],"collection":[{"href":"https:\/\/unstamps.org\/de\/wp-json\/wp\/v2\/pages"}],"about":[{"href":"https:\/\/unstamps.org\/de\/wp-json\/wp\/v2\/types\/page"}],"author":[{"embeddable":true,"href":"https:\/\/unstamps.org\/de\/wp-json\/wp\/v2\/users\/2"}],"replies":[{"embeddable":true,"href":"https:\/\/unstamps.org\/de\/wp-json\/wp\/v2\/comments?post=5801"}],"version-history":[{"count":0,"href":"https:\/\/unstamps.org\/de\/wp-json\/wp\/v2\/pages\/5801\/revisions"}],"up":[{"embeddable":true,"href":"https:\/\/unstamps.org\/de\/wp-json\/wp\/v2\/pages\/5423"}],"wp:attachment":[{"href":"https:\/\/unstamps.org\/de\/wp-json\/wp\/v2\/media?parent=5801"}],"curies":[{"name":"wp","href":"https:\/\/api.w.org\/{rel}","templated":true}]}}