{"id":5789,"date":"2014-01-23T16:33:09","date_gmt":"2014-01-23T21:33:09","guid":{"rendered":"http:\/\/unstamps.org\/?page_id=5789"},"modified":"2014-01-23T16:48:35","modified_gmt":"2014-01-23T21:48:35","slug":"notizen","status":"publish","type":"page","link":"https:\/\/unstamps.org\/de\/uber-die-unpa\/notizen\/","title":{"rendered":"Notizen"},"content":{"rendered":"<h2>Verz\u00f6gerungen bei der Auftragsabwicklung<\/h2>\n<p>Aufgrund der in Kraft befindlichen verst\u00e4rkten Sicherheitsvorkehrungen bei den Vereinten Nationen werden alle am Amtssitz in New York eintreffenden Postsendungen streng kontrolliert. Dadurch ergeben sich auch Verz\u00f6gerungen bei allen an die Postverwaltung der Vereinten Nationen gerichteten Briefe und Bestellungen. Durchschnittlich vergehen zwischen der Aufgabe einer Postsendung und ihrem Eintreffen bei der UNPA 2 bis 3 Wochen. Einige Kunden mussten deshalb l\u00e4nger als \u00fcblich auf ihre Bestellungen warten.<\/p>\n<p>Viele Kunden haben telefonisch bei der UNPA angefragt, wo ihre Bestellungen bleiben, und damit buchst\u00e4blich das Telefonnetz lahm gelegt . Seien Sie versichert, dass wir bei der UNPA unser M\u00f6glichstes tun, um Ihre Auftr\u00e4ge so rasch wiem\u00f6glich zu bearbeiten. Bitte haben Sie etwas Geduld, wir haben leider keinen Einfluss auf Sicherheitsfragen.<\/p>\n","protected":false},"excerpt":{"rendered":"<p>Verz\u00f6gerungen bei der Auftragsabwicklung Aufgrund der in Kraft befindlichen verst\u00e4rkten Sicherheitsvorkehrungen bei den Vereinten Nationen werden alle am Amtssitz in New York eintreffenden Postsendungen streng kontrolliert. Dadurch ergeben sich auch Verz\u00f6gerungen bei allen an die Postverwaltung der Vereinten Nationen gerichteten Briefe und Bestellungen. Durchschnittlich vergehen zwischen der Aufgabe einer Postsendung und ihrem Eintreffen bei der [&hellip;]<\/p>\n","protected":false},"author":2,"featured_media":0,"parent":5423,"menu_order":0,"comment_status":"open","ping_status":"open","template":"","meta":{"ngg_post_thumbnail":0,"footnotes":""},"class_list":["post-5789","page","type-page","status-publish","hentry"],"yoast_head":"<!-- This site is optimized with the Yoast SEO plugin v27.3 - https:\/\/yoast.com\/product\/yoast-seo-wordpress\/ -->\n<title>Notizen - UN Briefmarken<\/title>\n<meta name=\"robots\" content=\"index, follow, max-snippet:-1, max-image-preview:large, max-video-preview:-1\" \/>\n<link rel=\"canonical\" href=\"https:\/\/unstamps.org\/de\/uber-die-unpa\/notizen\/\" \/>\n<meta property=\"og:locale\" content=\"de_DE\" \/>\n<meta property=\"og:type\" content=\"article\" \/>\n<meta property=\"og:title\" content=\"Notizen - UN Briefmarken\" \/>\n<meta property=\"og:description\" content=\"Verz\u00f6gerungen bei der Auftragsabwicklung Aufgrund der in Kraft befindlichen verst\u00e4rkten Sicherheitsvorkehrungen bei den Vereinten Nationen werden alle am Amtssitz in New York eintreffenden Postsendungen streng kontrolliert. Dadurch ergeben sich auch Verz\u00f6gerungen bei allen an die Postverwaltung der Vereinten Nationen gerichteten Briefe und Bestellungen. Durchschnittlich vergehen zwischen der Aufgabe einer Postsendung und ihrem Eintreffen bei der [&hellip;]\" \/>\n<meta property=\"og:url\" content=\"https:\/\/unstamps.org\/de\/uber-die-unpa\/notizen\/\" \/>\n<meta property=\"og:site_name\" content=\"UN Briefmarken\" \/>\n<meta property=\"article:modified_time\" content=\"2014-01-23T21:48:35+00:00\" \/>\n<meta name=\"twitter:card\" content=\"summary_large_image\" \/>\n<meta name=\"twitter:label1\" content=\"Gesch\u00e4tzte Lesezeit\" \/>\n\t<meta name=\"twitter:data1\" content=\"1 minute\" \/>\n<script type=\"application\/ld+json\" class=\"yoast-schema-graph\">{\"@context\":\"https:\\\/\\\/schema.org\",\"@graph\":[{\"@type\":\"WebPage\",\"@id\":\"https:\\\/\\\/unstamps.org\\\/de\\\/uber-die-unpa\\\/notizen\\\/\",\"url\":\"https:\\\/\\\/unstamps.org\\\/de\\\/uber-die-unpa\\\/notizen\\\/\",\"name\":\"Notizen - UN Briefmarken\",\"isPartOf\":{\"@id\":\"https:\\\/\\\/unstamps.org\\\/de\\\/#website\"},\"datePublished\":\"2014-01-23T21:33:09+00:00\",\"dateModified\":\"2014-01-23T21:48:35+00:00\",\"breadcrumb\":{\"@id\":\"https:\\\/\\\/unstamps.org\\\/de\\\/uber-die-unpa\\\/notizen\\\/#breadcrumb\"},\"inLanguage\":\"de-DE\",\"potentialAction\":[{\"@type\":\"ReadAction\",\"target\":[\"https:\\\/\\\/unstamps.org\\\/de\\\/uber-die-unpa\\\/notizen\\\/\"]}]},{\"@type\":\"BreadcrumbList\",\"@id\":\"https:\\\/\\\/unstamps.org\\\/de\\\/uber-die-unpa\\\/notizen\\\/#breadcrumb\",\"itemListElement\":[{\"@type\":\"ListItem\",\"position\":1,\"name\":\"Home\",\"item\":\"https:\\\/\\\/unstamps.org\\\/de\\\/\"},{\"@type\":\"ListItem\",\"position\":2,\"name\":\"\u00dcber die UNPA\",\"item\":\"https:\\\/\\\/unstamps.org\\\/de\\\/uber-die-unpa\\\/\"},{\"@type\":\"ListItem\",\"position\":3,\"name\":\"Notizen\"}]},{\"@type\":\"WebSite\",\"@id\":\"https:\\\/\\\/unstamps.org\\\/de\\\/#website\",\"url\":\"https:\\\/\\\/unstamps.org\\\/de\\\/\",\"name\":\"UN Stamps\",\"description\":\"United Nations Stamps\",\"publisher\":{\"@id\":\"https:\\\/\\\/unstamps.org\\\/de\\\/#organization\"},\"potentialAction\":[{\"@type\":\"SearchAction\",\"target\":{\"@type\":\"EntryPoint\",\"urlTemplate\":\"https:\\\/\\\/unstamps.org\\\/de\\\/?s={search_term_string}\"},\"query-input\":{\"@type\":\"PropertyValueSpecification\",\"valueRequired\":true,\"valueName\":\"search_term_string\"}}],\"inLanguage\":\"de-DE\"},{\"@type\":\"Organization\",\"@id\":\"https:\\\/\\\/unstamps.org\\\/de\\\/#organization\",\"name\":\"UN Stamps\",\"url\":\"https:\\\/\\\/unstamps.org\\\/de\\\/\",\"logo\":{\"@type\":\"ImageObject\",\"inLanguage\":\"de-DE\",\"@id\":\"https:\\\/\\\/unstamps.org\\\/de\\\/#\\\/schema\\\/logo\\\/image\\\/\",\"url\":\"https:\\\/\\\/unstamps.org\\\/wp-content\\\/uploads\\\/2014\\\/01\\\/logo4web.jpg\",\"contentUrl\":\"https:\\\/\\\/unstamps.org\\\/wp-content\\\/uploads\\\/2014\\\/01\\\/logo4web.jpg\",\"width\":2500,\"height\":250,\"caption\":\"UN Stamps\"},\"image\":{\"@id\":\"https:\\\/\\\/unstamps.org\\\/de\\\/#\\\/schema\\\/logo\\\/image\\\/\"}}]}<\/script>\n<!-- \/ Yoast SEO plugin. -->","yoast_head_json":{"title":"Notizen - UN Briefmarken","robots":{"index":"index","follow":"follow","max-snippet":"max-snippet:-1","max-image-preview":"max-image-preview:large","max-video-preview":"max-video-preview:-1"},"canonical":"https:\/\/unstamps.org\/de\/uber-die-unpa\/notizen\/","og_locale":"de_DE","og_type":"article","og_title":"Notizen - UN Briefmarken","og_description":"Verz\u00f6gerungen bei der Auftragsabwicklung Aufgrund der in Kraft befindlichen verst\u00e4rkten Sicherheitsvorkehrungen bei den Vereinten Nationen werden alle am Amtssitz in New York eintreffenden Postsendungen streng kontrolliert. Dadurch ergeben sich auch Verz\u00f6gerungen bei allen an die Postverwaltung der Vereinten Nationen gerichteten Briefe und Bestellungen. Durchschnittlich vergehen zwischen der Aufgabe einer Postsendung und ihrem Eintreffen bei der [&hellip;]","og_url":"https:\/\/unstamps.org\/de\/uber-die-unpa\/notizen\/","og_site_name":"UN Briefmarken","article_modified_time":"2014-01-23T21:48:35+00:00","twitter_card":"summary_large_image","twitter_misc":{"Gesch\u00e4tzte Lesezeit":"1 minute"},"schema":{"@context":"https:\/\/schema.org","@graph":[{"@type":"WebPage","@id":"https:\/\/unstamps.org\/de\/uber-die-unpa\/notizen\/","url":"https:\/\/unstamps.org\/de\/uber-die-unpa\/notizen\/","name":"Notizen - UN Briefmarken","isPartOf":{"@id":"https:\/\/unstamps.org\/de\/#website"},"datePublished":"2014-01-23T21:33:09+00:00","dateModified":"2014-01-23T21:48:35+00:00","breadcrumb":{"@id":"https:\/\/unstamps.org\/de\/uber-die-unpa\/notizen\/#breadcrumb"},"inLanguage":"de-DE","potentialAction":[{"@type":"ReadAction","target":["https:\/\/unstamps.org\/de\/uber-die-unpa\/notizen\/"]}]},{"@type":"BreadcrumbList","@id":"https:\/\/unstamps.org\/de\/uber-die-unpa\/notizen\/#breadcrumb","itemListElement":[{"@type":"ListItem","position":1,"name":"Home","item":"https:\/\/unstamps.org\/de\/"},{"@type":"ListItem","position":2,"name":"\u00dcber die UNPA","item":"https:\/\/unstamps.org\/de\/uber-die-unpa\/"},{"@type":"ListItem","position":3,"name":"Notizen"}]},{"@type":"WebSite","@id":"https:\/\/unstamps.org\/de\/#website","url":"https:\/\/unstamps.org\/de\/","name":"UN Stamps","description":"United Nations Stamps","publisher":{"@id":"https:\/\/unstamps.org\/de\/#organization"},"potentialAction":[{"@type":"SearchAction","target":{"@type":"EntryPoint","urlTemplate":"https:\/\/unstamps.org\/de\/?s={search_term_string}"},"query-input":{"@type":"PropertyValueSpecification","valueRequired":true,"valueName":"search_term_string"}}],"inLanguage":"de-DE"},{"@type":"Organization","@id":"https:\/\/unstamps.org\/de\/#organization","name":"UN Stamps","url":"https:\/\/unstamps.org\/de\/","logo":{"@type":"ImageObject","inLanguage":"de-DE","@id":"https:\/\/unstamps.org\/de\/#\/schema\/logo\/image\/","url":"https:\/\/unstamps.org\/wp-content\/uploads\/2014\/01\/logo4web.jpg","contentUrl":"https:\/\/unstamps.org\/wp-content\/uploads\/2014\/01\/logo4web.jpg","width":2500,"height":250,"caption":"UN Stamps"},"image":{"@id":"https:\/\/unstamps.org\/de\/#\/schema\/logo\/image\/"}}]}},"jetpack_sharing_enabled":true,"publishpress_future_action":{"enabled":false,"date":"2026-04-19 04:27:04","action":"change-status","newStatus":"draft","terms":[],"taxonomy":"translation_priority","extraData":[]},"publishpress_future_workflow_manual_trigger":{"enabledWorkflows":[]},"_links":{"self":[{"href":"https:\/\/unstamps.org\/de\/wp-json\/wp\/v2\/pages\/5789","targetHints":{"allow":["GET"]}}],"collection":[{"href":"https:\/\/unstamps.org\/de\/wp-json\/wp\/v2\/pages"}],"about":[{"href":"https:\/\/unstamps.org\/de\/wp-json\/wp\/v2\/types\/page"}],"author":[{"embeddable":true,"href":"https:\/\/unstamps.org\/de\/wp-json\/wp\/v2\/users\/2"}],"replies":[{"embeddable":true,"href":"https:\/\/unstamps.org\/de\/wp-json\/wp\/v2\/comments?post=5789"}],"version-history":[{"count":0,"href":"https:\/\/unstamps.org\/de\/wp-json\/wp\/v2\/pages\/5789\/revisions"}],"up":[{"embeddable":true,"href":"https:\/\/unstamps.org\/de\/wp-json\/wp\/v2\/pages\/5423"}],"wp:attachment":[{"href":"https:\/\/unstamps.org\/de\/wp-json\/wp\/v2\/media?parent=5789"}],"curies":[{"name":"wp","href":"https:\/\/api.w.org\/{rel}","templated":true}]}}