{"id":5551,"date":"2014-01-22T09:31:01","date_gmt":"2014-01-22T14:31:01","guid":{"rendered":"http:\/\/unstamps.org\/?page_id=5551"},"modified":"2026-02-09T05:20:57","modified_gmt":"2026-02-09T10:20:57","slug":"posttarife","status":"publish","type":"page","link":"https:\/\/unstamps.org\/de\/uber-die-unpa\/posttarife\/","title":{"rendered":"Posttarife"},"content":{"rendered":"<p>Nachstehend sind die g\u00e4ngigsten Postgeb\u00fchren f\u00fcr mit UNO-Briefmarken frankierte Briefsendungen f\u00fcr jene Sammler angegeben, die gestempelte UNO-Briefmarken auf selbst vorbereiteten Umschl\u00e4gen erhalten wollen.<\/p>\n<h3 style=\"text-align: center;\">Neue Bef\u00f6rderungsentgelte ab 5.10.2025<\/h3>\n<p><strong>Postsendungen vom UNO-Amtssitzgeb\u00e4ude in New York &#8211; UNO-Briefmarken NUR in US-W\u00e4hrung<\/strong><\/p>\n<table border=\"0\" width=\"100%\" cellpadding=\"0\">\n<tbody>\n<tr bgcolor=\"#EEEEEE\">\n<td valign=\"top\" width=\"50%\">New York an US-Adressen<\/td>\n<td width=\"57%\">78 Cent f\u00fcr die erste Unze (1 oz. = 28,349 g) und 29 Cent f\u00fcr jede weitere Unze bis h\u00f6chstens 3.5 Unzen. Gewicht \u00fcber 3.5 Unzen verwenden Sie die &#8220;flat-size rates&#8221; der USPS.<\/td>\n<\/tr>\n<tr>\n<td valign=\"top\" width=\"50%\">New York in alle anderen L\u00e4nder<\/td>\n<td width=\"57%\">US$ 1,70 f\u00fcr 1 oz.<\/td>\n<\/tr>\n<\/tbody>\n<\/table>\n<table border=\"0\" width=\"100%\" cellpadding=\"0\">\n<tbody>\n<tr>\n<td><strong>Bearbeitungsgeb\u00fchr:<\/strong><\/td>\n<\/tr>\n<tr bgcolor=\"#CCCCCC\">\n<td valign=\"top\" bgcolor=\"#CCCCCC\" width=\"50%\"><strong>Bestellwert<\/strong><\/td>\n<td><strong>Geb\u00fchr<\/strong><\/td>\n<\/tr>\n<tr bgcolor=\"#EEEEEE\">\n<td valign=\"top\" width=\"46%\" height=\"19\">US$ 0,01 und h\u00f6her<\/td>\n<td>US$ 3,00<\/td>\n<\/tr>\n<tr>\n<td><strong>Einschreibgeb\u00fchr &#8211; U.S.A.:<\/strong><\/td>\n<\/tr>\n<tr bgcolor=\"#CCCCCC\">\n<td valign=\"top\" width=\"46%\"><strong>Bestellwert<\/strong><\/td>\n<td width=\"54%\"><strong>Geb\u00fchr<\/strong><\/td>\n<\/tr>\n<tr bgcolor=\"#EEEEEE\">\n<td valign=\"top\" width=\"46%\">US$ 0,01 bis US$ 100,00<\/td>\n<td>US$ 20,40<\/td>\n<\/tr>\n<tr>\n<td valign=\"top\" width=\"46%\">US$ 100,01 bis US$ 500,00<\/td>\n<td>US$ 23,50<\/td>\n<\/tr>\n<tr bgcolor=\"#EEEEEE\">\n<td valign=\"top\" width=\"46%\">US$ 500,01 bis US$ 1.000,00<\/td>\n<td>US$ 26,40<\/td>\n<\/tr>\n<tr>\n<td><strong>Einschreibgeb\u00fchr &#8211; Alle anderen L\u00e4nder:<\/strong><\/td>\n<\/tr>\n<tr bgcolor=\"#CCCCCC\">\n<td valign=\"top\" width=\"46%\"><strong>Bestellwert<\/strong><\/td>\n<td><strong>Geb\u00fchr<\/strong><\/td>\n<\/tr>\n<tr bgcolor=\"#EEEEEE\">\n<td valign=\"top\" width=\"46%\">US$ 0,01 und h\u00f6her<\/td>\n<td>US$ 23,40<\/td>\n<\/tr>\n<\/tbody>\n<\/table>\n<p><em>Senden Sie Ihre vorbereiteten Umschl\u00e4ge an:<\/em><br \/>\nUnited Nations Postal Administration<br \/>\nP.O. Box 5900, Grand Central Station<br \/>\nNew York, N.Y. 10163-5900<br \/>\nU.S.A.<br \/>\n<em>Versehen Sie den \u00e4u\u00dferen Umschlag mit dem Vermerk:<\/em>&nbsp;FOR MAILING<\/p>\n<h3 style=\"text-align: center;\">Neue Bef\u00f6rderungsentgelte ab 1. Januar 2024<\/h3>\n<p><strong>Postsendungen vom Palais des Nations in Genf &#8211; UNO-Briefmarken NUR in Schweizer Franken<\/strong><\/p>\n<table border=\"0\" width=\"100%\" cellpadding=\"0\">\n<tbody>\n<tr bgcolor=\"#EEEEEE\">\n<td valign=\"top\" width=\"50%\">Genf an Schweizer Adressen<\/td>\n<td width=\"50%\">CHF 1,20<\/td>\n<\/tr>\n<tr>\n<td valign=\"top\" width=\"50%\">Genf in europ\u00e4ische L\u00e4nder<\/td>\n<td width=\"50%\">CHF 1,90<\/td>\n<\/tr>\n<tr bgcolor=\"#EEEEEE\">\n<td valign=\"top\" width=\"50%\">Genf in alle anderen L\u00e4nder<\/td>\n<td width=\"50%\">CHF 2,50<\/td>\n<\/tr>\n<\/tbody>\n<\/table>\n<p><em><strong>Die Geb\u00fchren gelten f\u00fcr Briefe bis 20 g.<\/strong><\/em><\/p>\n<table border=\"0\" width=\"100%\" cellpadding=\"0\">\n<tbody>\n<tr>\n<td><strong>Einschreibgeb\u00fchr:<\/strong><\/td>\n<\/tr>\n<tr bgcolor=\"#EEEEEE\">\n<td valign=\"top\" width=\"50%\">Genf an Schweizer Adressen<\/td>\n<td width=\"50%\">CHF 6,50<\/td>\n<\/tr>\n<tr>\n<td valign=\"top\" width=\"50%\">Genf in alle anderen L\u00e4nder<\/td>\n<td width=\"50%\">CHF 6,50<\/td>\n<\/tr>\n<\/tbody>\n<\/table>\n<p><em>Senden Sie Ihre vorbereiteten Umschl\u00e4ge an:<\/em><br \/>\nAdministration postale de l&#8217;ONU<br \/>\nPalais des Nations<br \/>\nCH-1211 Genf 10<br \/>\nSchweiz<br \/>\n<em>Versehen Sie den \u00e4u\u00dferen Umschlag mit dem Vermerk:<\/em>&nbsp;FOR MAILING<\/p>\n<h3 style=\"text-align: center;\">Neue Bef\u00f6rderungsentgelte ab 1. Januar 2026<\/h3>\n<p><strong>Postsendungen vom Internationalen Zentrum Wien &#8211; UNO-Briefmarken NUR in Euro<\/strong><\/p>\n<table border=\"0\" width=\"100%\" cellpadding=\"0\">\n<tbody>\n<tr bgcolor=\"#EEEEEE\">\n<td valign=\"top\" width=\"50%\">Wien an \u00f6sterreichische Adressen<\/td>\n<td width=\"50%\">\u20ac 1,00<\/td>\n<\/tr>\n<tr>\n<td valign=\"top\" width=\"50%\">Wien in europ\u00e4ische L\u00e4nder<\/td>\n<td width=\"50%\">\u20ac 1,25<\/td>\n<\/tr>\n<tr bgcolor=\"#EEEEEE\">\n<td valign=\"top\" width=\"50%\">Wien in alle anderen L\u00e4nder<\/td>\n<td width=\"50%\">\u20ac 2,00<\/td>\n<\/tr>\n<\/tbody>\n<\/table>\n<p><strong><em>Die Geb\u00fchren gelten f\u00fcr normale Briefe bis 20 g.<\/em><\/strong><\/p>\n<table border=\"0\" width=\"100%\" cellpadding=\"0\">\n<tbody>\n<tr>\n<td><strong>Einschreibgeb\u00fchr:<\/strong><\/td>\n<\/tr>\n<tr bgcolor=\"#EEEEEE\">\n<td valign=\"top\" width=\"50%\">Wien an \u00f6sterreichische Adressen<\/td>\n<td width=\"50%\">\u20ac 3,50<\/td>\n<\/tr>\n<tr>\n<td valign=\"top\" width=\"50%\">Wien in alle anderen L\u00e4nder<\/td>\n<td width=\"50%\">\u20ac 3,95<\/td>\n<\/tr>\n<\/tbody>\n<\/table>\n<p style=\"text-align: left;\"><em>Senden Sie Ihre vorbereiteten Umschl\u00e4ge an:<\/em><br \/>\nPostverwaltung der Vereinten Nationen<br \/>\nPostfach 900<br \/>\nInternationales Zentrum Wien<br \/>\n1400 Wien<br \/>\n\u00d6sterreich<br \/>\n<em>Versehen Sie den \u00e4u\u00dferen Umschlag mit dem Vermerk:<\/em>&nbsp;FOR MAILING<\/p>\n","protected":false},"excerpt":{"rendered":"<p>Nachstehend sind die g\u00e4ngigsten Postgeb\u00fchren f\u00fcr mit UNO-Briefmarken frankierte Briefsendungen f\u00fcr jene Sammler angegeben, die gestempelte UNO-Briefmarken auf selbst vorbereiteten Umschl\u00e4gen erhalten wollen. Neue Bef\u00f6rderungsentgelte ab 5.10.2025 Postsendungen vom UNO-Amtssitzgeb\u00e4ude in New York &#8211; UNO-Briefmarken NUR in US-W\u00e4hrung New York an US-Adressen 78 Cent f\u00fcr die erste Unze (1 oz. = 28,349 g) und 29 [&hellip;]<\/p>\n","protected":false},"author":2,"featured_media":0,"parent":5423,"menu_order":0,"comment_status":"open","ping_status":"open","template":"","meta":{"ngg_post_thumbnail":0,"footnotes":""},"class_list":["post-5551","page","type-page","status-publish","hentry"],"yoast_head":"<!-- This site is optimized with the Yoast SEO plugin v27.4 - https:\/\/yoast.com\/product\/yoast-seo-wordpress\/ -->\n<title>Posttarife - UN Briefmarken<\/title>\n<meta name=\"robots\" content=\"index, follow, max-snippet:-1, max-image-preview:large, max-video-preview:-1\" \/>\n<link rel=\"canonical\" href=\"https:\/\/unstamps.org\/de\/uber-die-unpa\/posttarife\/\" \/>\n<meta property=\"og:locale\" content=\"de_DE\" \/>\n<meta property=\"og:type\" content=\"article\" \/>\n<meta property=\"og:title\" content=\"Posttarife - UN Briefmarken\" \/>\n<meta property=\"og:description\" content=\"Nachstehend sind die g\u00e4ngigsten Postgeb\u00fchren f\u00fcr mit UNO-Briefmarken frankierte Briefsendungen f\u00fcr jene Sammler angegeben, die gestempelte UNO-Briefmarken auf selbst vorbereiteten Umschl\u00e4gen erhalten wollen. Neue Bef\u00f6rderungsentgelte ab 5.10.2025 Postsendungen vom UNO-Amtssitzgeb\u00e4ude in New York &#8211; UNO-Briefmarken NUR in US-W\u00e4hrung New York an US-Adressen 78 Cent f\u00fcr die erste Unze (1 oz. = 28,349 g) und 29 [&hellip;]\" \/>\n<meta property=\"og:url\" content=\"https:\/\/unstamps.org\/de\/uber-die-unpa\/posttarife\/\" \/>\n<meta property=\"og:site_name\" content=\"UN Briefmarken\" \/>\n<meta property=\"article:modified_time\" content=\"2026-02-09T10:20:57+00:00\" \/>\n<meta name=\"twitter:card\" content=\"summary_large_image\" \/>\n<meta name=\"twitter:label1\" content=\"Gesch\u00e4tzte Lesezeit\" \/>\n\t<meta name=\"twitter:data1\" content=\"2 minutes\" \/>\n<script type=\"application\/ld+json\" class=\"yoast-schema-graph\">{\"@context\":\"https:\\\/\\\/schema.org\",\"@graph\":[{\"@type\":\"WebPage\",\"@id\":\"https:\\\/\\\/unstamps.org\\\/de\\\/uber-die-unpa\\\/posttarife\\\/\",\"url\":\"https:\\\/\\\/unstamps.org\\\/de\\\/uber-die-unpa\\\/posttarife\\\/\",\"name\":\"Posttarife - UN Briefmarken\",\"isPartOf\":{\"@id\":\"https:\\\/\\\/unstamps.org\\\/de\\\/#website\"},\"datePublished\":\"2014-01-22T14:31:01+00:00\",\"dateModified\":\"2026-02-09T10:20:57+00:00\",\"breadcrumb\":{\"@id\":\"https:\\\/\\\/unstamps.org\\\/de\\\/uber-die-unpa\\\/posttarife\\\/#breadcrumb\"},\"inLanguage\":\"de-DE\",\"potentialAction\":[{\"@type\":\"ReadAction\",\"target\":[\"https:\\\/\\\/unstamps.org\\\/de\\\/uber-die-unpa\\\/posttarife\\\/\"]}]},{\"@type\":\"BreadcrumbList\",\"@id\":\"https:\\\/\\\/unstamps.org\\\/de\\\/uber-die-unpa\\\/posttarife\\\/#breadcrumb\",\"itemListElement\":[{\"@type\":\"ListItem\",\"position\":1,\"name\":\"Home\",\"item\":\"https:\\\/\\\/unstamps.org\\\/de\\\/\"},{\"@type\":\"ListItem\",\"position\":2,\"name\":\"\u00dcber die UNPA\",\"item\":\"https:\\\/\\\/unstamps.org\\\/de\\\/uber-die-unpa\\\/\"},{\"@type\":\"ListItem\",\"position\":3,\"name\":\"Posttarife\"}]},{\"@type\":\"WebSite\",\"@id\":\"https:\\\/\\\/unstamps.org\\\/de\\\/#website\",\"url\":\"https:\\\/\\\/unstamps.org\\\/de\\\/\",\"name\":\"UN Stamps\",\"description\":\"United Nations Stamps\",\"publisher\":{\"@id\":\"https:\\\/\\\/unstamps.org\\\/de\\\/#organization\"},\"potentialAction\":[{\"@type\":\"SearchAction\",\"target\":{\"@type\":\"EntryPoint\",\"urlTemplate\":\"https:\\\/\\\/unstamps.org\\\/de\\\/?s={search_term_string}\"},\"query-input\":{\"@type\":\"PropertyValueSpecification\",\"valueRequired\":true,\"valueName\":\"search_term_string\"}}],\"inLanguage\":\"de-DE\"},{\"@type\":\"Organization\",\"@id\":\"https:\\\/\\\/unstamps.org\\\/de\\\/#organization\",\"name\":\"UN Stamps\",\"url\":\"https:\\\/\\\/unstamps.org\\\/de\\\/\",\"logo\":{\"@type\":\"ImageObject\",\"inLanguage\":\"de-DE\",\"@id\":\"https:\\\/\\\/unstamps.org\\\/de\\\/#\\\/schema\\\/logo\\\/image\\\/\",\"url\":\"https:\\\/\\\/unstamps.org\\\/wp-content\\\/uploads\\\/2014\\\/01\\\/logo4web.jpg\",\"contentUrl\":\"https:\\\/\\\/unstamps.org\\\/wp-content\\\/uploads\\\/2014\\\/01\\\/logo4web.jpg\",\"width\":2500,\"height\":250,\"caption\":\"UN Stamps\"},\"image\":{\"@id\":\"https:\\\/\\\/unstamps.org\\\/de\\\/#\\\/schema\\\/logo\\\/image\\\/\"}}]}<\/script>\n<!-- \/ Yoast SEO plugin. -->","yoast_head_json":{"title":"Posttarife - UN Briefmarken","robots":{"index":"index","follow":"follow","max-snippet":"max-snippet:-1","max-image-preview":"max-image-preview:large","max-video-preview":"max-video-preview:-1"},"canonical":"https:\/\/unstamps.org\/de\/uber-die-unpa\/posttarife\/","og_locale":"de_DE","og_type":"article","og_title":"Posttarife - UN Briefmarken","og_description":"Nachstehend sind die g\u00e4ngigsten Postgeb\u00fchren f\u00fcr mit UNO-Briefmarken frankierte Briefsendungen f\u00fcr jene Sammler angegeben, die gestempelte UNO-Briefmarken auf selbst vorbereiteten Umschl\u00e4gen erhalten wollen. Neue Bef\u00f6rderungsentgelte ab 5.10.2025 Postsendungen vom UNO-Amtssitzgeb\u00e4ude in New York &#8211; UNO-Briefmarken NUR in US-W\u00e4hrung New York an US-Adressen 78 Cent f\u00fcr die erste Unze (1 oz. = 28,349 g) und 29 [&hellip;]","og_url":"https:\/\/unstamps.org\/de\/uber-die-unpa\/posttarife\/","og_site_name":"UN Briefmarken","article_modified_time":"2026-02-09T10:20:57+00:00","twitter_card":"summary_large_image","twitter_misc":{"Gesch\u00e4tzte Lesezeit":"2 minutes"},"schema":{"@context":"https:\/\/schema.org","@graph":[{"@type":"WebPage","@id":"https:\/\/unstamps.org\/de\/uber-die-unpa\/posttarife\/","url":"https:\/\/unstamps.org\/de\/uber-die-unpa\/posttarife\/","name":"Posttarife - UN Briefmarken","isPartOf":{"@id":"https:\/\/unstamps.org\/de\/#website"},"datePublished":"2014-01-22T14:31:01+00:00","dateModified":"2026-02-09T10:20:57+00:00","breadcrumb":{"@id":"https:\/\/unstamps.org\/de\/uber-die-unpa\/posttarife\/#breadcrumb"},"inLanguage":"de-DE","potentialAction":[{"@type":"ReadAction","target":["https:\/\/unstamps.org\/de\/uber-die-unpa\/posttarife\/"]}]},{"@type":"BreadcrumbList","@id":"https:\/\/unstamps.org\/de\/uber-die-unpa\/posttarife\/#breadcrumb","itemListElement":[{"@type":"ListItem","position":1,"name":"Home","item":"https:\/\/unstamps.org\/de\/"},{"@type":"ListItem","position":2,"name":"\u00dcber die UNPA","item":"https:\/\/unstamps.org\/de\/uber-die-unpa\/"},{"@type":"ListItem","position":3,"name":"Posttarife"}]},{"@type":"WebSite","@id":"https:\/\/unstamps.org\/de\/#website","url":"https:\/\/unstamps.org\/de\/","name":"UN Stamps","description":"United Nations Stamps","publisher":{"@id":"https:\/\/unstamps.org\/de\/#organization"},"potentialAction":[{"@type":"SearchAction","target":{"@type":"EntryPoint","urlTemplate":"https:\/\/unstamps.org\/de\/?s={search_term_string}"},"query-input":{"@type":"PropertyValueSpecification","valueRequired":true,"valueName":"search_term_string"}}],"inLanguage":"de-DE"},{"@type":"Organization","@id":"https:\/\/unstamps.org\/de\/#organization","name":"UN Stamps","url":"https:\/\/unstamps.org\/de\/","logo":{"@type":"ImageObject","inLanguage":"de-DE","@id":"https:\/\/unstamps.org\/de\/#\/schema\/logo\/image\/","url":"https:\/\/unstamps.org\/wp-content\/uploads\/2014\/01\/logo4web.jpg","contentUrl":"https:\/\/unstamps.org\/wp-content\/uploads\/2014\/01\/logo4web.jpg","width":2500,"height":250,"caption":"UN Stamps"},"image":{"@id":"https:\/\/unstamps.org\/de\/#\/schema\/logo\/image\/"}}]}},"jetpack_sharing_enabled":true,"publishpress_future_action":{"enabled":false,"date":"2026-04-28 07:48:56","action":"change-status","newStatus":"draft","terms":[],"taxonomy":"translation_priority","extraData":[]},"publishpress_future_workflow_manual_trigger":{"enabledWorkflows":[]},"_links":{"self":[{"href":"https:\/\/unstamps.org\/de\/wp-json\/wp\/v2\/pages\/5551","targetHints":{"allow":["GET"]}}],"collection":[{"href":"https:\/\/unstamps.org\/de\/wp-json\/wp\/v2\/pages"}],"about":[{"href":"https:\/\/unstamps.org\/de\/wp-json\/wp\/v2\/types\/page"}],"author":[{"embeddable":true,"href":"https:\/\/unstamps.org\/de\/wp-json\/wp\/v2\/users\/2"}],"replies":[{"embeddable":true,"href":"https:\/\/unstamps.org\/de\/wp-json\/wp\/v2\/comments?post=5551"}],"version-history":[{"count":0,"href":"https:\/\/unstamps.org\/de\/wp-json\/wp\/v2\/pages\/5551\/revisions"}],"up":[{"embeddable":true,"href":"https:\/\/unstamps.org\/de\/wp-json\/wp\/v2\/pages\/5423"}],"wp:attachment":[{"href":"https:\/\/unstamps.org\/de\/wp-json\/wp\/v2\/media?parent=5551"}],"curies":[{"name":"wp","href":"https:\/\/api.w.org\/{rel}","templated":true}]}}