{"id":5430,"date":"2014-01-21T19:58:50","date_gmt":"2014-01-22T00:58:50","guid":{"rendered":"http:\/\/unstamps.org\/?page_id=5430"},"modified":"2015-06-25T11:32:06","modified_gmt":"2015-06-25T15:32:06","slug":"glossar","status":"publish","type":"page","link":"https:\/\/unstamps.org\/de\/uber-die-unpa\/glossar\/","title":{"rendered":"Glossar"},"content":{"rendered":"<h3>Glossar<\/h3>\n<p><strong>* GEDENKBRIEFMARKEN<br \/>\n<\/strong>werden zu speziellen Themen der Vereinten Nationen ausgegeben, um auf bestimmte weltweite Anliegen aufmerksam zu machen. UNO-Gedenkbriefmarken gab es unter anderem zu den Themen Friedenserhaltung, Umwelt, Weltgesundheit und Menschenrechte. Gedenkbriefmarken stehen nur ein Jahr ab ihrem Ausgabetag zum Verkauf.<\/p>\n<p>*\u00a0<strong>GEDENKBL\u00d6CKE<\/strong><br \/>\nGedenkbl\u00f6cke erscheinen in der Regel zu jeder f\u00fcnften Wiederkehr der Gr\u00fcndung der Vereinten Nationen. Weitere Gedenkbl\u00f6cke werden in unregelm\u00e4\u00dfigen Zeitabst\u00e4nden ausgegeben. Sie stehen ein Jahr lang zum Verkauf.<\/p>\n<p>*\u00a0<strong>KLEINBOGEN<\/strong><br \/>\nhaben spezielle Gestaltungselemente und werden in Bogen von h\u00f6chstens 16 Briefmarken aufgelegt. Sie stehen ebenfalls 12 Monate ab ihrem Ausgabetag zum Verkauf.<\/p>\n<p>*\u00a0<strong>MEHRJ\u00c4HRIGE GEDENKBRIEFMARKENSERIEN<\/strong><br \/>\nwerden gelegentlich in das Briefmarkenprogramm aufgenommen. Abh\u00e4ngig vom jeweiligen Thema l\u00e4uft eine solche Serie mehrere Jahre und bildet eine eigene kleine thematische Sammlung innerhalb der breit gef\u00e4cherten UNO-Briefmarkensammlung. Bisher gab es Serien zu den Themen Menschenrechte, Gef\u00e4hrdete Arten, Flaggen der Mitgliedstaaten der Vereinten Nationen, Eingeborenenkunst und Welterbe. Die Verkaufsdauer dieser Briefmarken variiert zwischen 12 und 24 Monaten.<\/p>\n<p><strong>DAUERMARKEN<br \/>\n<\/strong>sind &#8220;normale&#8221; Briefmarken zum Frankieren von Postsendungen. Sie werden von Zeit zu Zeit ausgegeben, um ge\u00e4nderten Postgeb\u00fchren Rechnung zu tragen, und stehen unbefristet zum Verkauf. Bei Bedarf k\u00f6nnen diese Briefmarken nachgedruckt werden.<\/p>\n<p><strong>GANZSACHEN<br \/>\n<\/strong>werden von Zeit zu Zeit ausgegeben, um ge\u00e4nderten Postgeb\u00fchren Rechnung zu tragen, und stehen unbefristet zum Verkauf. Bei Bedarf k\u00f6nnen Ganzsachen nachgedruckt werden.<\/p>\n<p><strong>ERSTTAGSUMSCHL\u00c4GE<br \/>\n<\/strong>Diese Umschl\u00e4ge mit aufgeklebten und mit dem Ersttagsstempel versehenen Briefmarken werden f\u00fcr jede neue Briefmarkenausgabe produziert. Es gibt einen einheitlichen &#8220;amtlichen&#8221; Ersttagsumschlag f\u00fcr die drei B\u00fcros in New York, Genf und Wien. Die Umschl\u00e4ge sind ab dem Ausgabetag in folgenden Kategorien erh\u00e4ltlich:<\/p>\n<ul>\n<li>Single (und Paar, nur f\u00fcr New York)<\/li>\n<li>Viererblock mit Randinschrift<\/li>\n<li>Combo &#8211; 2 oder mehr Briefmarken in derselben W\u00e4hrung<\/li>\n<li>Jumbo &#8211; Kleinbogen<\/li>\n<li>Trio &#8211; alle Briefmarken aller drei B\u00fcros<\/li>\n<\/ul>\n<p>Diese Umschl\u00e4ge sind 180\u00a0Tage ab dem Ausgabetag erh\u00e4ltlich, solange der Vorrat reicht.<\/p>\n<p><strong>SONDERKARTEN<br \/>\n<\/strong>Sonderkarten erscheinen in der Regel in Verbindung mit einer Gedenkbriefmarkenausgabe. Auf den Karten sind die neu ausgegebenen Briefmarken sowie Briefmarken fr\u00fcherer Ausgaben zu verwandten Themen abgebildet. Die Karten werden postfrisch oder mit dem kleinsten Wert in jeder W\u00e4hrung, versehen mit dem entsprechenden Ersttagsstempel, angeboten und enthalten eine Botschaft des Generalsekret\u00e4rs. Sie stehen 6 Monate lang zum Verkauf.<\/p>\n<p><strong>MAXIMUMKARTEN<br \/>\n<\/strong>werden gelegentlich zusammen mit einer Gedenkbriefmarkenausgabe herausgegeben. Die Karten werden mit den aufgeklebten neuen Briefmarken und dem entsprechenden Ersttagsstempel angeboten und stehen drei Monate lang zum Verkauf. Die Karten werden auch ohne Marken zum Verkauf angeboten.<\/p>\n<p><strong>JAHRESSAMMELMAPPEN:<br \/>\n<\/strong>Die Jahressammelmappen sind mit postfrischen oder gestempelten Briefmarken erh\u00e4ltlich, wobei letztere mit dem normalen Stempel mit dem Datum der letzten Ausgabe des Jahres versehen sind. Sie enthalten je eine einzelne Gedenk- und Dauerbriefmarke und einen Gedenkblock der Ausgaben des betreffenden Jahres und gelangen gleichzeitig mit der letzten Ausgabe des Jahres in den Verkauf. Erg\u00e4nzt werden die Mappen, in der f\u00fcr jede Briefmarke ein entsprechender Platz zur Befestigung vorgesehen ist, durch technische Informationen.\u00a0F\u00fcr jede der drei W\u00e4hrungen (Briefmarken von New York, Genf und Wien) erscheint eine eigene Mappe, die jeweils zwei Jahre zum Verkauf steht, solange der Vorrat reicht. F\u00fcr mehrj\u00e4hrige Gedenkbriefmarkenserien werden eigene Sammelmappen mit unterschiedlicher Verkaufsdauer produziert, etwa f\u00fcr &#8220;Gef\u00e4hrdete Arten&#8221; (postfrisch oder mit Ersttagsstempel erh\u00e4ltlich) und die Flaggenserie.<\/p>\n<p><strong style=\"line-height: 1.5em;\">BRIEFMARKENHEFTCHEN:<\/strong><\/p>\n<p>in den drei verschiedenen W\u00e4hrungen werden nur gelegentlich ausgegeben. Ein Briefmarkenheftchen ist ein aus mehreren Seiten bestehendes B\u00fcchlein mit den verschiedensten Briefmarken zu einem gemeinsamen Thema. Entsprechende Texte und Illustrationen informieren \u00fcber das Thema. Die ersten Briefmarkenheftchen wurden 1995 produziert. Sie werden 24 Monate ab dem Ausgabetag mit postfrischen oder gestempelten Briefmarken angeboten, sofern die Best\u00e4nde so lange reichen. Die Briefmarken aus den Briefmarkenheftchen sind\u00a0<em>nicht<\/em>\u00a0in den Jahressammelmappen enthalten.<\/p>\n<p><strong>AUSSTELLUNGSKARTEN<\/strong><br \/>\nwerden aus Anlass der UNPA-Beteiligung an Briefmarkenausstellungen in aller Welt aufgelegt (New York nur dann, wenn die Teilnahme mit dem Ersttag einer Ausgabe zusammenf\u00e4llt). Auf jeder Karte klebt eine UNO-Briefmarke, die mit dem Datum der Er\u00f6ffnung der Ausstellung gestempelt wurde. Zus\u00e4tzlich befindet sich auf jeder Karte der Abdruck eines speziellen &#8220;Ausstellungsstempels&#8221;. Die Karten sind ab ihrem Ausgabetag sechs Monate lang erh\u00e4ltlich.<\/p>\n<p><strong>VERSCHIEDENE PRODUKTE<br \/>\n<\/strong>bilden eine eigene Abonnementkategorie f\u00fcr Produkte wie Umschl\u00e4ge, Bogen zu speziellen Veranstaltungen, Briefmarkenmappen, die die UNPA gemeinsam mit einer anderen nationalen Postverwaltung produziert hat, sowie f\u00fcr sonstige philatelistische Produkte. Die Produkte dieser Kategorie sind meist limitierte Ausgaben und stehen unterschiedlich lang zum Verkauf.<\/p>\n<p><strong>RANDINSCHRIFTEN (RI)<\/strong><br \/>\nbestehen in der Regel aus dem Emblem der Vereinten Nationen und einem entsprechenden Text an vier Stellen jedes Bogens. Ein Block mit Randinschrift ist grunds\u00e4tzlich nur bei einer Mindestbestellung von<\/p>\n<p>(a) 4 Briefmarken einer Gedenkausgabe;<br \/>\n(b) 4 Briefmarken einer Dauermarkenausgabe unabh\u00e4ngig von ihrem Nennwert erh\u00e4ltlich.<\/p>\n<p>Der Bestellschein enth\u00e4lt eine Spalte, in der Sie die gew\u00fcnschte Stelle der Randinschrift angeben k\u00f6nnen.<\/p>\n<p><a href=\"https:\/\/unstamps.org\/wp-content\/uploads\/2015\/04\/mi_b4_image001_de.jpg\"><img loading=\"lazy\" decoding=\"async\" class=\"alignnone size-full wp-image-25156\" src=\"https:\/\/unstamps.org\/wp-content\/uploads\/2015\/04\/mi_b4_image001_de.jpg\" alt=\"mi_b4_image001_de\" width=\"412\" height=\"124\" \/><\/a><\/p>\n<p><strong>SONDERFORMATE<\/strong>:<br \/>\nManche Entw\u00fcrfe von UNO-Briefmarken weisen ein Sonderformat auf, etwa in Form von Zusammendrucken von 2 oder 4 Briefmarken oder als Zusammendruckstreifen mit 5 Briefmarken. Um der Nachfrage unserer Kunden nach diesen Formaten nachkommen zu k\u00f6nnen, wurde eine neue Dauerauftragskategorie hinzugef\u00fcgt, so dass Sie f\u00fcr Zusammendrucke einen separaten Dauerauftrag erteilen k\u00f6nnen. Dieser Dauerauftrag setzt im Fall von Ausgaben mit Sonderformat Ihren normalen Dauerauftrag f\u00fcr Gedenkbriefmarken au\u00dfer Kraft.<\/p>\n<p><strong>NACHDRUCKE VON DAUERMARKEN UND GANZSACHEN<br \/>\n<\/strong>werden nach Bedarf produziert. Angesichts des Interesses der Kunden an Nachdrucken wurde auch f\u00fcr diese Produkte (die postfrisch oder gestempelt erh\u00e4ltlich sind) eine neue Kategorie in das Dauerauftragsformular aufgenommen.<\/p>\n<p><strong>PERSONALISIERTE BOGEN<br \/>\n<\/strong>k\u00f6nnen nur von Besuchern des UNO-Geb\u00e4udes in New York erworben werden. Die Bogen bestehen aus 10 lochgez\u00e4hnten UNO-Briefmarken. Neben jeder Briefmarke befindet sich ein leeres Feld, das f\u00fcr Ihr Foto reserviert ist. Jeder Bogen besteht aus viermal f\u00fcnf verschiedenen Motiven mit klassischen Ansichten der Vereinten Nationen in New York.<br \/>\n<strong><br \/>\nALLGEMEINE PERSONALISIERTE BOGEN<\/strong>:<br \/>\nsind f\u00fcr Sammler bestimmt, die den UNPA-Verkaufsschalter im Besucherzentrum des UNO-Hauptgeb\u00e4udes in New York nicht besuchen k\u00f6nnen und dieses Produkt auf dem Postweg bestellen wollen. Auf dem f\u00fcr ein Foto vorgesehenen leeren Feld sind mehrere allgemeine Bilder der Vereinten Nationen abgedruckt.<\/p>\n<p><strong>BOGEN ZU SPEZIELLEN VERANSTALTUNGEN<br \/>\n<\/strong>Zu bestimmten Briefmarkenausstellungen produziert die UNPA spezielle personalisierte Briefmarkenbogen. Das f\u00fcr ein Foto vorgesehene leere Feld und der Zwischensteg werden mit Illustrationen der betreffenden Briefmarkenausstellung, etwa mit einem Stempelaufdruck oder dem Logo der Ausstellung, bedruckt. Diese Bogen sind nur auf der jeweiligen speziellen Veranstaltung erh\u00e4ltlich. Weiterhin erhalten Dauerauftragskunden, die &#8220;Verschiedene Produkte&#8221; abonniert haben, diese Bogen automatisch.<\/p>\n<p><strong>BLANKOUMSCHLAG<br \/>\n<\/strong>ist ein Umschlag, der zur Herstellung von Ersttagsumschl\u00e4gen dient. Die UNPA produziert f\u00fcr jede Briefmarkenausgabe einen speziell gestalteten Umschlag als Vorlage f\u00fcr die amtlichen Ersttagsumschl\u00e4ge. Der jeweilige Entwurf befindet sich meist links oben auf dem Umschlag.<\/p>\n<p><strong>&#8220;STAMP PACKS&#8221;<br \/>\n<\/strong>sind Sammlungen gestempelter UNO-Briefmarken zu Themen wie Gef\u00e4hrdete Arten, Frieden, Menschenrechte, Flaggen, Weltraum und Ozean.<\/p>\n<p><em><strong>* werden nicht nachgedruckt<\/strong><\/em><\/p>\n","protected":false},"excerpt":{"rendered":"<p>Glossar * GEDENKBRIEFMARKEN werden zu speziellen Themen der Vereinten Nationen ausgegeben, um auf bestimmte weltweite Anliegen aufmerksam zu machen. UNO-Gedenkbriefmarken gab es unter anderem zu den Themen Friedenserhaltung, Umwelt, Weltgesundheit und Menschenrechte. Gedenkbriefmarken stehen nur ein Jahr ab ihrem Ausgabetag zum Verkauf. *\u00a0GEDENKBL\u00d6CKE Gedenkbl\u00f6cke erscheinen in der Regel zu jeder f\u00fcnften Wiederkehr der Gr\u00fcndung der [&hellip;]<\/p>\n","protected":false},"author":2,"featured_media":0,"parent":5423,"menu_order":0,"comment_status":"open","ping_status":"open","template":"","meta":{"ngg_post_thumbnail":0,"footnotes":""},"class_list":["post-5430","page","type-page","status-publish","hentry"],"yoast_head":"<!-- This site is optimized with the Yoast SEO plugin v27.5 - https:\/\/yoast.com\/product\/yoast-seo-wordpress\/ -->\n<title>Glossar - UN Briefmarken<\/title>\n<meta name=\"robots\" content=\"index, follow, max-snippet:-1, max-image-preview:large, max-video-preview:-1\" \/>\n<link rel=\"canonical\" href=\"https:\/\/unstamps.org\/de\/uber-die-unpa\/glossar\/\" \/>\n<meta property=\"og:locale\" content=\"de_DE\" \/>\n<meta property=\"og:type\" content=\"article\" \/>\n<meta property=\"og:title\" content=\"Glossar - UN Briefmarken\" \/>\n<meta property=\"og:description\" content=\"Glossar * GEDENKBRIEFMARKEN werden zu speziellen Themen der Vereinten Nationen ausgegeben, um auf bestimmte weltweite Anliegen aufmerksam zu machen. UNO-Gedenkbriefmarken gab es unter anderem zu den Themen Friedenserhaltung, Umwelt, Weltgesundheit und Menschenrechte. Gedenkbriefmarken stehen nur ein Jahr ab ihrem Ausgabetag zum Verkauf. *\u00a0GEDENKBL\u00d6CKE Gedenkbl\u00f6cke erscheinen in der Regel zu jeder f\u00fcnften Wiederkehr der Gr\u00fcndung der [&hellip;]\" \/>\n<meta property=\"og:url\" content=\"https:\/\/unstamps.org\/de\/uber-die-unpa\/glossar\/\" \/>\n<meta property=\"og:site_name\" content=\"UN Briefmarken\" \/>\n<meta property=\"article:modified_time\" content=\"2015-06-25T15:32:06+00:00\" \/>\n<meta property=\"og:image\" content=\"https:\/\/unstamps.org\/wp-content\/uploads\/2015\/04\/mi_b4_image001_de.jpg\" \/>\n<meta name=\"twitter:card\" content=\"summary_large_image\" \/>\n<meta name=\"twitter:label1\" content=\"Gesch\u00e4tzte Lesezeit\" \/>\n\t<meta name=\"twitter:data1\" content=\"6 minutes\" \/>\n<script type=\"application\/ld+json\" class=\"yoast-schema-graph\">{\"@context\":\"https:\\\/\\\/schema.org\",\"@graph\":[{\"@type\":\"WebPage\",\"@id\":\"https:\\\/\\\/unstamps.org\\\/de\\\/uber-die-unpa\\\/glossar\\\/\",\"url\":\"https:\\\/\\\/unstamps.org\\\/de\\\/uber-die-unpa\\\/glossar\\\/\",\"name\":\"Glossar - UN Briefmarken\",\"isPartOf\":{\"@id\":\"https:\\\/\\\/unstamps.org\\\/de\\\/#website\"},\"primaryImageOfPage\":{\"@id\":\"https:\\\/\\\/unstamps.org\\\/de\\\/uber-die-unpa\\\/glossar\\\/#primaryimage\"},\"image\":{\"@id\":\"https:\\\/\\\/unstamps.org\\\/de\\\/uber-die-unpa\\\/glossar\\\/#primaryimage\"},\"thumbnailUrl\":\"https:\\\/\\\/unstamps.org\\\/wp-content\\\/uploads\\\/2015\\\/04\\\/mi_b4_image001_de.jpg\",\"datePublished\":\"2014-01-22T00:58:50+00:00\",\"dateModified\":\"2015-06-25T15:32:06+00:00\",\"breadcrumb\":{\"@id\":\"https:\\\/\\\/unstamps.org\\\/de\\\/uber-die-unpa\\\/glossar\\\/#breadcrumb\"},\"inLanguage\":\"de-DE\",\"potentialAction\":[{\"@type\":\"ReadAction\",\"target\":[\"https:\\\/\\\/unstamps.org\\\/de\\\/uber-die-unpa\\\/glossar\\\/\"]}]},{\"@type\":\"ImageObject\",\"inLanguage\":\"de-DE\",\"@id\":\"https:\\\/\\\/unstamps.org\\\/de\\\/uber-die-unpa\\\/glossar\\\/#primaryimage\",\"url\":\"https:\\\/\\\/unstamps.org\\\/wp-content\\\/uploads\\\/2015\\\/04\\\/mi_b4_image001_de.jpg\",\"contentUrl\":\"https:\\\/\\\/unstamps.org\\\/wp-content\\\/uploads\\\/2015\\\/04\\\/mi_b4_image001_de.jpg\"},{\"@type\":\"BreadcrumbList\",\"@id\":\"https:\\\/\\\/unstamps.org\\\/de\\\/uber-die-unpa\\\/glossar\\\/#breadcrumb\",\"itemListElement\":[{\"@type\":\"ListItem\",\"position\":1,\"name\":\"Home\",\"item\":\"https:\\\/\\\/unstamps.org\\\/de\\\/\"},{\"@type\":\"ListItem\",\"position\":2,\"name\":\"\u00dcber die UNPA\",\"item\":\"https:\\\/\\\/unstamps.org\\\/de\\\/uber-die-unpa\\\/\"},{\"@type\":\"ListItem\",\"position\":3,\"name\":\"Glossar\"}]},{\"@type\":\"WebSite\",\"@id\":\"https:\\\/\\\/unstamps.org\\\/de\\\/#website\",\"url\":\"https:\\\/\\\/unstamps.org\\\/de\\\/\",\"name\":\"UN Stamps\",\"description\":\"United Nations Stamps\",\"publisher\":{\"@id\":\"https:\\\/\\\/unstamps.org\\\/de\\\/#organization\"},\"potentialAction\":[{\"@type\":\"SearchAction\",\"target\":{\"@type\":\"EntryPoint\",\"urlTemplate\":\"https:\\\/\\\/unstamps.org\\\/de\\\/?s={search_term_string}\"},\"query-input\":{\"@type\":\"PropertyValueSpecification\",\"valueRequired\":true,\"valueName\":\"search_term_string\"}}],\"inLanguage\":\"de-DE\"},{\"@type\":\"Organization\",\"@id\":\"https:\\\/\\\/unstamps.org\\\/de\\\/#organization\",\"name\":\"UN Stamps\",\"url\":\"https:\\\/\\\/unstamps.org\\\/de\\\/\",\"logo\":{\"@type\":\"ImageObject\",\"inLanguage\":\"de-DE\",\"@id\":\"https:\\\/\\\/unstamps.org\\\/de\\\/#\\\/schema\\\/logo\\\/image\\\/\",\"url\":\"https:\\\/\\\/unstamps.org\\\/wp-content\\\/uploads\\\/2014\\\/01\\\/logo4web.jpg\",\"contentUrl\":\"https:\\\/\\\/unstamps.org\\\/wp-content\\\/uploads\\\/2014\\\/01\\\/logo4web.jpg\",\"width\":2500,\"height\":250,\"caption\":\"UN Stamps\"},\"image\":{\"@id\":\"https:\\\/\\\/unstamps.org\\\/de\\\/#\\\/schema\\\/logo\\\/image\\\/\"}}]}<\/script>\n<!-- \/ Yoast SEO plugin. -->","yoast_head_json":{"title":"Glossar - UN Briefmarken","robots":{"index":"index","follow":"follow","max-snippet":"max-snippet:-1","max-image-preview":"max-image-preview:large","max-video-preview":"max-video-preview:-1"},"canonical":"https:\/\/unstamps.org\/de\/uber-die-unpa\/glossar\/","og_locale":"de_DE","og_type":"article","og_title":"Glossar - UN Briefmarken","og_description":"Glossar * GEDENKBRIEFMARKEN werden zu speziellen Themen der Vereinten Nationen ausgegeben, um auf bestimmte weltweite Anliegen aufmerksam zu machen. UNO-Gedenkbriefmarken gab es unter anderem zu den Themen Friedenserhaltung, Umwelt, Weltgesundheit und Menschenrechte. Gedenkbriefmarken stehen nur ein Jahr ab ihrem Ausgabetag zum Verkauf. *\u00a0GEDENKBL\u00d6CKE Gedenkbl\u00f6cke erscheinen in der Regel zu jeder f\u00fcnften Wiederkehr der Gr\u00fcndung der [&hellip;]","og_url":"https:\/\/unstamps.org\/de\/uber-die-unpa\/glossar\/","og_site_name":"UN Briefmarken","article_modified_time":"2015-06-25T15:32:06+00:00","og_image":[{"url":"https:\/\/unstamps.org\/wp-content\/uploads\/2015\/04\/mi_b4_image001_de.jpg","type":"","width":"","height":""}],"twitter_card":"summary_large_image","twitter_misc":{"Gesch\u00e4tzte Lesezeit":"6 minutes"},"schema":{"@context":"https:\/\/schema.org","@graph":[{"@type":"WebPage","@id":"https:\/\/unstamps.org\/de\/uber-die-unpa\/glossar\/","url":"https:\/\/unstamps.org\/de\/uber-die-unpa\/glossar\/","name":"Glossar - UN Briefmarken","isPartOf":{"@id":"https:\/\/unstamps.org\/de\/#website"},"primaryImageOfPage":{"@id":"https:\/\/unstamps.org\/de\/uber-die-unpa\/glossar\/#primaryimage"},"image":{"@id":"https:\/\/unstamps.org\/de\/uber-die-unpa\/glossar\/#primaryimage"},"thumbnailUrl":"https:\/\/unstamps.org\/wp-content\/uploads\/2015\/04\/mi_b4_image001_de.jpg","datePublished":"2014-01-22T00:58:50+00:00","dateModified":"2015-06-25T15:32:06+00:00","breadcrumb":{"@id":"https:\/\/unstamps.org\/de\/uber-die-unpa\/glossar\/#breadcrumb"},"inLanguage":"de-DE","potentialAction":[{"@type":"ReadAction","target":["https:\/\/unstamps.org\/de\/uber-die-unpa\/glossar\/"]}]},{"@type":"ImageObject","inLanguage":"de-DE","@id":"https:\/\/unstamps.org\/de\/uber-die-unpa\/glossar\/#primaryimage","url":"https:\/\/unstamps.org\/wp-content\/uploads\/2015\/04\/mi_b4_image001_de.jpg","contentUrl":"https:\/\/unstamps.org\/wp-content\/uploads\/2015\/04\/mi_b4_image001_de.jpg"},{"@type":"BreadcrumbList","@id":"https:\/\/unstamps.org\/de\/uber-die-unpa\/glossar\/#breadcrumb","itemListElement":[{"@type":"ListItem","position":1,"name":"Home","item":"https:\/\/unstamps.org\/de\/"},{"@type":"ListItem","position":2,"name":"\u00dcber die UNPA","item":"https:\/\/unstamps.org\/de\/uber-die-unpa\/"},{"@type":"ListItem","position":3,"name":"Glossar"}]},{"@type":"WebSite","@id":"https:\/\/unstamps.org\/de\/#website","url":"https:\/\/unstamps.org\/de\/","name":"UN Stamps","description":"United Nations Stamps","publisher":{"@id":"https:\/\/unstamps.org\/de\/#organization"},"potentialAction":[{"@type":"SearchAction","target":{"@type":"EntryPoint","urlTemplate":"https:\/\/unstamps.org\/de\/?s={search_term_string}"},"query-input":{"@type":"PropertyValueSpecification","valueRequired":true,"valueName":"search_term_string"}}],"inLanguage":"de-DE"},{"@type":"Organization","@id":"https:\/\/unstamps.org\/de\/#organization","name":"UN Stamps","url":"https:\/\/unstamps.org\/de\/","logo":{"@type":"ImageObject","inLanguage":"de-DE","@id":"https:\/\/unstamps.org\/de\/#\/schema\/logo\/image\/","url":"https:\/\/unstamps.org\/wp-content\/uploads\/2014\/01\/logo4web.jpg","contentUrl":"https:\/\/unstamps.org\/wp-content\/uploads\/2014\/01\/logo4web.jpg","width":2500,"height":250,"caption":"UN Stamps"},"image":{"@id":"https:\/\/unstamps.org\/de\/#\/schema\/logo\/image\/"}}]}},"jetpack_sharing_enabled":true,"publishpress_future_action":{"enabled":false,"date":"2026-05-10 11:15:54","action":"change-status","newStatus":"draft","terms":[],"taxonomy":"translation_priority","extraData":[]},"publishpress_future_workflow_manual_trigger":{"enabledWorkflows":[]},"_links":{"self":[{"href":"https:\/\/unstamps.org\/de\/wp-json\/wp\/v2\/pages\/5430","targetHints":{"allow":["GET"]}}],"collection":[{"href":"https:\/\/unstamps.org\/de\/wp-json\/wp\/v2\/pages"}],"about":[{"href":"https:\/\/unstamps.org\/de\/wp-json\/wp\/v2\/types\/page"}],"author":[{"embeddable":true,"href":"https:\/\/unstamps.org\/de\/wp-json\/wp\/v2\/users\/2"}],"replies":[{"embeddable":true,"href":"https:\/\/unstamps.org\/de\/wp-json\/wp\/v2\/comments?post=5430"}],"version-history":[{"count":0,"href":"https:\/\/unstamps.org\/de\/wp-json\/wp\/v2\/pages\/5430\/revisions"}],"up":[{"embeddable":true,"href":"https:\/\/unstamps.org\/de\/wp-json\/wp\/v2\/pages\/5423"}],"wp:attachment":[{"href":"https:\/\/unstamps.org\/de\/wp-json\/wp\/v2\/media?parent=5430"}],"curies":[{"name":"wp","href":"https:\/\/api.w.org\/{rel}","templated":true}]}}