{"id":4012,"date":"2014-01-16T21:56:02","date_gmt":"2014-01-17T02:56:02","guid":{"rendered":"http:\/\/unstamps.org\/?page_id=4012"},"modified":"2015-06-05T16:01:59","modified_gmt":"2015-06-05T20:01:59","slug":"uno-briefmarken-sind-botschafter-des-friedens","status":"publish","type":"page","link":"https:\/\/unstamps.org\/de\/uber-die-unpa\/uno-briefmarken-sind-botschafter-des-friedens\/","title":{"rendered":"Geschichte"},"content":{"rendered":"<div id=\"information\">\n<p>Menschenrechte, die Umwelt, gef\u00e4hrdete Arten und Frieden sind Themen, die allen V\u00f6lkern der Welt ein Anliegen sind. Es sind gleichzeitig jene Themen, f\u00fcr die sich die Postverwaltung der Vereinten Nationen (UNPA) mit ihren Briefmarken einsetzt.<\/p>\n<p>Da die Briefmarken der Vereinten Nationen ein Spiegelbild der Arbeit der Weltorganisation sind, gehen sie in ihrer Bedeutung \u00fcber die Grenzen der Philatelie hinaus. Sie lenken die Aufmerksamkeit auf wichtige Weltprobleme und zeugen vom unerm\u00fcdlichen Streben der Vereinten Nationen nach Verwirklichung ihrer Ziele.<\/p>\n<p>Die Vereinten Nationen sind die einzige Organisation der Welt, die weder ein Land noch ein Gebiet ist und dennoch Briefmarken ausgeben darf. Au\u00dferdem ist sie die einzige Postbeh\u00f6rde, die Briefmarken in drei verschiedenen W\u00e4hrungen herausgibt, n\u00e4mlich in US-Dollar, Schweizer Franken und Euro.<\/p>\n<p>Die Briefmarken der Vereinten Nationen sind Miniaturkunstwerke, die mit internationalen Designpreisen ausgezeichnet wurden. Sie werden von K\u00fcnstlern aus aller Welt geschaffen und in verschiedenen L\u00e4ndern von den renommiertesten Sicherheitsdruckereien gedruckt.<\/p>\n<p>Sammler sch\u00e4tzen die Briefmarken der Vereinten Nationen nicht nur wegen ihres innovativen Designs und ihrer universellen Themen, sondern auch weil es noch immer m\u00f6glich ist, jede einzelne je erschienene UNO-Briefmarke zu sammeln. Seit ihrer Gr\u00fcndung im Jahr 1951 hat die UNPA \u00fcber eintausend Briefmarken ausgegeben.<\/p>\n<\/div>\n<h3><strong>Briefmarken mit Themen von weltweiter Bedeutung<\/strong><\/h3>\n<p>Die UNO-Briefmarken illustrieren die Ziele und Errungenschaften der Vereinten Nationen und ihrer Familie von Sonderorganisationen.<\/p>\n<p>Manche UNO- Briefmarken sind erreichten Zielen gewidmet, etwa die Briefmarkenausgabe Namibia: Eine neue Nation Ein erf\u00fcllter Auftrag von 1991, mit der die Geburt Namibias gefeiert wurde. Andere Themen wie das der Ausgabe Weltweiter Kampf gegen AIDS von 1990 machen eindringlich auf globale Probleme aufmerksam, von denen nach wie vor Menschen auf der ganzen Welt betroffen sind. Die Briefmarken erinnern auch an wichtige Meilensteine in der Geschichte der internationalen Organisation, zum Beispiel 1995 an den 50. Jahrestags der Gr\u00fcndung der Vereinten Nationen.<\/p>\n<p>Ausgaben j\u00fcngeren Datums besch\u00e4ftigten sich mit unserer Umwelt, dem Weltfrieden und der Verhei\u00dfung einer besseren Welt. Mit fortschreitender Umweltsch\u00e4digung gelangten die Staaten zu der Erkenntnis, dass die damit verbundenen Probleme und deren L\u00f6sung eine weltweite Dimension haben. Deshalb hat der Umweltschutz bei den Vereinten Nationen hohe Priorit\u00e4t, was in der T\u00e4tigkeit vieler ihrer Unterorganisationen zum Ausdruck kommt. Die derzeit laufende Briefmarkenserie Gef\u00e4hrdete Arten macht mit ihren sch\u00f6nen Illustrationen der j\u00e4hrlich erscheinenden 12 Briefmarken mit Darstellungen gef\u00e4hrdeter Arten auf dieses weltweite Problem aufmerksam.<\/p>\n<p><strong>Die UNO-Briefmarken<\/strong><\/p>\n<p>UNO-Briefmarken werden gleichzeitig von den B\u00fcros der Vereinten Nationen in New York, Genf und Wien ausgegeben. Ihre Motive sind jeweils verwandten Themen gewidmet, und ihre Nennwerte entsprechen der W\u00e4hrung des betreffenden Landes. Die Briefmarken k\u00f6nnen direkt im jeweiligen B\u00fcro bezogen, auf dem Postweg bestellt oder im Briefmarkenhandel erworben werden. Sie sind f\u00fcr Postsendungen g\u00fcltig, die im UN-B\u00fcro des Landes, dessen W\u00e4hrung sie tragen, aufgegeben werden.<\/p>\n<p>Ihren Richtlinien zufolge vertreibt die Postverwaltung der Vereinten Nationen ausschlie\u00dflich Briefmarken und Ganzsachen. In der Regel erscheinen pro Jahr sechs Ausgaben von Gedenkbriefmarken, die nur 12 Monate zum Verkauf stehen. Restliche Lagerbest\u00e4nde werden nach Ablauf dieser Frist vernichtet. Die Briefmarken werden Gedenkbriefmarken genannt, weil sie dazu anregen sollen, \u00fcber das jeweilige Thema nachzudenken. Sie werden niemals nachgedruckt, selbst wenn eine Ausgabe vor Ablauf der Verkaufsfrist von 12 Monaten ausverkauft ist. Briefmarken der Dauerserie stehen unbefristet zum Verkauf und ihre Nennwerte entsprechen den jeweils g\u00fcltigen Posttarifen. Dauerbriefmarken k\u00f6nnen bei Bedarf auch nachgedruckt werden.<\/p>\n<p>Die Briefmarken der Vereinten Nationen werden auf der ganzen Welt in Sicherheitsdruckereien gedruckt, sowohl in Staatsdruckereien als auch in privaten Druckanstalten. F\u00fcr ihre Herstellung gelten dieselben Sicherheitsbestimmungen wie f\u00fcr den Druck von Banknoten. Die Sammler sch\u00e4tzen die hohe Qualit\u00e4t der UNO-Briefmarken, die vielen Qualit\u00e4tskontrollen unterzogen und von der UNPA auf jede Unregelm\u00e4\u00dfigkeit \u00fcberpr\u00fcft werden. Dadurch z\u00e4hlen die Vereinten Nationen zu jenen Postverwaltungen, deren Briefmarken die h\u00f6chste Qualit\u00e4t aufweisen.<\/p>\n<p><strong>Personalisierte Briefmarken<\/strong><\/p>\n<p>Die B\u00fcros der Postverwaltung der Vereinten Nationen in New York, Genf, und Wien bieten ein einzigartiges Produkt der personalisierten Briefmarken an, ein Souvenir f\u00fcr Besucher der Vereinten Nationen. Einzelpersonen sowie kleine Gruppen k\u00f6nnen ein Foto beim Verkaufsstand f\u00fcr personalisierte Briefmarken machen lassen, das auf einen personalisierten Briefmarkenbogen \u00fcbertragen wird. Um ein einmaliges Souvenir zu erhalten, wird das Foto des Besuchers neben einer UN Briefmarke gedruckt. Die personalisierten Briefmarken k\u00f6nnen als Andenken mitgenommen, aber auch als Frankatur f\u00fcr Karten und Briefe an Familie und Freunde in der ganzen Welt verwendet werden.<\/p>\n<p><strong>Preisgekr\u00f6nte Designs<\/strong><\/p>\n<p>Die Werke weltber\u00fchmter K\u00fcnstler wie Marc Chagall (Frankreich), Friedensreich Hundertwasser (\u00d6sterreich), Hans Erni (Schweiz), Vincent van Gogh (Niederlande), Paul Klee (Deutschland) und Peter Max (USA) sind nicht nur in den gro\u00dfen Museen der Welt ausgestellt, sondern auch auf UNO-Briefmarken abgebildet.<\/p>\n<p>Zur Veranschaulichung der T\u00e4tigkeit der Vereinten Nationen sind auf den Briefmarken die unterschiedlichsten Stile und Gestaltungselemente vertreten. Von der einfachen grafischen Darstellung bis zu Illustrationen, die die Gef\u00fchlsebene ansprechen, haben die Briefmarken Hoffnung und Verzweiflung, Trauer und Freude dargestellt oder einfach zum Erinnern, Ehren und Nachdenken angeregt.<\/p>\n<p><strong>Geschichte der UNO-Briefmarken<\/strong><\/p>\n<p>Der Gedanke eigener UNO-Briefmarken stammt aus dem Jahr 1947 und wurde von Argentinien vorgeschlagen.<br \/>\n1951 wurde ein Abkommen mit der Postbeh\u00f6rde der Vereinigten Staaten von Amerika geschlossen. Darin wurde vereinbart, dass die Briefmarken in US-W\u00e4hrung ausgegeben werden und nur am Hauptsitz der Vereinten Nationen verwendet werden d\u00fcrfen.<\/p>\n<p>Die ersten UNO-Briefmarken mit US-Nennwerten wurden am 24. Oktober 1951, dem Tag der Vereinten Nationen, ausgegeben. Sie waren ein durchschlagender Erfolg und in wenigen Tagen ausverkauft.<\/p>\n<p>\u00c4hnliche Vereinbarungen wurden in der Folge mit den Schweizerischen und den \u00f6sterreichischen Postbeh\u00f6rden getroffen. Aufgrund des Abkommens zwischen den Vereinten Nationen und der Eidgen\u00f6ssischen Post-, Telephon- und Telegraphenverwaltung (PTT) vom 11. Dezember 1968 konnte das Genfer B\u00fcro der UNPA am 4. Oktober 1969 die ersten UNO-Briefmarken in Schweizer Franken ausgeben.<\/p>\n<p>Am 28. Juni 1979 folgte das Abkommen mit der \u00f6sterreichischen Regierung, worauf das Wiener UNPA-B\u00fcro am 24. August 1979 die ersten UNO-Briefmarken in \u00f6sterreichischen Schilling ausgab.<\/p>\n<p><strong>Briefmarkensammler<\/strong><\/p>\n<p>Die Sch\u00f6nheit, Einmaligkeit und besondere Bedeutung der UNO-Briefmarken, verbunden mit ihren jeweiligen oft aufregenden Geschichten und originellen Kompositionen, haben nichts von ihrer Faszination und ihrer Wertsch\u00e4tzung durch die Sammler verloren.<\/p>\n<p>Die Philatelie ist eines der popul\u00e4rsten Hobbys der Welt, doch steigt das Durchschnittsalter der Sammler, und die Zukunft der Philatelie liegt bei der Jugend von heute. Die UNPA versucht, in Kindern die Freude am Briefmarkensammeln zu wecken und hat dazu &#8220;Stamp Packs.&#8221;<\/p>\n","protected":false},"excerpt":{"rendered":"<p>Menschenrechte, die Umwelt, gef\u00e4hrdete Arten und Frieden sind Themen, die allen V\u00f6lkern der Welt ein Anliegen sind. Es sind gleichzeitig jene Themen, f\u00fcr die sich die Postverwaltung der Vereinten Nationen (UNPA) mit ihren Briefmarken einsetzt. Da die Briefmarken der Vereinten Nationen ein Spiegelbild der Arbeit der Weltorganisation sind, gehen sie in ihrer Bedeutung \u00fcber die [&hellip;]<\/p>\n","protected":false},"author":2,"featured_media":0,"parent":5423,"menu_order":0,"comment_status":"open","ping_status":"open","template":"","meta":{"ngg_post_thumbnail":0,"footnotes":""},"class_list":["post-4012","page","type-page","status-publish","hentry"],"yoast_head":"<!-- This site is optimized with the Yoast SEO plugin v27.3 - https:\/\/yoast.com\/product\/yoast-seo-wordpress\/ -->\n<title>Geschichte - UN Briefmarken<\/title>\n<meta name=\"robots\" content=\"index, follow, max-snippet:-1, max-image-preview:large, max-video-preview:-1\" \/>\n<link rel=\"canonical\" href=\"https:\/\/unstamps.org\/de\/uber-die-unpa\/uno-briefmarken-sind-botschafter-des-friedens\/\" \/>\n<meta property=\"og:locale\" content=\"de_DE\" \/>\n<meta property=\"og:type\" content=\"article\" \/>\n<meta property=\"og:title\" content=\"Geschichte - UN Briefmarken\" \/>\n<meta property=\"og:description\" content=\"Menschenrechte, die Umwelt, gef\u00e4hrdete Arten und Frieden sind Themen, die allen V\u00f6lkern der Welt ein Anliegen sind. Es sind gleichzeitig jene Themen, f\u00fcr die sich die Postverwaltung der Vereinten Nationen (UNPA) mit ihren Briefmarken einsetzt. Da die Briefmarken der Vereinten Nationen ein Spiegelbild der Arbeit der Weltorganisation sind, gehen sie in ihrer Bedeutung \u00fcber die [&hellip;]\" \/>\n<meta property=\"og:url\" content=\"https:\/\/unstamps.org\/de\/uber-die-unpa\/uno-briefmarken-sind-botschafter-des-friedens\/\" \/>\n<meta property=\"og:site_name\" content=\"UN Briefmarken\" \/>\n<meta property=\"article:modified_time\" content=\"2015-06-05T20:01:59+00:00\" \/>\n<meta name=\"twitter:card\" content=\"summary_large_image\" \/>\n<meta name=\"twitter:label1\" content=\"Gesch\u00e4tzte Lesezeit\" \/>\n\t<meta name=\"twitter:data1\" content=\"5 minutes\" \/>\n<script type=\"application\/ld+json\" class=\"yoast-schema-graph\">{\"@context\":\"https:\\\/\\\/schema.org\",\"@graph\":[{\"@type\":\"WebPage\",\"@id\":\"https:\\\/\\\/unstamps.org\\\/de\\\/uber-die-unpa\\\/uno-briefmarken-sind-botschafter-des-friedens\\\/\",\"url\":\"https:\\\/\\\/unstamps.org\\\/de\\\/uber-die-unpa\\\/uno-briefmarken-sind-botschafter-des-friedens\\\/\",\"name\":\"Geschichte - UN Briefmarken\",\"isPartOf\":{\"@id\":\"https:\\\/\\\/unstamps.org\\\/de\\\/#website\"},\"datePublished\":\"2014-01-17T02:56:02+00:00\",\"dateModified\":\"2015-06-05T20:01:59+00:00\",\"breadcrumb\":{\"@id\":\"https:\\\/\\\/unstamps.org\\\/de\\\/uber-die-unpa\\\/uno-briefmarken-sind-botschafter-des-friedens\\\/#breadcrumb\"},\"inLanguage\":\"de-DE\",\"potentialAction\":[{\"@type\":\"ReadAction\",\"target\":[\"https:\\\/\\\/unstamps.org\\\/de\\\/uber-die-unpa\\\/uno-briefmarken-sind-botschafter-des-friedens\\\/\"]}]},{\"@type\":\"BreadcrumbList\",\"@id\":\"https:\\\/\\\/unstamps.org\\\/de\\\/uber-die-unpa\\\/uno-briefmarken-sind-botschafter-des-friedens\\\/#breadcrumb\",\"itemListElement\":[{\"@type\":\"ListItem\",\"position\":1,\"name\":\"Home\",\"item\":\"https:\\\/\\\/unstamps.org\\\/de\\\/\"},{\"@type\":\"ListItem\",\"position\":2,\"name\":\"\u00dcber die UNPA\",\"item\":\"https:\\\/\\\/unstamps.org\\\/de\\\/uber-die-unpa\\\/\"},{\"@type\":\"ListItem\",\"position\":3,\"name\":\"Geschichte\"}]},{\"@type\":\"WebSite\",\"@id\":\"https:\\\/\\\/unstamps.org\\\/de\\\/#website\",\"url\":\"https:\\\/\\\/unstamps.org\\\/de\\\/\",\"name\":\"UN Stamps\",\"description\":\"United Nations Stamps\",\"publisher\":{\"@id\":\"https:\\\/\\\/unstamps.org\\\/de\\\/#organization\"},\"potentialAction\":[{\"@type\":\"SearchAction\",\"target\":{\"@type\":\"EntryPoint\",\"urlTemplate\":\"https:\\\/\\\/unstamps.org\\\/de\\\/?s={search_term_string}\"},\"query-input\":{\"@type\":\"PropertyValueSpecification\",\"valueRequired\":true,\"valueName\":\"search_term_string\"}}],\"inLanguage\":\"de-DE\"},{\"@type\":\"Organization\",\"@id\":\"https:\\\/\\\/unstamps.org\\\/de\\\/#organization\",\"name\":\"UN Stamps\",\"url\":\"https:\\\/\\\/unstamps.org\\\/de\\\/\",\"logo\":{\"@type\":\"ImageObject\",\"inLanguage\":\"de-DE\",\"@id\":\"https:\\\/\\\/unstamps.org\\\/de\\\/#\\\/schema\\\/logo\\\/image\\\/\",\"url\":\"https:\\\/\\\/unstamps.org\\\/wp-content\\\/uploads\\\/2014\\\/01\\\/logo4web.jpg\",\"contentUrl\":\"https:\\\/\\\/unstamps.org\\\/wp-content\\\/uploads\\\/2014\\\/01\\\/logo4web.jpg\",\"width\":2500,\"height\":250,\"caption\":\"UN Stamps\"},\"image\":{\"@id\":\"https:\\\/\\\/unstamps.org\\\/de\\\/#\\\/schema\\\/logo\\\/image\\\/\"}}]}<\/script>\n<!-- \/ Yoast SEO plugin. -->","yoast_head_json":{"title":"Geschichte - UN Briefmarken","robots":{"index":"index","follow":"follow","max-snippet":"max-snippet:-1","max-image-preview":"max-image-preview:large","max-video-preview":"max-video-preview:-1"},"canonical":"https:\/\/unstamps.org\/de\/uber-die-unpa\/uno-briefmarken-sind-botschafter-des-friedens\/","og_locale":"de_DE","og_type":"article","og_title":"Geschichte - UN Briefmarken","og_description":"Menschenrechte, die Umwelt, gef\u00e4hrdete Arten und Frieden sind Themen, die allen V\u00f6lkern der Welt ein Anliegen sind. Es sind gleichzeitig jene Themen, f\u00fcr die sich die Postverwaltung der Vereinten Nationen (UNPA) mit ihren Briefmarken einsetzt. Da die Briefmarken der Vereinten Nationen ein Spiegelbild der Arbeit der Weltorganisation sind, gehen sie in ihrer Bedeutung \u00fcber die [&hellip;]","og_url":"https:\/\/unstamps.org\/de\/uber-die-unpa\/uno-briefmarken-sind-botschafter-des-friedens\/","og_site_name":"UN Briefmarken","article_modified_time":"2015-06-05T20:01:59+00:00","twitter_card":"summary_large_image","twitter_misc":{"Gesch\u00e4tzte Lesezeit":"5 minutes"},"schema":{"@context":"https:\/\/schema.org","@graph":[{"@type":"WebPage","@id":"https:\/\/unstamps.org\/de\/uber-die-unpa\/uno-briefmarken-sind-botschafter-des-friedens\/","url":"https:\/\/unstamps.org\/de\/uber-die-unpa\/uno-briefmarken-sind-botschafter-des-friedens\/","name":"Geschichte - UN Briefmarken","isPartOf":{"@id":"https:\/\/unstamps.org\/de\/#website"},"datePublished":"2014-01-17T02:56:02+00:00","dateModified":"2015-06-05T20:01:59+00:00","breadcrumb":{"@id":"https:\/\/unstamps.org\/de\/uber-die-unpa\/uno-briefmarken-sind-botschafter-des-friedens\/#breadcrumb"},"inLanguage":"de-DE","potentialAction":[{"@type":"ReadAction","target":["https:\/\/unstamps.org\/de\/uber-die-unpa\/uno-briefmarken-sind-botschafter-des-friedens\/"]}]},{"@type":"BreadcrumbList","@id":"https:\/\/unstamps.org\/de\/uber-die-unpa\/uno-briefmarken-sind-botschafter-des-friedens\/#breadcrumb","itemListElement":[{"@type":"ListItem","position":1,"name":"Home","item":"https:\/\/unstamps.org\/de\/"},{"@type":"ListItem","position":2,"name":"\u00dcber die UNPA","item":"https:\/\/unstamps.org\/de\/uber-die-unpa\/"},{"@type":"ListItem","position":3,"name":"Geschichte"}]},{"@type":"WebSite","@id":"https:\/\/unstamps.org\/de\/#website","url":"https:\/\/unstamps.org\/de\/","name":"UN Stamps","description":"United Nations Stamps","publisher":{"@id":"https:\/\/unstamps.org\/de\/#organization"},"potentialAction":[{"@type":"SearchAction","target":{"@type":"EntryPoint","urlTemplate":"https:\/\/unstamps.org\/de\/?s={search_term_string}"},"query-input":{"@type":"PropertyValueSpecification","valueRequired":true,"valueName":"search_term_string"}}],"inLanguage":"de-DE"},{"@type":"Organization","@id":"https:\/\/unstamps.org\/de\/#organization","name":"UN Stamps","url":"https:\/\/unstamps.org\/de\/","logo":{"@type":"ImageObject","inLanguage":"de-DE","@id":"https:\/\/unstamps.org\/de\/#\/schema\/logo\/image\/","url":"https:\/\/unstamps.org\/wp-content\/uploads\/2014\/01\/logo4web.jpg","contentUrl":"https:\/\/unstamps.org\/wp-content\/uploads\/2014\/01\/logo4web.jpg","width":2500,"height":250,"caption":"UN Stamps"},"image":{"@id":"https:\/\/unstamps.org\/de\/#\/schema\/logo\/image\/"}}]}},"jetpack_sharing_enabled":true,"publishpress_future_action":{"enabled":false,"date":"2026-04-14 06:17:35","action":"change-status","newStatus":"draft","terms":[],"taxonomy":"translation_priority","extraData":[]},"publishpress_future_workflow_manual_trigger":{"enabledWorkflows":[]},"_links":{"self":[{"href":"https:\/\/unstamps.org\/de\/wp-json\/wp\/v2\/pages\/4012","targetHints":{"allow":["GET"]}}],"collection":[{"href":"https:\/\/unstamps.org\/de\/wp-json\/wp\/v2\/pages"}],"about":[{"href":"https:\/\/unstamps.org\/de\/wp-json\/wp\/v2\/types\/page"}],"author":[{"embeddable":true,"href":"https:\/\/unstamps.org\/de\/wp-json\/wp\/v2\/users\/2"}],"replies":[{"embeddable":true,"href":"https:\/\/unstamps.org\/de\/wp-json\/wp\/v2\/comments?post=4012"}],"version-history":[{"count":0,"href":"https:\/\/unstamps.org\/de\/wp-json\/wp\/v2\/pages\/4012\/revisions"}],"up":[{"embeddable":true,"href":"https:\/\/unstamps.org\/de\/wp-json\/wp\/v2\/pages\/5423"}],"wp:attachment":[{"href":"https:\/\/unstamps.org\/de\/wp-json\/wp\/v2\/media?parent=4012"}],"curies":[{"name":"wp","href":"https:\/\/api.w.org\/{rel}","templated":true}]}}