{"id":10859,"date":"2014-04-22T05:37:25","date_gmt":"2014-04-22T09:37:25","guid":{"rendered":"http:\/\/staging.unstamps.sixoverground.com\/?page_id=10859"},"modified":"2026-03-09T15:37:39","modified_gmt":"2026-03-09T19:37:39","slug":"faszination","status":"publish","type":"page","link":"https:\/\/unstamps.org\/de\/faszination\/","title":{"rendered":"Bulletin"},"content":{"rendered":"<p><strong>Philatelistische Publikationen zum Herunterladen<\/strong><\/p>\n<p><span class=\"highlight\"> Das Herunterladen oder Ansehen von Zeitschriften im PDFormat kann aufgrund ihres Volumens einige Zeit in Anspruch nehmen. Haben Sie bitte etwas Geduld.<br \/>\n<strong>Alle Zeitschriften enthalten einen Bestellschein.<\/strong><\/span><\/p>\n<table border=\"0\" cellspacing=\"10\">\n<tbody>\n<tr valign=\"top\">\n<td align=\"right\"><img loading=\"lazy\" decoding=\"async\" class=\"alignright wp-image-108053 size-full\" src=\"https:\/\/unstamps.org\/wp-content\/uploads\/2026\/03\/Bulletin149.jpg\" alt=\"\" width=\"500\" height=\"364\"><\/td>\n<td style=\"text-align: justify;\"><strong>Philatelic Bulletin<\/strong>&nbsp;&nbsp;&nbsp;&nbsp;&nbsp;&nbsp;&nbsp;&nbsp;&nbsp;&nbsp;&nbsp;&nbsp;&nbsp;&nbsp;&nbsp;&nbsp;&nbsp;&nbsp;&nbsp;<\/p>\n<hr>\n<p><a href=\"https:\/\/unstamps.org\/wp-content\/uploads\/2026\/03\/bulletin_149.pdf\" target=\"_blank\" rel=\"noopener noreferrer\"> <img loading=\"lazy\" decoding=\"async\" src=\"https:\/\/unstamps.org\/wp-content\/uploads\/2014\/04\/pdf_icon.gif\" alt=\"\" width=\"16\" height=\"16\" border=\"0\"><\/a> <a href=\"https:\/\/unstamps.org\/wp-content\/uploads\/2026\/03\/bulletin_149.pdf\" target=\"_blank\" rel=\"noopener noreferrer\">Bulletin 149<\/a><\/p>\n<p>will seine Leser mit aktuellen Neuigkeiten betreffend Briefmarken der Vereinten Nationen und \u00e4hnlicher Produkte auf dem Laufenden halten und liefert umfassende Informationen \u00fcber Bestellm\u00f6glichkeiten, Kontaktadressen, Kundenservice, etc. Jedes <em>Bulletin<\/em> beginnt mit einer Erkl\u00e4rung des Leiters der UNPA, New York und enth\u00e4lt eine Vorschau \u00fcber zuk\u00fcnftige Ausgaben der UNPA, eine Auflistung aller UNPA-Briefmarken und derzeit erh\u00e4ltlicher philatelistischer Produkte sowie Letztverkaufstage und vieles mehr.<\/p>\n<p><strong>Fr\u00fchere Ausgaben<\/strong><\/p>\n<hr>\n<p><a href=\"https:\/\/unstamps.org\/wp-content\/uploads\/2025\/10\/bulletin_148.pdf\" target=\"_blank\" rel=\"noopener noreferrer\"> <img loading=\"lazy\" decoding=\"async\" src=\"https:\/\/unstamps.org\/wp-content\/uploads\/2014\/04\/pdf_icon.gif\" alt=\"\" width=\"16\" height=\"16\" border=\"0\"><\/a> <a href=\"https:\/\/unstamps.org\/wp-content\/uploads\/2025\/10\/bulletin_148.pdf\" target=\"_blank\" rel=\"noopener noreferrer\">Bulletin 148<\/a><br \/>\n<a href=\"https:\/\/unstamps.org\/wp-content\/uploads\/2025\/06\/bulletin_147.pdf\" target=\"_blank\" rel=\"noopener noreferrer\"> <img loading=\"lazy\" decoding=\"async\" src=\"https:\/\/unstamps.org\/wp-content\/uploads\/2014\/04\/pdf_icon.gif\" alt=\"\" width=\"16\" height=\"16\" border=\"0\"><\/a> <a href=\"https:\/\/unstamps.org\/wp-content\/uploads\/2025\/06\/bulletin_147.pdf\" target=\"_blank\" rel=\"noopener noreferrer\">Bulletin 147<\/a><br \/>\n<a href=\"https:\/\/unstamps.org\/wp-content\/uploads\/2025\/03\/bulletin_146.pdf\" target=\"_blank\" rel=\"noopener noreferrer\"> <img loading=\"lazy\" decoding=\"async\" src=\"https:\/\/unstamps.org\/wp-content\/uploads\/2014\/04\/pdf_icon.gif\" alt=\"\" width=\"16\" height=\"16\" border=\"0\"><\/a> <a href=\"https:\/\/unstamps.org\/wp-content\/uploads\/2025\/03\/bulletin_146.pdf\" target=\"_blank\" rel=\"noopener noreferrer\">Bulletin 146<\/a><br \/>\n<a href=\"https:\/\/unstamps.org\/wp-content\/uploads\/2024\/11\/bulletin_145.pdf\" target=\"_blank\" rel=\"noopener noreferrer\"> <img loading=\"lazy\" decoding=\"async\" src=\"https:\/\/unstamps.org\/wp-content\/uploads\/2014\/04\/pdf_icon.gif\" alt=\"\" width=\"16\" height=\"16\" border=\"0\"><\/a> <a href=\"https:\/\/unstamps.org\/wp-content\/uploads\/2024\/11\/bulletin_145.pdf\" target=\"_blank\" rel=\"noopener noreferrer\">Bulletin 145<\/a><\/td>\n<\/tr>\n<tr>\n<td align=\"center\">&nbsp;<\/td>\n<td style=\"text-align: justify;\">&nbsp;<\/td>\n<\/tr>\n<tr align=\"top\">\n<td style=\"text-align: justify;\"><strong>&#8216;Faszination&#8217; &#8211; Das Philateliejournal f\u00fcr Sammler von UN-Briefmarken<\/strong>&nbsp;&nbsp;&nbsp;&nbsp;&nbsp;&nbsp;&nbsp;&nbsp;&nbsp;&nbsp;&nbsp;&nbsp;&nbsp;&nbsp;&nbsp;&nbsp;&nbsp;&nbsp;&nbsp;<\/p>\n<hr>\n<p><a href=\"https:\/\/unstamps.org\/wp-content\/uploads\/2024\/10\/Fasc374_E.pdf\" target=\"_blank\" rel=\"noopener noreferrer\"><img loading=\"lazy\" decoding=\"async\" src=\"https:\/\/unstamps.org\/wp-content\/uploads\/2014\/04\/pdf_icon.gif\" alt=\"\" width=\"16\" height=\"16\" border=\"0\"><\/a> <a href=\"https:\/\/unstamps.org\/wp-content\/uploads\/2026\/02\/Fasc378_E.pdf\">378<\/a>&nbsp;<em>Englische Fassung<\/em><br \/>\n<a href=\"https:\/\/unstamps.org\/wp-content\/uploads\/2024\/06\/Fasc373_F.pdf\" target=\"_blank\" rel=\"noopener noreferrer\"><img loading=\"lazy\" decoding=\"async\" src=\"https:\/\/unstamps.org\/wp-content\/uploads\/2014\/04\/pdf_icon.gif\" alt=\"\" width=\"16\" height=\"16\" border=\"0\"><\/a> <a href=\"https:\/\/unstamps.org\/wp-content\/uploads\/2026\/02\/Fasc378_F.pdf\">378<\/a>&nbsp;<em>Franz\u00f6sische Fassung<\/em><br \/>\n<a href=\"https:\/\/unstamps.org\/wp-content\/uploads\/2024\/10\/Fasc374_D.pdf\" target=\"_blank\" rel=\"noopener noreferrer\"><img loading=\"lazy\" decoding=\"async\" src=\"https:\/\/unstamps.org\/wp-content\/uploads\/2014\/04\/pdf_icon.gif\" alt=\"\" width=\"16\" height=\"16\" border=\"0\"><\/a> <a href=\"https:\/\/unstamps.org\/wp-content\/uploads\/2026\/02\/Fasc378_D.pdf\">378<\/a>&nbsp;<em>Deutsche Fassung<\/em><br \/>\n<a href=\"https:\/\/unstamps.org\/wp-content\/uploads\/2024\/10\/Fasc374_I.pdf\" target=\"_blank\" rel=\"noopener noreferrer\"><img loading=\"lazy\" decoding=\"async\" src=\"https:\/\/unstamps.org\/wp-content\/uploads\/2014\/04\/pdf_icon.gif\" alt=\"\" width=\"16\" height=\"16\" border=\"0\"><\/a> <a href=\"https:\/\/unstamps.org\/wp-content\/uploads\/2026\/02\/Fasc378_I.pdf\">378<\/a>&nbsp;<em>Italienische Fassung<\/em><\/p>\n<p>Das Journal <em>Faszination<\/em> wird von der Postverwaltung der Vereinten Nationen drei Mal j\u00e4hrlich in vier verschiedenen Sprachen (Englisch, Franz\u00f6sisch, Deutsch und Italienisch) herausgegeben. Vollfarbig gedruckt, liefert es Sammlern und Philatelisten alle relevanten Informationen \u00fcber neue Briefmarkenausgaben und andere philatelistische Produkte der UNPA. Das Journal enth\u00e4lt ausserdem eine komplette Liste aller erh\u00e4ltlichen Produkte sowie einen Bestellschein. Alle unsere Kunden erhalten ein Exemplar jedes Magazins als kostenloses Service.<\/td>\n<td align=\"center\" valign=\"top\"><img loading=\"lazy\" decoding=\"async\" class=\"alignnone size-full wp-image-199663\" src=\"https:\/\/unstamps.org\/wp-content\/uploads\/2026\/02\/covers-for-web.png\" alt=\"\" width=\"870\" height=\"704\"><\/td>\n<\/tr>\n<tr>\n<td>\n<p style=\"text-align: justify;\">&nbsp;<\/p>\n<table border=\"0\" width=\"462\">\n<tbody>\n<tr>\n<td><strong>&#8216;Fascination&#8217;<\/strong> <strong>&#8211; Back Issues<\/strong>&nbsp;&nbsp;&nbsp;&nbsp;<\/p>\n<table border=\"0\" width=\"462\">\n<tbody>\n<tr>\n<td>English<\/td>\n<td>French<\/td>\n<td>German<\/td>\n<td>Italian<\/td>\n<\/tr>\n<tr>\n<td><a href=\"https:\/\/unstamps.org\/wp-content\/uploads\/2020\/09\/362E_web.pdf\" target=\"_blank\" rel=\"noopener noreferrer\"><img loading=\"lazy\" decoding=\"async\" src=\"https:\/\/unstamps.org\/wp-content\/uploads\/2014\/04\/pdf_icon.gif\" alt=\"\" width=\"16\" height=\"16\" border=\"0\"><\/a> <a href=\"https:\/\/unstamps.org\/wp-content\/uploads\/2025\/09\/Fasc377_E.pdf\">377<\/a><\/td>\n<td><a href=\"https:\/\/unstamps.org\/wp-content\/uploads\/2020\/09\/362F_web.pdf\" target=\"_blank\" rel=\"noopener noreferrer\"><img loading=\"lazy\" decoding=\"async\" src=\"https:\/\/unstamps.org\/wp-content\/uploads\/2014\/04\/pdf_icon.gif\" alt=\"\" width=\"16\" height=\"16\" border=\"0\"><\/a> <a href=\"https:\/\/unstamps.org\/wp-content\/uploads\/2025\/09\/Fasc377_F.pdf\">377<\/a><\/td>\n<td><a href=\"https:\/\/unstamps.org\/wp-content\/uploads\/2020\/09\/362D_web.pdf\" target=\"_blank\" rel=\"noopener noreferrer\"><img loading=\"lazy\" decoding=\"async\" src=\"https:\/\/unstamps.org\/wp-content\/uploads\/2014\/04\/pdf_icon.gif\" alt=\"\" width=\"16\" height=\"16\" border=\"0\"><\/a> <a href=\"https:\/\/unstamps.org\/wp-content\/uploads\/2025\/09\/Fasc377_D.pdf\">377<\/a><\/td>\n<td><a href=\"https:\/\/unstamps.org\/wp-content\/uploads\/2020\/09\/362I_web.pdf\" target=\"_blank\" rel=\"noopener noreferrer\"><img loading=\"lazy\" decoding=\"async\" src=\"https:\/\/unstamps.org\/wp-content\/uploads\/2014\/04\/pdf_icon.gif\" alt=\"\" width=\"16\" height=\"16\" border=\"0\"><\/a> <a href=\"https:\/\/unstamps.org\/wp-content\/uploads\/2025\/09\/Fasc377_I.pdf\">377<\/a><\/td>\n<\/tr>\n<tr>\n<td><a href=\"https:\/\/unstamps.org\/wp-content\/uploads\/2020\/09\/362E_web.pdf\" target=\"_blank\" rel=\"noopener noreferrer\"><img loading=\"lazy\" decoding=\"async\" src=\"https:\/\/unstamps.org\/wp-content\/uploads\/2014\/04\/pdf_icon.gif\" alt=\"\" width=\"16\" height=\"16\" border=\"0\"><\/a> <a href=\"https:\/\/unstamps.org\/wp-content\/uploads\/2025\/09\/Fasc377_E.pdf\">376<\/a><\/td>\n<td><a href=\"https:\/\/unstamps.org\/wp-content\/uploads\/2020\/09\/362F_web.pdf\" target=\"_blank\" rel=\"noopener noreferrer\"><img loading=\"lazy\" decoding=\"async\" src=\"https:\/\/unstamps.org\/wp-content\/uploads\/2014\/04\/pdf_icon.gif\" alt=\"\" width=\"16\" height=\"16\" border=\"0\"><\/a> <a href=\"https:\/\/unstamps.org\/wp-content\/uploads\/2025\/05\/Fasc376_F.pdf\">376<\/a><\/td>\n<td><a href=\"https:\/\/unstamps.org\/wp-content\/uploads\/2020\/09\/362D_web.pdf\" target=\"_blank\" rel=\"noopener noreferrer\"><img loading=\"lazy\" decoding=\"async\" src=\"https:\/\/unstamps.org\/wp-content\/uploads\/2014\/04\/pdf_icon.gif\" alt=\"\" width=\"16\" height=\"16\" border=\"0\"><\/a> <a href=\"https:\/\/unstamps.org\/wp-content\/uploads\/2025\/05\/Fasc376_D.pdf\">376<\/a><\/td>\n<td><a href=\"https:\/\/unstamps.org\/wp-content\/uploads\/2020\/09\/362I_web.pdf\" target=\"_blank\" rel=\"noopener noreferrer\"><img loading=\"lazy\" decoding=\"async\" src=\"https:\/\/unstamps.org\/wp-content\/uploads\/2014\/04\/pdf_icon.gif\" alt=\"\" width=\"16\" height=\"16\" border=\"0\"><\/a> <a href=\"https:\/\/unstamps.org\/wp-content\/uploads\/2025\/05\/Fasc376_I.pdf\">376<\/a><\/td>\n<\/tr>\n<tr>\n<td><a href=\"https:\/\/unstamps.org\/wp-content\/uploads\/2020\/09\/362E_web.pdf\" target=\"_blank\" rel=\"noopener noreferrer\"><img loading=\"lazy\" decoding=\"async\" src=\"https:\/\/unstamps.org\/wp-content\/uploads\/2014\/04\/pdf_icon.gif\" alt=\"\" width=\"16\" height=\"16\" border=\"0\"><\/a> <a href=\"https:\/\/unstamps.org\/wp-content\/web\/Fasc375_E.pdf\">375<\/a><\/td>\n<td><a href=\"https:\/\/unstamps.org\/wp-content\/uploads\/2020\/09\/362F_web.pdf\" target=\"_blank\" rel=\"noopener noreferrer\"><img loading=\"lazy\" decoding=\"async\" src=\"https:\/\/unstamps.org\/wp-content\/uploads\/2014\/04\/pdf_icon.gif\" alt=\"\" width=\"16\" height=\"16\" border=\"0\"><\/a> <a href=\"https:\/\/unstamps.org\/wp-content\/web\/Fasc375_E.pdf\">375<\/a><\/td>\n<td><a href=\"https:\/\/unstamps.org\/wp-content\/uploads\/2020\/09\/362D_web.pdf\" target=\"_blank\" rel=\"noopener noreferrer\"><img loading=\"lazy\" decoding=\"async\" src=\"https:\/\/unstamps.org\/wp-content\/uploads\/2014\/04\/pdf_icon.gif\" alt=\"\" width=\"16\" height=\"16\" border=\"0\"><\/a> <a href=\"https:\/\/unstamps.org\/wp-content\/web\/Fasc375_D.pdf\">375<\/a><\/td>\n<td><a href=\"https:\/\/unstamps.org\/wp-content\/uploads\/2020\/09\/362I_web.pdf\" target=\"_blank\" rel=\"noopener noreferrer\"><img loading=\"lazy\" decoding=\"async\" src=\"https:\/\/unstamps.org\/wp-content\/uploads\/2014\/04\/pdf_icon.gif\" alt=\"\" width=\"16\" height=\"16\" border=\"0\"><\/a> <a href=\"https:\/\/unstamps.org\/wp-content\/web\/Fasc375_I.pdf\">375<\/a><\/td>\n<\/tr>\n<tr>\n<td><a href=\"https:\/\/unstamps.org\/wp-content\/uploads\/2020\/09\/362E_web.pdf\" target=\"_blank\" rel=\"noopener noreferrer\"><img loading=\"lazy\" decoding=\"async\" src=\"https:\/\/unstamps.org\/wp-content\/uploads\/2014\/04\/pdf_icon.gif\" alt=\"\" width=\"16\" height=\"16\" border=\"0\"><\/a> <a href=\"https:\/\/unstamps.org\/wp-content\/uploads\/2024\/10\/Fasc374_E.pdf\">374<\/a><\/td>\n<td><a href=\"https:\/\/unstamps.org\/wp-content\/uploads\/2020\/09\/362F_web.pdf\" target=\"_blank\" rel=\"noopener noreferrer\"><img loading=\"lazy\" decoding=\"async\" src=\"https:\/\/unstamps.org\/wp-content\/uploads\/2014\/04\/pdf_icon.gif\" alt=\"\" width=\"16\" height=\"16\" border=\"0\"><\/a> <a href=\"https:\/\/unstamps.org\/wp-content\/uploads\/2024\/10\/Fasc374_F.pdf\">374<\/a><\/td>\n<td><a href=\"https:\/\/unstamps.org\/wp-content\/uploads\/2020\/09\/362D_web.pdf\" target=\"_blank\" rel=\"noopener noreferrer\"><img loading=\"lazy\" decoding=\"async\" src=\"https:\/\/unstamps.org\/wp-content\/uploads\/2014\/04\/pdf_icon.gif\" alt=\"\" width=\"16\" height=\"16\" border=\"0\"><\/a> <a href=\"https:\/\/unstamps.org\/wp-content\/uploads\/2024\/10\/Fasc374_D.pdf\">374<\/a><\/td>\n<td><a href=\"https:\/\/unstamps.org\/wp-content\/uploads\/2020\/09\/362I_web.pdf\" target=\"_blank\" rel=\"noopener noreferrer\"><img loading=\"lazy\" decoding=\"async\" src=\"https:\/\/unstamps.org\/wp-content\/uploads\/2014\/04\/pdf_icon.gif\" alt=\"\" width=\"16\" height=\"16\" border=\"0\"><\/a> <a href=\"https:\/\/unstamps.org\/wp-content\/uploads\/2024\/10\/Fasc374.pdf\">374<\/a><\/td>\n<\/tr>\n<tr>\n<td><a href=\"https:\/\/unstamps.org\/wp-content\/uploads\/2020\/09\/362E_web.pdf\" target=\"_blank\" rel=\"noopener noreferrer\"><img loading=\"lazy\" decoding=\"async\" src=\"https:\/\/unstamps.org\/wp-content\/uploads\/2014\/04\/pdf_icon.gif\" alt=\"\" width=\"16\" height=\"16\" border=\"0\"><\/a> <a href=\"https:\/\/unstamps.org\/wp-content\/uploads\/2024\/06\/Fasc373_E.pdf\">373<\/a><\/td>\n<td><a href=\"https:\/\/unstamps.org\/wp-content\/uploads\/2020\/09\/362F_web.pdf\" target=\"_blank\" rel=\"noopener noreferrer\"><img loading=\"lazy\" decoding=\"async\" src=\"https:\/\/unstamps.org\/wp-content\/uploads\/2014\/04\/pdf_icon.gif\" alt=\"\" width=\"16\" height=\"16\" border=\"0\"><\/a> <a href=\"https:\/\/unstamps.org\/wp-content\/uploads\/2024\/06\/Fasc373_F.pdf\">373<\/a><\/td>\n<td><a href=\"https:\/\/unstamps.org\/wp-content\/uploads\/2020\/09\/362D_web.pdf\" target=\"_blank\" rel=\"noopener noreferrer\"><img loading=\"lazy\" decoding=\"async\" src=\"https:\/\/unstamps.org\/wp-content\/uploads\/2014\/04\/pdf_icon.gif\" alt=\"\" width=\"16\" height=\"16\" border=\"0\"><\/a> <a href=\"https:\/\/unstamps.org\/wp-content\/uploads\/2024\/06\/Fasc373_D.pdf\">373<\/a><\/td>\n<td><a href=\"https:\/\/unstamps.org\/wp-content\/uploads\/2020\/09\/362I_web.pdf\" target=\"_blank\" rel=\"noopener noreferrer\"><img loading=\"lazy\" decoding=\"async\" src=\"https:\/\/unstamps.org\/wp-content\/uploads\/2014\/04\/pdf_icon.gif\" alt=\"\" width=\"16\" height=\"16\" border=\"0\"><\/a> <a href=\"https:\/\/unstamps.org\/wp-content\/uploads\/2024\/06\/Fasc373_I.pdf\">373<\/a><\/td>\n<\/tr>\n<\/tbody>\n<\/table>\n<\/td>\n<\/tr>\n<\/tbody>\n<\/table>\n<p><!--more--><\/td>\n<\/tr>\n<\/tbody>\n<\/table>\n","protected":false},"excerpt":{"rendered":"<p>Philatelistische Publikationen zum Herunterladen Das Herunterladen oder Ansehen von Zeitschriften im PDFormat kann aufgrund ihres Volumens einige Zeit in Anspruch nehmen. Haben Sie bitte etwas Geduld. Alle Zeitschriften enthalten einen Bestellschein. Philatelic Bulletin&nbsp;&nbsp;&nbsp;&nbsp;&nbsp;&nbsp;&nbsp;&nbsp;&nbsp;&nbsp;&nbsp;&nbsp;&nbsp;&nbsp;&nbsp;&nbsp;&nbsp;&nbsp;&nbsp; Bulletin 149 will seine Leser mit aktuellen Neuigkeiten betreffend Briefmarken der Vereinten Nationen und \u00e4hnlicher Produkte auf dem Laufenden halten und liefert [&hellip;]<\/p>\n","protected":false},"author":2,"featured_media":0,"parent":0,"menu_order":0,"comment_status":"open","ping_status":"open","template":"","meta":{"ngg_post_thumbnail":0,"footnotes":""},"class_list":["post-10859","page","type-page","status-publish","hentry"],"yoast_head":"<!-- This site is optimized with the Yoast SEO plugin v27.4 - https:\/\/yoast.com\/product\/yoast-seo-wordpress\/ -->\n<title>Bulletin - UN Briefmarken<\/title>\n<meta name=\"robots\" content=\"index, follow, max-snippet:-1, max-image-preview:large, max-video-preview:-1\" \/>\n<link rel=\"canonical\" href=\"https:\/\/unstamps.org\/de\/faszination\/\" \/>\n<meta property=\"og:locale\" content=\"de_DE\" \/>\n<meta property=\"og:type\" content=\"article\" \/>\n<meta property=\"og:title\" content=\"Bulletin - UN Briefmarken\" \/>\n<meta property=\"og:description\" content=\"Philatelistische Publikationen zum Herunterladen Das Herunterladen oder Ansehen von Zeitschriften im PDFormat kann aufgrund ihres Volumens einige Zeit in Anspruch nehmen. Haben Sie bitte etwas Geduld. Alle Zeitschriften enthalten einen Bestellschein. Philatelic Bulletin&nbsp;&nbsp;&nbsp;&nbsp;&nbsp;&nbsp;&nbsp;&nbsp;&nbsp;&nbsp;&nbsp;&nbsp;&nbsp;&nbsp;&nbsp;&nbsp;&nbsp;&nbsp;&nbsp; Bulletin 149 will seine Leser mit aktuellen Neuigkeiten betreffend Briefmarken der Vereinten Nationen und \u00e4hnlicher Produkte auf dem Laufenden halten und liefert [&hellip;]\" \/>\n<meta property=\"og:url\" content=\"https:\/\/unstamps.org\/de\/faszination\/\" \/>\n<meta property=\"og:site_name\" content=\"UN Briefmarken\" \/>\n<meta property=\"article:modified_time\" content=\"2026-03-09T19:37:39+00:00\" \/>\n<meta property=\"og:image\" content=\"https:\/\/unstamps.org\/wp-content\/uploads\/2020\/06\/Bulletin132.jpg\" \/>\n\t<meta property=\"og:image:width\" content=\"500\" \/>\n\t<meta property=\"og:image:height\" content=\"364\" \/>\n\t<meta property=\"og:image:type\" content=\"image\/jpeg\" \/>\n<meta name=\"twitter:card\" content=\"summary_large_image\" \/>\n<meta name=\"twitter:label1\" content=\"Gesch\u00e4tzte Lesezeit\" \/>\n\t<meta name=\"twitter:data1\" content=\"8 minutes\" \/>\n<script type=\"application\/ld+json\" class=\"yoast-schema-graph\">{\"@context\":\"https:\\\/\\\/schema.org\",\"@graph\":[{\"@type\":\"WebPage\",\"@id\":\"https:\\\/\\\/unstamps.org\\\/de\\\/faszination\\\/\",\"url\":\"https:\\\/\\\/unstamps.org\\\/de\\\/faszination\\\/\",\"name\":\"Bulletin - UN Briefmarken\",\"isPartOf\":{\"@id\":\"https:\\\/\\\/unstamps.org\\\/de\\\/#website\"},\"primaryImageOfPage\":{\"@id\":\"https:\\\/\\\/unstamps.org\\\/de\\\/faszination\\\/#primaryimage\"},\"image\":{\"@id\":\"https:\\\/\\\/unstamps.org\\\/de\\\/faszination\\\/#primaryimage\"},\"thumbnailUrl\":\"https:\\\/\\\/unstamps.org\\\/wp-content\\\/uploads\\\/2026\\\/03\\\/Bulletin149.jpg\",\"datePublished\":\"2014-04-22T09:37:25+00:00\",\"dateModified\":\"2026-03-09T19:37:39+00:00\",\"breadcrumb\":{\"@id\":\"https:\\\/\\\/unstamps.org\\\/de\\\/faszination\\\/#breadcrumb\"},\"inLanguage\":\"de-DE\",\"potentialAction\":[{\"@type\":\"ReadAction\",\"target\":[\"https:\\\/\\\/unstamps.org\\\/de\\\/faszination\\\/\"]}]},{\"@type\":\"ImageObject\",\"inLanguage\":\"de-DE\",\"@id\":\"https:\\\/\\\/unstamps.org\\\/de\\\/faszination\\\/#primaryimage\",\"url\":\"https:\\\/\\\/unstamps.org\\\/wp-content\\\/uploads\\\/2026\\\/03\\\/Bulletin149.jpg\",\"contentUrl\":\"https:\\\/\\\/unstamps.org\\\/wp-content\\\/uploads\\\/2026\\\/03\\\/Bulletin149.jpg\"},{\"@type\":\"BreadcrumbList\",\"@id\":\"https:\\\/\\\/unstamps.org\\\/de\\\/faszination\\\/#breadcrumb\",\"itemListElement\":[{\"@type\":\"ListItem\",\"position\":1,\"name\":\"Home\",\"item\":\"https:\\\/\\\/unstamps.org\\\/de\\\/\"},{\"@type\":\"ListItem\",\"position\":2,\"name\":\"Bulletin\"}]},{\"@type\":\"WebSite\",\"@id\":\"https:\\\/\\\/unstamps.org\\\/de\\\/#website\",\"url\":\"https:\\\/\\\/unstamps.org\\\/de\\\/\",\"name\":\"UN Stamps\",\"description\":\"United Nations Stamps\",\"publisher\":{\"@id\":\"https:\\\/\\\/unstamps.org\\\/de\\\/#organization\"},\"potentialAction\":[{\"@type\":\"SearchAction\",\"target\":{\"@type\":\"EntryPoint\",\"urlTemplate\":\"https:\\\/\\\/unstamps.org\\\/de\\\/?s={search_term_string}\"},\"query-input\":{\"@type\":\"PropertyValueSpecification\",\"valueRequired\":true,\"valueName\":\"search_term_string\"}}],\"inLanguage\":\"de-DE\"},{\"@type\":\"Organization\",\"@id\":\"https:\\\/\\\/unstamps.org\\\/de\\\/#organization\",\"name\":\"UN Stamps\",\"url\":\"https:\\\/\\\/unstamps.org\\\/de\\\/\",\"logo\":{\"@type\":\"ImageObject\",\"inLanguage\":\"de-DE\",\"@id\":\"https:\\\/\\\/unstamps.org\\\/de\\\/#\\\/schema\\\/logo\\\/image\\\/\",\"url\":\"https:\\\/\\\/unstamps.org\\\/wp-content\\\/uploads\\\/2014\\\/01\\\/logo4web.jpg\",\"contentUrl\":\"https:\\\/\\\/unstamps.org\\\/wp-content\\\/uploads\\\/2014\\\/01\\\/logo4web.jpg\",\"width\":2500,\"height\":250,\"caption\":\"UN Stamps\"},\"image\":{\"@id\":\"https:\\\/\\\/unstamps.org\\\/de\\\/#\\\/schema\\\/logo\\\/image\\\/\"}}]}<\/script>\n<!-- \/ Yoast SEO plugin. -->","yoast_head_json":{"title":"Bulletin - UN Briefmarken","robots":{"index":"index","follow":"follow","max-snippet":"max-snippet:-1","max-image-preview":"max-image-preview:large","max-video-preview":"max-video-preview:-1"},"canonical":"https:\/\/unstamps.org\/de\/faszination\/","og_locale":"de_DE","og_type":"article","og_title":"Bulletin - UN Briefmarken","og_description":"Philatelistische Publikationen zum Herunterladen Das Herunterladen oder Ansehen von Zeitschriften im PDFormat kann aufgrund ihres Volumens einige Zeit in Anspruch nehmen. Haben Sie bitte etwas Geduld. Alle Zeitschriften enthalten einen Bestellschein. Philatelic Bulletin&nbsp;&nbsp;&nbsp;&nbsp;&nbsp;&nbsp;&nbsp;&nbsp;&nbsp;&nbsp;&nbsp;&nbsp;&nbsp;&nbsp;&nbsp;&nbsp;&nbsp;&nbsp;&nbsp; Bulletin 149 will seine Leser mit aktuellen Neuigkeiten betreffend Briefmarken der Vereinten Nationen und \u00e4hnlicher Produkte auf dem Laufenden halten und liefert [&hellip;]","og_url":"https:\/\/unstamps.org\/de\/faszination\/","og_site_name":"UN Briefmarken","article_modified_time":"2026-03-09T19:37:39+00:00","og_image":[{"width":500,"height":364,"url":"https:\/\/unstamps.org\/wp-content\/uploads\/2020\/06\/Bulletin132.jpg","type":"image\/jpeg"}],"twitter_card":"summary_large_image","twitter_misc":{"Gesch\u00e4tzte Lesezeit":"8 minutes"},"schema":{"@context":"https:\/\/schema.org","@graph":[{"@type":"WebPage","@id":"https:\/\/unstamps.org\/de\/faszination\/","url":"https:\/\/unstamps.org\/de\/faszination\/","name":"Bulletin - UN Briefmarken","isPartOf":{"@id":"https:\/\/unstamps.org\/de\/#website"},"primaryImageOfPage":{"@id":"https:\/\/unstamps.org\/de\/faszination\/#primaryimage"},"image":{"@id":"https:\/\/unstamps.org\/de\/faszination\/#primaryimage"},"thumbnailUrl":"https:\/\/unstamps.org\/wp-content\/uploads\/2026\/03\/Bulletin149.jpg","datePublished":"2014-04-22T09:37:25+00:00","dateModified":"2026-03-09T19:37:39+00:00","breadcrumb":{"@id":"https:\/\/unstamps.org\/de\/faszination\/#breadcrumb"},"inLanguage":"de-DE","potentialAction":[{"@type":"ReadAction","target":["https:\/\/unstamps.org\/de\/faszination\/"]}]},{"@type":"ImageObject","inLanguage":"de-DE","@id":"https:\/\/unstamps.org\/de\/faszination\/#primaryimage","url":"https:\/\/unstamps.org\/wp-content\/uploads\/2026\/03\/Bulletin149.jpg","contentUrl":"https:\/\/unstamps.org\/wp-content\/uploads\/2026\/03\/Bulletin149.jpg"},{"@type":"BreadcrumbList","@id":"https:\/\/unstamps.org\/de\/faszination\/#breadcrumb","itemListElement":[{"@type":"ListItem","position":1,"name":"Home","item":"https:\/\/unstamps.org\/de\/"},{"@type":"ListItem","position":2,"name":"Bulletin"}]},{"@type":"WebSite","@id":"https:\/\/unstamps.org\/de\/#website","url":"https:\/\/unstamps.org\/de\/","name":"UN Stamps","description":"United Nations Stamps","publisher":{"@id":"https:\/\/unstamps.org\/de\/#organization"},"potentialAction":[{"@type":"SearchAction","target":{"@type":"EntryPoint","urlTemplate":"https:\/\/unstamps.org\/de\/?s={search_term_string}"},"query-input":{"@type":"PropertyValueSpecification","valueRequired":true,"valueName":"search_term_string"}}],"inLanguage":"de-DE"},{"@type":"Organization","@id":"https:\/\/unstamps.org\/de\/#organization","name":"UN Stamps","url":"https:\/\/unstamps.org\/de\/","logo":{"@type":"ImageObject","inLanguage":"de-DE","@id":"https:\/\/unstamps.org\/de\/#\/schema\/logo\/image\/","url":"https:\/\/unstamps.org\/wp-content\/uploads\/2014\/01\/logo4web.jpg","contentUrl":"https:\/\/unstamps.org\/wp-content\/uploads\/2014\/01\/logo4web.jpg","width":2500,"height":250,"caption":"UN Stamps"},"image":{"@id":"https:\/\/unstamps.org\/de\/#\/schema\/logo\/image\/"}}]}},"jetpack_sharing_enabled":true,"publishpress_future_action":{"enabled":false,"date":"2026-05-05 19:27:20","action":"change-status","newStatus":"draft","terms":[],"taxonomy":"translation_priority","extraData":[]},"publishpress_future_workflow_manual_trigger":{"enabledWorkflows":[]},"_links":{"self":[{"href":"https:\/\/unstamps.org\/de\/wp-json\/wp\/v2\/pages\/10859","targetHints":{"allow":["GET"]}}],"collection":[{"href":"https:\/\/unstamps.org\/de\/wp-json\/wp\/v2\/pages"}],"about":[{"href":"https:\/\/unstamps.org\/de\/wp-json\/wp\/v2\/types\/page"}],"author":[{"embeddable":true,"href":"https:\/\/unstamps.org\/de\/wp-json\/wp\/v2\/users\/2"}],"replies":[{"embeddable":true,"href":"https:\/\/unstamps.org\/de\/wp-json\/wp\/v2\/comments?post=10859"}],"version-history":[{"count":0,"href":"https:\/\/unstamps.org\/de\/wp-json\/wp\/v2\/pages\/10859\/revisions"}],"wp:attachment":[{"href":"https:\/\/unstamps.org\/de\/wp-json\/wp\/v2\/media?parent=10859"}],"curies":[{"name":"wp","href":"https:\/\/api.w.org\/{rel}","templated":true}]}}